{"id":352,"date":"2017-12-01T09:56:02","date_gmt":"2017-12-01T08:56:02","guid":{"rendered":"http:\/\/wp.kristdemokraterna.se\/sodertalje22\/?page_id=352"},"modified":"2022-10-20T15:04:40","modified_gmt":"2022-10-20T13:04:40","slug":"kontakta-oss","status":"publish","type":"page","link":"https:\/\/wp.kristdemokraterna.se\/sodertalje\/kontakta-oss\/","title":{"rendered":"Kontakta oss!"},"content":{"rendered":"<p><strong>Kristdemokraterna S\u00f6dert\u00e4lje<\/strong><\/p>\n<p>K\u00f6pmangatan 1,\u00a0kontor 2243<br \/>\n151 74 S\u00f6dert\u00e4lje<\/p>\n<p><strong>Robert Halef<\/strong><\/p>\n<div>\n<div>Partiavdelningsordf\u00f6rande<\/div>\n<div>E-post: robert.halef@kristdemokraterna.se<\/div>\n<div>\n<div><\/div>\n<\/div>\n<\/div>\n","protected":false},"excerpt":{"rendered":"<p>Kristdemokraterna S\u00f6dert\u00e4lje K\u00f6pmangatan 1,\u00a0kontor 2243 151 74 S\u00f6dert\u00e4lje Robert Halef Partiavdelningsordf\u00f6rande E-post: robert.halef@kristdemokraterna.se<\/p>\n","protected":false},"author":496,"featured_media":0,"parent":0,"menu_order":0,"comment_status":"closed","ping_status":"closed","template":"page.php","meta":{"_acf_changed":false,"footnotes":""},"class_list":["post-352","page","type-page","status-publish","hentry"],"acf":[],"yoast_head":"<!-- This site is optimized with the Yoast SEO plugin v27.6 - https:\/\/yoast.com\/product\/yoast-seo-wordpress\/ -->\n<title>Kontakta oss! - Kristdemokraterna i S\u00f6dert\u00e4lje<\/title>\n<meta name=\"robots\" content=\"index, follow, max-snippet:-1, max-image-preview:large, max-video-preview:-1\" \/>\n<link rel=\"canonical\" href=\"https:\/\/wp.kristdemokraterna.se\/sodertalje\/kontakta-oss\/\" \/>\n<meta property=\"og:locale\" content=\"sv_SE\" \/>\n<meta property=\"og:type\" content=\"article\" \/>\n<meta property=\"og:title\" content=\"Kontakta oss! - Kristdemokraterna i S\u00f6dert\u00e4lje\" \/>\n<meta property=\"og:description\" content=\"Kristdemokraterna S\u00f6dert\u00e4lje K\u00f6pmangatan 1,\u00a0kontor 2243 151 74 S\u00f6dert\u00e4lje Robert Halef Partiavdelningsordf\u00f6rande E-post: robert.halef@kristdemokraterna.se\" \/>\n<meta property=\"og:url\" content=\"https:\/\/wp.kristdemokraterna.se\/sodertalje\/kontakta-oss\/\" \/>\n<meta property=\"og:site_name\" content=\"Kristdemokraterna i S\u00f6dert\u00e4lje\" \/>\n<meta property=\"article:modified_time\" content=\"2022-10-20T13:04:40+00:00\" \/>\n<meta name=\"twitter:card\" content=\"summary_large_image\" \/>\n<meta name=\"twitter:label1\" content=\"Ber\u00e4knad l\u00e4stid\" \/>\n\t<meta name=\"twitter:data1\" content=\"1 minut\" \/>\n<script type=\"application\/ld+json\" class=\"yoast-schema-graph\">{\"@context\":\"https:\\\/\\\/schema.org\",\"@graph\":[{\"@type\":\"WebPage\",\"@id\":\"https:\\\/\\\/wp.kristdemokraterna.se\\\/sodertalje\\\/kontakta-oss\\\/\",\"url\":\"https:\\\/\\\/wp.kristdemokraterna.se\\\/sodertalje\\\/kontakta-oss\\\/\",\"name\":\"Kontakta oss! - Kristdemokraterna i S\u00f6dert\u00e4lje\",\"isPartOf\":{\"@id\":\"https:\\\/\\\/wp.kristdemokraterna.se\\\/sodertalje\\\/#website\"},\"datePublished\":\"2017-12-01T08:56:02+00:00\",\"dateModified\":\"2022-10-20T13:04:40+00:00\",\"breadcrumb\":{\"@id\":\"https:\\\/\\\/wp.kristdemokraterna.se\\\/sodertalje\\\/kontakta-oss\\\/#breadcrumb\"},\"inLanguage\":\"sv-SE\",\"potentialAction\":[{\"@type\":\"ReadAction\",\"target\":[\"https:\\\/\\\/wp.kristdemokraterna.se\\\/sodertalje\\\/kontakta-oss\\\/\"]}]},{\"@type\":\"BreadcrumbList\",\"@id\":\"https:\\\/\\\/wp.kristdemokraterna.se\\\/sodertalje\\\/kontakta-oss\\\/#breadcrumb\",\"itemListElement\":[{\"@type\":\"ListItem\",\"position\":1,\"name\":\"Hem\",\"item\":\"https:\\\/\\\/wp.kristdemokraterna.se\\\/sodertalje\\\/\"},{\"@type\":\"ListItem\",\"position\":2,\"name\":\"Kontakta oss!\"}]},{\"@type\":\"WebSite\",\"@id\":\"https:\\\/\\\/wp.kristdemokraterna.se\\\/sodertalje\\\/#website\",\"url\":\"https:\\\/\\\/wp.kristdemokraterna.se\\\/sodertalje\\\/\",\"name\":\"Kristdemokraterna i S\u00f6dert\u00e4lje\",\"description\":\"En till Kristdemokraterna webbplats\",\"inLanguage\":\"sv-SE\"}]}<\/script>\n<!-- \/ Yoast SEO plugin. -->","yoast_head_json":{"title":"Kontakta oss! - Kristdemokraterna i S\u00f6dert\u00e4lje","robots":{"index":"index","follow":"follow","max-snippet":"max-snippet:-1","max-image-preview":"max-image-preview:large","max-video-preview":"max-video-preview:-1"},"canonical":"https:\/\/wp.kristdemokraterna.se\/sodertalje\/kontakta-oss\/","og_locale":"sv_SE","og_type":"article","og_title":"Kontakta oss! - Kristdemokraterna i S\u00f6dert\u00e4lje","og_description":"Kristdemokraterna S\u00f6dert\u00e4lje K\u00f6pmangatan 1,\u00a0kontor 2243 151 74 S\u00f6dert\u00e4lje Robert Halef Partiavdelningsordf\u00f6rande E-post: robert.halef@kristdemokraterna.se","og_url":"https:\/\/wp.kristdemokraterna.se\/sodertalje\/kontakta-oss\/","og_site_name":"Kristdemokraterna i S\u00f6dert\u00e4lje","article_modified_time":"2022-10-20T13:04:40+00:00","twitter_card":"summary_large_image","twitter_misc":{"Ber\u00e4knad l\u00e4stid":"1 minut"},"schema":{"@context":"https:\/\/schema.org","@graph":[{"@type":"WebPage","@id":"https:\/\/wp.kristdemokraterna.se\/sodertalje\/kontakta-oss\/","url":"https:\/\/wp.kristdemokraterna.se\/sodertalje\/kontakta-oss\/","name":"Kontakta oss! - Kristdemokraterna i S\u00f6dert\u00e4lje","isPartOf":{"@id":"https:\/\/wp.kristdemokraterna.se\/sodertalje\/#website"},"datePublished":"2017-12-01T08:56:02+00:00","dateModified":"2022-10-20T13:04:40+00:00","breadcrumb":{"@id":"https:\/\/wp.kristdemokraterna.se\/sodertalje\/kontakta-oss\/#breadcrumb"},"inLanguage":"sv-SE","potentialAction":[{"@type":"ReadAction","target":["https:\/\/wp.kristdemokraterna.se\/sodertalje\/kontakta-oss\/"]}]},{"@type":"BreadcrumbList","@id":"https:\/\/wp.kristdemokraterna.se\/sodertalje\/kontakta-oss\/#breadcrumb","itemListElement":[{"@type":"ListItem","position":1,"name":"Hem","item":"https:\/\/wp.kristdemokraterna.se\/sodertalje\/"},{"@type":"ListItem","position":2,"name":"Kontakta oss!"}]},{"@type":"WebSite","@id":"https:\/\/wp.kristdemokraterna.se\/sodertalje\/#website","url":"https:\/\/wp.kristdemokraterna.se\/sodertalje\/","name":"Kristdemokraterna i S\u00f6dert\u00e4lje","description":"En till Kristdemokraterna webbplats","inLanguage":"sv-SE"}]}},"_links":{"self":[{"href":"https:\/\/wp.kristdemokraterna.se\/sodertalje\/wp-json\/wp\/v2\/pages\/352","targetHints":{"allow":["GET"]}}],"collection":[{"href":"https:\/\/wp.kristdemokraterna.se\/sodertalje\/wp-json\/wp\/v2\/pages"}],"about":[{"href":"https:\/\/wp.kristdemokraterna.se\/sodertalje\/wp-json\/wp\/v2\/types\/page"}],"author":[{"embeddable":true,"href":"https:\/\/wp.kristdemokraterna.se\/sodertalje\/wp-json\/wp\/v2\/users\/496"}],"replies":[{"embeddable":true,"href":"https:\/\/wp.kristdemokraterna.se\/sodertalje\/wp-json\/wp\/v2\/comments?post=352"}],"version-history":[{"count":8,"href":"https:\/\/wp.kristdemokraterna.se\/sodertalje\/wp-json\/wp\/v2\/pages\/352\/revisions"}],"predecessor-version":[{"id":551,"href":"https:\/\/wp.kristdemokraterna.se\/sodertalje\/wp-json\/wp\/v2\/pages\/352\/revisions\/551"}],"wp:attachment":[{"href":"https:\/\/wp.kristdemokraterna.se\/sodertalje\/wp-json\/wp\/v2\/media?parent=352"}],"curies":[{"name":"wp","href":"https:\/\/api.w.org\/{rel}","templated":true}]}}