{"id":373,"date":"2017-12-04T16:47:18","date_gmt":"2017-12-04T15:47:18","guid":{"rendered":"http:\/\/wp.kristdemokraterna.se\/sodertalje22\/?page_id=373"},"modified":"2018-01-30T11:35:00","modified_gmt":"2018-01-30T10:35:00","slug":"var-politik-i-kommunen","status":"publish","type":"page","link":"https:\/\/wp.kristdemokraterna.se\/sodertalje\/textsida-fullbredd\/var-politik-i-kommunen\/","title":{"rendered":"V\u00e5r politik i kommunen"},"content":{"rendered":"<h1>Skola och utbildning<\/h1>\n<div id=\"print\">\n<h2><\/h2>\n<p><strong>Skolans uppgift \u00e4r att ge varje elev kunskaper som \u00e4r n\u00f6dv\u00e4ndiga f\u00f6r att leva och verka i ett modernt samh\u00e4lle och att tillsammans med f\u00f6r\u00e4ldrarna fostra eleverna till ansvarsk\u00e4nnande medborgare. V\u00e5r utbildningspolitik fokuserar p\u00e5 kunskap, bildning och arbetsro och d\u00e4r varje skola har stor frihet att utforma verksamheten.<\/strong><\/p>\n<p><em>Kristdemokraterna f\u00f6resl\u00e5r:<\/p>\n<p><\/em><strong>Fler speciall\u00e4rare<\/strong><\/p>\n<p>Erbjud l\u00e4rare att komplettera sin grundutbildning med en speciall\u00e4rarutbildning med 80 procent av l\u00f6nen. Reformen inneb\u00e4r att den ordinarie undervisningen kan fungera b\u00e4ttre n\u00e4r elever som beh\u00f6ver s\u00e4rskilt st\u00f6d kan f\u00e5 det.<\/p>\n<p><strong>Fler v\u00e4gar in i l\u00e4raryrket<\/strong><\/p>\n<p>Vi vill \u00f6ppna upp en kompletterande utbildning om ett \u00e5r f\u00f6r akademiker som vill bli l\u00e4rare. Idag tar det 1,5 \u00e5r att komplettera tidigare akademisk utbildning med l\u00e4rarutbildning.<\/p>\n<p><strong>Uppmuntra skickliga l\u00e4rare<\/strong><\/p>\n<p>Det ska l\u00f6na sig att vara en skicklig l\u00e4rare. Alliansen inf\u00f6rde karri\u00e4rtj\u00e4nster som inneb\u00e4r att l\u00e4rare kan g\u00f6ra karri\u00e4r och bli f\u00f6rstel\u00e4rare eller lektorer. Karri\u00e4rtj\u00e4nsterna ska s\u00e4rskilt riktas till utanf\u00f6rskapsomr\u00e5den.<\/p>\n<p><strong>Satsa p\u00e5 nyanl\u00e4ndas spr\u00e5kutveckling<\/strong><\/p>\n<p>Kristdemokraterna vill \u00f6ka nyanl\u00e4ndas m\u00f6jligheter att att n\u00e5 kunskapsm\u00e5len. D\u00e4rf\u00f6r f\u00f6resl\u00e5r vi en kompetenssatsning f\u00f6r l\u00e4rare i svenska som andra spr\u00e5k.<\/p>\n<p><strong>St\u00e4rk elevh\u00e4lsan<\/strong><\/p>\n<p>Elever som m\u00e5r bra l\u00e4r sig b\u00e4ttre. D\u00e4rf\u00f6r \u00e4r det viktigt med en bra skolmilj\u00f6 och elevh\u00e4lsa. Kristdemokraterna vill kraftigt st\u00e4rka elevh\u00e4lsan.<\/p>\n<p><strong>Inf\u00f6r mer idrott i skolan<\/strong><\/p>\n<p>Barn som r\u00f6r p\u00e5 sig l\u00e4r sig b\u00e4ttre. Ut\u00f6ka antalet idrottstimmar fr\u00e5n 500 till 700 timmar.<\/p>\n<\/div>\n<ul class=\"o-bare-list o-bare-list--spaced\/2 u-txt-bold\">\n<li><a class=\"c-svg-icon c-svg-icon--pdf\" href=\"https:\/\/kristdemokraterna.se\/wp-content\/uploads\/2016\/11\/En-skola-d%C3%A4r-ingen-h%C3%A5lls-tillbaka-och-ingen-l%C3%A4mnas-efter2013.pdf\" download=\"en-skola-dar-ingen-halls-tillbaka-och-ingen-lamnas-efter2013\">En skola d\u00e4r ingen h\u00e5lls tillbaka och ingen l\u00e4mnas efter<\/a><\/li>\n<\/ul>\n","protected":false},"excerpt":{"rendered":"<p>Skola och utbildning Skolans uppgift \u00e4r att ge varje elev kunskaper som \u00e4r n\u00f6dv\u00e4ndiga f\u00f6r att leva och verka i ett modernt samh\u00e4lle och att tillsammans med f\u00f6r\u00e4ldrarna fostra eleverna till ansvarsk\u00e4nnande medborgare. V\u00e5r utbildningspolitik fokuserar p\u00e5 kunskap, bildning och arbetsro och d\u00e4r varje skola har stor frihet att utforma verksamheten. Kristdemokraterna f\u00f6resl\u00e5r: Fler speciall\u00e4rare <a class=\"read-more-link\" href=\"https:\/\/wp.kristdemokraterna.se\/sodertalje\/textsida-fullbredd\/var-politik-i-kommunen\/\">Read More<\/a><\/p>\n","protected":false},"author":496,"featured_media":0,"parent":272,"menu_order":0,"comment_status":"closed","ping_status":"closed","template":"page.php","meta":{"_acf_changed":false,"footnotes":""},"class_list":["post-373","page","type-page","status-publish","hentry"],"acf":[],"yoast_head":"<!-- This site is optimized with the Yoast SEO plugin v27.4 - https:\/\/yoast.com\/product\/yoast-seo-wordpress\/ -->\n<title>V\u00e5r politik i kommunen - Kristdemokraterna i S\u00f6dert\u00e4lje<\/title>\n<meta name=\"robots\" content=\"index, follow, max-snippet:-1, max-image-preview:large, max-video-preview:-1\" \/>\n<link rel=\"canonical\" href=\"https:\/\/wp.kristdemokraterna.se\/sodertalje\/textsida-fullbredd\/var-politik-i-kommunen\/\" \/>\n<meta property=\"og:locale\" content=\"sv_SE\" \/>\n<meta property=\"og:type\" content=\"article\" \/>\n<meta property=\"og:title\" content=\"V\u00e5r politik i kommunen - Kristdemokraterna i S\u00f6dert\u00e4lje\" \/>\n<meta property=\"og:description\" content=\"Skola och utbildning Skolans uppgift \u00e4r att ge varje elev kunskaper som \u00e4r n\u00f6dv\u00e4ndiga f\u00f6r att leva och verka i ett modernt samh\u00e4lle och att tillsammans med f\u00f6r\u00e4ldrarna fostra eleverna till ansvarsk\u00e4nnande medborgare. V\u00e5r utbildningspolitik fokuserar p\u00e5 kunskap, bildning och arbetsro och d\u00e4r varje skola har stor frihet att utforma verksamheten. Kristdemokraterna f\u00f6resl\u00e5r: Fler speciall\u00e4rare Read More\" \/>\n<meta property=\"og:url\" content=\"https:\/\/wp.kristdemokraterna.se\/sodertalje\/textsida-fullbredd\/var-politik-i-kommunen\/\" \/>\n<meta property=\"og:site_name\" content=\"Kristdemokraterna i S\u00f6dert\u00e4lje\" \/>\n<meta property=\"article:modified_time\" content=\"2018-01-30T10:35:00+00:00\" \/>\n<meta name=\"twitter:card\" content=\"summary_large_image\" \/>\n<meta name=\"twitter:label1\" content=\"Ber\u00e4knad l\u00e4stid\" \/>\n\t<meta name=\"twitter:data1\" content=\"2 minuter\" \/>\n<script type=\"application\/ld+json\" class=\"yoast-schema-graph\">{\"@context\":\"https:\\\/\\\/schema.org\",\"@graph\":[{\"@type\":\"WebPage\",\"@id\":\"https:\\\/\\\/wp.kristdemokraterna.se\\\/sodertalje\\\/textsida-fullbredd\\\/var-politik-i-kommunen\\\/\",\"url\":\"https:\\\/\\\/wp.kristdemokraterna.se\\\/sodertalje\\\/textsida-fullbredd\\\/var-politik-i-kommunen\\\/\",\"name\":\"V\u00e5r politik i kommunen - Kristdemokraterna i S\u00f6dert\u00e4lje\",\"isPartOf\":{\"@id\":\"https:\\\/\\\/wp.kristdemokraterna.se\\\/sodertalje\\\/#website\"},\"datePublished\":\"2017-12-04T15:47:18+00:00\",\"dateModified\":\"2018-01-30T10:35:00+00:00\",\"breadcrumb\":{\"@id\":\"https:\\\/\\\/wp.kristdemokraterna.se\\\/sodertalje\\\/textsida-fullbredd\\\/var-politik-i-kommunen\\\/#breadcrumb\"},\"inLanguage\":\"sv-SE\",\"potentialAction\":[{\"@type\":\"ReadAction\",\"target\":[\"https:\\\/\\\/wp.kristdemokraterna.se\\\/sodertalje\\\/textsida-fullbredd\\\/var-politik-i-kommunen\\\/\"]}]},{\"@type\":\"BreadcrumbList\",\"@id\":\"https:\\\/\\\/wp.kristdemokraterna.se\\\/sodertalje\\\/textsida-fullbredd\\\/var-politik-i-kommunen\\\/#breadcrumb\",\"itemListElement\":[{\"@type\":\"ListItem\",\"position\":1,\"name\":\"Hem\",\"item\":\"https:\\\/\\\/wp.kristdemokraterna.se\\\/sodertalje\\\/\"},{\"@type\":\"ListItem\",\"position\":2,\"name\":\"Vad vi st\u00e5r f\u00f6r!\",\"item\":\"https:\\\/\\\/wp.kristdemokraterna.se\\\/sodertalje\\\/textsida-fullbredd\\\/\"},{\"@type\":\"ListItem\",\"position\":3,\"name\":\"V\u00e5r politik i kommunen\"}]},{\"@type\":\"WebSite\",\"@id\":\"https:\\\/\\\/wp.kristdemokraterna.se\\\/sodertalje\\\/#website\",\"url\":\"https:\\\/\\\/wp.kristdemokraterna.se\\\/sodertalje\\\/\",\"name\":\"Kristdemokraterna i S\u00f6dert\u00e4lje\",\"description\":\"En till Kristdemokraterna webbplats\",\"inLanguage\":\"sv-SE\"}]}<\/script>\n<!-- \/ Yoast SEO plugin. -->","yoast_head_json":{"title":"V\u00e5r politik i kommunen - Kristdemokraterna i S\u00f6dert\u00e4lje","robots":{"index":"index","follow":"follow","max-snippet":"max-snippet:-1","max-image-preview":"max-image-preview:large","max-video-preview":"max-video-preview:-1"},"canonical":"https:\/\/wp.kristdemokraterna.se\/sodertalje\/textsida-fullbredd\/var-politik-i-kommunen\/","og_locale":"sv_SE","og_type":"article","og_title":"V\u00e5r politik i kommunen - Kristdemokraterna i S\u00f6dert\u00e4lje","og_description":"Skola och utbildning Skolans uppgift \u00e4r att ge varje elev kunskaper som \u00e4r n\u00f6dv\u00e4ndiga f\u00f6r att leva och verka i ett modernt samh\u00e4lle och att tillsammans med f\u00f6r\u00e4ldrarna fostra eleverna till ansvarsk\u00e4nnande medborgare. V\u00e5r utbildningspolitik fokuserar p\u00e5 kunskap, bildning och arbetsro och d\u00e4r varje skola har stor frihet att utforma verksamheten. Kristdemokraterna f\u00f6resl\u00e5r: Fler speciall\u00e4rare Read More","og_url":"https:\/\/wp.kristdemokraterna.se\/sodertalje\/textsida-fullbredd\/var-politik-i-kommunen\/","og_site_name":"Kristdemokraterna i S\u00f6dert\u00e4lje","article_modified_time":"2018-01-30T10:35:00+00:00","twitter_card":"summary_large_image","twitter_misc":{"Ber\u00e4knad l\u00e4stid":"2 minuter"},"schema":{"@context":"https:\/\/schema.org","@graph":[{"@type":"WebPage","@id":"https:\/\/wp.kristdemokraterna.se\/sodertalje\/textsida-fullbredd\/var-politik-i-kommunen\/","url":"https:\/\/wp.kristdemokraterna.se\/sodertalje\/textsida-fullbredd\/var-politik-i-kommunen\/","name":"V\u00e5r politik i kommunen - Kristdemokraterna i S\u00f6dert\u00e4lje","isPartOf":{"@id":"https:\/\/wp.kristdemokraterna.se\/sodertalje\/#website"},"datePublished":"2017-12-04T15:47:18+00:00","dateModified":"2018-01-30T10:35:00+00:00","breadcrumb":{"@id":"https:\/\/wp.kristdemokraterna.se\/sodertalje\/textsida-fullbredd\/var-politik-i-kommunen\/#breadcrumb"},"inLanguage":"sv-SE","potentialAction":[{"@type":"ReadAction","target":["https:\/\/wp.kristdemokraterna.se\/sodertalje\/textsida-fullbredd\/var-politik-i-kommunen\/"]}]},{"@type":"BreadcrumbList","@id":"https:\/\/wp.kristdemokraterna.se\/sodertalje\/textsida-fullbredd\/var-politik-i-kommunen\/#breadcrumb","itemListElement":[{"@type":"ListItem","position":1,"name":"Hem","item":"https:\/\/wp.kristdemokraterna.se\/sodertalje\/"},{"@type":"ListItem","position":2,"name":"Vad vi st\u00e5r f\u00f6r!","item":"https:\/\/wp.kristdemokraterna.se\/sodertalje\/textsida-fullbredd\/"},{"@type":"ListItem","position":3,"name":"V\u00e5r politik i kommunen"}]},{"@type":"WebSite","@id":"https:\/\/wp.kristdemokraterna.se\/sodertalje\/#website","url":"https:\/\/wp.kristdemokraterna.se\/sodertalje\/","name":"Kristdemokraterna i S\u00f6dert\u00e4lje","description":"En till Kristdemokraterna webbplats","inLanguage":"sv-SE"}]}},"_links":{"self":[{"href":"https:\/\/wp.kristdemokraterna.se\/sodertalje\/wp-json\/wp\/v2\/pages\/373","targetHints":{"allow":["GET"]}}],"collection":[{"href":"https:\/\/wp.kristdemokraterna.se\/sodertalje\/wp-json\/wp\/v2\/pages"}],"about":[{"href":"https:\/\/wp.kristdemokraterna.se\/sodertalje\/wp-json\/wp\/v2\/types\/page"}],"author":[{"embeddable":true,"href":"https:\/\/wp.kristdemokraterna.se\/sodertalje\/wp-json\/wp\/v2\/users\/496"}],"replies":[{"embeddable":true,"href":"https:\/\/wp.kristdemokraterna.se\/sodertalje\/wp-json\/wp\/v2\/comments?post=373"}],"version-history":[{"count":4,"href":"https:\/\/wp.kristdemokraterna.se\/sodertalje\/wp-json\/wp\/v2\/pages\/373\/revisions"}],"predecessor-version":[{"id":500,"href":"https:\/\/wp.kristdemokraterna.se\/sodertalje\/wp-json\/wp\/v2\/pages\/373\/revisions\/500"}],"up":[{"embeddable":true,"href":"https:\/\/wp.kristdemokraterna.se\/sodertalje\/wp-json\/wp\/v2\/pages\/272"}],"wp:attachment":[{"href":"https:\/\/wp.kristdemokraterna.se\/sodertalje\/wp-json\/wp\/v2\/media?parent=373"}],"curies":[{"name":"wp","href":"https:\/\/api.w.org\/{rel}","templated":true}]}}