{"id":375,"date":"2017-12-04T16:48:06","date_gmt":"2017-12-04T15:48:06","guid":{"rendered":"http:\/\/wp.kristdemokraterna.se\/sodertalje22\/?page_id=375"},"modified":"2018-01-30T11:33:08","modified_gmt":"2018-01-30T10:33:08","slug":"var-politik-i-landstinget","status":"publish","type":"page","link":"https:\/\/wp.kristdemokraterna.se\/sodertalje\/textsida-fullbredd\/var-politik-i-landstinget\/","title":{"rendered":"V\u00e5r politik i Landstinget"},"content":{"rendered":"<h1>V\u00e5rd och omsorg<\/h1>\n<div id=\"print\">\n<h2><\/h2>\n<p><strong>Ber\u00e4ttelserna \u00e4r m\u00e5nga om den v\u00e5rdkris som Sverige befinner sig i. Utvecklingen m\u00e5ste v\u00e4nda. F\u00f6r oss kristdemokrater \u00e4r det centralt att h\u00e4lso- och sjukv\u00e5rden ska utg\u00e5 fr\u00e5n att varje m\u00e4nniska \u00e4r unik och att alla personer har samma absoluta och okr\u00e4nkbara v\u00e4rde.<\/strong><\/p>\n<p><em>Kristdemokraterna f\u00f6resl\u00e5r:<\/p>\n<p><\/em><strong>Statligt ansvar f\u00f6r sjukhusv\u00e5rden<\/strong><\/p>\n<p>Det finns idag stora och of\u00f6rsvarbara skillnader mellan hur olika landsting lyckas leverera en god och kvalitativ v\u00e5rd. Att det kan skilja s\u00e5 mycket i v\u00e5rdresultat och \u00f6verlevnad f\u00f6r vissa diagnoser \u00e4r inte rimligt. Vi f\u00f6resl\u00e5r att staten tar ett samlat ansvar f\u00f6r sjukhusv\u00e5rden och den mest avancerade v\u00e5rden f\u00f6r att f\u00f6rb\u00e4ttra v\u00e5rdens kvalitet och j\u00e4mlikhet.<\/p>\n<p><strong>\u00c4ldreboendegaranti<\/strong><\/p>\n<p>M\u00e5nga \u00e4ldre vill bo kvar i sitt hem s\u00e5 l\u00e4nge som m\u00f6jligt. Men det finns ocks\u00e5 en stor grupp \u00e4ldre som upplever otrygghet och ensamhet och d\u00e4rf\u00f6r beh\u00f6ver en annan boendeform. Vi vill d\u00e4rf\u00f6r inf\u00f6ra en \u00e4ldreboendegaranti d\u00e4r varje person \u00f6ver 85 \u00e5r har en lagstadgad r\u00e4tt att f\u00e5 en plats p\u00e5 ett s\u00e4rskilt boende, trygghetsboende eller serviceboende n\u00e4r och om de s\u00e5 vill.<\/p>\n<p><strong>V\u00e5rdserviceteam<\/strong><\/p>\n<p>Vi vill att v\u00e5rdpersonal avlastas fr\u00e5n de arbetsuppgifter som \u00e4r viktiga f\u00f6r att omv\u00e5rdnad ska fungera men som inte kr\u00e4ver en l\u00e5ng v\u00e5rdutbildning genom att inf\u00f6ra s\u00e5 kallade v\u00e5rdserviceteam. Dessutom vill vi f\u00f6rl\u00e4nga omv\u00e5rdnadslyftet f\u00f6r att ge \u00e4ldreomsorgens medarbetare m\u00f6jlighet att vidareutbilda sig.<\/p>\n<p><strong>Hemtagningsteam<\/strong><\/p>\n<p>Att underl\u00e4tta hemg\u00e5ngen fr\u00e5n sjukhuset \u00f6kar tryggheten samtidigt som det minskar risken f\u00f6r snar \u00e5terinl\u00e4ggning. Vi vill d\u00e4rf\u00f6r inf\u00f6ra hemtagningsteam, som inneb\u00e4r att personal finns fr\u00e5n att hemg\u00e5ngen planeras, kan f\u00f6lja med hem, ordnar med mat och l\u00e4kemedel f\u00f6r de f\u00f6rsta dagarna och kanske g\u00f6r en f\u00f6rsta anpassning av boendet.<\/p>\n<p><strong>\u00c5terinf\u00f6r k\u00f6miljarden<\/strong><\/p>\n<p>Enligt SKL:s \u00f6ppna j\u00e4mf\u00f6relser har k\u00f6erna \u00f6kat och v\u00e5rdgarantin har f\u00f6rs\u00e4mrats sen den nuvarande regeringen avskaffade k\u00f6miljarden 2015 som vi inf\u00f6rde i regeringsst\u00e4llning. Vi anser att patienter inte ska beh\u00f6va v\u00e4nta l\u00e4ngre \u00e4n absolut n\u00f6dv\u00e4ndigt och avs\u00e4tter d\u00e4rf\u00f6r 1 miljard kronor i v\u00e5r budget f\u00f6r att \u00e5terinf\u00f6ra k\u00f6miljarden.<\/p>\n<p><strong>S\u00e4kra LSS<\/strong><\/p>\n<p>LSS \u00e4r en betydelsefull reform som har f\u00f6rb\u00e4ttrat levnadsvillkoren f\u00f6r personer med funktionsneds\u00e4ttning. Den nuvarande regeringen h\u00e5ller p\u00e5 att undergr\u00e4va st\u00f6det f\u00f6r n\u00e5gra av de som beh\u00f6ver det mest genom att jaga enskilda assistanstimmar- och minuter. Fusk m\u00e5ste motverkas kraftfullt och effektivt men vi vill s\u00e4kra LSS s\u00e5 att de som beh\u00f6ver ers\u00e4ttningen kan leva, inte bara \u00f6verleva.<\/p>\n<\/div>\n<ul class=\"o-bare-list o-bare-list--spaced\/2 u-txt-bold\">\n<li><a class=\"c-svg-icon c-svg-icon--pdf\" href=\"https:\/\/kristdemokraterna.se\/wp-content\/uploads\/2017\/07\/Stoppa-v%C3%A4lf%C3%A4rdssveket-mot-v%C3%A5ra-%C3%A4ldre.pdf\" download=\"Stoppa v\u00e4lf\u00e4rdssveket mot v\u00e5ra \u00e4ldre\">Stoppa v\u00e4lf\u00e4rdssveket mot v\u00e5ra \u00e4ldre<\/a><\/li>\n<li><a class=\"c-svg-icon c-svg-icon--pdf\" href=\"https:\/\/kristdemokraterna.se\/wp-content\/uploads\/2017\/04\/KD_16-0347_Folder-o-2.pdf\" download=\"KD_16-0347_Folder-o 2\">Trygg v\u00e5rd n\u00e4ra dig<\/a><\/li>\n<\/ul>\n","protected":false},"excerpt":{"rendered":"<p>V\u00e5rd och omsorg Ber\u00e4ttelserna \u00e4r m\u00e5nga om den v\u00e5rdkris som Sverige befinner sig i. Utvecklingen m\u00e5ste v\u00e4nda. F\u00f6r oss kristdemokrater \u00e4r det centralt att h\u00e4lso- och sjukv\u00e5rden ska utg\u00e5 fr\u00e5n att varje m\u00e4nniska \u00e4r unik och att alla personer har samma absoluta och okr\u00e4nkbara v\u00e4rde. Kristdemokraterna f\u00f6resl\u00e5r: Statligt ansvar f\u00f6r sjukhusv\u00e5rden Det finns idag stora <a class=\"read-more-link\" href=\"https:\/\/wp.kristdemokraterna.se\/sodertalje\/textsida-fullbredd\/var-politik-i-landstinget\/\">Read More<\/a><\/p>\n","protected":false},"author":496,"featured_media":0,"parent":272,"menu_order":0,"comment_status":"closed","ping_status":"closed","template":"page.php","meta":{"_acf_changed":false,"footnotes":""},"class_list":["post-375","page","type-page","status-publish","hentry"],"acf":[],"yoast_head":"<!-- This site is optimized with the Yoast SEO plugin v27.4 - https:\/\/yoast.com\/product\/yoast-seo-wordpress\/ -->\n<title>V\u00e5r politik i Landstinget - Kristdemokraterna i S\u00f6dert\u00e4lje<\/title>\n<meta name=\"robots\" content=\"index, follow, max-snippet:-1, max-image-preview:large, max-video-preview:-1\" \/>\n<link rel=\"canonical\" href=\"https:\/\/wp.kristdemokraterna.se\/sodertalje\/textsida-fullbredd\/var-politik-i-landstinget\/\" \/>\n<meta property=\"og:locale\" content=\"sv_SE\" \/>\n<meta property=\"og:type\" content=\"article\" \/>\n<meta property=\"og:title\" content=\"V\u00e5r politik i Landstinget - Kristdemokraterna i S\u00f6dert\u00e4lje\" \/>\n<meta property=\"og:description\" content=\"V\u00e5rd och omsorg Ber\u00e4ttelserna \u00e4r m\u00e5nga om den v\u00e5rdkris som Sverige befinner sig i. Utvecklingen m\u00e5ste v\u00e4nda. F\u00f6r oss kristdemokrater \u00e4r det centralt att h\u00e4lso- och sjukv\u00e5rden ska utg\u00e5 fr\u00e5n att varje m\u00e4nniska \u00e4r unik och att alla personer har samma absoluta och okr\u00e4nkbara v\u00e4rde. Kristdemokraterna f\u00f6resl\u00e5r: Statligt ansvar f\u00f6r sjukhusv\u00e5rden Det finns idag stora Read More\" \/>\n<meta property=\"og:url\" content=\"https:\/\/wp.kristdemokraterna.se\/sodertalje\/textsida-fullbredd\/var-politik-i-landstinget\/\" \/>\n<meta property=\"og:site_name\" content=\"Kristdemokraterna i S\u00f6dert\u00e4lje\" \/>\n<meta property=\"article:modified_time\" content=\"2018-01-30T10:33:08+00:00\" \/>\n<meta name=\"twitter:card\" content=\"summary_large_image\" \/>\n<meta name=\"twitter:label1\" content=\"Ber\u00e4knad l\u00e4stid\" \/>\n\t<meta name=\"twitter:data1\" content=\"3 minuter\" \/>\n<script type=\"application\/ld+json\" class=\"yoast-schema-graph\">{\"@context\":\"https:\\\/\\\/schema.org\",\"@graph\":[{\"@type\":\"WebPage\",\"@id\":\"https:\\\/\\\/wp.kristdemokraterna.se\\\/sodertalje\\\/textsida-fullbredd\\\/var-politik-i-landstinget\\\/\",\"url\":\"https:\\\/\\\/wp.kristdemokraterna.se\\\/sodertalje\\\/textsida-fullbredd\\\/var-politik-i-landstinget\\\/\",\"name\":\"V\u00e5r politik i Landstinget - Kristdemokraterna i S\u00f6dert\u00e4lje\",\"isPartOf\":{\"@id\":\"https:\\\/\\\/wp.kristdemokraterna.se\\\/sodertalje\\\/#website\"},\"datePublished\":\"2017-12-04T15:48:06+00:00\",\"dateModified\":\"2018-01-30T10:33:08+00:00\",\"breadcrumb\":{\"@id\":\"https:\\\/\\\/wp.kristdemokraterna.se\\\/sodertalje\\\/textsida-fullbredd\\\/var-politik-i-landstinget\\\/#breadcrumb\"},\"inLanguage\":\"sv-SE\",\"potentialAction\":[{\"@type\":\"ReadAction\",\"target\":[\"https:\\\/\\\/wp.kristdemokraterna.se\\\/sodertalje\\\/textsida-fullbredd\\\/var-politik-i-landstinget\\\/\"]}]},{\"@type\":\"BreadcrumbList\",\"@id\":\"https:\\\/\\\/wp.kristdemokraterna.se\\\/sodertalje\\\/textsida-fullbredd\\\/var-politik-i-landstinget\\\/#breadcrumb\",\"itemListElement\":[{\"@type\":\"ListItem\",\"position\":1,\"name\":\"Hem\",\"item\":\"https:\\\/\\\/wp.kristdemokraterna.se\\\/sodertalje\\\/\"},{\"@type\":\"ListItem\",\"position\":2,\"name\":\"Vad vi st\u00e5r f\u00f6r!\",\"item\":\"https:\\\/\\\/wp.kristdemokraterna.se\\\/sodertalje\\\/textsida-fullbredd\\\/\"},{\"@type\":\"ListItem\",\"position\":3,\"name\":\"V\u00e5r politik i Landstinget\"}]},{\"@type\":\"WebSite\",\"@id\":\"https:\\\/\\\/wp.kristdemokraterna.se\\\/sodertalje\\\/#website\",\"url\":\"https:\\\/\\\/wp.kristdemokraterna.se\\\/sodertalje\\\/\",\"name\":\"Kristdemokraterna i S\u00f6dert\u00e4lje\",\"description\":\"En till Kristdemokraterna webbplats\",\"inLanguage\":\"sv-SE\"}]}<\/script>\n<!-- \/ Yoast SEO plugin. -->","yoast_head_json":{"title":"V\u00e5r politik i Landstinget - Kristdemokraterna i S\u00f6dert\u00e4lje","robots":{"index":"index","follow":"follow","max-snippet":"max-snippet:-1","max-image-preview":"max-image-preview:large","max-video-preview":"max-video-preview:-1"},"canonical":"https:\/\/wp.kristdemokraterna.se\/sodertalje\/textsida-fullbredd\/var-politik-i-landstinget\/","og_locale":"sv_SE","og_type":"article","og_title":"V\u00e5r politik i Landstinget - Kristdemokraterna i S\u00f6dert\u00e4lje","og_description":"V\u00e5rd och omsorg Ber\u00e4ttelserna \u00e4r m\u00e5nga om den v\u00e5rdkris som Sverige befinner sig i. Utvecklingen m\u00e5ste v\u00e4nda. F\u00f6r oss kristdemokrater \u00e4r det centralt att h\u00e4lso- och sjukv\u00e5rden ska utg\u00e5 fr\u00e5n att varje m\u00e4nniska \u00e4r unik och att alla personer har samma absoluta och okr\u00e4nkbara v\u00e4rde. Kristdemokraterna f\u00f6resl\u00e5r: Statligt ansvar f\u00f6r sjukhusv\u00e5rden Det finns idag stora Read More","og_url":"https:\/\/wp.kristdemokraterna.se\/sodertalje\/textsida-fullbredd\/var-politik-i-landstinget\/","og_site_name":"Kristdemokraterna i S\u00f6dert\u00e4lje","article_modified_time":"2018-01-30T10:33:08+00:00","twitter_card":"summary_large_image","twitter_misc":{"Ber\u00e4knad l\u00e4stid":"3 minuter"},"schema":{"@context":"https:\/\/schema.org","@graph":[{"@type":"WebPage","@id":"https:\/\/wp.kristdemokraterna.se\/sodertalje\/textsida-fullbredd\/var-politik-i-landstinget\/","url":"https:\/\/wp.kristdemokraterna.se\/sodertalje\/textsida-fullbredd\/var-politik-i-landstinget\/","name":"V\u00e5r politik i Landstinget - Kristdemokraterna i S\u00f6dert\u00e4lje","isPartOf":{"@id":"https:\/\/wp.kristdemokraterna.se\/sodertalje\/#website"},"datePublished":"2017-12-04T15:48:06+00:00","dateModified":"2018-01-30T10:33:08+00:00","breadcrumb":{"@id":"https:\/\/wp.kristdemokraterna.se\/sodertalje\/textsida-fullbredd\/var-politik-i-landstinget\/#breadcrumb"},"inLanguage":"sv-SE","potentialAction":[{"@type":"ReadAction","target":["https:\/\/wp.kristdemokraterna.se\/sodertalje\/textsida-fullbredd\/var-politik-i-landstinget\/"]}]},{"@type":"BreadcrumbList","@id":"https:\/\/wp.kristdemokraterna.se\/sodertalje\/textsida-fullbredd\/var-politik-i-landstinget\/#breadcrumb","itemListElement":[{"@type":"ListItem","position":1,"name":"Hem","item":"https:\/\/wp.kristdemokraterna.se\/sodertalje\/"},{"@type":"ListItem","position":2,"name":"Vad vi st\u00e5r f\u00f6r!","item":"https:\/\/wp.kristdemokraterna.se\/sodertalje\/textsida-fullbredd\/"},{"@type":"ListItem","position":3,"name":"V\u00e5r politik i Landstinget"}]},{"@type":"WebSite","@id":"https:\/\/wp.kristdemokraterna.se\/sodertalje\/#website","url":"https:\/\/wp.kristdemokraterna.se\/sodertalje\/","name":"Kristdemokraterna i S\u00f6dert\u00e4lje","description":"En till Kristdemokraterna webbplats","inLanguage":"sv-SE"}]}},"_links":{"self":[{"href":"https:\/\/wp.kristdemokraterna.se\/sodertalje\/wp-json\/wp\/v2\/pages\/375","targetHints":{"allow":["GET"]}}],"collection":[{"href":"https:\/\/wp.kristdemokraterna.se\/sodertalje\/wp-json\/wp\/v2\/pages"}],"about":[{"href":"https:\/\/wp.kristdemokraterna.se\/sodertalje\/wp-json\/wp\/v2\/types\/page"}],"author":[{"embeddable":true,"href":"https:\/\/wp.kristdemokraterna.se\/sodertalje\/wp-json\/wp\/v2\/users\/496"}],"replies":[{"embeddable":true,"href":"https:\/\/wp.kristdemokraterna.se\/sodertalje\/wp-json\/wp\/v2\/comments?post=375"}],"version-history":[{"count":4,"href":"https:\/\/wp.kristdemokraterna.se\/sodertalje\/wp-json\/wp\/v2\/pages\/375\/revisions"}],"predecessor-version":[{"id":499,"href":"https:\/\/wp.kristdemokraterna.se\/sodertalje\/wp-json\/wp\/v2\/pages\/375\/revisions\/499"}],"up":[{"embeddable":true,"href":"https:\/\/wp.kristdemokraterna.se\/sodertalje\/wp-json\/wp\/v2\/pages\/272"}],"wp:attachment":[{"href":"https:\/\/wp.kristdemokraterna.se\/sodertalje\/wp-json\/wp\/v2\/media?parent=375"}],"curies":[{"name":"wp","href":"https:\/\/api.w.org\/{rel}","templated":true}]}}