{"id":493,"date":"2018-01-30T11:29:17","date_gmt":"2018-01-30T10:29:17","guid":{"rendered":"http:\/\/wp.kristdemokraterna.se\/sodertalje\/?page_id=493"},"modified":"2018-08-02T10:31:18","modified_gmt":"2018-08-02T08:31:18","slug":"var-politik","status":"publish","type":"page","link":"https:\/\/wp.kristdemokraterna.se\/sodertalje\/var-politik\/","title":{"rendered":"V\u00e5r politik"},"content":{"rendered":"<p><img loading=\"lazy\" decoding=\"async\" class=\"aligncenter wp-image-511 size-full\" src=\"http:\/\/wp.kristdemokraterna.se\/sodertalje\/files\/2018\/08\/msakzpmg.jpeg\" alt=\"\" width=\"1600\" height=\"1067\" srcset=\"https:\/\/wp.kristdemokraterna.se\/sodertalje\/files\/2018\/08\/msakzpmg.jpeg 1600w, https:\/\/wp.kristdemokraterna.se\/sodertalje\/files\/2018\/08\/msakzpmg-300x200.jpeg 300w, https:\/\/wp.kristdemokraterna.se\/sodertalje\/files\/2018\/08\/msakzpmg-768x512.jpeg 768w, https:\/\/wp.kristdemokraterna.se\/sodertalje\/files\/2018\/08\/msakzpmg-1024x683.jpeg 1024w, https:\/\/wp.kristdemokraterna.se\/sodertalje\/files\/2018\/08\/msakzpmg-370x247.jpeg 370w, https:\/\/wp.kristdemokraterna.se\/sodertalje\/files\/2018\/08\/msakzpmg-770x513.jpeg 770w, https:\/\/wp.kristdemokraterna.se\/sodertalje\/files\/2018\/08\/msakzpmg-450x300.jpeg 450w, https:\/\/wp.kristdemokraterna.se\/sodertalje\/files\/2018\/08\/msakzpmg-280x187.jpeg 280w, https:\/\/wp.kristdemokraterna.se\/sodertalje\/files\/2018\/08\/msakzpmg-340x227.jpeg 340w, https:\/\/wp.kristdemokraterna.se\/sodertalje\/files\/2018\/08\/msakzpmg-200x133.jpeg 200w, https:\/\/wp.kristdemokraterna.se\/sodertalje\/files\/2018\/08\/msakzpmg-84x56.jpeg 84w\" sizes=\"auto, (max-width: 1600px) 100vw, 1600px\" \/><\/p>\n<p>&nbsp;<\/p>\n<p>Kristdemokraternas viktigaste fr\u00e5gor:<\/p>\n<ul>\n<li><strong>Barn och familj<\/strong><br \/>\nFamiljen \u00e4r den minsta gemenskapsenheten i samh\u00e4llet. Trygga familjer bygger ett tryggt Sverige.\u00a0Vi vill ge alla f\u00f6r\u00e4ldrar f\u00f6ruts\u00e4ttningar\u00a0att kunna kombinera jobb och familj. M\u00e5nga politiker vill inskr\u00e4nka familjernas frihet \u2013 vi vill f\u00f6rsvara\u00a0f\u00f6r\u00e4ldrarnas r\u00e4tt att sj\u00e4lva\u00a0fatta beslut om sin tillvaro. Vi vill ocks\u00e5 st\u00e4rka barnfamiljers ekonomi. Med\u00a0ett jobbskatteavdrag till f\u00f6r\u00e4ldrar\u00a0och \u00f6kad ekonomisk hj\u00e4lp till utsatta familjer st\u00e4rker vi f\u00f6r\u00e4ldrar och barns m\u00f6jligheter.<\/li>\n<li><strong>Jobb och \u00e4ldres ekonomi<br \/>\n<\/strong>Det b\u00e4sta s\u00e4ttet att lyfta en m\u00e4nniska, och i f\u00f6rl\u00e4ngningen ett samh\u00e4lle, \u00e4r att hon f\u00e5r jobba.\u00a0F\u00f6r att f\u00e5 fler i arbete\u00a0m\u00e5ste f\u00f6retag f\u00e5 r\u00e4tt f\u00f6ruts\u00e4ttningar att skapa jobb. Vi tycker att alla m\u00e4nniskor \u00e4r lika viktiga, den som st\u00e5r utanf\u00f6r arbetsmarknaden m\u00e5ste f\u00e5 chansen att komma in, och den som vill jobba\u00a0ska inte tvingas sluta\u00a0f\u00f6r att man n\u00e5tt pensions\u00e5ldern. Pension\u00e4rer som vill forts\u00e4tta jobba ska kunna g\u00f6ra det utan att drabbas av straffskatt. Vi vill inf\u00f6ra\u00a0dubbelt jobbskatteavdrag f\u00f6r de som st\u00e5r l\u00e4ngst ifr\u00e5n arbetsmarknaden och s\u00e4nka skatten f\u00f6r pension\u00e4rer.<\/li>\n<li><strong>V\u00e5rd och omsorg<br \/>\n<\/strong>Alla har r\u00e4tt till\u00a0v\u00e5rd p\u00e5 lika villkor. Trots detta finns det oacceptabla skillnader i medicinska resultat och kvalitet inom den svenska h\u00e4lso- och sjukv\u00e5rden. Det beh\u00f6vs en f\u00f6r\u00e4ndrad styrning genom ett statligt ansvar f\u00f6r sjukhusv\u00e5rden. Och samma h\u00f6ga principer ska g\u00e4lla f\u00f6r den som \u00e4r gammal. Alla ska kunna \u00e5ldras i trygghet och v\u00e4rdighet. \u00c4ldre ska ha god tillg\u00e5ng till v\u00e5rd och omsorg, sj\u00e4lva kunna v\u00e4lja n\u00e4r de vill l\u00e4mna arbetsmarknaden och f\u00e5 tillg\u00e5ng till \u00e4ldreboende n\u00e4r de beh\u00f6ver.<\/li>\n<li><strong>Trygghet<\/strong><br \/>\nSamh\u00e4llet m\u00e5ste reagera n\u00e4r en m\u00e4nniska utsatts f\u00f6r v\u00e5ldsbrott, r\u00e5n, sexuella trakasserier eller inbrott i sitt hem. Brottsoffren m\u00e5ste f\u00e5 uppr\u00e4ttelse. Som enskild ska man alltid kunna lita p\u00e5 att polisen har resurser att f\u00f6rebygga, f\u00f6rhindra och beivra brott. Ett r\u00e4ttsv\u00e4sende som st\u00e5r upp f\u00f6r de mest utsatta \u00e4r en f\u00f6ruts\u00e4ttning f\u00f6r ett gott samh\u00e4lle som h\u00e5ller samman.<\/li>\n<\/ul>\n","protected":false},"excerpt":{"rendered":"<p>&nbsp; Kristdemokraternas viktigaste fr\u00e5gor: Barn och familj Familjen \u00e4r den minsta gemenskapsenheten i samh\u00e4llet. Trygga familjer bygger ett tryggt Sverige.\u00a0Vi vill ge alla f\u00f6r\u00e4ldrar f\u00f6ruts\u00e4ttningar\u00a0att kunna kombinera jobb och familj. M\u00e5nga politiker vill inskr\u00e4nka familjernas frihet \u2013 vi vill f\u00f6rsvara\u00a0f\u00f6r\u00e4ldrarnas r\u00e4tt att sj\u00e4lva\u00a0fatta beslut om sin tillvaro. Vi vill ocks\u00e5 st\u00e4rka barnfamiljers ekonomi. Med\u00a0ett jobbskatteavdrag <a class=\"read-more-link\" href=\"https:\/\/wp.kristdemokraterna.se\/sodertalje\/var-politik\/\">Read More<\/a><\/p>\n","protected":false},"author":444,"featured_media":0,"parent":0,"menu_order":0,"comment_status":"closed","ping_status":"closed","template":"page.php","meta":{"_acf_changed":false,"footnotes":""},"class_list":["post-493","page","type-page","status-publish","hentry"],"acf":[],"yoast_head":"<!-- This site is optimized with the Yoast SEO plugin v27.3 - https:\/\/yoast.com\/product\/yoast-seo-wordpress\/ -->\n<title>V\u00e5r politik - Kristdemokraterna i S\u00f6dert\u00e4lje<\/title>\n<meta name=\"robots\" content=\"index, follow, max-snippet:-1, max-image-preview:large, max-video-preview:-1\" \/>\n<link rel=\"canonical\" href=\"https:\/\/wp.kristdemokraterna.se\/sodertalje\/var-politik\/\" \/>\n<meta property=\"og:locale\" content=\"sv_SE\" \/>\n<meta property=\"og:type\" content=\"article\" \/>\n<meta property=\"og:title\" content=\"V\u00e5r politik - Kristdemokraterna i S\u00f6dert\u00e4lje\" \/>\n<meta property=\"og:description\" content=\"&nbsp; Kristdemokraternas viktigaste fr\u00e5gor: Barn och familj Familjen \u00e4r den minsta gemenskapsenheten i samh\u00e4llet. Trygga familjer bygger ett tryggt Sverige.\u00a0Vi vill ge alla f\u00f6r\u00e4ldrar f\u00f6ruts\u00e4ttningar\u00a0att kunna kombinera jobb och familj. M\u00e5nga politiker vill inskr\u00e4nka familjernas frihet \u2013 vi vill f\u00f6rsvara\u00a0f\u00f6r\u00e4ldrarnas r\u00e4tt att sj\u00e4lva\u00a0fatta beslut om sin tillvaro. Vi vill ocks\u00e5 st\u00e4rka barnfamiljers ekonomi. Med\u00a0ett jobbskatteavdrag Read More\" \/>\n<meta property=\"og:url\" content=\"https:\/\/wp.kristdemokraterna.se\/sodertalje\/var-politik\/\" \/>\n<meta property=\"og:site_name\" content=\"Kristdemokraterna i S\u00f6dert\u00e4lje\" \/>\n<meta property=\"article:modified_time\" content=\"2018-08-02T08:31:18+00:00\" \/>\n<meta property=\"og:image\" content=\"https:\/\/wp.kristdemokraterna.se\/sodertalje\/files\/2018\/08\/msakzpmg.jpeg\" \/>\n\t<meta property=\"og:image:width\" content=\"1600\" \/>\n\t<meta property=\"og:image:height\" content=\"1067\" \/>\n\t<meta property=\"og:image:type\" content=\"image\/jpeg\" \/>\n<meta name=\"twitter:card\" content=\"summary_large_image\" \/>\n<meta name=\"twitter:label1\" content=\"Ber\u00e4knad l\u00e4stid\" \/>\n\t<meta name=\"twitter:data1\" content=\"2 minuter\" \/>\n<script type=\"application\/ld+json\" class=\"yoast-schema-graph\">{\"@context\":\"https:\\\/\\\/schema.org\",\"@graph\":[{\"@type\":\"WebPage\",\"@id\":\"https:\\\/\\\/wp.kristdemokraterna.se\\\/sodertalje\\\/var-politik\\\/\",\"url\":\"https:\\\/\\\/wp.kristdemokraterna.se\\\/sodertalje\\\/var-politik\\\/\",\"name\":\"V\u00e5r politik - Kristdemokraterna i S\u00f6dert\u00e4lje\",\"isPartOf\":{\"@id\":\"https:\\\/\\\/wp.kristdemokraterna.se\\\/sodertalje\\\/#website\"},\"primaryImageOfPage\":{\"@id\":\"https:\\\/\\\/wp.kristdemokraterna.se\\\/sodertalje\\\/var-politik\\\/#primaryimage\"},\"image\":{\"@id\":\"https:\\\/\\\/wp.kristdemokraterna.se\\\/sodertalje\\\/var-politik\\\/#primaryimage\"},\"thumbnailUrl\":\"http:\\\/\\\/wp.kristdemokraterna.se\\\/sodertalje\\\/files\\\/2018\\\/08\\\/msakzpmg.jpeg\",\"datePublished\":\"2018-01-30T10:29:17+00:00\",\"dateModified\":\"2018-08-02T08:31:18+00:00\",\"breadcrumb\":{\"@id\":\"https:\\\/\\\/wp.kristdemokraterna.se\\\/sodertalje\\\/var-politik\\\/#breadcrumb\"},\"inLanguage\":\"sv-SE\",\"potentialAction\":[{\"@type\":\"ReadAction\",\"target\":[\"https:\\\/\\\/wp.kristdemokraterna.se\\\/sodertalje\\\/var-politik\\\/\"]}]},{\"@type\":\"ImageObject\",\"inLanguage\":\"sv-SE\",\"@id\":\"https:\\\/\\\/wp.kristdemokraterna.se\\\/sodertalje\\\/var-politik\\\/#primaryimage\",\"url\":\"https:\\\/\\\/wp.kristdemokraterna.se\\\/sodertalje\\\/files\\\/2018\\\/08\\\/msakzpmg.jpeg\",\"contentUrl\":\"https:\\\/\\\/wp.kristdemokraterna.se\\\/sodertalje\\\/files\\\/2018\\\/08\\\/msakzpmg.jpeg\",\"width\":1600,\"height\":1067},{\"@type\":\"BreadcrumbList\",\"@id\":\"https:\\\/\\\/wp.kristdemokraterna.se\\\/sodertalje\\\/var-politik\\\/#breadcrumb\",\"itemListElement\":[{\"@type\":\"ListItem\",\"position\":1,\"name\":\"Hem\",\"item\":\"https:\\\/\\\/wp.kristdemokraterna.se\\\/sodertalje\\\/\"},{\"@type\":\"ListItem\",\"position\":2,\"name\":\"V\u00e5r politik\"}]},{\"@type\":\"WebSite\",\"@id\":\"https:\\\/\\\/wp.kristdemokraterna.se\\\/sodertalje\\\/#website\",\"url\":\"https:\\\/\\\/wp.kristdemokraterna.se\\\/sodertalje\\\/\",\"name\":\"Kristdemokraterna i S\u00f6dert\u00e4lje\",\"description\":\"En till Kristdemokraterna webbplats\",\"inLanguage\":\"sv-SE\"}]}<\/script>\n<!-- \/ Yoast SEO plugin. -->","yoast_head_json":{"title":"V\u00e5r politik - Kristdemokraterna i S\u00f6dert\u00e4lje","robots":{"index":"index","follow":"follow","max-snippet":"max-snippet:-1","max-image-preview":"max-image-preview:large","max-video-preview":"max-video-preview:-1"},"canonical":"https:\/\/wp.kristdemokraterna.se\/sodertalje\/var-politik\/","og_locale":"sv_SE","og_type":"article","og_title":"V\u00e5r politik - Kristdemokraterna i S\u00f6dert\u00e4lje","og_description":"&nbsp; Kristdemokraternas viktigaste fr\u00e5gor: Barn och familj Familjen \u00e4r den minsta gemenskapsenheten i samh\u00e4llet. Trygga familjer bygger ett tryggt Sverige.\u00a0Vi vill ge alla f\u00f6r\u00e4ldrar f\u00f6ruts\u00e4ttningar\u00a0att kunna kombinera jobb och familj. M\u00e5nga politiker vill inskr\u00e4nka familjernas frihet \u2013 vi vill f\u00f6rsvara\u00a0f\u00f6r\u00e4ldrarnas r\u00e4tt att sj\u00e4lva\u00a0fatta beslut om sin tillvaro. Vi vill ocks\u00e5 st\u00e4rka barnfamiljers ekonomi. Med\u00a0ett jobbskatteavdrag Read More","og_url":"https:\/\/wp.kristdemokraterna.se\/sodertalje\/var-politik\/","og_site_name":"Kristdemokraterna i S\u00f6dert\u00e4lje","article_modified_time":"2018-08-02T08:31:18+00:00","og_image":[{"width":1600,"height":1067,"url":"https:\/\/wp.kristdemokraterna.se\/sodertalje\/files\/2018\/08\/msakzpmg.jpeg","type":"image\/jpeg"}],"twitter_card":"summary_large_image","twitter_misc":{"Ber\u00e4knad l\u00e4stid":"2 minuter"},"schema":{"@context":"https:\/\/schema.org","@graph":[{"@type":"WebPage","@id":"https:\/\/wp.kristdemokraterna.se\/sodertalje\/var-politik\/","url":"https:\/\/wp.kristdemokraterna.se\/sodertalje\/var-politik\/","name":"V\u00e5r politik - Kristdemokraterna i S\u00f6dert\u00e4lje","isPartOf":{"@id":"https:\/\/wp.kristdemokraterna.se\/sodertalje\/#website"},"primaryImageOfPage":{"@id":"https:\/\/wp.kristdemokraterna.se\/sodertalje\/var-politik\/#primaryimage"},"image":{"@id":"https:\/\/wp.kristdemokraterna.se\/sodertalje\/var-politik\/#primaryimage"},"thumbnailUrl":"http:\/\/wp.kristdemokraterna.se\/sodertalje\/files\/2018\/08\/msakzpmg.jpeg","datePublished":"2018-01-30T10:29:17+00:00","dateModified":"2018-08-02T08:31:18+00:00","breadcrumb":{"@id":"https:\/\/wp.kristdemokraterna.se\/sodertalje\/var-politik\/#breadcrumb"},"inLanguage":"sv-SE","potentialAction":[{"@type":"ReadAction","target":["https:\/\/wp.kristdemokraterna.se\/sodertalje\/var-politik\/"]}]},{"@type":"ImageObject","inLanguage":"sv-SE","@id":"https:\/\/wp.kristdemokraterna.se\/sodertalje\/var-politik\/#primaryimage","url":"https:\/\/wp.kristdemokraterna.se\/sodertalje\/files\/2018\/08\/msakzpmg.jpeg","contentUrl":"https:\/\/wp.kristdemokraterna.se\/sodertalje\/files\/2018\/08\/msakzpmg.jpeg","width":1600,"height":1067},{"@type":"BreadcrumbList","@id":"https:\/\/wp.kristdemokraterna.se\/sodertalje\/var-politik\/#breadcrumb","itemListElement":[{"@type":"ListItem","position":1,"name":"Hem","item":"https:\/\/wp.kristdemokraterna.se\/sodertalje\/"},{"@type":"ListItem","position":2,"name":"V\u00e5r politik"}]},{"@type":"WebSite","@id":"https:\/\/wp.kristdemokraterna.se\/sodertalje\/#website","url":"https:\/\/wp.kristdemokraterna.se\/sodertalje\/","name":"Kristdemokraterna i S\u00f6dert\u00e4lje","description":"En till Kristdemokraterna webbplats","inLanguage":"sv-SE"}]}},"_links":{"self":[{"href":"https:\/\/wp.kristdemokraterna.se\/sodertalje\/wp-json\/wp\/v2\/pages\/493","targetHints":{"allow":["GET"]}}],"collection":[{"href":"https:\/\/wp.kristdemokraterna.se\/sodertalje\/wp-json\/wp\/v2\/pages"}],"about":[{"href":"https:\/\/wp.kristdemokraterna.se\/sodertalje\/wp-json\/wp\/v2\/types\/page"}],"author":[{"embeddable":true,"href":"https:\/\/wp.kristdemokraterna.se\/sodertalje\/wp-json\/wp\/v2\/users\/444"}],"replies":[{"embeddable":true,"href":"https:\/\/wp.kristdemokraterna.se\/sodertalje\/wp-json\/wp\/v2\/comments?post=493"}],"version-history":[{"count":5,"href":"https:\/\/wp.kristdemokraterna.se\/sodertalje\/wp-json\/wp\/v2\/pages\/493\/revisions"}],"predecessor-version":[{"id":512,"href":"https:\/\/wp.kristdemokraterna.se\/sodertalje\/wp-json\/wp\/v2\/pages\/493\/revisions\/512"}],"wp:attachment":[{"href":"https:\/\/wp.kristdemokraterna.se\/sodertalje\/wp-json\/wp\/v2\/media?parent=493"}],"curies":[{"name":"wp","href":"https:\/\/api.w.org\/{rel}","templated":true}]}}