{"id":1220,"date":"2020-05-08T19:40:22","date_gmt":"2020-05-08T17:40:22","guid":{"rendered":"http:\/\/wp.kristdemokraterna.se\/sollentuna\/?page_id=1220"},"modified":"2024-04-29T11:32:53","modified_gmt":"2024-04-29T09:32:53","slug":"bli-medlem-i-kristdemokraterna","status":"publish","type":"page","link":"https:\/\/wp.kristdemokraterna.se\/sollentuna\/bli-medlem-i-kristdemokraterna\/","title":{"rendered":"Engagera dig"},"content":{"rendered":"<p>Hos KD Sollentuna f\u00e5r du en m\u00f6jlighet att arbeta f\u00f6r det du tror p\u00e5, och bidra med dina tankar och erfarenheter.<\/p>\n<p>Vissa av oss har valt att engagera oss fullt ut med f\u00f6rtroendeuppdrag, medan andra vill ha ett mer passivt medlemskap och endast ta emot information men inte l\u00e4gga ned tid p\u00e5 partiet. Vi \u00e4r glada att just DU vill g\u00e5 med i KD, oavsett i vilken grad du engagerar dig s\u00e5 \u00f6nskar vi dig varmt v\u00e4lkommen!<\/p>\n<p>En g\u00e5ng i m\u00e5naden har vi gruppm\u00f6ten som vi kallar Team Sollentuna. Som KD-medlem \u00e4r du alltid v\u00e4lkommen att delta i dessa m\u00f6ten. H\u00e4r tr\u00e4ffar du v\u00e5ra ledande f\u00f6retr\u00e4dare och KD-ledam\u00f6ter fr\u00e5n samtliga av kommunens n\u00e4mnder och styrelser.<\/p>\n<p>Du har chansen att bli en av dem som formar politiken inom KD f\u00f6r framtidens Sollentuna. Ta den!<br \/>\nV\u00e4lkommen nu att <a href=\"https:\/\/www.kristdemokraterna.se\/Engagera-Dig\/blimedlem\/\" target=\"_blank\" rel=\"noopener noreferrer\"><strong>BLI MEDLEM I KRISTDEMOKRATERNA\u00a0&gt;&gt;&gt;<\/strong><\/a><\/p>\n","protected":false},"excerpt":{"rendered":"<p>Hos KD Sollentuna f\u00e5r du en m\u00f6jlighet att arbeta f\u00f6r det du tror p\u00e5, och bidra med dina tankar och erfarenheter. Vissa av oss har valt att engagera oss fullt ut med f\u00f6rtroendeuppdrag, medan andra vill ha ett mer passivt medlemskap och endast ta emot information men inte l\u00e4gga ned tid p\u00e5 partiet. Vi <a class=\"read-more-link\" href=\"https:\/\/wp.kristdemokraterna.se\/sollentuna\/bli-medlem-i-kristdemokraterna\/\">mer<\/a><\/p>\n","protected":false},"author":41,"featured_media":0,"parent":0,"menu_order":0,"comment_status":"closed","ping_status":"closed","template":"","meta":{"_acf_changed":false,"footnotes":""},"class_list":["post-1220","page","type-page","status-publish","hentry"],"acf":[],"yoast_head":"<!-- This site is optimized with the Yoast SEO plugin v27.4 - https:\/\/yoast.com\/product\/yoast-seo-wordpress\/ -->\n<title>Engagera dig - Kristdemokraterna i Sollentuna<\/title>\n<meta name=\"robots\" content=\"index, follow, max-snippet:-1, max-image-preview:large, max-video-preview:-1\" \/>\n<link rel=\"canonical\" href=\"https:\/\/wp.kristdemokraterna.se\/sollentuna\/bli-medlem-i-kristdemokraterna\/\" \/>\n<meta property=\"og:locale\" content=\"sv_SE\" \/>\n<meta property=\"og:type\" content=\"article\" \/>\n<meta property=\"og:title\" content=\"Engagera dig - Kristdemokraterna i Sollentuna\" \/>\n<meta property=\"og:description\" content=\"Hos KD Sollentuna f\u00e5r du en m\u00f6jlighet att arbeta f\u00f6r det du tror p\u00e5, och bidra med dina tankar och erfarenheter. Vissa av oss har valt att engagera oss fullt ut med f\u00f6rtroendeuppdrag, medan andra vill ha ett mer passivt medlemskap och endast ta emot information men inte l\u00e4gga ned tid p\u00e5 partiet. Vi mer\" \/>\n<meta property=\"og:url\" content=\"https:\/\/wp.kristdemokraterna.se\/sollentuna\/bli-medlem-i-kristdemokraterna\/\" \/>\n<meta property=\"og:site_name\" content=\"Kristdemokraterna i Sollentuna\" \/>\n<meta property=\"article:modified_time\" content=\"2024-04-29T09:32:53+00:00\" \/>\n<meta name=\"twitter:card\" content=\"summary_large_image\" \/>\n<meta name=\"twitter:label1\" content=\"Ber\u00e4knad l\u00e4stid\" \/>\n\t<meta name=\"twitter:data1\" content=\"1 minut\" \/>\n<script type=\"application\/ld+json\" class=\"yoast-schema-graph\">{\"@context\":\"https:\\\/\\\/schema.org\",\"@graph\":[{\"@type\":\"WebPage\",\"@id\":\"https:\\\/\\\/wp.kristdemokraterna.se\\\/sollentuna\\\/bli-medlem-i-kristdemokraterna\\\/\",\"url\":\"https:\\\/\\\/wp.kristdemokraterna.se\\\/sollentuna\\\/bli-medlem-i-kristdemokraterna\\\/\",\"name\":\"Engagera dig - Kristdemokraterna i Sollentuna\",\"isPartOf\":{\"@id\":\"https:\\\/\\\/wp.kristdemokraterna.se\\\/sollentuna\\\/#website\"},\"datePublished\":\"2020-05-08T17:40:22+00:00\",\"dateModified\":\"2024-04-29T09:32:53+00:00\",\"breadcrumb\":{\"@id\":\"https:\\\/\\\/wp.kristdemokraterna.se\\\/sollentuna\\\/bli-medlem-i-kristdemokraterna\\\/#breadcrumb\"},\"inLanguage\":\"sv-SE\",\"potentialAction\":[{\"@type\":\"ReadAction\",\"target\":[\"https:\\\/\\\/wp.kristdemokraterna.se\\\/sollentuna\\\/bli-medlem-i-kristdemokraterna\\\/\"]}]},{\"@type\":\"BreadcrumbList\",\"@id\":\"https:\\\/\\\/wp.kristdemokraterna.se\\\/sollentuna\\\/bli-medlem-i-kristdemokraterna\\\/#breadcrumb\",\"itemListElement\":[{\"@type\":\"ListItem\",\"position\":1,\"name\":\"Hem\",\"item\":\"https:\\\/\\\/wp.kristdemokraterna.se\\\/sollentuna\\\/\"},{\"@type\":\"ListItem\",\"position\":2,\"name\":\"Engagera dig\"}]},{\"@type\":\"WebSite\",\"@id\":\"https:\\\/\\\/wp.kristdemokraterna.se\\\/sollentuna\\\/#website\",\"url\":\"https:\\\/\\\/wp.kristdemokraterna.se\\\/sollentuna\\\/\",\"name\":\"Kristdemokraterna i Sollentuna\",\"description\":\"\",\"inLanguage\":\"sv-SE\"}]}<\/script>\n<!-- \/ Yoast SEO plugin. -->","yoast_head_json":{"title":"Engagera dig - Kristdemokraterna i Sollentuna","robots":{"index":"index","follow":"follow","max-snippet":"max-snippet:-1","max-image-preview":"max-image-preview:large","max-video-preview":"max-video-preview:-1"},"canonical":"https:\/\/wp.kristdemokraterna.se\/sollentuna\/bli-medlem-i-kristdemokraterna\/","og_locale":"sv_SE","og_type":"article","og_title":"Engagera dig - Kristdemokraterna i Sollentuna","og_description":"Hos KD Sollentuna f\u00e5r du en m\u00f6jlighet att arbeta f\u00f6r det du tror p\u00e5, och bidra med dina tankar och erfarenheter. Vissa av oss har valt att engagera oss fullt ut med f\u00f6rtroendeuppdrag, medan andra vill ha ett mer passivt medlemskap och endast ta emot information men inte l\u00e4gga ned tid p\u00e5 partiet. Vi mer","og_url":"https:\/\/wp.kristdemokraterna.se\/sollentuna\/bli-medlem-i-kristdemokraterna\/","og_site_name":"Kristdemokraterna i Sollentuna","article_modified_time":"2024-04-29T09:32:53+00:00","twitter_card":"summary_large_image","twitter_misc":{"Ber\u00e4knad l\u00e4stid":"1 minut"},"schema":{"@context":"https:\/\/schema.org","@graph":[{"@type":"WebPage","@id":"https:\/\/wp.kristdemokraterna.se\/sollentuna\/bli-medlem-i-kristdemokraterna\/","url":"https:\/\/wp.kristdemokraterna.se\/sollentuna\/bli-medlem-i-kristdemokraterna\/","name":"Engagera dig - Kristdemokraterna i Sollentuna","isPartOf":{"@id":"https:\/\/wp.kristdemokraterna.se\/sollentuna\/#website"},"datePublished":"2020-05-08T17:40:22+00:00","dateModified":"2024-04-29T09:32:53+00:00","breadcrumb":{"@id":"https:\/\/wp.kristdemokraterna.se\/sollentuna\/bli-medlem-i-kristdemokraterna\/#breadcrumb"},"inLanguage":"sv-SE","potentialAction":[{"@type":"ReadAction","target":["https:\/\/wp.kristdemokraterna.se\/sollentuna\/bli-medlem-i-kristdemokraterna\/"]}]},{"@type":"BreadcrumbList","@id":"https:\/\/wp.kristdemokraterna.se\/sollentuna\/bli-medlem-i-kristdemokraterna\/#breadcrumb","itemListElement":[{"@type":"ListItem","position":1,"name":"Hem","item":"https:\/\/wp.kristdemokraterna.se\/sollentuna\/"},{"@type":"ListItem","position":2,"name":"Engagera dig"}]},{"@type":"WebSite","@id":"https:\/\/wp.kristdemokraterna.se\/sollentuna\/#website","url":"https:\/\/wp.kristdemokraterna.se\/sollentuna\/","name":"Kristdemokraterna i Sollentuna","description":"","inLanguage":"sv-SE"}]}},"_links":{"self":[{"href":"https:\/\/wp.kristdemokraterna.se\/sollentuna\/wp-json\/wp\/v2\/pages\/1220","targetHints":{"allow":["GET"]}}],"collection":[{"href":"https:\/\/wp.kristdemokraterna.se\/sollentuna\/wp-json\/wp\/v2\/pages"}],"about":[{"href":"https:\/\/wp.kristdemokraterna.se\/sollentuna\/wp-json\/wp\/v2\/types\/page"}],"author":[{"embeddable":true,"href":"https:\/\/wp.kristdemokraterna.se\/sollentuna\/wp-json\/wp\/v2\/users\/41"}],"replies":[{"embeddable":true,"href":"https:\/\/wp.kristdemokraterna.se\/sollentuna\/wp-json\/wp\/v2\/comments?post=1220"}],"version-history":[{"count":7,"href":"https:\/\/wp.kristdemokraterna.se\/sollentuna\/wp-json\/wp\/v2\/pages\/1220\/revisions"}],"predecessor-version":[{"id":1951,"href":"https:\/\/wp.kristdemokraterna.se\/sollentuna\/wp-json\/wp\/v2\/pages\/1220\/revisions\/1951"}],"wp:attachment":[{"href":"https:\/\/wp.kristdemokraterna.se\/sollentuna\/wp-json\/wp\/v2\/media?parent=1220"}],"curies":[{"name":"wp","href":"https:\/\/api.w.org\/{rel}","templated":true}]}}