{"id":38,"date":"2013-02-06T10:54:58","date_gmt":"2013-02-06T09:54:58","guid":{"rendered":"http:\/\/wp.kristdemokraterna.se\/sollentuna\/?page_id=38"},"modified":"2021-10-11T19:18:45","modified_gmt":"2021-10-11T17:18:45","slug":"om-oss","status":"publish","type":"page","link":"https:\/\/wp.kristdemokraterna.se\/sollentuna\/om-oss\/","title":{"rendered":"V\u00e5r partiavdelning"},"content":{"rendered":"<p style=\"font-size: 24px;font-weight: bold\">Sollentuna ska vara den b\u00e4sta<br \/>\nkommunen f\u00f6r barn, familjer och \u00e4ldre<\/p>\n<p>Kristdemokraternas lokalavdelning i Sollentuna \u00e4r en av de st\u00f6rsta i Stockholms l\u00e4n. Vi har ungef\u00e4r 180 medlemmar och arbetar f\u00f6r att g\u00f6ra Sollentuna till Sveriges b\u00e4sta kommun f\u00f6r barn och unga att v\u00e4xa upp i.<\/p>\n<p>Vi \u00e4r en del av majoriteten i Sollentuna. Den best\u00e5r av Kristdemokraterna, Moderaterna, Liberalerna och Centerpartiet. Genom att engagera dig hos oss och ge oss din r\u00f6st i kommande val har du alla m\u00f6jligheter att f\u00f6r\u00e4ndra samh\u00e4llet runt omkring dig utifr\u00e5n den trygga och inkluderande v\u00e4rdegrund Kristdemokraterna st\u00e5r p\u00e5.<\/p>\n<p>Kristdemokraterna har en v\u00e4rdegrund baserad p\u00e5 den kristna etiken som lagt grund till det samh\u00e4lle vi har idag och f\u00f6r hela det v\u00e4sterl\u00e4nska samh\u00e4llsbygget. Vi har en stark betoning p\u00e5 alla m\u00e4nniskors lika och okr\u00e4nkbara v\u00e4rde. Vi \u00e4r ett frihetligt alliansparti.<\/p>\n<p>En del tror att man beh\u00f6ver vara religi\u00f6s f\u00f6r att engagera sig och till och med r\u00f6sta p\u00e5 KD. Inget kan vara mer felaktigt. Vi \u00e4r religi\u00f6st neutrala men vi baserar v\u00e5r politik p\u00e5 en ideologi som har kristen etik och v\u00e4sterl\u00e4ndsk humanism i grunden. Vi inkluderar alla oavsett vilken religi\u00f6s \u00f6vertygelse man har, varifr\u00e5n man kommer eller vilken livsstil man har valt. De centrala delarna av den kristdemokratiska ideologin har vuxit fram i Europa med r\u00f6tter i humanismen och kristendomen. Kristdemokraterna \u00e4r det statsb\u00e4rande partiet i flera l\u00e4nder, bland annat Tyskland. Vi tillh\u00f6r en v\u00e4rldsvid politisk r\u00f6relse som har en stabil etisk grund.<\/p>\n<p>Kontakta oss g\u00e4rna om du\u00a0vill veta mer om vad\u00a0vi st\u00e5r f\u00f6r, har fr\u00e5gor om vilken politik vi driver i Sollentuna eller vill engagera dig.\u00a0Skicka in dina id\u00e9er och synpunkter genom v\u00e5rt kontaktformul\u00e4r som finns p\u00e5 annan plats p\u00e5 sidan.\u00a0V\u00e4lkommen ocks\u00e5 om du vill bli medlem. Det \u00e4r det b\u00e4sta s\u00e4ttet f\u00f6r dig att p\u00e5verka, och vi vill g\u00e4rna se att v\u00e5r avdelning v\u00e4xer ytterligare, s\u00e5 att vi f\u00e5r \u00e4nnu b\u00e4ttre f\u00f6ruts\u00e4ttningar att p\u00e5verka politiken i kommunen.<\/p>\n<p>&nbsp;<\/p>\n<h2>Kontakta oss<\/h2>\n<p>E-post: sollentuna@kristdemokraterna.se<br \/>\nAdress: Kristdemokraterna i Sollentuna, Sollentuna kommun, 191 86 Sollentuna<\/p>\n","protected":false},"excerpt":{"rendered":"<p>Sollentuna ska vara den b\u00e4sta kommunen f\u00f6r barn, familjer och \u00e4ldre Kristdemokraternas lokalavdelning i Sollentuna \u00e4r en av de st\u00f6rsta i Stockholms l\u00e4n. Vi har ungef\u00e4r 180 medlemmar och arbetar f\u00f6r att g\u00f6ra Sollentuna till Sveriges b\u00e4sta kommun f\u00f6r barn och unga att v\u00e4xa upp i. Vi \u00e4r en del av majoriteten i Sollentuna. <a class=\"read-more-link\" href=\"https:\/\/wp.kristdemokraterna.se\/sollentuna\/om-oss\/\">mer<\/a><\/p>\n","protected":false},"author":41,"featured_media":0,"parent":0,"menu_order":0,"comment_status":"closed","ping_status":"closed","template":"","meta":{"_acf_changed":false,"footnotes":""},"class_list":["post-38","page","type-page","status-publish","hentry"],"acf":[],"yoast_head":"<!-- This site is optimized with the Yoast SEO plugin v27.3 - https:\/\/yoast.com\/product\/yoast-seo-wordpress\/ -->\n<title>V\u00e5r partiavdelning - Kristdemokraterna i Sollentuna<\/title>\n<meta name=\"robots\" content=\"index, follow, max-snippet:-1, max-image-preview:large, max-video-preview:-1\" \/>\n<link rel=\"canonical\" href=\"https:\/\/wp.kristdemokraterna.se\/sollentuna\/om-oss\/\" \/>\n<meta property=\"og:locale\" content=\"sv_SE\" \/>\n<meta property=\"og:type\" content=\"article\" \/>\n<meta property=\"og:title\" content=\"V\u00e5r partiavdelning - Kristdemokraterna i Sollentuna\" \/>\n<meta property=\"og:description\" content=\"Sollentuna ska vara den b\u00e4sta kommunen f\u00f6r barn, familjer och \u00e4ldre Kristdemokraternas lokalavdelning i Sollentuna \u00e4r en av de st\u00f6rsta i Stockholms l\u00e4n. Vi har ungef\u00e4r 180 medlemmar och arbetar f\u00f6r att g\u00f6ra Sollentuna till Sveriges b\u00e4sta kommun f\u00f6r barn och unga att v\u00e4xa upp i. Vi \u00e4r en del av majoriteten i Sollentuna. mer\" \/>\n<meta property=\"og:url\" content=\"https:\/\/wp.kristdemokraterna.se\/sollentuna\/om-oss\/\" \/>\n<meta property=\"og:site_name\" content=\"Kristdemokraterna i Sollentuna\" \/>\n<meta property=\"article:modified_time\" content=\"2021-10-11T17:18:45+00:00\" \/>\n<meta name=\"twitter:card\" content=\"summary_large_image\" \/>\n<meta name=\"twitter:label1\" content=\"Ber\u00e4knad l\u00e4stid\" \/>\n\t<meta name=\"twitter:data1\" content=\"2 minuter\" \/>\n<script type=\"application\/ld+json\" class=\"yoast-schema-graph\">{\"@context\":\"https:\\\/\\\/schema.org\",\"@graph\":[{\"@type\":\"WebPage\",\"@id\":\"https:\\\/\\\/wp.kristdemokraterna.se\\\/sollentuna\\\/om-oss\\\/\",\"url\":\"https:\\\/\\\/wp.kristdemokraterna.se\\\/sollentuna\\\/om-oss\\\/\",\"name\":\"V\u00e5r partiavdelning - Kristdemokraterna i Sollentuna\",\"isPartOf\":{\"@id\":\"https:\\\/\\\/wp.kristdemokraterna.se\\\/sollentuna\\\/#website\"},\"datePublished\":\"2013-02-06T09:54:58+00:00\",\"dateModified\":\"2021-10-11T17:18:45+00:00\",\"breadcrumb\":{\"@id\":\"https:\\\/\\\/wp.kristdemokraterna.se\\\/sollentuna\\\/om-oss\\\/#breadcrumb\"},\"inLanguage\":\"sv-SE\",\"potentialAction\":[{\"@type\":\"ReadAction\",\"target\":[\"https:\\\/\\\/wp.kristdemokraterna.se\\\/sollentuna\\\/om-oss\\\/\"]}]},{\"@type\":\"BreadcrumbList\",\"@id\":\"https:\\\/\\\/wp.kristdemokraterna.se\\\/sollentuna\\\/om-oss\\\/#breadcrumb\",\"itemListElement\":[{\"@type\":\"ListItem\",\"position\":1,\"name\":\"Hem\",\"item\":\"https:\\\/\\\/wp.kristdemokraterna.se\\\/sollentuna\\\/\"},{\"@type\":\"ListItem\",\"position\":2,\"name\":\"V\u00e5r partiavdelning\"}]},{\"@type\":\"WebSite\",\"@id\":\"https:\\\/\\\/wp.kristdemokraterna.se\\\/sollentuna\\\/#website\",\"url\":\"https:\\\/\\\/wp.kristdemokraterna.se\\\/sollentuna\\\/\",\"name\":\"Kristdemokraterna i Sollentuna\",\"description\":\"\",\"inLanguage\":\"sv-SE\"}]}<\/script>\n<!-- \/ Yoast SEO plugin. -->","yoast_head_json":{"title":"V\u00e5r partiavdelning - Kristdemokraterna i Sollentuna","robots":{"index":"index","follow":"follow","max-snippet":"max-snippet:-1","max-image-preview":"max-image-preview:large","max-video-preview":"max-video-preview:-1"},"canonical":"https:\/\/wp.kristdemokraterna.se\/sollentuna\/om-oss\/","og_locale":"sv_SE","og_type":"article","og_title":"V\u00e5r partiavdelning - Kristdemokraterna i Sollentuna","og_description":"Sollentuna ska vara den b\u00e4sta kommunen f\u00f6r barn, familjer och \u00e4ldre Kristdemokraternas lokalavdelning i Sollentuna \u00e4r en av de st\u00f6rsta i Stockholms l\u00e4n. Vi har ungef\u00e4r 180 medlemmar och arbetar f\u00f6r att g\u00f6ra Sollentuna till Sveriges b\u00e4sta kommun f\u00f6r barn och unga att v\u00e4xa upp i. Vi \u00e4r en del av majoriteten i Sollentuna. mer","og_url":"https:\/\/wp.kristdemokraterna.se\/sollentuna\/om-oss\/","og_site_name":"Kristdemokraterna i Sollentuna","article_modified_time":"2021-10-11T17:18:45+00:00","twitter_card":"summary_large_image","twitter_misc":{"Ber\u00e4knad l\u00e4stid":"2 minuter"},"schema":{"@context":"https:\/\/schema.org","@graph":[{"@type":"WebPage","@id":"https:\/\/wp.kristdemokraterna.se\/sollentuna\/om-oss\/","url":"https:\/\/wp.kristdemokraterna.se\/sollentuna\/om-oss\/","name":"V\u00e5r partiavdelning - Kristdemokraterna i Sollentuna","isPartOf":{"@id":"https:\/\/wp.kristdemokraterna.se\/sollentuna\/#website"},"datePublished":"2013-02-06T09:54:58+00:00","dateModified":"2021-10-11T17:18:45+00:00","breadcrumb":{"@id":"https:\/\/wp.kristdemokraterna.se\/sollentuna\/om-oss\/#breadcrumb"},"inLanguage":"sv-SE","potentialAction":[{"@type":"ReadAction","target":["https:\/\/wp.kristdemokraterna.se\/sollentuna\/om-oss\/"]}]},{"@type":"BreadcrumbList","@id":"https:\/\/wp.kristdemokraterna.se\/sollentuna\/om-oss\/#breadcrumb","itemListElement":[{"@type":"ListItem","position":1,"name":"Hem","item":"https:\/\/wp.kristdemokraterna.se\/sollentuna\/"},{"@type":"ListItem","position":2,"name":"V\u00e5r partiavdelning"}]},{"@type":"WebSite","@id":"https:\/\/wp.kristdemokraterna.se\/sollentuna\/#website","url":"https:\/\/wp.kristdemokraterna.se\/sollentuna\/","name":"Kristdemokraterna i Sollentuna","description":"","inLanguage":"sv-SE"}]}},"_links":{"self":[{"href":"https:\/\/wp.kristdemokraterna.se\/sollentuna\/wp-json\/wp\/v2\/pages\/38","targetHints":{"allow":["GET"]}}],"collection":[{"href":"https:\/\/wp.kristdemokraterna.se\/sollentuna\/wp-json\/wp\/v2\/pages"}],"about":[{"href":"https:\/\/wp.kristdemokraterna.se\/sollentuna\/wp-json\/wp\/v2\/types\/page"}],"author":[{"embeddable":true,"href":"https:\/\/wp.kristdemokraterna.se\/sollentuna\/wp-json\/wp\/v2\/users\/41"}],"replies":[{"embeddable":true,"href":"https:\/\/wp.kristdemokraterna.se\/sollentuna\/wp-json\/wp\/v2\/comments?post=38"}],"version-history":[{"count":31,"href":"https:\/\/wp.kristdemokraterna.se\/sollentuna\/wp-json\/wp\/v2\/pages\/38\/revisions"}],"predecessor-version":[{"id":1783,"href":"https:\/\/wp.kristdemokraterna.se\/sollentuna\/wp-json\/wp\/v2\/pages\/38\/revisions\/1783"}],"wp:attachment":[{"href":"https:\/\/wp.kristdemokraterna.se\/sollentuna\/wp-json\/wp\/v2\/media?parent=38"}],"curies":[{"name":"wp","href":"https:\/\/api.w.org\/{rel}","templated":true}]}}