{"id":470,"date":"2020-03-07T14:25:18","date_gmt":"2020-03-07T13:25:18","guid":{"rendered":"http:\/\/wp.kristdemokraterna.se\/sollentuna\/?page_id=470"},"modified":"2025-09-09T15:11:50","modified_gmt":"2025-09-09T13:11:50","slug":"styrelse","status":"publish","type":"page","link":"https:\/\/wp.kristdemokraterna.se\/sollentuna\/om-oss\/styrelse\/","title":{"rendered":"Styrelse"},"content":{"rendered":"<h2>Lokalavdelningens styrelse<\/h2>\n<p><b>Christian Duvell<\/b><br \/>\nOrdf\u00f6rande<br \/>\nE-post: christian.duvell@sollentuna.se<br \/>\nMobil: 070-765 85 83<\/p>\n<p><b>Erik Elver\u00f6<\/b><br \/>\nVice ordf\u00f6rande<br \/>\nE-post: erik.elvero@kristdemokraterna.se<\/p>\n<p><strong>Thomas Nyman<br \/>\n<\/strong>Ledamot, kommunalr\u00e5d och gruppledare<br \/>\nE-post: thomas.nyman@kristdemokraterna.se<br \/>\nMobil: 070-740 31 13<\/p>\n<p><strong>Hanna Stomeus<br \/>\n<\/strong>Ledamot<br \/>\nE-post: hannastomeus@gmail.com<\/p>\n<p><strong>Eva Ireblad<br \/>\n<\/strong>Ledamot<br \/>\nE-post: eva.ireblad@sollentuna.se<br \/>\nMobil: 070-872 74 35<\/p>\n<p><strong>Peter Kilander<br \/>\n<\/strong>Ledamot<br \/>\nE-post: peterkil@hotmail.com<br \/>\nMobil: 070-629 7963<\/p>\n<p><strong>Christina Sternerup Falkenstr\u00f6m<br \/>\n<\/strong>Ledamot<br \/>\nE-post:\u00a0christinasternerupfalkenstrom@gmail.com<br \/>\nMobil: 073-787 72 70<\/p>\n<p><strong>Rikhard Saarenp\u00e4\u00e4<br \/>\n<\/strong>Ledamot<br \/>\nE-post: rikhard_saarenpaa@hotmail.com<\/p>\n<p><strong>Carlos Romero<br \/>\n<\/strong>Ledamot<br \/>\nE-post: carlos.romero.flores@sollentunakommunfastigheter.se<\/p>\n<p><strong>Jan Fjellstedt<br \/>\n<\/strong>Ers\u00e4ttare<br \/>\nE-post: jan.fjellstedt@kristdemokraterna.se<\/p>\n<p>Dataskyddsombud: Hanns Boris &#8211; hanns.boris@kristdemokraterna.se<\/p>\n<p>&nbsp;<\/p>\n","protected":false},"excerpt":{"rendered":"<p>Lokalavdelningens styrelse Christian Duvell Ordf\u00f6rande E-post: christian.duvell@sollentuna.se Mobil: 070-765 85 83 Erik Elver\u00f6 Vice ordf\u00f6rande E-post: erik.elvero@kristdemokraterna.se Thomas Nyman Ledamot, kommunalr\u00e5d och gruppledare E-post: thomas.nyman@kristdemokraterna.se Mobil: 070-740 31 13 Hanna Stomeus Ledamot E-post: hannastomeus@gmail.com Eva Ireblad Ledamot E-post: eva.ireblad@sollentuna.se Mobil: 070-872 74 35 Peter Kilander Ledamot E-post: peterkil@hotmail.com Mobil: 070-629 7963 Christina Sternerup Falkenstr\u00f6m <a class=\"read-more-link\" href=\"https:\/\/wp.kristdemokraterna.se\/sollentuna\/om-oss\/styrelse\/\">mer<\/a><\/p>\n","protected":false},"author":41,"featured_media":170,"parent":38,"menu_order":0,"comment_status":"closed","ping_status":"closed","template":"","meta":{"_acf_changed":false,"footnotes":""},"class_list":["post-470","page","type-page","status-publish","hentry"],"acf":[],"yoast_head":"<!-- This site is optimized with the Yoast SEO plugin v27.4 - https:\/\/yoast.com\/product\/yoast-seo-wordpress\/ -->\n<title>Styrelse - Kristdemokraterna i Sollentuna<\/title>\n<meta name=\"robots\" content=\"index, follow, max-snippet:-1, max-image-preview:large, max-video-preview:-1\" \/>\n<link rel=\"canonical\" href=\"https:\/\/wp.kristdemokraterna.se\/sollentuna\/om-oss\/styrelse\/\" \/>\n<meta property=\"og:locale\" content=\"sv_SE\" \/>\n<meta property=\"og:type\" content=\"article\" \/>\n<meta property=\"og:title\" content=\"Styrelse - Kristdemokraterna i Sollentuna\" \/>\n<meta property=\"og:description\" content=\"Lokalavdelningens styrelse Christian Duvell Ordf\u00f6rande E-post: christian.duvell@sollentuna.se Mobil: 070-765 85 83 Erik Elver\u00f6 Vice ordf\u00f6rande E-post: erik.elvero@kristdemokraterna.se Thomas Nyman Ledamot, kommunalr\u00e5d och gruppledare E-post: thomas.nyman@kristdemokraterna.se Mobil: 070-740 31 13 Hanna Stomeus Ledamot E-post: hannastomeus@gmail.com Eva Ireblad Ledamot E-post: eva.ireblad@sollentuna.se Mobil: 070-872 74 35 Peter Kilander Ledamot E-post: peterkil@hotmail.com Mobil: 070-629 7963 Christina Sternerup Falkenstr\u00f6m mer\" \/>\n<meta property=\"og:url\" content=\"https:\/\/wp.kristdemokraterna.se\/sollentuna\/om-oss\/styrelse\/\" \/>\n<meta property=\"og:site_name\" content=\"Kristdemokraterna i Sollentuna\" \/>\n<meta property=\"article:modified_time\" content=\"2025-09-09T13:11:50+00:00\" \/>\n<meta property=\"og:image\" content=\"http:\/\/wp.kristdemokraterna.se\/sollentuna\/files\/2013\/02\/Edsviksstrand.jpg\" \/>\n\t<meta property=\"og:image:width\" content=\"400\" \/>\n\t<meta property=\"og:image:height\" content=\"253\" \/>\n\t<meta property=\"og:image:type\" content=\"image\/jpeg\" \/>\n<meta name=\"twitter:card\" content=\"summary_large_image\" \/>\n<meta name=\"twitter:label1\" content=\"Ber\u00e4knad l\u00e4stid\" \/>\n\t<meta name=\"twitter:data1\" content=\"1 minut\" \/>\n<script type=\"application\/ld+json\" class=\"yoast-schema-graph\">{\"@context\":\"https:\\\/\\\/schema.org\",\"@graph\":[{\"@type\":\"WebPage\",\"@id\":\"https:\\\/\\\/wp.kristdemokraterna.se\\\/sollentuna\\\/om-oss\\\/styrelse\\\/\",\"url\":\"https:\\\/\\\/wp.kristdemokraterna.se\\\/sollentuna\\\/om-oss\\\/styrelse\\\/\",\"name\":\"Styrelse - Kristdemokraterna i Sollentuna\",\"isPartOf\":{\"@id\":\"https:\\\/\\\/wp.kristdemokraterna.se\\\/sollentuna\\\/#website\"},\"primaryImageOfPage\":{\"@id\":\"https:\\\/\\\/wp.kristdemokraterna.se\\\/sollentuna\\\/om-oss\\\/styrelse\\\/#primaryimage\"},\"image\":{\"@id\":\"https:\\\/\\\/wp.kristdemokraterna.se\\\/sollentuna\\\/om-oss\\\/styrelse\\\/#primaryimage\"},\"thumbnailUrl\":\"https:\\\/\\\/wp.kristdemokraterna.se\\\/sollentuna\\\/files\\\/2013\\\/02\\\/Edsviksstrand.jpg\",\"datePublished\":\"2020-03-07T13:25:18+00:00\",\"dateModified\":\"2025-09-09T13:11:50+00:00\",\"breadcrumb\":{\"@id\":\"https:\\\/\\\/wp.kristdemokraterna.se\\\/sollentuna\\\/om-oss\\\/styrelse\\\/#breadcrumb\"},\"inLanguage\":\"sv-SE\",\"potentialAction\":[{\"@type\":\"ReadAction\",\"target\":[\"https:\\\/\\\/wp.kristdemokraterna.se\\\/sollentuna\\\/om-oss\\\/styrelse\\\/\"]}]},{\"@type\":\"ImageObject\",\"inLanguage\":\"sv-SE\",\"@id\":\"https:\\\/\\\/wp.kristdemokraterna.se\\\/sollentuna\\\/om-oss\\\/styrelse\\\/#primaryimage\",\"url\":\"https:\\\/\\\/wp.kristdemokraterna.se\\\/sollentuna\\\/files\\\/2013\\\/02\\\/Edsviksstrand.jpg\",\"contentUrl\":\"https:\\\/\\\/wp.kristdemokraterna.se\\\/sollentuna\\\/files\\\/2013\\\/02\\\/Edsviksstrand.jpg\",\"width\":400,\"height\":253},{\"@type\":\"BreadcrumbList\",\"@id\":\"https:\\\/\\\/wp.kristdemokraterna.se\\\/sollentuna\\\/om-oss\\\/styrelse\\\/#breadcrumb\",\"itemListElement\":[{\"@type\":\"ListItem\",\"position\":1,\"name\":\"Hem\",\"item\":\"https:\\\/\\\/wp.kristdemokraterna.se\\\/sollentuna\\\/\"},{\"@type\":\"ListItem\",\"position\":2,\"name\":\"V\u00e5r partiavdelning\",\"item\":\"https:\\\/\\\/wp.kristdemokraterna.se\\\/sollentuna\\\/om-oss\\\/\"},{\"@type\":\"ListItem\",\"position\":3,\"name\":\"Styrelse\"}]},{\"@type\":\"WebSite\",\"@id\":\"https:\\\/\\\/wp.kristdemokraterna.se\\\/sollentuna\\\/#website\",\"url\":\"https:\\\/\\\/wp.kristdemokraterna.se\\\/sollentuna\\\/\",\"name\":\"Kristdemokraterna i Sollentuna\",\"description\":\"\",\"inLanguage\":\"sv-SE\"}]}<\/script>\n<!-- \/ Yoast SEO plugin. -->","yoast_head_json":{"title":"Styrelse - Kristdemokraterna i Sollentuna","robots":{"index":"index","follow":"follow","max-snippet":"max-snippet:-1","max-image-preview":"max-image-preview:large","max-video-preview":"max-video-preview:-1"},"canonical":"https:\/\/wp.kristdemokraterna.se\/sollentuna\/om-oss\/styrelse\/","og_locale":"sv_SE","og_type":"article","og_title":"Styrelse - Kristdemokraterna i Sollentuna","og_description":"Lokalavdelningens styrelse Christian Duvell Ordf\u00f6rande E-post: christian.duvell@sollentuna.se Mobil: 070-765 85 83 Erik Elver\u00f6 Vice ordf\u00f6rande E-post: erik.elvero@kristdemokraterna.se Thomas Nyman Ledamot, kommunalr\u00e5d och gruppledare E-post: thomas.nyman@kristdemokraterna.se Mobil: 070-740 31 13 Hanna Stomeus Ledamot E-post: hannastomeus@gmail.com Eva Ireblad Ledamot E-post: eva.ireblad@sollentuna.se Mobil: 070-872 74 35 Peter Kilander Ledamot E-post: peterkil@hotmail.com Mobil: 070-629 7963 Christina Sternerup Falkenstr\u00f6m mer","og_url":"https:\/\/wp.kristdemokraterna.se\/sollentuna\/om-oss\/styrelse\/","og_site_name":"Kristdemokraterna i Sollentuna","article_modified_time":"2025-09-09T13:11:50+00:00","og_image":[{"width":400,"height":253,"url":"http:\/\/wp.kristdemokraterna.se\/sollentuna\/files\/2013\/02\/Edsviksstrand.jpg","type":"image\/jpeg"}],"twitter_card":"summary_large_image","twitter_misc":{"Ber\u00e4knad l\u00e4stid":"1 minut"},"schema":{"@context":"https:\/\/schema.org","@graph":[{"@type":"WebPage","@id":"https:\/\/wp.kristdemokraterna.se\/sollentuna\/om-oss\/styrelse\/","url":"https:\/\/wp.kristdemokraterna.se\/sollentuna\/om-oss\/styrelse\/","name":"Styrelse - Kristdemokraterna i Sollentuna","isPartOf":{"@id":"https:\/\/wp.kristdemokraterna.se\/sollentuna\/#website"},"primaryImageOfPage":{"@id":"https:\/\/wp.kristdemokraterna.se\/sollentuna\/om-oss\/styrelse\/#primaryimage"},"image":{"@id":"https:\/\/wp.kristdemokraterna.se\/sollentuna\/om-oss\/styrelse\/#primaryimage"},"thumbnailUrl":"https:\/\/wp.kristdemokraterna.se\/sollentuna\/files\/2013\/02\/Edsviksstrand.jpg","datePublished":"2020-03-07T13:25:18+00:00","dateModified":"2025-09-09T13:11:50+00:00","breadcrumb":{"@id":"https:\/\/wp.kristdemokraterna.se\/sollentuna\/om-oss\/styrelse\/#breadcrumb"},"inLanguage":"sv-SE","potentialAction":[{"@type":"ReadAction","target":["https:\/\/wp.kristdemokraterna.se\/sollentuna\/om-oss\/styrelse\/"]}]},{"@type":"ImageObject","inLanguage":"sv-SE","@id":"https:\/\/wp.kristdemokraterna.se\/sollentuna\/om-oss\/styrelse\/#primaryimage","url":"https:\/\/wp.kristdemokraterna.se\/sollentuna\/files\/2013\/02\/Edsviksstrand.jpg","contentUrl":"https:\/\/wp.kristdemokraterna.se\/sollentuna\/files\/2013\/02\/Edsviksstrand.jpg","width":400,"height":253},{"@type":"BreadcrumbList","@id":"https:\/\/wp.kristdemokraterna.se\/sollentuna\/om-oss\/styrelse\/#breadcrumb","itemListElement":[{"@type":"ListItem","position":1,"name":"Hem","item":"https:\/\/wp.kristdemokraterna.se\/sollentuna\/"},{"@type":"ListItem","position":2,"name":"V\u00e5r partiavdelning","item":"https:\/\/wp.kristdemokraterna.se\/sollentuna\/om-oss\/"},{"@type":"ListItem","position":3,"name":"Styrelse"}]},{"@type":"WebSite","@id":"https:\/\/wp.kristdemokraterna.se\/sollentuna\/#website","url":"https:\/\/wp.kristdemokraterna.se\/sollentuna\/","name":"Kristdemokraterna i Sollentuna","description":"","inLanguage":"sv-SE"}]}},"_links":{"self":[{"href":"https:\/\/wp.kristdemokraterna.se\/sollentuna\/wp-json\/wp\/v2\/pages\/470","targetHints":{"allow":["GET"]}}],"collection":[{"href":"https:\/\/wp.kristdemokraterna.se\/sollentuna\/wp-json\/wp\/v2\/pages"}],"about":[{"href":"https:\/\/wp.kristdemokraterna.se\/sollentuna\/wp-json\/wp\/v2\/types\/page"}],"author":[{"embeddable":true,"href":"https:\/\/wp.kristdemokraterna.se\/sollentuna\/wp-json\/wp\/v2\/users\/41"}],"replies":[{"embeddable":true,"href":"https:\/\/wp.kristdemokraterna.se\/sollentuna\/wp-json\/wp\/v2\/comments?post=470"}],"version-history":[{"count":26,"href":"https:\/\/wp.kristdemokraterna.se\/sollentuna\/wp-json\/wp\/v2\/pages\/470\/revisions"}],"predecessor-version":[{"id":2023,"href":"https:\/\/wp.kristdemokraterna.se\/sollentuna\/wp-json\/wp\/v2\/pages\/470\/revisions\/2023"}],"up":[{"embeddable":true,"href":"https:\/\/wp.kristdemokraterna.se\/sollentuna\/wp-json\/wp\/v2\/pages\/38"}],"wp:featuredmedia":[{"embeddable":true,"href":"https:\/\/wp.kristdemokraterna.se\/sollentuna\/wp-json\/wp\/v2\/media\/170"}],"wp:attachment":[{"href":"https:\/\/wp.kristdemokraterna.se\/sollentuna\/wp-json\/wp\/v2\/media?parent=470"}],"curies":[{"name":"wp","href":"https:\/\/api.w.org\/{rel}","templated":true}]}}