{"id":596,"date":"2014-06-28T14:39:01","date_gmt":"2014-06-28T12:39:01","guid":{"rendered":"http:\/\/wp.kristdemokraterna.se\/sollentuna\/?page_id=596"},"modified":"2021-05-31T12:09:38","modified_gmt":"2021-05-31T10:09:38","slug":"kommunpolitik-2010-2014","status":"publish","type":"page","link":"https:\/\/wp.kristdemokraterna.se\/sollentuna\/om-oss\/kommunpolitik-2010-2014\/","title":{"rendered":"Kommunpolitik sammanfattning av v\u00e5rt vall\u00f6fte 2018-2022"},"content":{"rendered":"<p><strong>KD vill f\u00f6renkla och f\u00f6rb\u00e4ttra Din vardag<\/strong><\/p>\n<p>&nbsp;<\/p>\n<p><em>KD vill verka f\u00f6r ett samh\u00e4lle som bygger p\u00e5 \u00f6kad frihet, gemenskap och socialt ansvarstagande.<\/em><\/p>\n<p><em>KD i Sollentuna vill vinna s\u00e5 stort v\u00e4ljarst\u00f6d att vi kan vara en stark part i ett politiskt majoritetssamarbete med andra allianspartier.<\/em><\/p>\n<p><em>KD s\u00e4tter familjens och barnens livsvillkor i centrum d\u00e4r ekvationen jobb och barn blir direkt f\u00f6renligt med familjernas vardagspussel och h\u00e4lsa.<\/em><\/p>\n<p><em>KD st\u00e4rker Sollentuna som en bra kommun f\u00f6r seniorer.<\/em><\/p>\n<p><strong>N\u00e5gra av v\u00e5ra viktigaste l\u00f6ften i valet den 9 september 2018<\/strong><\/p>\n<h1>Omsorg om hela familjen<\/h1>\n<ul>\n<li>Barngruppernas storlek i f\u00f6rskolan ska minska, ett maxtak p\u00e5 12 barn i sm\u00e5barnsgrupperna (1-3 \u00e5r) ska efterstr\u00e4vas och 15 i \u00f6vriga grupper.<\/li>\n<li>KD vill \u00e5terinf\u00f6ra syskonf\u00f6rtur inom grundskolan f\u00f6r att underl\u00e4tta livspusslet f\u00f6r familjer.<\/li>\n<li>En elevh\u00e4lsogaranti ska finnas som inneb\u00e4r att varje elev ska kunna komma i kontakt med elevh\u00e4lsan inom 24 timmar.<\/li>\n<li>Teknikst\u00f6d i skolan \u00e4r en viktig del av dagens utbildning. Rektor och l\u00e4rare ska s\u00e4tta ramar n\u00e4r mobilen b\u00f6r vara avst\u00e4ngd.<\/li>\n<li>F\u00f6r\u00e4ldrarnas roll f\u00f6r en elevs fostran och utveckling kan inte nog betonas. Ett \u201dansvarskontrakt\u201d mellan elev, f\u00f6r\u00e4ldrar och skolpersonal \u00e4r en bra metod.<\/li>\n<li>F\u00f6rstag\u00e5ngsf\u00f6r\u00e4ldrar ska erbjudas en gratischeck till familjer\u00e5dgivningen.<\/li>\n<li>Familjer\u00e5dgivning ska vara tillg\u00e4nglig f\u00f6r alla \u2013 \u00e4ven som e-tj\u00e4nst och samtal ska erh\u00e5llas inom max fyra veckor.<\/li>\n<li>F\u00f6r\u00e4ldrar, som vill vara hemma med sina sm\u00e5 barn lite l\u00e4ngre ska f\u00e5 barnomsorgspeng f\u00f6r omsorg om egna barn i hemmet. Barnomsorgspengen, ska g\u00e4lla barn 1\u20133 \u00e5r, uppg\u00e5 till 6 000 kronor per barn och m\u00e5nad, r\u00e4knas som inkomst och vara pensionsgrundande<\/li>\n<li>Ett brett spektrum av utbildningar p\u00e5 gymnasieniv\u00e5 ska erbjudas eleverna.<\/li>\n<li>Ett n\u00e4ra samarbete ska finnas mellan skolan och det lokala n\u00e4ringslivet.<\/li>\n<\/ul>\n<h1>Kultur, idrott och f\u00f6reningsliv f\u00f6r en meningsfull fritid<\/h1>\n<ul>\n<li>Edsviksomr\u00e5det \u00e4r en del av kommunens erbjudande inom bes\u00f6ksn\u00e4ringen. Detta omr\u00e5de kan g\u00f6ras \u00e4nnu mer attraktivt tillsammans med f\u00f6reningsliv, f\u00f6retagare och privatpersoner.<\/li>\n<li>Edsviksomr\u00e5det och fler naturomr\u00e5den och kommunens alla sj\u00f6ar och vattendrag ska utvecklas med b\u00e4ttre tillg\u00e4nglighet och st\u00f6rre m\u00f6jlighet f\u00f6r bad och rekreation.<\/li>\n<li>I en allt mer expansiv kommun beh\u00f6vs en ny kulturlokal f\u00f6r konserter, teater och dans.<\/li>\n<li>I takt med att Sollentuna v\u00e4xer ska vi bygga fler idrottshallar och komplettera simhallen med en varmvattenbass\u00e4ng.<\/li>\n<li>Fler hundrastplatser beh\u00f6vs i en v\u00e4xande kommun som ocks\u00e5 vill vara djurv\u00e4nlig.<\/li>\n<li>Samh\u00e4llsorienteringen f\u00f6r nyanl\u00e4nda ska vara tydlig med undervisning om svensk lagstiftning. Skadlig hederskultur ska motverkas. V\u00e4rderingar om j\u00e4mst\u00e4lldhet, individuellt ansvar samt sociala och etiska koder ska ing\u00e5 i obligatorisk undervisning.<\/li>\n<li>Kommunen ska uppmuntra och premiera f\u00f6reningar som aktivt f\u00e5r med nyanl\u00e4nda i sina verksamheter.<\/li>\n<\/ul>\n<h1><a name=\"_Toc493508577\"><\/a>Trygghet ska st\u00e4rkas i Sollentuna<\/h1>\n<ul>\n<li>Omr\u00e5despoliser ska finnas i alla v\u00e5ra kommundelar i en t\u00e4t samverkan med kommunen.<\/li>\n<li>Fler trygghetskameror ska s\u00e4ttas upp i utsatta milj\u00f6er. Otrygga utemilj\u00f6er ska byggas bort.<\/li>\n<li>Arbetet mot v\u00e5ld i n\u00e4ra relationer ska fortsatt vara h\u00f6gt prioriterat.<\/li>\n<li>Kommunen ska st\u00e4rka arbetet att uppt\u00e4cka och f\u00f6rebygga hedersrelaterade brott.<\/li>\n<li>Belysning ska vara bra, gr\u00f6na ytor ska vara st\u00e4dade, v\u00e4lh\u00e5llna och trygga.<\/li>\n<li>Kommunens ordningsf\u00f6reskrifter ska ses \u00f6ver f\u00f6r att reglera trygghet och trivsel i offentlig milj\u00f6. Exempelvis ska fyrverkeri endast f\u00f6rekomma vid s\u00e4rskilda tillf\u00e4llen.<\/li>\n<\/ul>\n<h1>Seniorer ska ses som en viktig tillg\u00e5ng<\/h1>\n<ul>\n<li>Samh\u00e4llets st\u00f6d till det friska \u00e5ldrandet m\u00f6jligg\u00f6rs av en aktiv fritid inom idrott, kultur och v\u00e4ntj\u00e4nster.<\/li>\n<li>St\u00e4rk tryggheten f\u00f6r \u00e4ldre genom att all personal som ska arbeta i en persons hem, ska presentera ett utdrag ur belastningsregistret.<\/li>\n<li>Trygghetsboenden ska prioriteras h\u00f6gt vid markanvisningar.<\/li>\n<li>Personer \u00f6ver 85 \u00e5r ska garanteras plats i ett s\u00e4rskilt boende n\u00e4r personen sj\u00e4lv bed\u00f6mer att behovet finns.<\/li>\n<li>En komplettering till Sollentuna simhall med en varmvattenbass\u00e4ng ska utredas.<\/li>\n<li>Kommunens konkreta v\u00e4rdighetsgarantier inom omsorgen ska marknadsf\u00f6ras b\u00e4ttre.<\/li>\n<\/ul>\n<h1>Sollentuna ska v\u00e4rna ett l\u00e5ngsiktigt h\u00e5llbart samh\u00e4lle<\/h1>\n<ul>\n<li>Sollentuna kommuns f\u00f6retagsv\u00e4nliga klimat ska v\u00e4rnas och utvecklas.<\/li>\n<li>Kommundelar ska planeras s\u00e5 att vi st\u00e4rker den sociala h\u00e5llbarheten. Vi ska v\u00e4xa med f\u00f6rnuft.<\/li>\n<li>Den ideella sektorns m\u00f6jlighet till arbetsintegrerande f\u00f6retagande och d\u00e5 s\u00e4rskilt som utf\u00f6rare av v\u00e4lf\u00e4rdstj\u00e4nster ska uppmuntras och st\u00f6djas.<\/li>\n<li>Pendelt\u00e5gstrafiken \u00e4r avg\u00f6rande f\u00f6r att sollentunaborna ska f\u00e5 sitt livspussel att g\u00e5 ihop. Skip-stoptrafiken ska avvecklas.<\/li>\n<li>Vid stadsplanering ska h\u00e4nsyn tas till omgivningens karakt\u00e4r. Sollentuna \u00e4r en blandning av flerbostadshus och villasamh\u00e4lle och i de senare ska endast ansvarsfull f\u00f6rt\u00e4tning till\u00e5tas.<\/li>\n<li>Kommunen ska arbeta f\u00f6r en \u00f6kad andel ekologiska och n\u00e4rproducerade livsmedel i m\u00e5ltidserbjudandet inom f\u00f6rskola, skola och \u00e4ldreomsorg.<\/li>\n<li>Fortsatt satsning p\u00e5 f\u00f6rnybara energik\u00e4llor som exempelvis solceller och vindkraftverk.<\/li>\n<li>Samverkan med Trafikverket ska bli mer offensiv f\u00f6r att kraftigt st\u00e4rka bullerskydden l\u00e4ngs med de v\u00e4gar Trafikverket ansvarar f\u00f6r. F\u00f6rebilder finns i \u00f6vriga Europa.<\/li>\n<li>Femte och sj\u00e4tte sp\u00e5ret p\u00e5 Ostkustbanan staten reserverat mark f\u00f6r, ska vi tillsammans med Trafikverket hitta alternativa l\u00f6sningar f\u00f6r som inte inkr\u00e4ktar p\u00e5 v\u00e5r centrala stadsplanering.<\/li>\n<\/ul>\n<p>&nbsp;<\/p>\n","protected":false},"excerpt":{"rendered":"<p>KD vill f\u00f6renkla och f\u00f6rb\u00e4ttra Din vardag &nbsp; KD vill verka f\u00f6r ett samh\u00e4lle som bygger p\u00e5 \u00f6kad frihet, gemenskap och socialt ansvarstagande. KD i Sollentuna vill vinna s\u00e5 stort v\u00e4ljarst\u00f6d att vi kan vara en stark part i ett politiskt majoritetssamarbete med andra allianspartier. KD s\u00e4tter familjens och barnens livsvillkor i centrum d\u00e4r <a class=\"read-more-link\" href=\"https:\/\/wp.kristdemokraterna.se\/sollentuna\/om-oss\/kommunpolitik-2010-2014\/\">mer<\/a><\/p>\n","protected":false},"author":41,"featured_media":0,"parent":38,"menu_order":2,"comment_status":"closed","ping_status":"closed","template":"","meta":{"_acf_changed":false,"footnotes":""},"class_list":["post-596","page","type-page","status-publish","hentry"],"acf":[],"yoast_head":"<!-- This site is optimized with the Yoast SEO plugin v27.3 - https:\/\/yoast.com\/product\/yoast-seo-wordpress\/ -->\n<title>Kommunpolitik sammanfattning av v\u00e5rt vall\u00f6fte 2018-2022 - Kristdemokraterna i Sollentuna<\/title>\n<meta name=\"robots\" content=\"index, follow, max-snippet:-1, max-image-preview:large, max-video-preview:-1\" \/>\n<link rel=\"canonical\" href=\"https:\/\/wp.kristdemokraterna.se\/sollentuna\/om-oss\/kommunpolitik-2010-2014\/\" \/>\n<meta property=\"og:locale\" content=\"sv_SE\" \/>\n<meta property=\"og:type\" content=\"article\" \/>\n<meta property=\"og:title\" content=\"Kommunpolitik sammanfattning av v\u00e5rt vall\u00f6fte 2018-2022 - Kristdemokraterna i Sollentuna\" \/>\n<meta property=\"og:description\" content=\"KD vill f\u00f6renkla och f\u00f6rb\u00e4ttra Din vardag &nbsp; KD vill verka f\u00f6r ett samh\u00e4lle som bygger p\u00e5 \u00f6kad frihet, gemenskap och socialt ansvarstagande. KD i Sollentuna vill vinna s\u00e5 stort v\u00e4ljarst\u00f6d att vi kan vara en stark part i ett politiskt majoritetssamarbete med andra allianspartier. KD s\u00e4tter familjens och barnens livsvillkor i centrum d\u00e4r mer\" \/>\n<meta property=\"og:url\" content=\"https:\/\/wp.kristdemokraterna.se\/sollentuna\/om-oss\/kommunpolitik-2010-2014\/\" \/>\n<meta property=\"og:site_name\" content=\"Kristdemokraterna i Sollentuna\" \/>\n<meta property=\"article:modified_time\" content=\"2021-05-31T10:09:38+00:00\" \/>\n<meta name=\"twitter:card\" content=\"summary_large_image\" \/>\n<meta name=\"twitter:label1\" content=\"Ber\u00e4knad l\u00e4stid\" \/>\n\t<meta name=\"twitter:data1\" content=\"4 minuter\" \/>\n<script type=\"application\/ld+json\" class=\"yoast-schema-graph\">{\"@context\":\"https:\\\/\\\/schema.org\",\"@graph\":[{\"@type\":\"WebPage\",\"@id\":\"https:\\\/\\\/wp.kristdemokraterna.se\\\/sollentuna\\\/om-oss\\\/kommunpolitik-2010-2014\\\/\",\"url\":\"https:\\\/\\\/wp.kristdemokraterna.se\\\/sollentuna\\\/om-oss\\\/kommunpolitik-2010-2014\\\/\",\"name\":\"Kommunpolitik sammanfattning av v\u00e5rt vall\u00f6fte 2018-2022 - Kristdemokraterna i Sollentuna\",\"isPartOf\":{\"@id\":\"https:\\\/\\\/wp.kristdemokraterna.se\\\/sollentuna\\\/#website\"},\"datePublished\":\"2014-06-28T12:39:01+00:00\",\"dateModified\":\"2021-05-31T10:09:38+00:00\",\"breadcrumb\":{\"@id\":\"https:\\\/\\\/wp.kristdemokraterna.se\\\/sollentuna\\\/om-oss\\\/kommunpolitik-2010-2014\\\/#breadcrumb\"},\"inLanguage\":\"sv-SE\",\"potentialAction\":[{\"@type\":\"ReadAction\",\"target\":[\"https:\\\/\\\/wp.kristdemokraterna.se\\\/sollentuna\\\/om-oss\\\/kommunpolitik-2010-2014\\\/\"]}]},{\"@type\":\"BreadcrumbList\",\"@id\":\"https:\\\/\\\/wp.kristdemokraterna.se\\\/sollentuna\\\/om-oss\\\/kommunpolitik-2010-2014\\\/#breadcrumb\",\"itemListElement\":[{\"@type\":\"ListItem\",\"position\":1,\"name\":\"Hem\",\"item\":\"https:\\\/\\\/wp.kristdemokraterna.se\\\/sollentuna\\\/\"},{\"@type\":\"ListItem\",\"position\":2,\"name\":\"V\u00e5r partiavdelning\",\"item\":\"https:\\\/\\\/wp.kristdemokraterna.se\\\/sollentuna\\\/om-oss\\\/\"},{\"@type\":\"ListItem\",\"position\":3,\"name\":\"Kommunpolitik sammanfattning av v\u00e5rt vall\u00f6fte 2018-2022\"}]},{\"@type\":\"WebSite\",\"@id\":\"https:\\\/\\\/wp.kristdemokraterna.se\\\/sollentuna\\\/#website\",\"url\":\"https:\\\/\\\/wp.kristdemokraterna.se\\\/sollentuna\\\/\",\"name\":\"Kristdemokraterna i Sollentuna\",\"description\":\"\",\"inLanguage\":\"sv-SE\"}]}<\/script>\n<!-- \/ Yoast SEO plugin. -->","yoast_head_json":{"title":"Kommunpolitik sammanfattning av v\u00e5rt vall\u00f6fte 2018-2022 - Kristdemokraterna i Sollentuna","robots":{"index":"index","follow":"follow","max-snippet":"max-snippet:-1","max-image-preview":"max-image-preview:large","max-video-preview":"max-video-preview:-1"},"canonical":"https:\/\/wp.kristdemokraterna.se\/sollentuna\/om-oss\/kommunpolitik-2010-2014\/","og_locale":"sv_SE","og_type":"article","og_title":"Kommunpolitik sammanfattning av v\u00e5rt vall\u00f6fte 2018-2022 - Kristdemokraterna i Sollentuna","og_description":"KD vill f\u00f6renkla och f\u00f6rb\u00e4ttra Din vardag &nbsp; KD vill verka f\u00f6r ett samh\u00e4lle som bygger p\u00e5 \u00f6kad frihet, gemenskap och socialt ansvarstagande. KD i Sollentuna vill vinna s\u00e5 stort v\u00e4ljarst\u00f6d att vi kan vara en stark part i ett politiskt majoritetssamarbete med andra allianspartier. KD s\u00e4tter familjens och barnens livsvillkor i centrum d\u00e4r mer","og_url":"https:\/\/wp.kristdemokraterna.se\/sollentuna\/om-oss\/kommunpolitik-2010-2014\/","og_site_name":"Kristdemokraterna i Sollentuna","article_modified_time":"2021-05-31T10:09:38+00:00","twitter_card":"summary_large_image","twitter_misc":{"Ber\u00e4knad l\u00e4stid":"4 minuter"},"schema":{"@context":"https:\/\/schema.org","@graph":[{"@type":"WebPage","@id":"https:\/\/wp.kristdemokraterna.se\/sollentuna\/om-oss\/kommunpolitik-2010-2014\/","url":"https:\/\/wp.kristdemokraterna.se\/sollentuna\/om-oss\/kommunpolitik-2010-2014\/","name":"Kommunpolitik sammanfattning av v\u00e5rt vall\u00f6fte 2018-2022 - Kristdemokraterna i Sollentuna","isPartOf":{"@id":"https:\/\/wp.kristdemokraterna.se\/sollentuna\/#website"},"datePublished":"2014-06-28T12:39:01+00:00","dateModified":"2021-05-31T10:09:38+00:00","breadcrumb":{"@id":"https:\/\/wp.kristdemokraterna.se\/sollentuna\/om-oss\/kommunpolitik-2010-2014\/#breadcrumb"},"inLanguage":"sv-SE","potentialAction":[{"@type":"ReadAction","target":["https:\/\/wp.kristdemokraterna.se\/sollentuna\/om-oss\/kommunpolitik-2010-2014\/"]}]},{"@type":"BreadcrumbList","@id":"https:\/\/wp.kristdemokraterna.se\/sollentuna\/om-oss\/kommunpolitik-2010-2014\/#breadcrumb","itemListElement":[{"@type":"ListItem","position":1,"name":"Hem","item":"https:\/\/wp.kristdemokraterna.se\/sollentuna\/"},{"@type":"ListItem","position":2,"name":"V\u00e5r partiavdelning","item":"https:\/\/wp.kristdemokraterna.se\/sollentuna\/om-oss\/"},{"@type":"ListItem","position":3,"name":"Kommunpolitik sammanfattning av v\u00e5rt vall\u00f6fte 2018-2022"}]},{"@type":"WebSite","@id":"https:\/\/wp.kristdemokraterna.se\/sollentuna\/#website","url":"https:\/\/wp.kristdemokraterna.se\/sollentuna\/","name":"Kristdemokraterna i Sollentuna","description":"","inLanguage":"sv-SE"}]}},"_links":{"self":[{"href":"https:\/\/wp.kristdemokraterna.se\/sollentuna\/wp-json\/wp\/v2\/pages\/596","targetHints":{"allow":["GET"]}}],"collection":[{"href":"https:\/\/wp.kristdemokraterna.se\/sollentuna\/wp-json\/wp\/v2\/pages"}],"about":[{"href":"https:\/\/wp.kristdemokraterna.se\/sollentuna\/wp-json\/wp\/v2\/types\/page"}],"author":[{"embeddable":true,"href":"https:\/\/wp.kristdemokraterna.se\/sollentuna\/wp-json\/wp\/v2\/users\/41"}],"replies":[{"embeddable":true,"href":"https:\/\/wp.kristdemokraterna.se\/sollentuna\/wp-json\/wp\/v2\/comments?post=596"}],"version-history":[{"count":3,"href":"https:\/\/wp.kristdemokraterna.se\/sollentuna\/wp-json\/wp\/v2\/pages\/596\/revisions"}],"predecessor-version":[{"id":1750,"href":"https:\/\/wp.kristdemokraterna.se\/sollentuna\/wp-json\/wp\/v2\/pages\/596\/revisions\/1750"}],"up":[{"embeddable":true,"href":"https:\/\/wp.kristdemokraterna.se\/sollentuna\/wp-json\/wp\/v2\/pages\/38"}],"wp:attachment":[{"href":"https:\/\/wp.kristdemokraterna.se\/sollentuna\/wp-json\/wp\/v2\/media?parent=596"}],"curies":[{"name":"wp","href":"https:\/\/api.w.org\/{rel}","templated":true}]}}