{"id":74,"date":"2013-02-07T14:15:45","date_gmt":"2013-02-07T13:15:45","guid":{"rendered":"http:\/\/wp.kristdemokraterna.se\/sollentuna\/?page_id=74"},"modified":"2025-03-31T16:04:54","modified_gmt":"2025-03-31T14:04:54","slug":"det-hander","status":"publish","type":"page","link":"https:\/\/wp.kristdemokraterna.se\/sollentuna\/det-hander\/","title":{"rendered":"Kalendarium"},"content":{"rendered":"<p><strong>Aktiviteter 2025<\/strong><\/p>\n<p><strong>Januari<\/strong><\/p>\n<p>20\u00a0 Styrelsem\u00f6te kl 18.00<\/p>\n<p>27 Team Sollentuna kl 18.00<\/p>\n<p><strong>Februari<\/strong><\/p>\n<p>10 Styrelsem\u00f6te kl 18.00<\/p>\n<p>17 \u00c5rsm\u00f6te kl 18.00<\/p>\n<p><strong>Mars<\/strong><\/p>\n<p>3 Styrelsem\u00f6te kl 18.00<\/p>\n<p>10 Team Sollentuna kl 18.00<\/p>\n<p>31 Styrelsem\u00f6te kl 18.00<\/p>\n<p><strong>April<\/strong><\/p>\n<p>7 Team Sollentuna kl 18.00<\/p>\n<p><strong>Maj<\/strong><\/p>\n<p>5 Styrelsem\u00f6te kl 18.00<\/p>\n<p>13 Team Sollentuna kl 18.00<\/p>\n<p><strong>Juni<\/strong><\/p>\n<p>2 Styrelsem\u00f6te kl 18.00<\/p>\n<p>9 Team Sollentuna kl 18.00<\/p>\n<p><strong>Juli<\/strong><\/p>\n<p><strong>Augusti<\/strong><\/p>\n<p>25 Styrelsem\u00f6te kl 18.00<\/p>\n<p><strong>September<\/strong><\/p>\n<p>1 Team Sollentuna kl 18.00<\/p>\n<p>22 Styrelsem\u00f6te kl 18.00<\/p>\n<p>29 Team Sollentuna kl 18.00<\/p>\n<p><strong>Oktober<\/strong><\/p>\n<p>13 Styrelsem\u00f6te kl 18.00<\/p>\n<p>20 Team Sollentuna kl 18.00<\/p>\n<p><strong>November<\/strong><\/p>\n<p>10 Styrelsem\u00f6te kl 18.00<\/p>\n<p>17 Team Sollentuna 18.00<\/p>\n<p><strong>December<\/strong><\/p>\n<p>1 Styrelsem\u00f6te 18.00<\/p>\n<p>8 Team Sollentuna 18.00<\/p>\n<p>&nbsp;<\/p>\n","protected":false},"excerpt":{"rendered":"<p>Aktiviteter 2025 Januari 20\u00a0 Styrelsem\u00f6te kl 18.00 27 Team Sollentuna kl 18.00 Februari 10 Styrelsem\u00f6te kl 18.00 17 \u00c5rsm\u00f6te kl 18.00 Mars 3 Styrelsem\u00f6te kl 18.00 10 Team Sollentuna kl 18.00 31 Styrelsem\u00f6te kl 18.00 April 7 Team Sollentuna kl 18.00 Maj 5 Styrelsem\u00f6te kl 18.00 13 Team Sollentuna kl 18.00 Juni 2 Styrelsem\u00f6te <a class=\"read-more-link\" href=\"https:\/\/wp.kristdemokraterna.se\/sollentuna\/det-hander\/\">mer<\/a><\/p>\n","protected":false},"author":41,"featured_media":0,"parent":0,"menu_order":5,"comment_status":"closed","ping_status":"closed","template":"","meta":{"_acf_changed":false,"footnotes":""},"class_list":["post-74","page","type-page","status-publish","hentry"],"acf":[],"yoast_head":"<!-- This site is optimized with the Yoast SEO plugin v27.4 - https:\/\/yoast.com\/product\/yoast-seo-wordpress\/ -->\n<title>Kalendarium - Kristdemokraterna i Sollentuna<\/title>\n<meta name=\"robots\" content=\"index, follow, max-snippet:-1, max-image-preview:large, max-video-preview:-1\" \/>\n<link rel=\"canonical\" href=\"https:\/\/wp.kristdemokraterna.se\/sollentuna\/det-hander\/\" \/>\n<meta property=\"og:locale\" content=\"sv_SE\" \/>\n<meta property=\"og:type\" content=\"article\" \/>\n<meta property=\"og:title\" content=\"Kalendarium - Kristdemokraterna i Sollentuna\" \/>\n<meta property=\"og:description\" content=\"Aktiviteter 2025 Januari 20\u00a0 Styrelsem\u00f6te kl 18.00 27 Team Sollentuna kl 18.00 Februari 10 Styrelsem\u00f6te kl 18.00 17 \u00c5rsm\u00f6te kl 18.00 Mars 3 Styrelsem\u00f6te kl 18.00 10 Team Sollentuna kl 18.00 31 Styrelsem\u00f6te kl 18.00 April 7 Team Sollentuna kl 18.00 Maj 5 Styrelsem\u00f6te kl 18.00 13 Team Sollentuna kl 18.00 Juni 2 Styrelsem\u00f6te mer\" \/>\n<meta property=\"og:url\" content=\"https:\/\/wp.kristdemokraterna.se\/sollentuna\/det-hander\/\" \/>\n<meta property=\"og:site_name\" content=\"Kristdemokraterna i Sollentuna\" \/>\n<meta property=\"article:modified_time\" content=\"2025-03-31T14:04:54+00:00\" \/>\n<meta name=\"twitter:card\" content=\"summary_large_image\" \/>\n<meta name=\"twitter:label1\" content=\"Ber\u00e4knad l\u00e4stid\" \/>\n\t<meta name=\"twitter:data1\" content=\"1 minut\" \/>\n<script type=\"application\/ld+json\" class=\"yoast-schema-graph\">{\"@context\":\"https:\\\/\\\/schema.org\",\"@graph\":[{\"@type\":\"WebPage\",\"@id\":\"https:\\\/\\\/wp.kristdemokraterna.se\\\/sollentuna\\\/det-hander\\\/\",\"url\":\"https:\\\/\\\/wp.kristdemokraterna.se\\\/sollentuna\\\/det-hander\\\/\",\"name\":\"Kalendarium - Kristdemokraterna i Sollentuna\",\"isPartOf\":{\"@id\":\"https:\\\/\\\/wp.kristdemokraterna.se\\\/sollentuna\\\/#website\"},\"datePublished\":\"2013-02-07T13:15:45+00:00\",\"dateModified\":\"2025-03-31T14:04:54+00:00\",\"breadcrumb\":{\"@id\":\"https:\\\/\\\/wp.kristdemokraterna.se\\\/sollentuna\\\/det-hander\\\/#breadcrumb\"},\"inLanguage\":\"sv-SE\",\"potentialAction\":[{\"@type\":\"ReadAction\",\"target\":[\"https:\\\/\\\/wp.kristdemokraterna.se\\\/sollentuna\\\/det-hander\\\/\"]}]},{\"@type\":\"BreadcrumbList\",\"@id\":\"https:\\\/\\\/wp.kristdemokraterna.se\\\/sollentuna\\\/det-hander\\\/#breadcrumb\",\"itemListElement\":[{\"@type\":\"ListItem\",\"position\":1,\"name\":\"Hem\",\"item\":\"https:\\\/\\\/wp.kristdemokraterna.se\\\/sollentuna\\\/\"},{\"@type\":\"ListItem\",\"position\":2,\"name\":\"Kalendarium\"}]},{\"@type\":\"WebSite\",\"@id\":\"https:\\\/\\\/wp.kristdemokraterna.se\\\/sollentuna\\\/#website\",\"url\":\"https:\\\/\\\/wp.kristdemokraterna.se\\\/sollentuna\\\/\",\"name\":\"Kristdemokraterna i Sollentuna\",\"description\":\"\",\"inLanguage\":\"sv-SE\"}]}<\/script>\n<!-- \/ Yoast SEO plugin. -->","yoast_head_json":{"title":"Kalendarium - Kristdemokraterna i Sollentuna","robots":{"index":"index","follow":"follow","max-snippet":"max-snippet:-1","max-image-preview":"max-image-preview:large","max-video-preview":"max-video-preview:-1"},"canonical":"https:\/\/wp.kristdemokraterna.se\/sollentuna\/det-hander\/","og_locale":"sv_SE","og_type":"article","og_title":"Kalendarium - Kristdemokraterna i Sollentuna","og_description":"Aktiviteter 2025 Januari 20\u00a0 Styrelsem\u00f6te kl 18.00 27 Team Sollentuna kl 18.00 Februari 10 Styrelsem\u00f6te kl 18.00 17 \u00c5rsm\u00f6te kl 18.00 Mars 3 Styrelsem\u00f6te kl 18.00 10 Team Sollentuna kl 18.00 31 Styrelsem\u00f6te kl 18.00 April 7 Team Sollentuna kl 18.00 Maj 5 Styrelsem\u00f6te kl 18.00 13 Team Sollentuna kl 18.00 Juni 2 Styrelsem\u00f6te mer","og_url":"https:\/\/wp.kristdemokraterna.se\/sollentuna\/det-hander\/","og_site_name":"Kristdemokraterna i Sollentuna","article_modified_time":"2025-03-31T14:04:54+00:00","twitter_card":"summary_large_image","twitter_misc":{"Ber\u00e4knad l\u00e4stid":"1 minut"},"schema":{"@context":"https:\/\/schema.org","@graph":[{"@type":"WebPage","@id":"https:\/\/wp.kristdemokraterna.se\/sollentuna\/det-hander\/","url":"https:\/\/wp.kristdemokraterna.se\/sollentuna\/det-hander\/","name":"Kalendarium - Kristdemokraterna i Sollentuna","isPartOf":{"@id":"https:\/\/wp.kristdemokraterna.se\/sollentuna\/#website"},"datePublished":"2013-02-07T13:15:45+00:00","dateModified":"2025-03-31T14:04:54+00:00","breadcrumb":{"@id":"https:\/\/wp.kristdemokraterna.se\/sollentuna\/det-hander\/#breadcrumb"},"inLanguage":"sv-SE","potentialAction":[{"@type":"ReadAction","target":["https:\/\/wp.kristdemokraterna.se\/sollentuna\/det-hander\/"]}]},{"@type":"BreadcrumbList","@id":"https:\/\/wp.kristdemokraterna.se\/sollentuna\/det-hander\/#breadcrumb","itemListElement":[{"@type":"ListItem","position":1,"name":"Hem","item":"https:\/\/wp.kristdemokraterna.se\/sollentuna\/"},{"@type":"ListItem","position":2,"name":"Kalendarium"}]},{"@type":"WebSite","@id":"https:\/\/wp.kristdemokraterna.se\/sollentuna\/#website","url":"https:\/\/wp.kristdemokraterna.se\/sollentuna\/","name":"Kristdemokraterna i Sollentuna","description":"","inLanguage":"sv-SE"}]}},"_links":{"self":[{"href":"https:\/\/wp.kristdemokraterna.se\/sollentuna\/wp-json\/wp\/v2\/pages\/74","targetHints":{"allow":["GET"]}}],"collection":[{"href":"https:\/\/wp.kristdemokraterna.se\/sollentuna\/wp-json\/wp\/v2\/pages"}],"about":[{"href":"https:\/\/wp.kristdemokraterna.se\/sollentuna\/wp-json\/wp\/v2\/types\/page"}],"author":[{"embeddable":true,"href":"https:\/\/wp.kristdemokraterna.se\/sollentuna\/wp-json\/wp\/v2\/users\/41"}],"replies":[{"embeddable":true,"href":"https:\/\/wp.kristdemokraterna.se\/sollentuna\/wp-json\/wp\/v2\/comments?post=74"}],"version-history":[{"count":165,"href":"https:\/\/wp.kristdemokraterna.se\/sollentuna\/wp-json\/wp\/v2\/pages\/74\/revisions"}],"predecessor-version":[{"id":1986,"href":"https:\/\/wp.kristdemokraterna.se\/sollentuna\/wp-json\/wp\/v2\/pages\/74\/revisions\/1986"}],"wp:attachment":[{"href":"https:\/\/wp.kristdemokraterna.se\/sollentuna\/wp-json\/wp\/v2\/media?parent=74"}],"curies":[{"name":"wp","href":"https:\/\/api.w.org\/{rel}","templated":true}]}}