{"id":775,"date":"2014-11-22T15:38:20","date_gmt":"2014-11-22T14:38:20","guid":{"rendered":"http:\/\/wp.kristdemokraterna.se\/sollentuna\/?page_id=775"},"modified":"2022-08-23T15:11:47","modified_gmt":"2022-08-23T13:11:47","slug":"valsedel-2014","status":"publish","type":"page","link":"https:\/\/wp.kristdemokraterna.se\/sollentuna\/om-oss\/valsedel-2014\/","title":{"rendered":"Valsedel 2022"},"content":{"rendered":"<p><strong>Kristdemokraternas valsedel i valet till kommunfullm\u00e4ktige 2022<\/strong><\/p>\n<p><a href=\"http:\/\/wp.kristdemokraterna.se\/sollentuna\/files\/2022\/08\/thomasnyman_3990_15cm_300dpi.jpg\"><img loading=\"lazy\" decoding=\"async\" class=\"wp-image-1872 size-thumbnail alignleft\" title=\"Magnus Ramstrand\" src=\"http:\/\/wp.kristdemokraterna.se\/sollentuna\/files\/2022\/08\/thomasnyman_3990_15cm_300dpi-150x150.jpg\" alt=\"\" width=\"150\" height=\"150\" srcset=\"https:\/\/wp.kristdemokraterna.se\/sollentuna\/files\/2022\/08\/thomasnyman_3990_15cm_300dpi-150x150.jpg 150w, https:\/\/wp.kristdemokraterna.se\/sollentuna\/files\/2022\/08\/thomasnyman_3990_15cm_300dpi-90x90.jpg 90w\" sizes=\"auto, (max-width: 150px) 100vw, 150px\" \/><\/a><\/p>\n<p>1 <strong>Thomas Nyman<\/strong>, kommunalr\u00e5d, T\u00f6jnan<\/p>\n<p>&nbsp;<\/p>\n<p>&nbsp;<\/p>\n<p>&nbsp;<\/p>\n<p>&nbsp;<\/p>\n<p><a href=\"http:\/\/wp.kristdemokraterna.se\/sollentuna\/files\/2022\/08\/toweireblad_4289_15cm_300dpi.jpg\"><img loading=\"lazy\" decoding=\"async\" class=\"wp-image-1874 size-thumbnail alignleft\" src=\"http:\/\/wp.kristdemokraterna.se\/sollentuna\/files\/2022\/08\/toweireblad_4289_15cm_300dpi-150x150.jpg\" alt=\"\" width=\"150\" height=\"150\" srcset=\"https:\/\/wp.kristdemokraterna.se\/sollentuna\/files\/2022\/08\/toweireblad_4289_15cm_300dpi-150x150.jpg 150w, https:\/\/wp.kristdemokraterna.se\/sollentuna\/files\/2022\/08\/toweireblad_4289_15cm_300dpi-90x90.jpg 90w\" sizes=\"auto, (max-width: 150px) 100vw, 150px\" \/><\/a><\/p>\n<p><strong>2<\/strong> <strong>Towe Ireblad,<\/strong> civilingenj\u00f6r\/milj\u00f6konsult, Sj\u00f6berg<\/p>\n<p>&nbsp;<\/p>\n<p>&nbsp;<\/p>\n<p>&nbsp;<\/p>\n<p>&nbsp;<\/p>\n<p><a href=\"http:\/\/wp.kristdemokraterna.se\/sollentuna\/files\/2022\/08\/erikelvero_4381_15cm_300dpi.jpg\"><img loading=\"lazy\" decoding=\"async\" class=\"size-thumbnail wp-image-1875 alignleft\" src=\"http:\/\/wp.kristdemokraterna.se\/sollentuna\/files\/2022\/08\/erikelvero_4381_15cm_300dpi-150x150.jpg\" alt=\"\" width=\"150\" height=\"150\" srcset=\"https:\/\/wp.kristdemokraterna.se\/sollentuna\/files\/2022\/08\/erikelvero_4381_15cm_300dpi-150x150.jpg 150w, https:\/\/wp.kristdemokraterna.se\/sollentuna\/files\/2022\/08\/erikelvero_4381_15cm_300dpi-90x90.jpg 90w\" sizes=\"auto, (max-width: 150px) 100vw, 150px\" \/><\/a><\/p>\n<p><strong>3 Erik Elver\u00f6,\u00a0<\/strong>statsvetare, Tureberg<\/p>\n<p>&nbsp;<\/p>\n<p>&nbsp;<\/p>\n<p>&nbsp;<\/p>\n<p>&nbsp;<\/p>\n<p><strong><a href=\"http:\/\/wp.kristdemokraterna.se\/sollentuna\/files\/2022\/08\/carlosromero_4311_15cm_300dpi.jpg\"><img loading=\"lazy\" decoding=\"async\" class=\"size-thumbnail wp-image-1873 alignleft\" src=\"http:\/\/wp.kristdemokraterna.se\/sollentuna\/files\/2022\/08\/carlosromero_4311_15cm_300dpi-150x150.jpg\" alt=\"\" width=\"150\" height=\"150\" srcset=\"https:\/\/wp.kristdemokraterna.se\/sollentuna\/files\/2022\/08\/carlosromero_4311_15cm_300dpi-150x150.jpg 150w, https:\/\/wp.kristdemokraterna.se\/sollentuna\/files\/2022\/08\/carlosromero_4311_15cm_300dpi-90x90.jpg 90w\" sizes=\"auto, (max-width: 150px) 100vw, 150px\" \/><\/a><\/strong><\/p>\n<p><strong>4<\/strong> <strong>Carlos Romero<\/strong>, IT-konsult, H\u00e4ggvik<\/p>\n<p>&nbsp;<\/p>\n<p>&nbsp;<\/p>\n<p>&nbsp;<\/p>\n<p>&nbsp;<\/p>\n<p><strong><a href=\"http:\/\/wp.kristdemokraterna.se\/sollentuna\/files\/2022\/08\/angelika-lang-1-scaled.jpg\"><img loading=\"lazy\" decoding=\"async\" class=\"size-thumbnail wp-image-1876 alignleft\" src=\"http:\/\/wp.kristdemokraterna.se\/sollentuna\/files\/2022\/08\/angelika-lang-1-150x150.jpg\" alt=\"\" width=\"150\" height=\"150\" srcset=\"https:\/\/wp.kristdemokraterna.se\/sollentuna\/files\/2022\/08\/angelika-lang-1-150x150.jpg 150w, https:\/\/wp.kristdemokraterna.se\/sollentuna\/files\/2022\/08\/angelika-lang-1-90x90.jpg 90w\" sizes=\"auto, (max-width: 150px) 100vw, 150px\" \/><\/a>5 Angelika Lang<\/strong>, ombudsman, Edsviken<\/p>\n<p>&nbsp;<\/p>\n<p>&nbsp;<\/p>\n<p>&nbsp;<\/p>\n<p>&nbsp;<\/p>\n<p><strong>6 Seppo Karmitsa<\/strong>, f\u00f6retagare, T\u00f6rnskogen<\/p>\n<p><strong>7 Bo Hansson<\/strong>, egenf\u00f6retagare, Rotebro<\/p>\n<p>8 <strong>Peter Kilander<\/strong>, ingenj\u00f6r, Tureberg<\/p>\n<p>9 <strong>Gunnar Lunnerg\u00e5rd<\/strong>, planarkitekt, H\u00e4ggvik<\/p>\n<p>10 <strong>Filippa Xanthos<\/strong>, socionom, Rotsunda<\/p>\n<p>11 <strong>Jan Fjellstedt<\/strong>, politiskt sakkunnig, H\u00e4ggvik<\/p>\n<p>12 <strong>Christina Sternerup<\/strong>, kommunikat\u00f6r, Sj\u00f6berg<\/p>\n<p>13 <strong>Rikhard Saarenp\u00e4\u00e4,<\/strong> platschef, Edsberg<\/p>\n<p>14 <strong>Christian Duvell<\/strong>, civilingenj\u00f6r, Rotebro<\/p>\n<p>15<strong> Stephanie Holmlund, <\/strong>studerande, Nytorp<\/p>\n<p>16 <strong>Magnus Ramstrand<\/strong>, f.d. kommunalr\u00e5d, Rotebro<\/p>\n<p>17<strong> Jakob Forssmed<\/strong>, riksdagsledamot, Tureberg<\/p>\n<p>18 <b>Susanna Klang,<\/b> barnsjuksk\u00f6terska, Norrviken<\/p>\n<p>19 <strong>Bert Christiansson<\/strong>, senior advisor, Edsberg<\/p>\n<p>20<strong> Iris Yousefi<\/strong>, statsvetare, H\u00e4ggvik<\/p>\n<p>21 <strong>Niclas Larsered,<\/strong> entrepren\u00f6r, V\u00e4sj\u00f6n<\/p>\n<p>22 <strong>Amal Karam<\/strong>, jurist\/socionom, Rotebro<\/p>\n<p>23<strong> Johan Leo,<\/strong> f\u00f6retagare, Viby<\/p>\n<p>24 <strong>Sandra Udd<\/strong>, ekonom, Edsberg<\/p>\n<p>25 <strong>Robin Nilsson Boij<\/strong>, politisk sekreterare, Edsviken<\/p>\n<p>26 <strong>Jonas Hedman<\/strong>, marknadsf\u00f6ringskonsult, Norrviken<\/p>\n<p>27 <strong>Eva Ireblad<\/strong>, specialpedagog, Edsbacka<\/p>\n<p>28 <strong>Anders B Lundberg<\/strong>, civilingenj\u00f6r, T\u00f6jnan<\/p>\n<p>29 <b>Karin Lindell,<\/b> f.d. sjuksk\u00f6terska, Helenelund<\/p>\n<p>30 <strong>Jan Better<\/strong>, pol mag, H\u00e4ggvik<\/p>\n<p>31 <strong>Martha Duvell<\/strong>, pension\u00e4r, Silverdal<\/p>\n<p>32 <strong>B\u00f6rje Duvell<\/strong>, f.d. ambassadr\u00e5d, Silverdal<\/p>\n<p>33 <b>Olof Ireblad,<\/b> f\u00f6retagare, Edsbacka<\/p>\n<p>34 <b>Lars J\u00e4gerskog<\/b>, gymnasiel\u00e4rare, Norrviken<\/p>\n<p>35 <b>Thomas Sehlan<\/b>, projektledare, F\u00e5gels\u00e5ngen<\/p>\n<p>35\u00a0<strong>Ragnar St\u00e5hle,\u00a0<\/strong>adjunkt, H\u00e4ggvik<\/p>\n<p>36\u00a0<strong>Sonia Lunnerg\u00e5rd,\u00a0<\/strong>KD seniorf\u00f6rbund, H\u00e4ggvik<\/p>\n<p>&nbsp;<\/p>\n","protected":false},"excerpt":{"rendered":"<p>Kristdemokraternas valsedel i valet till kommunfullm\u00e4ktige 2022 1 Thomas Nyman, kommunalr\u00e5d, T\u00f6jnan &nbsp; &nbsp; &nbsp; &nbsp; 2 Towe Ireblad, civilingenj\u00f6r\/milj\u00f6konsult, Sj\u00f6berg &nbsp; &nbsp; &nbsp; &nbsp; 3 Erik Elver\u00f6,\u00a0statsvetare, Tureberg &nbsp; &nbsp; &nbsp; &nbsp; 4 Carlos Romero, IT-konsult, H\u00e4ggvik &nbsp; &nbsp; &nbsp; &nbsp; 5 Angelika Lang, ombudsman, Edsviken &nbsp; &nbsp; &nbsp; &nbsp; 6 Seppo Karmitsa, <a class=\"read-more-link\" href=\"https:\/\/wp.kristdemokraterna.se\/sollentuna\/om-oss\/valsedel-2014\/\">mer<\/a><\/p>\n","protected":false},"author":41,"featured_media":0,"parent":38,"menu_order":0,"comment_status":"closed","ping_status":"closed","template":"","meta":{"_acf_changed":false,"footnotes":""},"class_list":["post-775","page","type-page","status-publish","hentry"],"acf":[],"yoast_head":"<!-- This site is optimized with the Yoast SEO plugin v27.4 - https:\/\/yoast.com\/product\/yoast-seo-wordpress\/ -->\n<title>Valsedel 2022 - Kristdemokraterna i Sollentuna<\/title>\n<meta name=\"robots\" content=\"index, follow, max-snippet:-1, max-image-preview:large, max-video-preview:-1\" \/>\n<link rel=\"canonical\" href=\"https:\/\/wp.kristdemokraterna.se\/sollentuna\/om-oss\/valsedel-2014\/\" \/>\n<meta property=\"og:locale\" content=\"sv_SE\" \/>\n<meta property=\"og:type\" content=\"article\" \/>\n<meta property=\"og:title\" content=\"Valsedel 2022 - Kristdemokraterna i Sollentuna\" \/>\n<meta property=\"og:description\" content=\"Kristdemokraternas valsedel i valet till kommunfullm\u00e4ktige 2022 1 Thomas Nyman, kommunalr\u00e5d, T\u00f6jnan &nbsp; &nbsp; &nbsp; &nbsp; 2 Towe Ireblad, civilingenj\u00f6r\/milj\u00f6konsult, Sj\u00f6berg &nbsp; &nbsp; &nbsp; &nbsp; 3 Erik Elver\u00f6,\u00a0statsvetare, Tureberg &nbsp; &nbsp; &nbsp; &nbsp; 4 Carlos Romero, IT-konsult, H\u00e4ggvik &nbsp; &nbsp; &nbsp; &nbsp; 5 Angelika Lang, ombudsman, Edsviken &nbsp; &nbsp; &nbsp; &nbsp; 6 Seppo Karmitsa, mer\" \/>\n<meta property=\"og:url\" content=\"https:\/\/wp.kristdemokraterna.se\/sollentuna\/om-oss\/valsedel-2014\/\" \/>\n<meta property=\"og:site_name\" content=\"Kristdemokraterna i Sollentuna\" \/>\n<meta property=\"article:modified_time\" content=\"2022-08-23T13:11:47+00:00\" \/>\n<meta property=\"og:image\" content=\"http:\/\/wp.kristdemokraterna.se\/sollentuna\/files\/2022\/08\/thomasnyman_3990_15cm_300dpi-150x150.jpg\" \/>\n<meta name=\"twitter:card\" content=\"summary_large_image\" \/>\n<meta name=\"twitter:label1\" content=\"Ber\u00e4knad l\u00e4stid\" \/>\n\t<meta name=\"twitter:data1\" content=\"3 minuter\" \/>\n<script type=\"application\/ld+json\" class=\"yoast-schema-graph\">{\"@context\":\"https:\\\/\\\/schema.org\",\"@graph\":[{\"@type\":\"WebPage\",\"@id\":\"https:\\\/\\\/wp.kristdemokraterna.se\\\/sollentuna\\\/om-oss\\\/valsedel-2014\\\/\",\"url\":\"https:\\\/\\\/wp.kristdemokraterna.se\\\/sollentuna\\\/om-oss\\\/valsedel-2014\\\/\",\"name\":\"Valsedel 2022 - Kristdemokraterna i Sollentuna\",\"isPartOf\":{\"@id\":\"https:\\\/\\\/wp.kristdemokraterna.se\\\/sollentuna\\\/#website\"},\"primaryImageOfPage\":{\"@id\":\"https:\\\/\\\/wp.kristdemokraterna.se\\\/sollentuna\\\/om-oss\\\/valsedel-2014\\\/#primaryimage\"},\"image\":{\"@id\":\"https:\\\/\\\/wp.kristdemokraterna.se\\\/sollentuna\\\/om-oss\\\/valsedel-2014\\\/#primaryimage\"},\"thumbnailUrl\":\"http:\\\/\\\/wp.kristdemokraterna.se\\\/sollentuna\\\/files\\\/2022\\\/08\\\/thomasnyman_3990_15cm_300dpi-150x150.jpg\",\"datePublished\":\"2014-11-22T14:38:20+00:00\",\"dateModified\":\"2022-08-23T13:11:47+00:00\",\"breadcrumb\":{\"@id\":\"https:\\\/\\\/wp.kristdemokraterna.se\\\/sollentuna\\\/om-oss\\\/valsedel-2014\\\/#breadcrumb\"},\"inLanguage\":\"sv-SE\",\"potentialAction\":[{\"@type\":\"ReadAction\",\"target\":[\"https:\\\/\\\/wp.kristdemokraterna.se\\\/sollentuna\\\/om-oss\\\/valsedel-2014\\\/\"]}]},{\"@type\":\"ImageObject\",\"inLanguage\":\"sv-SE\",\"@id\":\"https:\\\/\\\/wp.kristdemokraterna.se\\\/sollentuna\\\/om-oss\\\/valsedel-2014\\\/#primaryimage\",\"url\":\"http:\\\/\\\/wp.kristdemokraterna.se\\\/sollentuna\\\/files\\\/2022\\\/08\\\/thomasnyman_3990_15cm_300dpi-150x150.jpg\",\"contentUrl\":\"http:\\\/\\\/wp.kristdemokraterna.se\\\/sollentuna\\\/files\\\/2022\\\/08\\\/thomasnyman_3990_15cm_300dpi-150x150.jpg\"},{\"@type\":\"BreadcrumbList\",\"@id\":\"https:\\\/\\\/wp.kristdemokraterna.se\\\/sollentuna\\\/om-oss\\\/valsedel-2014\\\/#breadcrumb\",\"itemListElement\":[{\"@type\":\"ListItem\",\"position\":1,\"name\":\"Hem\",\"item\":\"https:\\\/\\\/wp.kristdemokraterna.se\\\/sollentuna\\\/\"},{\"@type\":\"ListItem\",\"position\":2,\"name\":\"V\u00e5r partiavdelning\",\"item\":\"https:\\\/\\\/wp.kristdemokraterna.se\\\/sollentuna\\\/om-oss\\\/\"},{\"@type\":\"ListItem\",\"position\":3,\"name\":\"Valsedel 2022\"}]},{\"@type\":\"WebSite\",\"@id\":\"https:\\\/\\\/wp.kristdemokraterna.se\\\/sollentuna\\\/#website\",\"url\":\"https:\\\/\\\/wp.kristdemokraterna.se\\\/sollentuna\\\/\",\"name\":\"Kristdemokraterna i Sollentuna\",\"description\":\"\",\"inLanguage\":\"sv-SE\"}]}<\/script>\n<!-- \/ Yoast SEO plugin. -->","yoast_head_json":{"title":"Valsedel 2022 - Kristdemokraterna i Sollentuna","robots":{"index":"index","follow":"follow","max-snippet":"max-snippet:-1","max-image-preview":"max-image-preview:large","max-video-preview":"max-video-preview:-1"},"canonical":"https:\/\/wp.kristdemokraterna.se\/sollentuna\/om-oss\/valsedel-2014\/","og_locale":"sv_SE","og_type":"article","og_title":"Valsedel 2022 - Kristdemokraterna i Sollentuna","og_description":"Kristdemokraternas valsedel i valet till kommunfullm\u00e4ktige 2022 1 Thomas Nyman, kommunalr\u00e5d, T\u00f6jnan &nbsp; &nbsp; &nbsp; &nbsp; 2 Towe Ireblad, civilingenj\u00f6r\/milj\u00f6konsult, Sj\u00f6berg &nbsp; &nbsp; &nbsp; &nbsp; 3 Erik Elver\u00f6,\u00a0statsvetare, Tureberg &nbsp; &nbsp; &nbsp; &nbsp; 4 Carlos Romero, IT-konsult, H\u00e4ggvik &nbsp; &nbsp; &nbsp; &nbsp; 5 Angelika Lang, ombudsman, Edsviken &nbsp; &nbsp; &nbsp; &nbsp; 6 Seppo Karmitsa, mer","og_url":"https:\/\/wp.kristdemokraterna.se\/sollentuna\/om-oss\/valsedel-2014\/","og_site_name":"Kristdemokraterna i Sollentuna","article_modified_time":"2022-08-23T13:11:47+00:00","og_image":[{"url":"http:\/\/wp.kristdemokraterna.se\/sollentuna\/files\/2022\/08\/thomasnyman_3990_15cm_300dpi-150x150.jpg","type":"","width":"","height":""}],"twitter_card":"summary_large_image","twitter_misc":{"Ber\u00e4knad l\u00e4stid":"3 minuter"},"schema":{"@context":"https:\/\/schema.org","@graph":[{"@type":"WebPage","@id":"https:\/\/wp.kristdemokraterna.se\/sollentuna\/om-oss\/valsedel-2014\/","url":"https:\/\/wp.kristdemokraterna.se\/sollentuna\/om-oss\/valsedel-2014\/","name":"Valsedel 2022 - Kristdemokraterna i Sollentuna","isPartOf":{"@id":"https:\/\/wp.kristdemokraterna.se\/sollentuna\/#website"},"primaryImageOfPage":{"@id":"https:\/\/wp.kristdemokraterna.se\/sollentuna\/om-oss\/valsedel-2014\/#primaryimage"},"image":{"@id":"https:\/\/wp.kristdemokraterna.se\/sollentuna\/om-oss\/valsedel-2014\/#primaryimage"},"thumbnailUrl":"http:\/\/wp.kristdemokraterna.se\/sollentuna\/files\/2022\/08\/thomasnyman_3990_15cm_300dpi-150x150.jpg","datePublished":"2014-11-22T14:38:20+00:00","dateModified":"2022-08-23T13:11:47+00:00","breadcrumb":{"@id":"https:\/\/wp.kristdemokraterna.se\/sollentuna\/om-oss\/valsedel-2014\/#breadcrumb"},"inLanguage":"sv-SE","potentialAction":[{"@type":"ReadAction","target":["https:\/\/wp.kristdemokraterna.se\/sollentuna\/om-oss\/valsedel-2014\/"]}]},{"@type":"ImageObject","inLanguage":"sv-SE","@id":"https:\/\/wp.kristdemokraterna.se\/sollentuna\/om-oss\/valsedel-2014\/#primaryimage","url":"http:\/\/wp.kristdemokraterna.se\/sollentuna\/files\/2022\/08\/thomasnyman_3990_15cm_300dpi-150x150.jpg","contentUrl":"http:\/\/wp.kristdemokraterna.se\/sollentuna\/files\/2022\/08\/thomasnyman_3990_15cm_300dpi-150x150.jpg"},{"@type":"BreadcrumbList","@id":"https:\/\/wp.kristdemokraterna.se\/sollentuna\/om-oss\/valsedel-2014\/#breadcrumb","itemListElement":[{"@type":"ListItem","position":1,"name":"Hem","item":"https:\/\/wp.kristdemokraterna.se\/sollentuna\/"},{"@type":"ListItem","position":2,"name":"V\u00e5r partiavdelning","item":"https:\/\/wp.kristdemokraterna.se\/sollentuna\/om-oss\/"},{"@type":"ListItem","position":3,"name":"Valsedel 2022"}]},{"@type":"WebSite","@id":"https:\/\/wp.kristdemokraterna.se\/sollentuna\/#website","url":"https:\/\/wp.kristdemokraterna.se\/sollentuna\/","name":"Kristdemokraterna i Sollentuna","description":"","inLanguage":"sv-SE"}]}},"_links":{"self":[{"href":"https:\/\/wp.kristdemokraterna.se\/sollentuna\/wp-json\/wp\/v2\/pages\/775","targetHints":{"allow":["GET"]}}],"collection":[{"href":"https:\/\/wp.kristdemokraterna.se\/sollentuna\/wp-json\/wp\/v2\/pages"}],"about":[{"href":"https:\/\/wp.kristdemokraterna.se\/sollentuna\/wp-json\/wp\/v2\/types\/page"}],"author":[{"embeddable":true,"href":"https:\/\/wp.kristdemokraterna.se\/sollentuna\/wp-json\/wp\/v2\/users\/41"}],"replies":[{"embeddable":true,"href":"https:\/\/wp.kristdemokraterna.se\/sollentuna\/wp-json\/wp\/v2\/comments?post=775"}],"version-history":[{"count":7,"href":"https:\/\/wp.kristdemokraterna.se\/sollentuna\/wp-json\/wp\/v2\/pages\/775\/revisions"}],"predecessor-version":[{"id":1877,"href":"https:\/\/wp.kristdemokraterna.se\/sollentuna\/wp-json\/wp\/v2\/pages\/775\/revisions\/1877"}],"up":[{"embeddable":true,"href":"https:\/\/wp.kristdemokraterna.se\/sollentuna\/wp-json\/wp\/v2\/pages\/38"}],"wp:attachment":[{"href":"https:\/\/wp.kristdemokraterna.se\/sollentuna\/wp-json\/wp\/v2\/media?parent=775"}],"curies":[{"name":"wp","href":"https:\/\/api.w.org\/{rel}","templated":true}]}}