{"id":1679,"date":"2020-09-24T15:15:14","date_gmt":"2020-09-24T13:15:14","guid":{"rendered":"http:\/\/wp.kristdemokraterna.se\/solna\/?page_id=1679"},"modified":"2025-10-08T13:57:17","modified_gmt":"2025-10-08T11:57:17","slug":"kalendarie","status":"publish","type":"page","link":"https:\/\/wp.kristdemokraterna.se\/solna\/textsida-med-vanster-sidebar\/kalendarie\/","title":{"rendered":"Kalendarium"},"content":{"rendered":"<p>P\u00e5 g\u00e5ng i Solna:<\/p>\n<p>2025<\/p>\n<ul type=\"disc\">\n<li class=\"x_MsoNormal\"><span style=\"color: #999999\">13 februari &#8211; KPAG<\/span><\/li>\n<li><span style=\"color: #999999\">15 februari &#8211; KD Solna \u00e5rsm\u00f6te<\/span><\/li>\n<li><span style=\"color: #999999\">5 mars &#8211; AW med Ebba Busch<\/span><\/li>\n<li class=\"x_MsoNormal\"><span style=\"color: #999999\">13 mars &#8211; KPAG<\/span><\/li>\n<li><span style=\"color: #999999\">29 mars &#8211; PD\u00c5<\/span><\/li>\n<li class=\"x_MsoNormal\"><span style=\"color: #999999\">3 april &#8211; KPAG<\/span><\/li>\n<li><span style=\"color: #999999\">4-5 april &#8211; KD-dagarna, Karlstad<\/span><\/li>\n<li><span style=\"color: #999999\">30 april &#8211; Valborgskampanj p\u00e5 Skytteholmsf\u00e4ltet<\/span><\/li>\n<li class=\"x_MsoNormal\"><span style=\"color: #999999\">5 maj &#8211; KPAG<\/span><\/li>\n<li><span style=\"color: #999999\">23 maj &#8211; AW med KD Solna<\/span><\/li>\n<li class=\"x_MsoNormal\"><span style=\"color: #999999\">29 maj &#8211; KPAG<\/span><\/li>\n<li><span style=\"color: #999999\">5 juni &#8211; Sommaravslutning med KD Solna, Hagalund<\/span><\/li>\n<li class=\"x_MsoNormal\"><span style=\"color: #999999\">12 juni &#8211; KPAG<\/span><\/li>\n<li><span style=\"color: #999999\">28 juni &#8211; Tirganfestivalen med KD Solna, Huvudstaf\u00e4ltet<\/span><\/li>\n<li class=\"x_MsoNormal\"><span style=\"color: #999999\">14 augusti &#8211; KPAG<\/span><\/li>\n<li><span style=\"color: #999999\">30 augusti &#8211; Familjedag med KD Solna, Skytteholm<\/span><\/li>\n<li class=\"x_MsoNormal\"><span style=\"color: #999999\"><del>10 september &#8211; KPAG<\/del> 8 september KPAG och talarkv\u00e4ll<\/span><\/li>\n<li><span style=\"color: #999999\">13 september &#8211; Riks Kick-off inf\u00f6r valet<\/span><\/li>\n<li><span style=\"color: #999999\">20 september &#8211; Skr\u00e4pplockardag med KD Solna<\/span><\/li>\n<li><span style=\"color: #999999\">26 september &#8211; AW med KD Solna<\/span><\/li>\n<li class=\"x_MsoNormal\"><span style=\"color: #999999\">6 oktober &#8211; KPAG<\/span><\/li>\n<li>11 oktober &#8211; KD Solna Kick-off inf\u00f6r valet, Solna Stadshus<\/li>\n<li>15 oktober &#8211; Talarkv\u00e4ll med Solnaoppositionen<\/li>\n<li>18 oktober &#8211; Partidistrikt: nomineringsst\u00e4mma<\/li>\n<li>31 oktober &#8211; AW med KD Solna<\/li>\n<li class=\"x_MsoNormal\">5 november &#8211; KPAG<\/li>\n<li class=\"x_MsoNormal\">27 november &#8211; KPAG<\/li>\n<li>28 november &#8211; AW med KD Solna<\/li>\n<li class=\"x_MsoNormal\">11 december &#8211; KPAG<\/li>\n<\/ul>\n<p>&nbsp;<\/p>\n<div class=\"copy-paste-block\">\n<p><span style=\"color: #808080\">2024<\/span><\/p>\n<ul>\n<li><span style=\"color: #808080\">27 januari 2024 \u2013 nationell utbildningsdag f\u00f6r f\u00f6rtroendevalda<\/span><\/li>\n<li><span style=\"color: #808080\">30 januari \u2013 KPAG<\/span><\/li>\n<li><span style=\"color: #808080\">15 februari \u2013 Politisk kv\u00e4ll och AW<\/span><\/li>\n<li><span style=\"color: #808080\">17 februari \u2013 KD Solna \u00e5rsm\u00f6te<\/span><\/li>\n<li><span style=\"color: #808080\">5 mars \u2013 KPAG<\/span><\/li>\n<li><span style=\"color: #808080\">6 mars \u2013 Politisk kv\u00e4ll och AW<\/span><\/li>\n<li><span style=\"color: #808080\">12 mars &#8211; Talarkv\u00e4ll med Solnaoppositionen<\/span><\/li>\n<li><span style=\"color: #808080\">16 mars &#8211; Partidistrikts\u00e5rsm\u00f6te<\/span><\/li>\n<li><span style=\"color: #808080\">10 april \u2013 KPAG<\/span><\/li>\n<li><span style=\"color: #808080\">13 april \u2013 KD Solna EU val-kick-off (utbildning politik + kampanj)<\/span><\/li>\n<li><span style=\"color: #808080\">3-4 maj \u2013 KD dagar<\/span><\/li>\n<li><span style=\"color: #808080\">7 maj \u2013 KPAG<\/span><\/li>\n<li><span style=\"color: #808080\">14 maj \u2013 EP-valpepp 18:00 (digital)<\/span><\/li>\n<li><span style=\"color: #808080\">22 maj \u2013 Partiledardebatt EP-val<\/span><\/li>\n<li><span style=\"color: #808080\">25 maj &#8211; Familjedag i Fr\u00f6sunda<\/span><\/li>\n<li><span style=\"color: #808080\">30 maj \u2013 Politisk kv\u00e4ll och AW<\/span><\/li>\n<li><span style=\"color: #808080\">9 juni \u2013 EP-valdag + valvaka<\/span><\/li>\n<li><span style=\"color: #808080\">25-29 juni &#8211; Almedalsveckan<\/span><\/li>\n<li><span style=\"color: #808080\">13 juni \u2013 KPAG<\/span><\/li>\n<li><span style=\"color: #808080\">7 augusti \u2013 nationell kickoff<\/span><\/li>\n<li><span style=\"color: #808080\">15 augusti \u2013 KPAG<\/span><\/li>\n<li><span style=\"color: #808080\">31 augusti &#8211; Hagalundsdagen<\/span><\/li>\n<li><span style=\"color: #808080\">11 september \u2013 KPAG<\/span><\/li>\n<li><span style=\"color: #808080\">12 september &#8211; KD riks medlemsutbildning f\u00f6r nya medlemmar<\/span><\/li>\n<li><span style=\"color: #808080\">13 september &#8211; Korv hos Kommunalr\u00e5det, Fr\u00f6sunda<\/span><\/li>\n<li><span style=\"color: #808080\">19 september &#8211; Politisk kv\u00e4ll och AW med distriktet<\/span><\/li>\n<li><span style=\"color: #808080\">21 september &#8211; Skr\u00e4pplockardagen<\/span><\/li>\n<li><span style=\"color: #808080\">27 september &#8211; AW med KD Solna<\/span><\/li>\n<li><span style=\"color: #808080\">7 oktober \u2013 KPAG<\/span><\/li>\n<li><span style=\"color: #808080\">23 oktober &#8211; AW med KD Solna<\/span><\/li>\n<li><span style=\"color: #808080\">4 november \u2013 KPAG<\/span><\/li>\n<li><span style=\"color: #808080\">14 november \u2013 Extra partidistrikts\u00e5rsm\u00f6te<\/span><\/li>\n<li><span style=\"color: #808080\">28 november &#8211; Motionsskrivarutbildning med KD Solna<\/span><\/li>\n<li><span style=\"color: #808080\">29 november &#8211; AW med KD Solna<\/span><\/li>\n<li><span style=\"color: #808080\">7 december &#8211; Julfest med KD Solna<\/span><\/li>\n<li><span style=\"color: #808080\">9 december &#8211; KPAG<\/span><\/li>\n<\/ul>\n<\/div>\n<div class=\"copy-paste-block\">\n<p>Vid fr\u00e5gor kontakta konstantin.lowe@kristdemokraterna.se.<\/p>\n<\/div>\n","protected":false},"excerpt":{"rendered":"<p>P\u00e5 g\u00e5ng i Solna: 2025 13 februari &#8211; KPAG 15 februari &#8211; KD Solna \u00e5rsm\u00f6te 5 mars &#8211; AW med Ebba Busch 13 mars &#8211; KPAG 29 mars &#8211; PD\u00c5 3 april &#8211; KPAG 4-5 april &#8211; KD-dagarna, Karlstad 30 april &#8211; Valborgskampanj p\u00e5 Skytteholmsf\u00e4ltet 5 maj &#8211; KPAG 23 maj &#8211; AW med KD <a class=\"read-more-link\" href=\"https:\/\/wp.kristdemokraterna.se\/solna\/textsida-med-vanster-sidebar\/kalendarie\/\">Read More<\/a><\/p>\n","protected":false},"author":769,"featured_media":0,"parent":269,"menu_order":4,"comment_status":"closed","ping_status":"closed","template":"page.php","meta":{"_acf_changed":false,"footnotes":""},"class_list":["post-1679","page","type-page","status-publish","hentry"],"acf":[],"yoast_head":"<!-- This site is optimized with the Yoast SEO plugin v27.4 - https:\/\/yoast.com\/product\/yoast-seo-wordpress\/ -->\n<title>Kalendarium - Kristdemokraterna i Solna<\/title>\n<meta name=\"robots\" content=\"index, follow, max-snippet:-1, max-image-preview:large, max-video-preview:-1\" \/>\n<link rel=\"canonical\" href=\"https:\/\/wp.kristdemokraterna.se\/solna\/textsida-med-vanster-sidebar\/kalendarie\/\" \/>\n<meta property=\"og:locale\" content=\"sv_SE\" \/>\n<meta property=\"og:type\" content=\"article\" \/>\n<meta property=\"og:title\" content=\"Kalendarium - Kristdemokraterna i Solna\" \/>\n<meta property=\"og:description\" content=\"P\u00e5 g\u00e5ng i Solna: 2025 13 februari &#8211; KPAG 15 februari &#8211; KD Solna \u00e5rsm\u00f6te 5 mars &#8211; AW med Ebba Busch 13 mars &#8211; KPAG 29 mars &#8211; PD\u00c5 3 april &#8211; KPAG 4-5 april &#8211; KD-dagarna, Karlstad 30 april &#8211; Valborgskampanj p\u00e5 Skytteholmsf\u00e4ltet 5 maj &#8211; KPAG 23 maj &#8211; AW med KD Read More\" \/>\n<meta property=\"og:url\" content=\"https:\/\/wp.kristdemokraterna.se\/solna\/textsida-med-vanster-sidebar\/kalendarie\/\" \/>\n<meta property=\"og:site_name\" content=\"Kristdemokraterna i Solna\" \/>\n<meta property=\"article:modified_time\" content=\"2025-10-08T11:57:17+00:00\" \/>\n<meta name=\"twitter:card\" content=\"summary_large_image\" \/>\n<meta name=\"twitter:label1\" content=\"Ber\u00e4knad l\u00e4stid\" \/>\n\t<meta name=\"twitter:data1\" content=\"2 minuter\" \/>\n<script type=\"application\/ld+json\" class=\"yoast-schema-graph\">{\"@context\":\"https:\\\/\\\/schema.org\",\"@graph\":[{\"@type\":\"WebPage\",\"@id\":\"https:\\\/\\\/wp.kristdemokraterna.se\\\/solna\\\/textsida-med-vanster-sidebar\\\/kalendarie\\\/\",\"url\":\"https:\\\/\\\/wp.kristdemokraterna.se\\\/solna\\\/textsida-med-vanster-sidebar\\\/kalendarie\\\/\",\"name\":\"Kalendarium - Kristdemokraterna i Solna\",\"isPartOf\":{\"@id\":\"https:\\\/\\\/wp.kristdemokraterna.se\\\/solna\\\/#website\"},\"datePublished\":\"2020-09-24T13:15:14+00:00\",\"dateModified\":\"2025-10-08T11:57:17+00:00\",\"breadcrumb\":{\"@id\":\"https:\\\/\\\/wp.kristdemokraterna.se\\\/solna\\\/textsida-med-vanster-sidebar\\\/kalendarie\\\/#breadcrumb\"},\"inLanguage\":\"sv-SE\",\"potentialAction\":[{\"@type\":\"ReadAction\",\"target\":[\"https:\\\/\\\/wp.kristdemokraterna.se\\\/solna\\\/textsida-med-vanster-sidebar\\\/kalendarie\\\/\"]}]},{\"@type\":\"BreadcrumbList\",\"@id\":\"https:\\\/\\\/wp.kristdemokraterna.se\\\/solna\\\/textsida-med-vanster-sidebar\\\/kalendarie\\\/#breadcrumb\",\"itemListElement\":[{\"@type\":\"ListItem\",\"position\":1,\"name\":\"Hem\",\"item\":\"https:\\\/\\\/wp.kristdemokraterna.se\\\/solna\\\/\"},{\"@type\":\"ListItem\",\"position\":2,\"name\":\"V\u00e5r partiavdelning\",\"item\":\"https:\\\/\\\/wp.kristdemokraterna.se\\\/solna\\\/textsida-med-vanster-sidebar\\\/\"},{\"@type\":\"ListItem\",\"position\":3,\"name\":\"Kalendarium\"}]},{\"@type\":\"WebSite\",\"@id\":\"https:\\\/\\\/wp.kristdemokraterna.se\\\/solna\\\/#website\",\"url\":\"https:\\\/\\\/wp.kristdemokraterna.se\\\/solna\\\/\",\"name\":\"Kristdemokraterna i Solna\",\"description\":\"Med \ud83d\udc99 f\u00f6r Solna\",\"inLanguage\":\"sv-SE\"}]}<\/script>\n<!-- \/ Yoast SEO plugin. -->","yoast_head_json":{"title":"Kalendarium - Kristdemokraterna i Solna","robots":{"index":"index","follow":"follow","max-snippet":"max-snippet:-1","max-image-preview":"max-image-preview:large","max-video-preview":"max-video-preview:-1"},"canonical":"https:\/\/wp.kristdemokraterna.se\/solna\/textsida-med-vanster-sidebar\/kalendarie\/","og_locale":"sv_SE","og_type":"article","og_title":"Kalendarium - Kristdemokraterna i Solna","og_description":"P\u00e5 g\u00e5ng i Solna: 2025 13 februari &#8211; KPAG 15 februari &#8211; KD Solna \u00e5rsm\u00f6te 5 mars &#8211; AW med Ebba Busch 13 mars &#8211; KPAG 29 mars &#8211; PD\u00c5 3 april &#8211; KPAG 4-5 april &#8211; KD-dagarna, Karlstad 30 april &#8211; Valborgskampanj p\u00e5 Skytteholmsf\u00e4ltet 5 maj &#8211; KPAG 23 maj &#8211; AW med KD Read More","og_url":"https:\/\/wp.kristdemokraterna.se\/solna\/textsida-med-vanster-sidebar\/kalendarie\/","og_site_name":"Kristdemokraterna i Solna","article_modified_time":"2025-10-08T11:57:17+00:00","twitter_card":"summary_large_image","twitter_misc":{"Ber\u00e4knad l\u00e4stid":"2 minuter"},"schema":{"@context":"https:\/\/schema.org","@graph":[{"@type":"WebPage","@id":"https:\/\/wp.kristdemokraterna.se\/solna\/textsida-med-vanster-sidebar\/kalendarie\/","url":"https:\/\/wp.kristdemokraterna.se\/solna\/textsida-med-vanster-sidebar\/kalendarie\/","name":"Kalendarium - Kristdemokraterna i Solna","isPartOf":{"@id":"https:\/\/wp.kristdemokraterna.se\/solna\/#website"},"datePublished":"2020-09-24T13:15:14+00:00","dateModified":"2025-10-08T11:57:17+00:00","breadcrumb":{"@id":"https:\/\/wp.kristdemokraterna.se\/solna\/textsida-med-vanster-sidebar\/kalendarie\/#breadcrumb"},"inLanguage":"sv-SE","potentialAction":[{"@type":"ReadAction","target":["https:\/\/wp.kristdemokraterna.se\/solna\/textsida-med-vanster-sidebar\/kalendarie\/"]}]},{"@type":"BreadcrumbList","@id":"https:\/\/wp.kristdemokraterna.se\/solna\/textsida-med-vanster-sidebar\/kalendarie\/#breadcrumb","itemListElement":[{"@type":"ListItem","position":1,"name":"Hem","item":"https:\/\/wp.kristdemokraterna.se\/solna\/"},{"@type":"ListItem","position":2,"name":"V\u00e5r partiavdelning","item":"https:\/\/wp.kristdemokraterna.se\/solna\/textsida-med-vanster-sidebar\/"},{"@type":"ListItem","position":3,"name":"Kalendarium"}]},{"@type":"WebSite","@id":"https:\/\/wp.kristdemokraterna.se\/solna\/#website","url":"https:\/\/wp.kristdemokraterna.se\/solna\/","name":"Kristdemokraterna i Solna","description":"Med \ud83d\udc99 f\u00f6r Solna","inLanguage":"sv-SE"}]}},"_links":{"self":[{"href":"https:\/\/wp.kristdemokraterna.se\/solna\/wp-json\/wp\/v2\/pages\/1679","targetHints":{"allow":["GET"]}}],"collection":[{"href":"https:\/\/wp.kristdemokraterna.se\/solna\/wp-json\/wp\/v2\/pages"}],"about":[{"href":"https:\/\/wp.kristdemokraterna.se\/solna\/wp-json\/wp\/v2\/types\/page"}],"author":[{"embeddable":true,"href":"https:\/\/wp.kristdemokraterna.se\/solna\/wp-json\/wp\/v2\/users\/769"}],"replies":[{"embeddable":true,"href":"https:\/\/wp.kristdemokraterna.se\/solna\/wp-json\/wp\/v2\/comments?post=1679"}],"version-history":[{"count":71,"href":"https:\/\/wp.kristdemokraterna.se\/solna\/wp-json\/wp\/v2\/pages\/1679\/revisions"}],"predecessor-version":[{"id":3692,"href":"https:\/\/wp.kristdemokraterna.se\/solna\/wp-json\/wp\/v2\/pages\/1679\/revisions\/3692"}],"up":[{"embeddable":true,"href":"https:\/\/wp.kristdemokraterna.se\/solna\/wp-json\/wp\/v2\/pages\/269"}],"wp:attachment":[{"href":"https:\/\/wp.kristdemokraterna.se\/solna\/wp-json\/wp\/v2\/media?parent=1679"}],"curies":[{"name":"wp","href":"https:\/\/api.w.org\/{rel}","templated":true}]}}