{"id":342,"date":"2017-11-30T15:21:10","date_gmt":"2017-11-30T14:21:10","guid":{"rendered":"http:\/\/wp.kristdemokraterna.se\/solna2\/?page_id=342"},"modified":"2022-08-19T17:40:53","modified_gmt":"2022-08-19T15:40:53","slug":"i-var-kommun","status":"publish","type":"page","link":"https:\/\/wp.kristdemokraterna.se\/solna\/i-var-kommun\/","title":{"rendered":"V\u00e5r politik f\u00f6r Solna"},"content":{"rendered":"<div class=\"column\">\n<p><a href=\"http:\/\/wp.kristdemokraterna.se\/solna\/files\/2022\/08\/namnlo\u0308st.jpg\"><img loading=\"lazy\" decoding=\"async\" class=\"alignnone size-large wp-image-2553\" src=\"http:\/\/wp.kristdemokraterna.se\/solna\/files\/2022\/08\/namnlo\u0308st-1024x750.jpg\" alt=\"\" width=\"1024\" height=\"750\" srcset=\"https:\/\/wp.kristdemokraterna.se\/solna\/files\/2022\/08\/namnlo\u0308st-1024x750.jpg 1024w, https:\/\/wp.kristdemokraterna.se\/solna\/files\/2022\/08\/namnlo\u0308st-300x220.jpg 300w, https:\/\/wp.kristdemokraterna.se\/solna\/files\/2022\/08\/namnlo\u0308st-768x563.jpg 768w, https:\/\/wp.kristdemokraterna.se\/solna\/files\/2022\/08\/namnlo\u0308st-1536x1125.jpg 1536w, https:\/\/wp.kristdemokraterna.se\/solna\/files\/2022\/08\/namnlo\u0308st-273x200.jpg 273w, https:\/\/wp.kristdemokraterna.se\/solna\/files\/2022\/08\/namnlo\u0308st-370x271.jpg 370w, https:\/\/wp.kristdemokraterna.se\/solna\/files\/2022\/08\/namnlo\u0308st-770x564.jpg 770w, https:\/\/wp.kristdemokraterna.se\/solna\/files\/2022\/08\/namnlo\u0308st-450x330.jpg 450w, https:\/\/wp.kristdemokraterna.se\/solna\/files\/2022\/08\/namnlo\u0308st-280x205.jpg 280w, https:\/\/wp.kristdemokraterna.se\/solna\/files\/2022\/08\/namnlo\u0308st-340x249.jpg 340w, https:\/\/wp.kristdemokraterna.se\/solna\/files\/2022\/08\/namnlo\u0308st-200x147.jpg 200w, https:\/\/wp.kristdemokraterna.se\/solna\/files\/2022\/08\/namnlo\u0308st-76x56.jpg 76w, https:\/\/wp.kristdemokraterna.se\/solna\/files\/2022\/08\/namnlo\u0308st.jpg 1791w\" sizes=\"auto, (max-width: 1024px) 100vw, 1024px\" \/><\/a><\/p>\n<h1>Med \ud83d\udc99 f\u00f6r Solna!<\/h1>\n<p><strong><em>I \u00f6ver 20 \u00e5r har Kristdemokraterna varit med och styrt Solna. Vi \u00e4r det stabila och p\u00e5litliga borgerliga alternativet f\u00f6r dig som v\u00e4rnar starka familjer, l\u00e5g skatt och valfrihet i v\u00e4lf\u00e4rden. <\/em><\/strong><\/p>\n<p>Vi jobbar f\u00f6r att sm\u00e5 barn ska ha sm\u00e5 barngrupper i f\u00f6rskolan. Samtidigt vill vi bevara och utveckla Solnas dagmammor och andra alternativa barnomsorgsformer, eftersom barn har olika behov!<\/p>\n<p>Hur \u00e4ldre behandlas s\u00e4ger mycket om ett samh\u00e4lle. Vi ansvarar f\u00f6r att Solnas seniorer \u00e5ldras med v\u00e4rdighet, trygghet och sj\u00e4lvbest\u00e4mmande. Och vi v\u00e4rnar valfriheten f\u00f6r att olika m\u00e4nniskor har olika behov!<\/p>\n<p>Trygghet \u00e4r en frihetsfr\u00e5ga. KD arbetar f\u00f6r att Solna fortsatt ska vara en trygg och hederlig stad att leva och verka i. H\u00e4r ska alla v\u00e5ga r\u00f6ra sig fritt!<\/p>\n<p>Det finns ingen naturlag som s\u00e4ger att Solnas nybyggnationer ska vara fyrkantiga modernistiska \u201dl\u00e5dor\u201d. Att bygga vackert \u00e4r att bygga h\u00e5llbart, eftersom vacker arkitektur m\u00f6ter m\u00e4nskliga behov, i alla tider.<\/p>\n<p><strong>Delar du v\u00e5ra v\u00e4rderingar? Engagera dig i Kristdemokraterna i Solna och l\u00e4gg din r\u00f6st p\u00e5 KD i valet den 11 september!<\/strong><\/p>\n<\/div>\n<p>1. <a href=\"https:\/\/wp.kristdemokraterna.se\/solna\/smabarngrupper\/\">Sm\u00e5 barn beh\u00f6ver sm\u00e5 barngrupper<\/a><\/p>\n<p>2. <a href=\"https:\/\/wp.kristdemokraterna.se\/solna\/skolor\/\">Kunskap, studiero och trygghet i alla Solnas skolor<\/a><\/p>\n<p>3. <a href=\"https:\/\/wp.kristdemokraterna.se\/solna\/aldreomsorg\/\">V\u00e4rdig \u00e4ldreomsorg som pr\u00e4glas av valfrihet och kvalitet<\/a><\/p>\n<p>4. <a href=\"https:\/\/wp.kristdemokraterna.se\/solna\/hjalppatraven\/\">Alla kan beh\u00f6va hj\u00e4lp p\u00e5 traven ibland<\/a><\/p>\n<p>5. <a href=\"https:\/\/wp.kristdemokraterna.se\/solna\/trygghet\/\">Trygghet \u00e4r en frihetsfr\u00e5ga<\/a><\/p>\n<p>6. <a href=\"https:\/\/wp.kristdemokraterna.se\/solna\/levandestad\/\">En levande stad d\u00e4r man k\u00e4nner sig hemma<\/a><\/p>\n<p>7. <a href=\"https:\/\/wp.kristdemokraterna.se\/solna\/jordenarv\/\">Jorden \u00e4r ett arv till kommande generationer<\/a><\/p>\n<p>8.<a href=\"https:\/\/wp.kristdemokraterna.se\/solna\/foretagintegration\/\"> F\u00f6retagande och integration: tv\u00e5 sidor av samma mynt<\/a><\/p>\n<p>9. <a href=\"https:\/\/wp.kristdemokraterna.se\/solna\/kulturfritid\/\">Kultur och fritidsm\u00f6jligheter f\u00f6r \u00f6kad livskvalitet<\/a><\/p>\n<p>Ladda ner hela v\u00e5rt kommunprogram f\u00f6r 2022 \u2013 2026 som PDF-fil <a href=\"http:\/\/wp.kristdemokraterna.se\/solna\/files\/2022\/08\/kommunprogam-solna-ny-print.pdf\">H\u00c4R<\/a>!<\/p>\n<p>&nbsp;<\/p>\n","protected":false},"excerpt":{"rendered":"<p>Med \ud83d\udc99 f\u00f6r Solna! I \u00f6ver 20 \u00e5r har Kristdemokraterna varit med och styrt Solna. Vi \u00e4r det stabila och p\u00e5litliga borgerliga alternativet f\u00f6r dig som v\u00e4rnar starka familjer, l\u00e5g skatt och valfrihet i v\u00e4lf\u00e4rden. Vi jobbar f\u00f6r att sm\u00e5 barn ska ha sm\u00e5 barngrupper i f\u00f6rskolan. Samtidigt vill vi bevara och utveckla Solnas dagmammor <a class=\"read-more-link\" href=\"https:\/\/wp.kristdemokraterna.se\/solna\/i-var-kommun\/\">Read More<\/a><\/p>\n","protected":false},"author":769,"featured_media":0,"parent":0,"menu_order":3,"comment_status":"closed","ping_status":"closed","template":"page.php","meta":{"_acf_changed":false,"footnotes":""},"class_list":["post-342","page","type-page","status-publish","hentry"],"acf":[],"yoast_head":"<!-- This site is optimized with the Yoast SEO plugin v27.4 - https:\/\/yoast.com\/product\/yoast-seo-wordpress\/ -->\n<title>V\u00e5r politik f\u00f6r Solna - Kristdemokraterna i Solna<\/title>\n<meta name=\"robots\" content=\"index, follow, max-snippet:-1, max-image-preview:large, max-video-preview:-1\" \/>\n<link rel=\"canonical\" href=\"https:\/\/wp.kristdemokraterna.se\/solna\/i-var-kommun\/\" \/>\n<meta property=\"og:locale\" content=\"sv_SE\" \/>\n<meta property=\"og:type\" content=\"article\" \/>\n<meta property=\"og:title\" content=\"V\u00e5r politik f\u00f6r Solna - Kristdemokraterna i Solna\" \/>\n<meta property=\"og:description\" content=\"Med \ud83d\udc99 f\u00f6r Solna! I \u00f6ver 20 \u00e5r har Kristdemokraterna varit med och styrt Solna. Vi \u00e4r det stabila och p\u00e5litliga borgerliga alternativet f\u00f6r dig som v\u00e4rnar starka familjer, l\u00e5g skatt och valfrihet i v\u00e4lf\u00e4rden. Vi jobbar f\u00f6r att sm\u00e5 barn ska ha sm\u00e5 barngrupper i f\u00f6rskolan. Samtidigt vill vi bevara och utveckla Solnas dagmammor Read More\" \/>\n<meta property=\"og:url\" content=\"https:\/\/wp.kristdemokraterna.se\/solna\/i-var-kommun\/\" \/>\n<meta property=\"og:site_name\" content=\"Kristdemokraterna i Solna\" \/>\n<meta property=\"article:modified_time\" content=\"2022-08-19T15:40:53+00:00\" \/>\n<meta property=\"og:image\" content=\"http:\/\/wp.kristdemokraterna.se\/solna\/files\/2022\/08\/namnlo\u0308st-1024x750.jpg\" \/>\n<meta name=\"twitter:card\" content=\"summary_large_image\" \/>\n<meta name=\"twitter:label1\" content=\"Ber\u00e4knad l\u00e4stid\" \/>\n\t<meta name=\"twitter:data1\" content=\"2 minuter\" \/>\n<script type=\"application\/ld+json\" class=\"yoast-schema-graph\">{\"@context\":\"https:\\\/\\\/schema.org\",\"@graph\":[{\"@type\":\"WebPage\",\"@id\":\"https:\\\/\\\/wp.kristdemokraterna.se\\\/solna\\\/i-var-kommun\\\/\",\"url\":\"https:\\\/\\\/wp.kristdemokraterna.se\\\/solna\\\/i-var-kommun\\\/\",\"name\":\"V\u00e5r politik f\u00f6r Solna - Kristdemokraterna i Solna\",\"isPartOf\":{\"@id\":\"https:\\\/\\\/wp.kristdemokraterna.se\\\/solna\\\/#website\"},\"datePublished\":\"2017-11-30T14:21:10+00:00\",\"dateModified\":\"2022-08-19T15:40:53+00:00\",\"breadcrumb\":{\"@id\":\"https:\\\/\\\/wp.kristdemokraterna.se\\\/solna\\\/i-var-kommun\\\/#breadcrumb\"},\"inLanguage\":\"sv-SE\",\"potentialAction\":[{\"@type\":\"ReadAction\",\"target\":[\"https:\\\/\\\/wp.kristdemokraterna.se\\\/solna\\\/i-var-kommun\\\/\"]}]},{\"@type\":\"BreadcrumbList\",\"@id\":\"https:\\\/\\\/wp.kristdemokraterna.se\\\/solna\\\/i-var-kommun\\\/#breadcrumb\",\"itemListElement\":[{\"@type\":\"ListItem\",\"position\":1,\"name\":\"Hem\",\"item\":\"https:\\\/\\\/wp.kristdemokraterna.se\\\/solna\\\/\"},{\"@type\":\"ListItem\",\"position\":2,\"name\":\"V\u00e5r politik f\u00f6r Solna\"}]},{\"@type\":\"WebSite\",\"@id\":\"https:\\\/\\\/wp.kristdemokraterna.se\\\/solna\\\/#website\",\"url\":\"https:\\\/\\\/wp.kristdemokraterna.se\\\/solna\\\/\",\"name\":\"Kristdemokraterna i Solna\",\"description\":\"Med \ud83d\udc99 f\u00f6r Solna\",\"inLanguage\":\"sv-SE\"}]}<\/script>\n<!-- \/ Yoast SEO plugin. -->","yoast_head_json":{"title":"V\u00e5r politik f\u00f6r Solna - Kristdemokraterna i Solna","robots":{"index":"index","follow":"follow","max-snippet":"max-snippet:-1","max-image-preview":"max-image-preview:large","max-video-preview":"max-video-preview:-1"},"canonical":"https:\/\/wp.kristdemokraterna.se\/solna\/i-var-kommun\/","og_locale":"sv_SE","og_type":"article","og_title":"V\u00e5r politik f\u00f6r Solna - Kristdemokraterna i Solna","og_description":"Med \ud83d\udc99 f\u00f6r Solna! I \u00f6ver 20 \u00e5r har Kristdemokraterna varit med och styrt Solna. Vi \u00e4r det stabila och p\u00e5litliga borgerliga alternativet f\u00f6r dig som v\u00e4rnar starka familjer, l\u00e5g skatt och valfrihet i v\u00e4lf\u00e4rden. Vi jobbar f\u00f6r att sm\u00e5 barn ska ha sm\u00e5 barngrupper i f\u00f6rskolan. Samtidigt vill vi bevara och utveckla Solnas dagmammor Read More","og_url":"https:\/\/wp.kristdemokraterna.se\/solna\/i-var-kommun\/","og_site_name":"Kristdemokraterna i Solna","article_modified_time":"2022-08-19T15:40:53+00:00","og_image":[{"url":"http:\/\/wp.kristdemokraterna.se\/solna\/files\/2022\/08\/namnlo\u0308st-1024x750.jpg","type":"","width":"","height":""}],"twitter_card":"summary_large_image","twitter_misc":{"Ber\u00e4knad l\u00e4stid":"2 minuter"},"schema":{"@context":"https:\/\/schema.org","@graph":[{"@type":"WebPage","@id":"https:\/\/wp.kristdemokraterna.se\/solna\/i-var-kommun\/","url":"https:\/\/wp.kristdemokraterna.se\/solna\/i-var-kommun\/","name":"V\u00e5r politik f\u00f6r Solna - Kristdemokraterna i Solna","isPartOf":{"@id":"https:\/\/wp.kristdemokraterna.se\/solna\/#website"},"datePublished":"2017-11-30T14:21:10+00:00","dateModified":"2022-08-19T15:40:53+00:00","breadcrumb":{"@id":"https:\/\/wp.kristdemokraterna.se\/solna\/i-var-kommun\/#breadcrumb"},"inLanguage":"sv-SE","potentialAction":[{"@type":"ReadAction","target":["https:\/\/wp.kristdemokraterna.se\/solna\/i-var-kommun\/"]}]},{"@type":"BreadcrumbList","@id":"https:\/\/wp.kristdemokraterna.se\/solna\/i-var-kommun\/#breadcrumb","itemListElement":[{"@type":"ListItem","position":1,"name":"Hem","item":"https:\/\/wp.kristdemokraterna.se\/solna\/"},{"@type":"ListItem","position":2,"name":"V\u00e5r politik f\u00f6r Solna"}]},{"@type":"WebSite","@id":"https:\/\/wp.kristdemokraterna.se\/solna\/#website","url":"https:\/\/wp.kristdemokraterna.se\/solna\/","name":"Kristdemokraterna i Solna","description":"Med \ud83d\udc99 f\u00f6r Solna","inLanguage":"sv-SE"}]}},"_links":{"self":[{"href":"https:\/\/wp.kristdemokraterna.se\/solna\/wp-json\/wp\/v2\/pages\/342","targetHints":{"allow":["GET"]}}],"collection":[{"href":"https:\/\/wp.kristdemokraterna.se\/solna\/wp-json\/wp\/v2\/pages"}],"about":[{"href":"https:\/\/wp.kristdemokraterna.se\/solna\/wp-json\/wp\/v2\/types\/page"}],"author":[{"embeddable":true,"href":"https:\/\/wp.kristdemokraterna.se\/solna\/wp-json\/wp\/v2\/users\/769"}],"replies":[{"embeddable":true,"href":"https:\/\/wp.kristdemokraterna.se\/solna\/wp-json\/wp\/v2\/comments?post=342"}],"version-history":[{"count":20,"href":"https:\/\/wp.kristdemokraterna.se\/solna\/wp-json\/wp\/v2\/pages\/342\/revisions"}],"predecessor-version":[{"id":1146,"href":"https:\/\/wp.kristdemokraterna.se\/solna\/wp-json\/wp\/v2\/pages\/342\/revisions\/1146"}],"wp:attachment":[{"href":"https:\/\/wp.kristdemokraterna.se\/solna\/wp-json\/wp\/v2\/media?parent=342"}],"curies":[{"name":"wp","href":"https:\/\/api.w.org\/{rel}","templated":true}]}}