{"id":352,"date":"2017-12-01T09:56:02","date_gmt":"2017-12-01T08:56:02","guid":{"rendered":"http:\/\/wp.kristdemokraterna.se\/solna2\/?page_id=352"},"modified":"2021-03-23T14:02:31","modified_gmt":"2021-03-23T13:02:31","slug":"kontakta-oss","status":"publish","type":"page","link":"https:\/\/wp.kristdemokraterna.se\/solna\/kontakta-oss\/","title":{"rendered":"Kontakta oss!"},"content":{"rendered":"<p><strong>Samuel Klippfalk (KD), kommunalr\u00e5d<\/strong><br \/>\n072 583 37 10<br \/>\nsamuel.klippfalk@kristdemokraterna.se<\/p>\n<p><strong>Konstantin L\u00f6we (KD), politisk sekreterare<\/strong><br \/>\n072 583 19 64<br \/>\nkonstantin.lowe@kristdemokraterna.se<\/p>\n<p>Kristdemokraterna Solna<br \/>\nStadshusg\u00e5ngen 2<br \/>\n171 86 Solna<\/p>\n<p>Plusgiro 66 72 93-5<\/p>\n","protected":false},"excerpt":{"rendered":"<p>Samuel Klippfalk (KD), kommunalr\u00e5d 072 583 37 10 samuel.klippfalk@kristdemokraterna.se Konstantin L\u00f6we (KD), politisk sekreterare 072 583 19 64 konstantin.lowe@kristdemokraterna.se Kristdemokraterna Solna Stadshusg\u00e5ngen 2 171 86 Solna Plusgiro 66 72 93-5<\/p>\n","protected":false},"author":769,"featured_media":0,"parent":0,"menu_order":2,"comment_status":"closed","ping_status":"closed","template":"page-full.php","meta":{"_acf_changed":false,"footnotes":""},"class_list":["post-352","page","type-page","status-publish","hentry"],"acf":[],"yoast_head":"<!-- This site is optimized with the Yoast SEO plugin v27.4 - https:\/\/yoast.com\/product\/yoast-seo-wordpress\/ -->\n<title>Kontakta oss! - Kristdemokraterna i Solna<\/title>\n<meta name=\"robots\" content=\"index, follow, max-snippet:-1, max-image-preview:large, max-video-preview:-1\" \/>\n<link rel=\"canonical\" href=\"https:\/\/wp.kristdemokraterna.se\/solna\/kontakta-oss\/\" \/>\n<meta property=\"og:locale\" content=\"sv_SE\" \/>\n<meta property=\"og:type\" content=\"article\" \/>\n<meta property=\"og:title\" content=\"Kontakta oss! - Kristdemokraterna i Solna\" \/>\n<meta property=\"og:description\" content=\"Samuel Klippfalk (KD), kommunalr\u00e5d 072 583 37 10 samuel.klippfalk@kristdemokraterna.se Konstantin L\u00f6we (KD), politisk sekreterare 072 583 19 64 konstantin.lowe@kristdemokraterna.se Kristdemokraterna Solna Stadshusg\u00e5ngen 2 171 86 Solna Plusgiro 66 72 93-5\" \/>\n<meta property=\"og:url\" content=\"https:\/\/wp.kristdemokraterna.se\/solna\/kontakta-oss\/\" \/>\n<meta property=\"og:site_name\" content=\"Kristdemokraterna i Solna\" \/>\n<meta property=\"article:modified_time\" content=\"2021-03-23T13:02:31+00:00\" \/>\n<meta name=\"twitter:card\" content=\"summary_large_image\" \/>\n<meta name=\"twitter:label1\" content=\"Ber\u00e4knad l\u00e4stid\" \/>\n\t<meta name=\"twitter:data1\" content=\"1 minut\" \/>\n<script type=\"application\/ld+json\" class=\"yoast-schema-graph\">{\"@context\":\"https:\\\/\\\/schema.org\",\"@graph\":[{\"@type\":\"WebPage\",\"@id\":\"https:\\\/\\\/wp.kristdemokraterna.se\\\/solna\\\/kontakta-oss\\\/\",\"url\":\"https:\\\/\\\/wp.kristdemokraterna.se\\\/solna\\\/kontakta-oss\\\/\",\"name\":\"Kontakta oss! - Kristdemokraterna i Solna\",\"isPartOf\":{\"@id\":\"https:\\\/\\\/wp.kristdemokraterna.se\\\/solna\\\/#website\"},\"datePublished\":\"2017-12-01T08:56:02+00:00\",\"dateModified\":\"2021-03-23T13:02:31+00:00\",\"breadcrumb\":{\"@id\":\"https:\\\/\\\/wp.kristdemokraterna.se\\\/solna\\\/kontakta-oss\\\/#breadcrumb\"},\"inLanguage\":\"sv-SE\",\"potentialAction\":[{\"@type\":\"ReadAction\",\"target\":[\"https:\\\/\\\/wp.kristdemokraterna.se\\\/solna\\\/kontakta-oss\\\/\"]}]},{\"@type\":\"BreadcrumbList\",\"@id\":\"https:\\\/\\\/wp.kristdemokraterna.se\\\/solna\\\/kontakta-oss\\\/#breadcrumb\",\"itemListElement\":[{\"@type\":\"ListItem\",\"position\":1,\"name\":\"Hem\",\"item\":\"https:\\\/\\\/wp.kristdemokraterna.se\\\/solna\\\/\"},{\"@type\":\"ListItem\",\"position\":2,\"name\":\"Kontakta oss!\"}]},{\"@type\":\"WebSite\",\"@id\":\"https:\\\/\\\/wp.kristdemokraterna.se\\\/solna\\\/#website\",\"url\":\"https:\\\/\\\/wp.kristdemokraterna.se\\\/solna\\\/\",\"name\":\"Kristdemokraterna i Solna\",\"description\":\"Med \ud83d\udc99 f\u00f6r Solna\",\"inLanguage\":\"sv-SE\"}]}<\/script>\n<!-- \/ Yoast SEO plugin. -->","yoast_head_json":{"title":"Kontakta oss! - Kristdemokraterna i Solna","robots":{"index":"index","follow":"follow","max-snippet":"max-snippet:-1","max-image-preview":"max-image-preview:large","max-video-preview":"max-video-preview:-1"},"canonical":"https:\/\/wp.kristdemokraterna.se\/solna\/kontakta-oss\/","og_locale":"sv_SE","og_type":"article","og_title":"Kontakta oss! - Kristdemokraterna i Solna","og_description":"Samuel Klippfalk (KD), kommunalr\u00e5d 072 583 37 10 samuel.klippfalk@kristdemokraterna.se Konstantin L\u00f6we (KD), politisk sekreterare 072 583 19 64 konstantin.lowe@kristdemokraterna.se Kristdemokraterna Solna Stadshusg\u00e5ngen 2 171 86 Solna Plusgiro 66 72 93-5","og_url":"https:\/\/wp.kristdemokraterna.se\/solna\/kontakta-oss\/","og_site_name":"Kristdemokraterna i Solna","article_modified_time":"2021-03-23T13:02:31+00:00","twitter_card":"summary_large_image","twitter_misc":{"Ber\u00e4knad l\u00e4stid":"1 minut"},"schema":{"@context":"https:\/\/schema.org","@graph":[{"@type":"WebPage","@id":"https:\/\/wp.kristdemokraterna.se\/solna\/kontakta-oss\/","url":"https:\/\/wp.kristdemokraterna.se\/solna\/kontakta-oss\/","name":"Kontakta oss! - Kristdemokraterna i Solna","isPartOf":{"@id":"https:\/\/wp.kristdemokraterna.se\/solna\/#website"},"datePublished":"2017-12-01T08:56:02+00:00","dateModified":"2021-03-23T13:02:31+00:00","breadcrumb":{"@id":"https:\/\/wp.kristdemokraterna.se\/solna\/kontakta-oss\/#breadcrumb"},"inLanguage":"sv-SE","potentialAction":[{"@type":"ReadAction","target":["https:\/\/wp.kristdemokraterna.se\/solna\/kontakta-oss\/"]}]},{"@type":"BreadcrumbList","@id":"https:\/\/wp.kristdemokraterna.se\/solna\/kontakta-oss\/#breadcrumb","itemListElement":[{"@type":"ListItem","position":1,"name":"Hem","item":"https:\/\/wp.kristdemokraterna.se\/solna\/"},{"@type":"ListItem","position":2,"name":"Kontakta oss!"}]},{"@type":"WebSite","@id":"https:\/\/wp.kristdemokraterna.se\/solna\/#website","url":"https:\/\/wp.kristdemokraterna.se\/solna\/","name":"Kristdemokraterna i Solna","description":"Med \ud83d\udc99 f\u00f6r Solna","inLanguage":"sv-SE"}]}},"_links":{"self":[{"href":"https:\/\/wp.kristdemokraterna.se\/solna\/wp-json\/wp\/v2\/pages\/352","targetHints":{"allow":["GET"]}}],"collection":[{"href":"https:\/\/wp.kristdemokraterna.se\/solna\/wp-json\/wp\/v2\/pages"}],"about":[{"href":"https:\/\/wp.kristdemokraterna.se\/solna\/wp-json\/wp\/v2\/types\/page"}],"author":[{"embeddable":true,"href":"https:\/\/wp.kristdemokraterna.se\/solna\/wp-json\/wp\/v2\/users\/769"}],"replies":[{"embeddable":true,"href":"https:\/\/wp.kristdemokraterna.se\/solna\/wp-json\/wp\/v2\/comments?post=352"}],"version-history":[{"count":11,"href":"https:\/\/wp.kristdemokraterna.se\/solna\/wp-json\/wp\/v2\/pages\/352\/revisions"}],"predecessor-version":[{"id":1997,"href":"https:\/\/wp.kristdemokraterna.se\/solna\/wp-json\/wp\/v2\/pages\/352\/revisions\/1997"}],"wp:attachment":[{"href":"https:\/\/wp.kristdemokraterna.se\/solna\/wp-json\/wp\/v2\/media?parent=352"}],"curies":[{"name":"wp","href":"https:\/\/api.w.org\/{rel}","templated":true}]}}