{"id":392,"date":"2018-01-03T15:21:45","date_gmt":"2018-01-03T14:21:45","guid":{"rendered":"http:\/\/wp.kristdemokraterna.se\/solna2\/?page_id=392"},"modified":"2025-03-25T14:06:05","modified_gmt":"2025-03-25T13:06:05","slug":"styrelsen","status":"publish","type":"page","link":"https:\/\/wp.kristdemokraterna.se\/solna\/textsida-med-vanster-sidebar\/styrelsen\/","title":{"rendered":"Styrelsen"},"content":{"rendered":"<p><a href=\"http:\/\/wp.kristdemokraterna.se\/solna\/files\/2021\/03\/ansgar-done.jpg\"><img loading=\"lazy\" decoding=\"async\" class=\"wp-image-1982 alignnone\" src=\"http:\/\/wp.kristdemokraterna.se\/solna\/files\/2021\/03\/ansgar-done-231x300.jpg\" alt=\"\" width=\"186\" height=\"242\" srcset=\"https:\/\/wp.kristdemokraterna.se\/solna\/files\/2021\/03\/ansgar-done-231x300.jpg 231w, https:\/\/wp.kristdemokraterna.se\/solna\/files\/2021\/03\/ansgar-done-788x1024.jpg 788w, https:\/\/wp.kristdemokraterna.se\/solna\/files\/2021\/03\/ansgar-done-768x998.jpg 768w, https:\/\/wp.kristdemokraterna.se\/solna\/files\/2021\/03\/ansgar-done-154x200.jpg 154w, https:\/\/wp.kristdemokraterna.se\/solna\/files\/2021\/03\/ansgar-done-370x481.jpg 370w, https:\/\/wp.kristdemokraterna.se\/solna\/files\/2021\/03\/ansgar-done-770x1001.jpg 770w, https:\/\/wp.kristdemokraterna.se\/solna\/files\/2021\/03\/ansgar-done-450x585.jpg 450w, https:\/\/wp.kristdemokraterna.se\/solna\/files\/2021\/03\/ansgar-done-280x364.jpg 280w, https:\/\/wp.kristdemokraterna.se\/solna\/files\/2021\/03\/ansgar-done-340x442.jpg 340w, https:\/\/wp.kristdemokraterna.se\/solna\/files\/2021\/03\/ansgar-done-43x56.jpg 43w, https:\/\/wp.kristdemokraterna.se\/solna\/files\/2021\/03\/ansgar-done.jpg 1000w\" sizes=\"auto, (max-width: 186px) 100vw, 186px\" \/><\/a><\/p>\n<p><strong>Ordf\u00f6rande<br \/>\n<\/strong>Ansgar Toscha, 59 \u00e5r, Hagalund.<\/p>\n<p class=\"p2\"><a href=\"http:\/\/wp.kristdemokraterna.se\/solna\/files\/2023\/03\/andreas.jpg\"><img loading=\"lazy\" decoding=\"async\" class=\"alignnone wp-image-2796\" src=\"http:\/\/wp.kristdemokraterna.se\/solna\/files\/2023\/03\/andreas-764x1024.jpg\" alt=\"\" width=\"181\" height=\"242\" srcset=\"https:\/\/wp.kristdemokraterna.se\/solna\/files\/2023\/03\/andreas-764x1024.jpg 764w, https:\/\/wp.kristdemokraterna.se\/solna\/files\/2023\/03\/andreas-224x300.jpg 224w, https:\/\/wp.kristdemokraterna.se\/solna\/files\/2023\/03\/andreas-768x1029.jpg 768w, https:\/\/wp.kristdemokraterna.se\/solna\/files\/2023\/03\/andreas-1146x1536.jpg 1146w, https:\/\/wp.kristdemokraterna.se\/solna\/files\/2023\/03\/andreas-149x200.jpg 149w, https:\/\/wp.kristdemokraterna.se\/solna\/files\/2023\/03\/andreas-370x496.jpg 370w, https:\/\/wp.kristdemokraterna.se\/solna\/files\/2023\/03\/andreas-770x1032.jpg 770w, https:\/\/wp.kristdemokraterna.se\/solna\/files\/2023\/03\/andreas-450x603.jpg 450w, https:\/\/wp.kristdemokraterna.se\/solna\/files\/2023\/03\/andreas-280x375.jpg 280w, https:\/\/wp.kristdemokraterna.se\/solna\/files\/2023\/03\/andreas-340x456.jpg 340w, https:\/\/wp.kristdemokraterna.se\/solna\/files\/2023\/03\/andreas-42x56.jpg 42w, https:\/\/wp.kristdemokraterna.se\/solna\/files\/2023\/03\/andreas.jpg 1504w\" sizes=\"auto, (max-width: 181px) 100vw, 181px\" \/><\/a><\/p>\n<p class=\"p2\"><strong>Vice ordf\u00f6rande<br \/>\n<\/strong>Andreas Hulusj\u00f6, 53 \u00e5r, R\u00e5sunda.<\/p>\n<p><a href=\"http:\/\/wp.kristdemokraterna.se\/solna\/files\/2022\/03\/sk-hemsidan.jpg\"><img loading=\"lazy\" decoding=\"async\" class=\"alignnone wp-image-2352\" src=\"http:\/\/wp.kristdemokraterna.se\/solna\/files\/2022\/03\/sk-hemsidan-225x300.jpg\" alt=\"\" width=\"184\" height=\"246\" srcset=\"https:\/\/wp.kristdemokraterna.se\/solna\/files\/2022\/03\/sk-hemsidan-225x300.jpg 225w, https:\/\/wp.kristdemokraterna.se\/solna\/files\/2022\/03\/sk-hemsidan-768x1023.jpg 768w, https:\/\/wp.kristdemokraterna.se\/solna\/files\/2022\/03\/sk-hemsidan-1153x1536.jpg 1153w, https:\/\/wp.kristdemokraterna.se\/solna\/files\/2022\/03\/sk-hemsidan-1537x2048.jpg 1537w, https:\/\/wp.kristdemokraterna.se\/solna\/files\/2022\/03\/sk-hemsidan-150x200.jpg 150w, https:\/\/wp.kristdemokraterna.se\/solna\/files\/2022\/03\/sk-hemsidan-370x493.jpg 370w, https:\/\/wp.kristdemokraterna.se\/solna\/files\/2022\/03\/sk-hemsidan-770x1026.jpg 770w, https:\/\/wp.kristdemokraterna.se\/solna\/files\/2022\/03\/sk-hemsidan-450x600.jpg 450w, https:\/\/wp.kristdemokraterna.se\/solna\/files\/2022\/03\/sk-hemsidan-280x373.jpg 280w, https:\/\/wp.kristdemokraterna.se\/solna\/files\/2022\/03\/sk-hemsidan-340x453.jpg 340w, https:\/\/wp.kristdemokraterna.se\/solna\/files\/2022\/03\/sk-hemsidan-42x56.jpg 42w, https:\/\/wp.kristdemokraterna.se\/solna\/files\/2022\/03\/sk-hemsidan.jpg 1801w\" sizes=\"auto, (max-width: 184px) 100vw, 184px\" \/><\/a><\/p>\n<p><strong>Ledamot och kass\u00f6r<br \/>\n<\/strong>Samuel Klippfalk, 46 \u00e5r, Fr\u00f6sunda.<\/p>\n<p><a href=\"http:\/\/wp.kristdemokraterna.se\/solna\/files\/2021\/03\/kerstin-done.jpg\"><img loading=\"lazy\" decoding=\"async\" class=\"wp-image-1984 alignnone\" src=\"http:\/\/wp.kristdemokraterna.se\/solna\/files\/2021\/03\/kerstin-done-231x300.jpg\" alt=\"\" width=\"185\" height=\"241\" srcset=\"https:\/\/wp.kristdemokraterna.se\/solna\/files\/2021\/03\/kerstin-done-231x300.jpg 231w, https:\/\/wp.kristdemokraterna.se\/solna\/files\/2021\/03\/kerstin-done-788x1024.jpg 788w, https:\/\/wp.kristdemokraterna.se\/solna\/files\/2021\/03\/kerstin-done-768x998.jpg 768w, https:\/\/wp.kristdemokraterna.se\/solna\/files\/2021\/03\/kerstin-done-154x200.jpg 154w, https:\/\/wp.kristdemokraterna.se\/solna\/files\/2021\/03\/kerstin-done-370x481.jpg 370w, https:\/\/wp.kristdemokraterna.se\/solna\/files\/2021\/03\/kerstin-done-770x1001.jpg 770w, https:\/\/wp.kristdemokraterna.se\/solna\/files\/2021\/03\/kerstin-done-450x585.jpg 450w, https:\/\/wp.kristdemokraterna.se\/solna\/files\/2021\/03\/kerstin-done-280x364.jpg 280w, https:\/\/wp.kristdemokraterna.se\/solna\/files\/2021\/03\/kerstin-done-340x442.jpg 340w, https:\/\/wp.kristdemokraterna.se\/solna\/files\/2021\/03\/kerstin-done-43x56.jpg 43w, https:\/\/wp.kristdemokraterna.se\/solna\/files\/2021\/03\/kerstin-done.jpg 1000w\" sizes=\"auto, (max-width: 185px) 100vw, 185px\" \/><\/a><\/p>\n<p><strong>Ledamot<br \/>\n<\/strong>Kerstin H\u00f6\u00f6k, 79 \u00e5r, R\u00e5sunda.<\/p>\n<p><a href=\"http:\/\/wp.kristdemokraterna.se\/solna\/files\/2024\/03\/charlotte.jpg\"><img loading=\"lazy\" decoding=\"async\" class=\"alignnone wp-image-3169\" src=\"http:\/\/wp.kristdemokraterna.se\/solna\/files\/2024\/03\/charlotte.jpg\" alt=\"\" width=\"186\" height=\"230\" srcset=\"https:\/\/wp.kristdemokraterna.se\/solna\/files\/2024\/03\/charlotte.jpg 526w, https:\/\/wp.kristdemokraterna.se\/solna\/files\/2024\/03\/charlotte-242x300.jpg 242w, https:\/\/wp.kristdemokraterna.se\/solna\/files\/2024\/03\/charlotte-162x200.jpg 162w, https:\/\/wp.kristdemokraterna.se\/solna\/files\/2024\/03\/charlotte-370x458.jpg 370w, https:\/\/wp.kristdemokraterna.se\/solna\/files\/2024\/03\/charlotte-450x557.jpg 450w, https:\/\/wp.kristdemokraterna.se\/solna\/files\/2024\/03\/charlotte-280x347.jpg 280w, https:\/\/wp.kristdemokraterna.se\/solna\/files\/2024\/03\/charlotte-340x421.jpg 340w, https:\/\/wp.kristdemokraterna.se\/solna\/files\/2024\/03\/charlotte-45x56.jpg 45w\" sizes=\"auto, (max-width: 186px) 100vw, 186px\" \/><\/a><\/p>\n<p><strong>Ers\u00e4ttare<\/strong><br \/>\nCharlotte Sundkvist, 51 \u00e5r, Skytteholm.<\/p>\n<p><a href=\"http:\/\/wp.kristdemokraterna.se\/solna\/files\/2025\/03\/jacob.jpg\"><img loading=\"lazy\" decoding=\"async\" class=\"alignnone  wp-image-3539\" src=\"http:\/\/wp.kristdemokraterna.se\/solna\/files\/2025\/03\/jacob-246x300.jpg\" alt=\"\" width=\"184\" height=\"224\" srcset=\"https:\/\/wp.kristdemokraterna.se\/solna\/files\/2025\/03\/jacob-246x300.jpg 246w, https:\/\/wp.kristdemokraterna.se\/solna\/files\/2025\/03\/jacob-840x1024.jpg 840w, https:\/\/wp.kristdemokraterna.se\/solna\/files\/2025\/03\/jacob-768x937.jpg 768w, https:\/\/wp.kristdemokraterna.se\/solna\/files\/2025\/03\/jacob-1260x1536.jpg 1260w, https:\/\/wp.kristdemokraterna.se\/solna\/files\/2025\/03\/jacob-164x200.jpg 164w, https:\/\/wp.kristdemokraterna.se\/solna\/files\/2025\/03\/jacob-370x451.jpg 370w, https:\/\/wp.kristdemokraterna.se\/solna\/files\/2025\/03\/jacob-770x939.jpg 770w, https:\/\/wp.kristdemokraterna.se\/solna\/files\/2025\/03\/jacob-450x549.jpg 450w, https:\/\/wp.kristdemokraterna.se\/solna\/files\/2025\/03\/jacob-280x341.jpg 280w, https:\/\/wp.kristdemokraterna.se\/solna\/files\/2025\/03\/jacob-340x415.jpg 340w, https:\/\/wp.kristdemokraterna.se\/solna\/files\/2025\/03\/jacob-46x56.jpg 46w, https:\/\/wp.kristdemokraterna.se\/solna\/files\/2025\/03\/jacob.jpg 1403w\" sizes=\"auto, (max-width: 184px) 100vw, 184px\" \/><\/a><\/p>\n<p><strong>Ers\u00e4ttare<\/strong><br \/>\nJacob James Ellis, 20 \u00e5r, Bergshamra.<\/p>\n<p><a href=\"http:\/\/wp.kristdemokraterna.se\/solna\/files\/2025\/03\/ingela2.jpg\"><img loading=\"lazy\" decoding=\"async\" class=\"alignnone  wp-image-3540\" src=\"http:\/\/wp.kristdemokraterna.se\/solna\/files\/2025\/03\/ingela2-227x300.jpg\" alt=\"\" width=\"182\" height=\"241\" srcset=\"https:\/\/wp.kristdemokraterna.se\/solna\/files\/2025\/03\/ingela2-227x300.jpg 227w, https:\/\/wp.kristdemokraterna.se\/solna\/files\/2025\/03\/ingela2-773x1024.jpg 773w, https:\/\/wp.kristdemokraterna.se\/solna\/files\/2025\/03\/ingela2-768x1017.jpg 768w, https:\/\/wp.kristdemokraterna.se\/solna\/files\/2025\/03\/ingela2-151x200.jpg 151w, https:\/\/wp.kristdemokraterna.se\/solna\/files\/2025\/03\/ingela2-370x490.jpg 370w, https:\/\/wp.kristdemokraterna.se\/solna\/files\/2025\/03\/ingela2-770x1020.jpg 770w, https:\/\/wp.kristdemokraterna.se\/solna\/files\/2025\/03\/ingela2-450x596.jpg 450w, https:\/\/wp.kristdemokraterna.se\/solna\/files\/2025\/03\/ingela2-280x371.jpg 280w, https:\/\/wp.kristdemokraterna.se\/solna\/files\/2025\/03\/ingela2-340x450.jpg 340w, https:\/\/wp.kristdemokraterna.se\/solna\/files\/2025\/03\/ingela2-42x56.jpg 42w, https:\/\/wp.kristdemokraterna.se\/solna\/files\/2025\/03\/ingela2.jpg 854w\" sizes=\"auto, (max-width: 182px) 100vw, 182px\" \/><\/a><\/p>\n<p><strong>Ers\u00e4ttare<\/strong><br \/>\nIngela Selin, 80 \u00e5r, Fr\u00f6sunda.<\/p>\n<p>&nbsp;<\/p>\n","protected":false},"excerpt":{"rendered":"<p>Ordf\u00f6rande Ansgar Toscha, 59 \u00e5r, Hagalund. Vice ordf\u00f6rande Andreas Hulusj\u00f6, 53 \u00e5r, R\u00e5sunda. Ledamot och kass\u00f6r Samuel Klippfalk, 46 \u00e5r, Fr\u00f6sunda. Ledamot Kerstin H\u00f6\u00f6k, 79 \u00e5r, R\u00e5sunda. Ers\u00e4ttare Charlotte Sundkvist, 51 \u00e5r, Skytteholm. Ers\u00e4ttare Jacob James Ellis, 20 \u00e5r, Bergshamra. Ers\u00e4ttare Ingela Selin, 80 \u00e5r, Fr\u00f6sunda. &nbsp;<\/p>\n","protected":false},"author":769,"featured_media":0,"parent":269,"menu_order":3,"comment_status":"closed","ping_status":"closed","template":"page.php","meta":{"_acf_changed":false,"footnotes":""},"class_list":["post-392","page","type-page","status-publish","hentry"],"acf":[],"yoast_head":"<!-- This site is optimized with the Yoast SEO plugin v27.3 - https:\/\/yoast.com\/product\/yoast-seo-wordpress\/ -->\n<title>Styrelsen - Kristdemokraterna i Solna<\/title>\n<meta name=\"robots\" content=\"index, follow, max-snippet:-1, max-image-preview:large, max-video-preview:-1\" \/>\n<link rel=\"canonical\" href=\"https:\/\/wp.kristdemokraterna.se\/solna\/textsida-med-vanster-sidebar\/styrelsen\/\" \/>\n<meta property=\"og:locale\" content=\"sv_SE\" \/>\n<meta property=\"og:type\" content=\"article\" \/>\n<meta property=\"og:title\" content=\"Styrelsen - Kristdemokraterna i Solna\" \/>\n<meta property=\"og:description\" content=\"Ordf\u00f6rande Ansgar Toscha, 59 \u00e5r, Hagalund. Vice ordf\u00f6rande Andreas Hulusj\u00f6, 53 \u00e5r, R\u00e5sunda. Ledamot och kass\u00f6r Samuel Klippfalk, 46 \u00e5r, Fr\u00f6sunda. Ledamot Kerstin H\u00f6\u00f6k, 79 \u00e5r, R\u00e5sunda. Ers\u00e4ttare Charlotte Sundkvist, 51 \u00e5r, Skytteholm. Ers\u00e4ttare Jacob James Ellis, 20 \u00e5r, Bergshamra. Ers\u00e4ttare Ingela Selin, 80 \u00e5r, Fr\u00f6sunda. &nbsp;\" \/>\n<meta property=\"og:url\" content=\"https:\/\/wp.kristdemokraterna.se\/solna\/textsida-med-vanster-sidebar\/styrelsen\/\" \/>\n<meta property=\"og:site_name\" content=\"Kristdemokraterna i Solna\" \/>\n<meta property=\"article:modified_time\" content=\"2025-03-25T13:06:05+00:00\" \/>\n<meta property=\"og:image\" content=\"https:\/\/wp.kristdemokraterna.se\/solna\/files\/2021\/03\/ansgar-done.jpg\" \/>\n\t<meta property=\"og:image:width\" content=\"1000\" \/>\n\t<meta property=\"og:image:height\" content=\"1300\" \/>\n\t<meta property=\"og:image:type\" content=\"image\/jpeg\" \/>\n<meta name=\"twitter:card\" content=\"summary_large_image\" \/>\n<meta name=\"twitter:label1\" content=\"Ber\u00e4knad l\u00e4stid\" \/>\n\t<meta name=\"twitter:data1\" content=\"2 minuter\" \/>\n<script type=\"application\/ld+json\" class=\"yoast-schema-graph\">{\"@context\":\"https:\\\/\\\/schema.org\",\"@graph\":[{\"@type\":\"WebPage\",\"@id\":\"https:\\\/\\\/wp.kristdemokraterna.se\\\/solna\\\/textsida-med-vanster-sidebar\\\/styrelsen\\\/\",\"url\":\"https:\\\/\\\/wp.kristdemokraterna.se\\\/solna\\\/textsida-med-vanster-sidebar\\\/styrelsen\\\/\",\"name\":\"Styrelsen - Kristdemokraterna i Solna\",\"isPartOf\":{\"@id\":\"https:\\\/\\\/wp.kristdemokraterna.se\\\/solna\\\/#website\"},\"primaryImageOfPage\":{\"@id\":\"https:\\\/\\\/wp.kristdemokraterna.se\\\/solna\\\/textsida-med-vanster-sidebar\\\/styrelsen\\\/#primaryimage\"},\"image\":{\"@id\":\"https:\\\/\\\/wp.kristdemokraterna.se\\\/solna\\\/textsida-med-vanster-sidebar\\\/styrelsen\\\/#primaryimage\"},\"thumbnailUrl\":\"http:\\\/\\\/wp.kristdemokraterna.se\\\/solna\\\/files\\\/2021\\\/03\\\/ansgar-done-231x300.jpg\",\"datePublished\":\"2018-01-03T14:21:45+00:00\",\"dateModified\":\"2025-03-25T13:06:05+00:00\",\"breadcrumb\":{\"@id\":\"https:\\\/\\\/wp.kristdemokraterna.se\\\/solna\\\/textsida-med-vanster-sidebar\\\/styrelsen\\\/#breadcrumb\"},\"inLanguage\":\"sv-SE\",\"potentialAction\":[{\"@type\":\"ReadAction\",\"target\":[\"https:\\\/\\\/wp.kristdemokraterna.se\\\/solna\\\/textsida-med-vanster-sidebar\\\/styrelsen\\\/\"]}]},{\"@type\":\"ImageObject\",\"inLanguage\":\"sv-SE\",\"@id\":\"https:\\\/\\\/wp.kristdemokraterna.se\\\/solna\\\/textsida-med-vanster-sidebar\\\/styrelsen\\\/#primaryimage\",\"url\":\"http:\\\/\\\/wp.kristdemokraterna.se\\\/solna\\\/files\\\/2021\\\/03\\\/ansgar-done-231x300.jpg\",\"contentUrl\":\"http:\\\/\\\/wp.kristdemokraterna.se\\\/solna\\\/files\\\/2021\\\/03\\\/ansgar-done-231x300.jpg\"},{\"@type\":\"BreadcrumbList\",\"@id\":\"https:\\\/\\\/wp.kristdemokraterna.se\\\/solna\\\/textsida-med-vanster-sidebar\\\/styrelsen\\\/#breadcrumb\",\"itemListElement\":[{\"@type\":\"ListItem\",\"position\":1,\"name\":\"Hem\",\"item\":\"https:\\\/\\\/wp.kristdemokraterna.se\\\/solna\\\/\"},{\"@type\":\"ListItem\",\"position\":2,\"name\":\"V\u00e5r partiavdelning\",\"item\":\"https:\\\/\\\/wp.kristdemokraterna.se\\\/solna\\\/textsida-med-vanster-sidebar\\\/\"},{\"@type\":\"ListItem\",\"position\":3,\"name\":\"Styrelsen\"}]},{\"@type\":\"WebSite\",\"@id\":\"https:\\\/\\\/wp.kristdemokraterna.se\\\/solna\\\/#website\",\"url\":\"https:\\\/\\\/wp.kristdemokraterna.se\\\/solna\\\/\",\"name\":\"Kristdemokraterna i Solna\",\"description\":\"Med \ud83d\udc99 f\u00f6r Solna\",\"inLanguage\":\"sv-SE\"}]}<\/script>\n<!-- \/ Yoast SEO plugin. -->","yoast_head_json":{"title":"Styrelsen - Kristdemokraterna i Solna","robots":{"index":"index","follow":"follow","max-snippet":"max-snippet:-1","max-image-preview":"max-image-preview:large","max-video-preview":"max-video-preview:-1"},"canonical":"https:\/\/wp.kristdemokraterna.se\/solna\/textsida-med-vanster-sidebar\/styrelsen\/","og_locale":"sv_SE","og_type":"article","og_title":"Styrelsen - Kristdemokraterna i Solna","og_description":"Ordf\u00f6rande Ansgar Toscha, 59 \u00e5r, Hagalund. Vice ordf\u00f6rande Andreas Hulusj\u00f6, 53 \u00e5r, R\u00e5sunda. Ledamot och kass\u00f6r Samuel Klippfalk, 46 \u00e5r, Fr\u00f6sunda. Ledamot Kerstin H\u00f6\u00f6k, 79 \u00e5r, R\u00e5sunda. Ers\u00e4ttare Charlotte Sundkvist, 51 \u00e5r, Skytteholm. Ers\u00e4ttare Jacob James Ellis, 20 \u00e5r, Bergshamra. Ers\u00e4ttare Ingela Selin, 80 \u00e5r, Fr\u00f6sunda. &nbsp;","og_url":"https:\/\/wp.kristdemokraterna.se\/solna\/textsida-med-vanster-sidebar\/styrelsen\/","og_site_name":"Kristdemokraterna i Solna","article_modified_time":"2025-03-25T13:06:05+00:00","og_image":[{"width":1000,"height":1300,"url":"https:\/\/wp.kristdemokraterna.se\/solna\/files\/2021\/03\/ansgar-done.jpg","type":"image\/jpeg"}],"twitter_card":"summary_large_image","twitter_misc":{"Ber\u00e4knad l\u00e4stid":"2 minuter"},"schema":{"@context":"https:\/\/schema.org","@graph":[{"@type":"WebPage","@id":"https:\/\/wp.kristdemokraterna.se\/solna\/textsida-med-vanster-sidebar\/styrelsen\/","url":"https:\/\/wp.kristdemokraterna.se\/solna\/textsida-med-vanster-sidebar\/styrelsen\/","name":"Styrelsen - Kristdemokraterna i Solna","isPartOf":{"@id":"https:\/\/wp.kristdemokraterna.se\/solna\/#website"},"primaryImageOfPage":{"@id":"https:\/\/wp.kristdemokraterna.se\/solna\/textsida-med-vanster-sidebar\/styrelsen\/#primaryimage"},"image":{"@id":"https:\/\/wp.kristdemokraterna.se\/solna\/textsida-med-vanster-sidebar\/styrelsen\/#primaryimage"},"thumbnailUrl":"http:\/\/wp.kristdemokraterna.se\/solna\/files\/2021\/03\/ansgar-done-231x300.jpg","datePublished":"2018-01-03T14:21:45+00:00","dateModified":"2025-03-25T13:06:05+00:00","breadcrumb":{"@id":"https:\/\/wp.kristdemokraterna.se\/solna\/textsida-med-vanster-sidebar\/styrelsen\/#breadcrumb"},"inLanguage":"sv-SE","potentialAction":[{"@type":"ReadAction","target":["https:\/\/wp.kristdemokraterna.se\/solna\/textsida-med-vanster-sidebar\/styrelsen\/"]}]},{"@type":"ImageObject","inLanguage":"sv-SE","@id":"https:\/\/wp.kristdemokraterna.se\/solna\/textsida-med-vanster-sidebar\/styrelsen\/#primaryimage","url":"http:\/\/wp.kristdemokraterna.se\/solna\/files\/2021\/03\/ansgar-done-231x300.jpg","contentUrl":"http:\/\/wp.kristdemokraterna.se\/solna\/files\/2021\/03\/ansgar-done-231x300.jpg"},{"@type":"BreadcrumbList","@id":"https:\/\/wp.kristdemokraterna.se\/solna\/textsida-med-vanster-sidebar\/styrelsen\/#breadcrumb","itemListElement":[{"@type":"ListItem","position":1,"name":"Hem","item":"https:\/\/wp.kristdemokraterna.se\/solna\/"},{"@type":"ListItem","position":2,"name":"V\u00e5r partiavdelning","item":"https:\/\/wp.kristdemokraterna.se\/solna\/textsida-med-vanster-sidebar\/"},{"@type":"ListItem","position":3,"name":"Styrelsen"}]},{"@type":"WebSite","@id":"https:\/\/wp.kristdemokraterna.se\/solna\/#website","url":"https:\/\/wp.kristdemokraterna.se\/solna\/","name":"Kristdemokraterna i Solna","description":"Med \ud83d\udc99 f\u00f6r Solna","inLanguage":"sv-SE"}]}},"_links":{"self":[{"href":"https:\/\/wp.kristdemokraterna.se\/solna\/wp-json\/wp\/v2\/pages\/392","targetHints":{"allow":["GET"]}}],"collection":[{"href":"https:\/\/wp.kristdemokraterna.se\/solna\/wp-json\/wp\/v2\/pages"}],"about":[{"href":"https:\/\/wp.kristdemokraterna.se\/solna\/wp-json\/wp\/v2\/types\/page"}],"author":[{"embeddable":true,"href":"https:\/\/wp.kristdemokraterna.se\/solna\/wp-json\/wp\/v2\/users\/769"}],"replies":[{"embeddable":true,"href":"https:\/\/wp.kristdemokraterna.se\/solna\/wp-json\/wp\/v2\/comments?post=392"}],"version-history":[{"count":40,"href":"https:\/\/wp.kristdemokraterna.se\/solna\/wp-json\/wp\/v2\/pages\/392\/revisions"}],"predecessor-version":[{"id":3541,"href":"https:\/\/wp.kristdemokraterna.se\/solna\/wp-json\/wp\/v2\/pages\/392\/revisions\/3541"}],"up":[{"embeddable":true,"href":"https:\/\/wp.kristdemokraterna.se\/solna\/wp-json\/wp\/v2\/pages\/269"}],"wp:attachment":[{"href":"https:\/\/wp.kristdemokraterna.se\/solna\/wp-json\/wp\/v2\/media?parent=392"}],"curies":[{"name":"wp","href":"https:\/\/api.w.org\/{rel}","templated":true}]}}