{"id":396,"date":"2018-01-03T15:29:26","date_gmt":"2018-01-03T14:29:26","guid":{"rendered":"http:\/\/wp.kristdemokraterna.se\/solna2\/?page_id=396"},"modified":"2025-08-18T15:26:00","modified_gmt":"2025-08-18T13:26:00","slug":"fortroendevalda","status":"publish","type":"page","link":"https:\/\/wp.kristdemokraterna.se\/solna\/textsida-med-vanster-sidebar\/fortroendevalda\/","title":{"rendered":"F\u00f6rtroendevalda"},"content":{"rendered":"<p><a href=\"http:\/\/wp.kristdemokraterna.se\/solna\/files\/2022\/10\/dina-representanter-i-kf2.jpg\"><img loading=\"lazy\" decoding=\"async\" class=\"alignnone size-large wp-image-2668\" src=\"http:\/\/wp.kristdemokraterna.se\/solna\/files\/2022\/10\/dina-representanter-i-kf2-1024x1024.jpg\" alt=\"\" width=\"1024\" height=\"1024\" srcset=\"https:\/\/wp.kristdemokraterna.se\/solna\/files\/2022\/10\/dina-representanter-i-kf2-1024x1024.jpg 1024w, https:\/\/wp.kristdemokraterna.se\/solna\/files\/2022\/10\/dina-representanter-i-kf2-300x300.jpg 300w, https:\/\/wp.kristdemokraterna.se\/solna\/files\/2022\/10\/dina-representanter-i-kf2-150x150.jpg 150w, https:\/\/wp.kristdemokraterna.se\/solna\/files\/2022\/10\/dina-representanter-i-kf2-768x768.jpg 768w, https:\/\/wp.kristdemokraterna.se\/solna\/files\/2022\/10\/dina-representanter-i-kf2-1536x1536.jpg 1536w, https:\/\/wp.kristdemokraterna.se\/solna\/files\/2022\/10\/dina-representanter-i-kf2-2048x2048.jpg 2048w, https:\/\/wp.kristdemokraterna.se\/solna\/files\/2022\/10\/dina-representanter-i-kf2-200x200.jpg 200w, https:\/\/wp.kristdemokraterna.se\/solna\/files\/2022\/10\/dina-representanter-i-kf2-370x370.jpg 370w, https:\/\/wp.kristdemokraterna.se\/solna\/files\/2022\/10\/dina-representanter-i-kf2-90x90.jpg 90w, https:\/\/wp.kristdemokraterna.se\/solna\/files\/2022\/10\/dina-representanter-i-kf2-770x770.jpg 770w, https:\/\/wp.kristdemokraterna.se\/solna\/files\/2022\/10\/dina-representanter-i-kf2-450x450.jpg 450w, https:\/\/wp.kristdemokraterna.se\/solna\/files\/2022\/10\/dina-representanter-i-kf2-280x280.jpg 280w, https:\/\/wp.kristdemokraterna.se\/solna\/files\/2022\/10\/dina-representanter-i-kf2-340x340.jpg 340w, https:\/\/wp.kristdemokraterna.se\/solna\/files\/2022\/10\/dina-representanter-i-kf2-56x56.jpg 56w\" sizes=\"auto, (max-width: 1024px) 100vw, 1024px\" \/><\/a><br \/>\n<strong>Samuel Klippfalk<br \/>\n<\/strong>Oppositionsr\u00e5d och ledamot i kommunstyrelsen, gruppledare i kommunfullm\u00e4ktige.<\/p>\n<p><a href=\"http:\/\/wp.kristdemokraterna.se\/solna\/files\/2022\/10\/dina-representanter-i-kf3.jpg\"><img loading=\"lazy\" decoding=\"async\" class=\"alignnone size-large wp-image-2669\" src=\"http:\/\/wp.kristdemokraterna.se\/solna\/files\/2022\/10\/dina-representanter-i-kf3-1024x1024.jpg\" alt=\"\" width=\"1024\" height=\"1024\" srcset=\"https:\/\/wp.kristdemokraterna.se\/solna\/files\/2022\/10\/dina-representanter-i-kf3-1024x1024.jpg 1024w, https:\/\/wp.kristdemokraterna.se\/solna\/files\/2022\/10\/dina-representanter-i-kf3-300x300.jpg 300w, https:\/\/wp.kristdemokraterna.se\/solna\/files\/2022\/10\/dina-representanter-i-kf3-150x150.jpg 150w, https:\/\/wp.kristdemokraterna.se\/solna\/files\/2022\/10\/dina-representanter-i-kf3-768x768.jpg 768w, https:\/\/wp.kristdemokraterna.se\/solna\/files\/2022\/10\/dina-representanter-i-kf3-1536x1536.jpg 1536w, https:\/\/wp.kristdemokraterna.se\/solna\/files\/2022\/10\/dina-representanter-i-kf3-2048x2048.jpg 2048w, https:\/\/wp.kristdemokraterna.se\/solna\/files\/2022\/10\/dina-representanter-i-kf3-200x200.jpg 200w, https:\/\/wp.kristdemokraterna.se\/solna\/files\/2022\/10\/dina-representanter-i-kf3-370x370.jpg 370w, https:\/\/wp.kristdemokraterna.se\/solna\/files\/2022\/10\/dina-representanter-i-kf3-90x90.jpg 90w, https:\/\/wp.kristdemokraterna.se\/solna\/files\/2022\/10\/dina-representanter-i-kf3-770x770.jpg 770w, https:\/\/wp.kristdemokraterna.se\/solna\/files\/2022\/10\/dina-representanter-i-kf3-450x450.jpg 450w, https:\/\/wp.kristdemokraterna.se\/solna\/files\/2022\/10\/dina-representanter-i-kf3-280x280.jpg 280w, https:\/\/wp.kristdemokraterna.se\/solna\/files\/2022\/10\/dina-representanter-i-kf3-340x340.jpg 340w, https:\/\/wp.kristdemokraterna.se\/solna\/files\/2022\/10\/dina-representanter-i-kf3-56x56.jpg 56w\" sizes=\"auto, (max-width: 1024px) 100vw, 1024px\" \/><\/a><\/p>\n<p><strong>Nataliya Hulusj\u00f6<\/strong><br \/>\nLedamot i kommunfullm\u00e4ktige<\/p>\n<p><a href=\"http:\/\/wp.kristdemokraterna.se\/solna\/files\/2022\/10\/dina-representanter-i-kf4.jpg\"><img loading=\"lazy\" decoding=\"async\" class=\"alignnone size-large wp-image-2670\" src=\"http:\/\/wp.kristdemokraterna.se\/solna\/files\/2022\/10\/dina-representanter-i-kf4-1024x1024.jpg\" alt=\"\" width=\"1024\" height=\"1024\" srcset=\"https:\/\/wp.kristdemokraterna.se\/solna\/files\/2022\/10\/dina-representanter-i-kf4-1024x1024.jpg 1024w, https:\/\/wp.kristdemokraterna.se\/solna\/files\/2022\/10\/dina-representanter-i-kf4-300x300.jpg 300w, https:\/\/wp.kristdemokraterna.se\/solna\/files\/2022\/10\/dina-representanter-i-kf4-150x150.jpg 150w, https:\/\/wp.kristdemokraterna.se\/solna\/files\/2022\/10\/dina-representanter-i-kf4-768x768.jpg 768w, https:\/\/wp.kristdemokraterna.se\/solna\/files\/2022\/10\/dina-representanter-i-kf4-1536x1536.jpg 1536w, https:\/\/wp.kristdemokraterna.se\/solna\/files\/2022\/10\/dina-representanter-i-kf4-2048x2048.jpg 2048w, https:\/\/wp.kristdemokraterna.se\/solna\/files\/2022\/10\/dina-representanter-i-kf4-200x200.jpg 200w, https:\/\/wp.kristdemokraterna.se\/solna\/files\/2022\/10\/dina-representanter-i-kf4-370x370.jpg 370w, https:\/\/wp.kristdemokraterna.se\/solna\/files\/2022\/10\/dina-representanter-i-kf4-90x90.jpg 90w, https:\/\/wp.kristdemokraterna.se\/solna\/files\/2022\/10\/dina-representanter-i-kf4-770x770.jpg 770w, https:\/\/wp.kristdemokraterna.se\/solna\/files\/2022\/10\/dina-representanter-i-kf4-450x450.jpg 450w, https:\/\/wp.kristdemokraterna.se\/solna\/files\/2022\/10\/dina-representanter-i-kf4-280x280.jpg 280w, https:\/\/wp.kristdemokraterna.se\/solna\/files\/2022\/10\/dina-representanter-i-kf4-340x340.jpg 340w, https:\/\/wp.kristdemokraterna.se\/solna\/files\/2022\/10\/dina-representanter-i-kf4-56x56.jpg 56w\" sizes=\"auto, (max-width: 1024px) 100vw, 1024px\" \/><\/a><\/p>\n<p><strong>Ansgar Toscha<\/strong><br \/>\nErs\u00e4ttare i kommunfullm\u00e4ktige<\/p>\n<p><a href=\"http:\/\/wp.kristdemokraterna.se\/solna\/files\/2024\/04\/dina-representanter-i-kf-2024-scaled.jpg\"><img loading=\"lazy\" decoding=\"async\" class=\"alignnone size-large wp-image-3197\" src=\"http:\/\/wp.kristdemokraterna.se\/solna\/files\/2024\/04\/dina-representanter-i-kf-2024-1024x1024.jpg\" alt=\"\" width=\"1024\" height=\"1024\" srcset=\"https:\/\/wp.kristdemokraterna.se\/solna\/files\/2024\/04\/dina-representanter-i-kf-2024-1024x1024.jpg 1024w, https:\/\/wp.kristdemokraterna.se\/solna\/files\/2024\/04\/dina-representanter-i-kf-2024-300x300.jpg 300w, https:\/\/wp.kristdemokraterna.se\/solna\/files\/2024\/04\/dina-representanter-i-kf-2024-150x150.jpg 150w, https:\/\/wp.kristdemokraterna.se\/solna\/files\/2024\/04\/dina-representanter-i-kf-2024-768x768.jpg 768w, https:\/\/wp.kristdemokraterna.se\/solna\/files\/2024\/04\/dina-representanter-i-kf-2024-1536x1536.jpg 1536w, https:\/\/wp.kristdemokraterna.se\/solna\/files\/2024\/04\/dina-representanter-i-kf-2024-2048x2048.jpg 2048w, https:\/\/wp.kristdemokraterna.se\/solna\/files\/2024\/04\/dina-representanter-i-kf-2024-200x200.jpg 200w, https:\/\/wp.kristdemokraterna.se\/solna\/files\/2024\/04\/dina-representanter-i-kf-2024-370x370.jpg 370w, https:\/\/wp.kristdemokraterna.se\/solna\/files\/2024\/04\/dina-representanter-i-kf-2024-90x90.jpg 90w, https:\/\/wp.kristdemokraterna.se\/solna\/files\/2024\/04\/dina-representanter-i-kf-2024-770x770.jpg 770w, https:\/\/wp.kristdemokraterna.se\/solna\/files\/2024\/04\/dina-representanter-i-kf-2024-450x450.jpg 450w, https:\/\/wp.kristdemokraterna.se\/solna\/files\/2024\/04\/dina-representanter-i-kf-2024-280x280.jpg 280w, https:\/\/wp.kristdemokraterna.se\/solna\/files\/2024\/04\/dina-representanter-i-kf-2024-340x340.jpg 340w, https:\/\/wp.kristdemokraterna.se\/solna\/files\/2024\/04\/dina-representanter-i-kf-2024-56x56.jpg 56w\" sizes=\"auto, (max-width: 1024px) 100vw, 1024px\" \/><\/a><\/p>\n<p><strong>Andreas Hulusj\u00f6<\/strong><br \/>\nErs\u00e4ttare i kommunfullm\u00e4ktige<\/p>\n<p>&nbsp;<\/p>\n<p>Omv\u00e5rdnadsn\u00e4mnden: Samuel Klippfalk (2 vice ordf\u00f6rande), Lennart Andin (ers\u00e4ttare)<\/p>\n<p>Kompetensn\u00e4mnden: Ansgar Toscha (2 vice ordf\u00f6rande), Sture Eckeskog (ers\u00e4ttare)<\/p>\n<p>Byggnadsn\u00e4mnden: Kent-Rune Sj\u00f6holm (ledamot)<\/p>\n<p>Tekniska n\u00e4mnden\/R\u00e5sunda F\u00f6rstads AB\/\u00d6verj\u00e4rva G\u00e5rd AB (personunion): Andreas Hulusj\u00f6 (ledamot)<\/p>\n<p>Skoln\u00e4mnden: Nataliya Hulusj\u00f6 (ledamot)<\/p>\n<p>F\u00f6rskolen\u00e4mnden: Petra Klippfalk (ledamot)<\/p>\n<p>Kultur- och fritidsn\u00e4mnden: Andreas Hulusj\u00f6 (ledamot)<\/p>\n<p>Milj\u00f6- och h\u00e4lsoskyddsn\u00e4mnden: Kaspian Tannberg (ledamot)<\/p>\n<p>Socialn\u00e4mnden: Kerstin H\u00f6\u00f6k (ledamot)<\/p>\n<p>Arvodeskommitt\u00e9n: Lennart Andin (ledamot), Charlotte Sundkvist (ers\u00e4ttare)<\/p>\n<p>Internationella kommitt\u00e9n: Sture Eckeskog (ledamot)<\/p>\n<p>Kommunrevisionen: Daniel T\u00f6rnros (ledamot)<\/p>\n<p>Valn\u00e4mnden: Nataliya Hulusj\u00f6 (ledamot), Kerstin H\u00f6\u00f6k (ers\u00e4ttare)<\/p>\n<p>R\u00e5det f\u00f6r funktionshinderfr\u00e5gor: Sture Eckeskog (ledamot)<\/p>\n<p>Kommunala pension\u00e4rsr\u00e5det: Samuel Klippfalk (ledamot)<\/p>\n<p>Bostadsstiftelsen Signalisten: Sami Grahn (ledamot)<\/p>\n<p>Solna Vatten: Andreas Hulusj\u00f6 (ers\u00e4ttare)<\/p>\n<p>STORSTHLM: Samuel Klippfalk (ledamot)<\/p>\n<p>M\u00e4lardalsr\u00e5det: Samuel Klippfalk (ers\u00e4ttare)<\/p>\n<p>Norrenergi: Samuel Klippfalk (ledamot)<\/p>\n<p>Solna-Sundbybergskommitt\u00e9n: Samuel Klippfalk (ledamot)<\/p>\n<p>Stiftelsen Filmstaden Kultur: Nataliya Hulusj\u00f6 (ers\u00e4ttare)<\/p>\n<p>K\u00e4ppalaf\u00f6rbundet: Ansgar Toscha (ers\u00e4ttare)<\/p>\n<p>Kommunalf\u00f6rbundet Norrvatten: Ansgar Toscha (ers\u00e4ttare)<\/p>\n<p>Kommunstyrelsens beredning f\u00f6r exploatering: Samuel Klippfalk (ledamot)<\/p>\n<p>Kommunstyrelsens beredning f\u00f6r milj\u00f6 och klimat: Jesper Siljekvist (ledamot), Kent-Rune Sj\u00f6holm (ers\u00e4ttare)<\/p>\n<p>Kommunstyrelsens beredning f\u00f6r demokrati och digitalisering: Kaspian Tannberg (ledamot)<\/p>\n<p>Solna tingsr\u00e4tt: Kerstin H\u00f6\u00f6k (n\u00e4mndeman), Charlotte Sundkvist (n\u00e4mndeman)<\/p>\n<p>Vigself\u00f6rr\u00e4ttare: Charlotte Sundkvist<\/p>\n","protected":false},"excerpt":{"rendered":"<p>Samuel Klippfalk Oppositionsr\u00e5d och ledamot i kommunstyrelsen, gruppledare i kommunfullm\u00e4ktige. Nataliya Hulusj\u00f6 Ledamot i kommunfullm\u00e4ktige Ansgar Toscha Ers\u00e4ttare i kommunfullm\u00e4ktige Andreas Hulusj\u00f6 Ers\u00e4ttare i kommunfullm\u00e4ktige &nbsp; Omv\u00e5rdnadsn\u00e4mnden: Samuel Klippfalk (2 vice ordf\u00f6rande), Lennart Andin (ers\u00e4ttare) Kompetensn\u00e4mnden: Ansgar Toscha (2 vice ordf\u00f6rande), Sture Eckeskog (ers\u00e4ttare) Byggnadsn\u00e4mnden: Kent-Rune Sj\u00f6holm (ledamot) Tekniska n\u00e4mnden\/R\u00e5sunda F\u00f6rstads AB\/\u00d6verj\u00e4rva G\u00e5rd AB (personunion): <a class=\"read-more-link\" href=\"https:\/\/wp.kristdemokraterna.se\/solna\/textsida-med-vanster-sidebar\/fortroendevalda\/\">Read More<\/a><\/p>\n","protected":false},"author":769,"featured_media":0,"parent":269,"menu_order":1,"comment_status":"closed","ping_status":"closed","template":"page.php","meta":{"_acf_changed":false,"footnotes":""},"class_list":["post-396","page","type-page","status-publish","hentry"],"acf":[],"yoast_head":"<!-- This site is optimized with the Yoast SEO plugin v27.3 - https:\/\/yoast.com\/product\/yoast-seo-wordpress\/ -->\n<title>F\u00f6rtroendevalda - Kristdemokraterna i Solna<\/title>\n<meta name=\"robots\" content=\"index, follow, max-snippet:-1, max-image-preview:large, max-video-preview:-1\" \/>\n<link rel=\"canonical\" href=\"https:\/\/wp.kristdemokraterna.se\/solna\/textsida-med-vanster-sidebar\/fortroendevalda\/\" \/>\n<meta property=\"og:locale\" content=\"sv_SE\" \/>\n<meta property=\"og:type\" content=\"article\" \/>\n<meta property=\"og:title\" content=\"F\u00f6rtroendevalda - Kristdemokraterna i Solna\" \/>\n<meta property=\"og:description\" content=\"Samuel Klippfalk Oppositionsr\u00e5d och ledamot i kommunstyrelsen, gruppledare i kommunfullm\u00e4ktige. Nataliya Hulusj\u00f6 Ledamot i kommunfullm\u00e4ktige Ansgar Toscha Ers\u00e4ttare i kommunfullm\u00e4ktige Andreas Hulusj\u00f6 Ers\u00e4ttare i kommunfullm\u00e4ktige &nbsp; Omv\u00e5rdnadsn\u00e4mnden: Samuel Klippfalk (2 vice ordf\u00f6rande), Lennart Andin (ers\u00e4ttare) Kompetensn\u00e4mnden: Ansgar Toscha (2 vice ordf\u00f6rande), Sture Eckeskog (ers\u00e4ttare) Byggnadsn\u00e4mnden: Kent-Rune Sj\u00f6holm (ledamot) Tekniska n\u00e4mnden\/R\u00e5sunda F\u00f6rstads AB\/\u00d6verj\u00e4rva G\u00e5rd AB (personunion): Read More\" \/>\n<meta property=\"og:url\" content=\"https:\/\/wp.kristdemokraterna.se\/solna\/textsida-med-vanster-sidebar\/fortroendevalda\/\" \/>\n<meta property=\"og:site_name\" content=\"Kristdemokraterna i Solna\" \/>\n<meta property=\"article:modified_time\" content=\"2025-08-18T13:26:00+00:00\" \/>\n<meta property=\"og:image\" content=\"https:\/\/wp.kristdemokraterna.se\/solna\/files\/2022\/10\/dina-representanter-i-kf2.jpg\" \/>\n\t<meta property=\"og:image:width\" content=\"2083\" \/>\n\t<meta property=\"og:image:height\" content=\"2083\" \/>\n\t<meta property=\"og:image:type\" content=\"image\/jpeg\" \/>\n<meta name=\"twitter:card\" content=\"summary_large_image\" \/>\n<meta name=\"twitter:label1\" content=\"Ber\u00e4knad l\u00e4stid\" \/>\n\t<meta name=\"twitter:data1\" content=\"2 minuter\" \/>\n<script type=\"application\/ld+json\" class=\"yoast-schema-graph\">{\"@context\":\"https:\\\/\\\/schema.org\",\"@graph\":[{\"@type\":\"WebPage\",\"@id\":\"https:\\\/\\\/wp.kristdemokraterna.se\\\/solna\\\/textsida-med-vanster-sidebar\\\/fortroendevalda\\\/\",\"url\":\"https:\\\/\\\/wp.kristdemokraterna.se\\\/solna\\\/textsida-med-vanster-sidebar\\\/fortroendevalda\\\/\",\"name\":\"F\u00f6rtroendevalda - Kristdemokraterna i Solna\",\"isPartOf\":{\"@id\":\"https:\\\/\\\/wp.kristdemokraterna.se\\\/solna\\\/#website\"},\"primaryImageOfPage\":{\"@id\":\"https:\\\/\\\/wp.kristdemokraterna.se\\\/solna\\\/textsida-med-vanster-sidebar\\\/fortroendevalda\\\/#primaryimage\"},\"image\":{\"@id\":\"https:\\\/\\\/wp.kristdemokraterna.se\\\/solna\\\/textsida-med-vanster-sidebar\\\/fortroendevalda\\\/#primaryimage\"},\"thumbnailUrl\":\"http:\\\/\\\/wp.kristdemokraterna.se\\\/solna\\\/files\\\/2022\\\/10\\\/dina-representanter-i-kf2-1024x1024.jpg\",\"datePublished\":\"2018-01-03T14:29:26+00:00\",\"dateModified\":\"2025-08-18T13:26:00+00:00\",\"breadcrumb\":{\"@id\":\"https:\\\/\\\/wp.kristdemokraterna.se\\\/solna\\\/textsida-med-vanster-sidebar\\\/fortroendevalda\\\/#breadcrumb\"},\"inLanguage\":\"sv-SE\",\"potentialAction\":[{\"@type\":\"ReadAction\",\"target\":[\"https:\\\/\\\/wp.kristdemokraterna.se\\\/solna\\\/textsida-med-vanster-sidebar\\\/fortroendevalda\\\/\"]}]},{\"@type\":\"ImageObject\",\"inLanguage\":\"sv-SE\",\"@id\":\"https:\\\/\\\/wp.kristdemokraterna.se\\\/solna\\\/textsida-med-vanster-sidebar\\\/fortroendevalda\\\/#primaryimage\",\"url\":\"http:\\\/\\\/wp.kristdemokraterna.se\\\/solna\\\/files\\\/2022\\\/10\\\/dina-representanter-i-kf2-1024x1024.jpg\",\"contentUrl\":\"http:\\\/\\\/wp.kristdemokraterna.se\\\/solna\\\/files\\\/2022\\\/10\\\/dina-representanter-i-kf2-1024x1024.jpg\"},{\"@type\":\"BreadcrumbList\",\"@id\":\"https:\\\/\\\/wp.kristdemokraterna.se\\\/solna\\\/textsida-med-vanster-sidebar\\\/fortroendevalda\\\/#breadcrumb\",\"itemListElement\":[{\"@type\":\"ListItem\",\"position\":1,\"name\":\"Hem\",\"item\":\"https:\\\/\\\/wp.kristdemokraterna.se\\\/solna\\\/\"},{\"@type\":\"ListItem\",\"position\":2,\"name\":\"V\u00e5r partiavdelning\",\"item\":\"https:\\\/\\\/wp.kristdemokraterna.se\\\/solna\\\/textsida-med-vanster-sidebar\\\/\"},{\"@type\":\"ListItem\",\"position\":3,\"name\":\"F\u00f6rtroendevalda\"}]},{\"@type\":\"WebSite\",\"@id\":\"https:\\\/\\\/wp.kristdemokraterna.se\\\/solna\\\/#website\",\"url\":\"https:\\\/\\\/wp.kristdemokraterna.se\\\/solna\\\/\",\"name\":\"Kristdemokraterna i Solna\",\"description\":\"Med \ud83d\udc99 f\u00f6r Solna\",\"inLanguage\":\"sv-SE\"}]}<\/script>\n<!-- \/ Yoast SEO plugin. -->","yoast_head_json":{"title":"F\u00f6rtroendevalda - Kristdemokraterna i Solna","robots":{"index":"index","follow":"follow","max-snippet":"max-snippet:-1","max-image-preview":"max-image-preview:large","max-video-preview":"max-video-preview:-1"},"canonical":"https:\/\/wp.kristdemokraterna.se\/solna\/textsida-med-vanster-sidebar\/fortroendevalda\/","og_locale":"sv_SE","og_type":"article","og_title":"F\u00f6rtroendevalda - Kristdemokraterna i Solna","og_description":"Samuel Klippfalk Oppositionsr\u00e5d och ledamot i kommunstyrelsen, gruppledare i kommunfullm\u00e4ktige. Nataliya Hulusj\u00f6 Ledamot i kommunfullm\u00e4ktige Ansgar Toscha Ers\u00e4ttare i kommunfullm\u00e4ktige Andreas Hulusj\u00f6 Ers\u00e4ttare i kommunfullm\u00e4ktige &nbsp; Omv\u00e5rdnadsn\u00e4mnden: Samuel Klippfalk (2 vice ordf\u00f6rande), Lennart Andin (ers\u00e4ttare) Kompetensn\u00e4mnden: Ansgar Toscha (2 vice ordf\u00f6rande), Sture Eckeskog (ers\u00e4ttare) Byggnadsn\u00e4mnden: Kent-Rune Sj\u00f6holm (ledamot) Tekniska n\u00e4mnden\/R\u00e5sunda F\u00f6rstads AB\/\u00d6verj\u00e4rva G\u00e5rd AB (personunion): Read More","og_url":"https:\/\/wp.kristdemokraterna.se\/solna\/textsida-med-vanster-sidebar\/fortroendevalda\/","og_site_name":"Kristdemokraterna i Solna","article_modified_time":"2025-08-18T13:26:00+00:00","og_image":[{"width":2083,"height":2083,"url":"https:\/\/wp.kristdemokraterna.se\/solna\/files\/2022\/10\/dina-representanter-i-kf2.jpg","type":"image\/jpeg"}],"twitter_card":"summary_large_image","twitter_misc":{"Ber\u00e4knad l\u00e4stid":"2 minuter"},"schema":{"@context":"https:\/\/schema.org","@graph":[{"@type":"WebPage","@id":"https:\/\/wp.kristdemokraterna.se\/solna\/textsida-med-vanster-sidebar\/fortroendevalda\/","url":"https:\/\/wp.kristdemokraterna.se\/solna\/textsida-med-vanster-sidebar\/fortroendevalda\/","name":"F\u00f6rtroendevalda - Kristdemokraterna i Solna","isPartOf":{"@id":"https:\/\/wp.kristdemokraterna.se\/solna\/#website"},"primaryImageOfPage":{"@id":"https:\/\/wp.kristdemokraterna.se\/solna\/textsida-med-vanster-sidebar\/fortroendevalda\/#primaryimage"},"image":{"@id":"https:\/\/wp.kristdemokraterna.se\/solna\/textsida-med-vanster-sidebar\/fortroendevalda\/#primaryimage"},"thumbnailUrl":"http:\/\/wp.kristdemokraterna.se\/solna\/files\/2022\/10\/dina-representanter-i-kf2-1024x1024.jpg","datePublished":"2018-01-03T14:29:26+00:00","dateModified":"2025-08-18T13:26:00+00:00","breadcrumb":{"@id":"https:\/\/wp.kristdemokraterna.se\/solna\/textsida-med-vanster-sidebar\/fortroendevalda\/#breadcrumb"},"inLanguage":"sv-SE","potentialAction":[{"@type":"ReadAction","target":["https:\/\/wp.kristdemokraterna.se\/solna\/textsida-med-vanster-sidebar\/fortroendevalda\/"]}]},{"@type":"ImageObject","inLanguage":"sv-SE","@id":"https:\/\/wp.kristdemokraterna.se\/solna\/textsida-med-vanster-sidebar\/fortroendevalda\/#primaryimage","url":"http:\/\/wp.kristdemokraterna.se\/solna\/files\/2022\/10\/dina-representanter-i-kf2-1024x1024.jpg","contentUrl":"http:\/\/wp.kristdemokraterna.se\/solna\/files\/2022\/10\/dina-representanter-i-kf2-1024x1024.jpg"},{"@type":"BreadcrumbList","@id":"https:\/\/wp.kristdemokraterna.se\/solna\/textsida-med-vanster-sidebar\/fortroendevalda\/#breadcrumb","itemListElement":[{"@type":"ListItem","position":1,"name":"Hem","item":"https:\/\/wp.kristdemokraterna.se\/solna\/"},{"@type":"ListItem","position":2,"name":"V\u00e5r partiavdelning","item":"https:\/\/wp.kristdemokraterna.se\/solna\/textsida-med-vanster-sidebar\/"},{"@type":"ListItem","position":3,"name":"F\u00f6rtroendevalda"}]},{"@type":"WebSite","@id":"https:\/\/wp.kristdemokraterna.se\/solna\/#website","url":"https:\/\/wp.kristdemokraterna.se\/solna\/","name":"Kristdemokraterna i Solna","description":"Med \ud83d\udc99 f\u00f6r Solna","inLanguage":"sv-SE"}]}},"_links":{"self":[{"href":"https:\/\/wp.kristdemokraterna.se\/solna\/wp-json\/wp\/v2\/pages\/396","targetHints":{"allow":["GET"]}}],"collection":[{"href":"https:\/\/wp.kristdemokraterna.se\/solna\/wp-json\/wp\/v2\/pages"}],"about":[{"href":"https:\/\/wp.kristdemokraterna.se\/solna\/wp-json\/wp\/v2\/types\/page"}],"author":[{"embeddable":true,"href":"https:\/\/wp.kristdemokraterna.se\/solna\/wp-json\/wp\/v2\/users\/769"}],"replies":[{"embeddable":true,"href":"https:\/\/wp.kristdemokraterna.se\/solna\/wp-json\/wp\/v2\/comments?post=396"}],"version-history":[{"count":72,"href":"https:\/\/wp.kristdemokraterna.se\/solna\/wp-json\/wp\/v2\/pages\/396\/revisions"}],"predecessor-version":[{"id":3641,"href":"https:\/\/wp.kristdemokraterna.se\/solna\/wp-json\/wp\/v2\/pages\/396\/revisions\/3641"}],"up":[{"embeddable":true,"href":"https:\/\/wp.kristdemokraterna.se\/solna\/wp-json\/wp\/v2\/pages\/269"}],"wp:attachment":[{"href":"https:\/\/wp.kristdemokraterna.se\/solna\/wp-json\/wp\/v2\/media?parent=396"}],"curies":[{"name":"wp","href":"https:\/\/api.w.org\/{rel}","templated":true}]}}