{"id":114,"date":"2012-08-21T08:44:56","date_gmt":"2012-08-21T06:44:56","guid":{"rendered":"http:\/\/wp.kristdemokraterna.se\/sormland\/?page_id=114"},"modified":"2022-08-18T13:17:23","modified_gmt":"2022-08-18T11:17:23","slug":"kontakt","status":"publish","type":"page","link":"https:\/\/wp.kristdemokraterna.se\/sormland\/kontakt\/","title":{"rendered":"Kontakt"},"content":{"rendered":"<p>Vill du komma i kontakt med f\u00f6rtroendevalda eller funktion\u00e4rer i Kristdemokraterna S\u00f6rmland eller n\u00e5gon av v\u00e5ra partiavdelningar? Nedan ser du kontaktuppgifter till partidistriktsavdelningen och dess partiavdelningar.<\/p>\n<p>F\u00f6r mer information om kristdemokrater p\u00e5 din ort rekommenderas s\u00f6kmotorn p\u00e5 riksorganisationens hemsida, som du hittar <a title=\"Kristdemokrater p\u00e5 din ort i S\u00f6rmland\" href=\"http:\/\/www.kristdemokraterna.se\/Lokalt\/Sormland\/\" target=\"_blank\" rel=\"noopener\">h\u00e4r<\/a>.<\/p>\n<p>&nbsp;<\/p>\n","protected":false},"excerpt":{"rendered":"<p>Vill du komma i kontakt med f\u00f6rtroendevalda eller funktion\u00e4rer i Kristdemokraterna S\u00f6rmland eller n\u00e5gon av v\u00e5ra partiavdelningar? Nedan ser du kontaktuppgifter till partidistriktsavdelningen och dess partiavdelningar. F\u00f6r mer information om kristdemokrater p\u00e5 din ort rekommenderas s\u00f6kmotorn p\u00e5 riksorganisationens hemsida, som du hittar h\u00e4r. &nbsp;<\/p>\n","protected":false},"author":16,"featured_media":0,"parent":0,"menu_order":4,"comment_status":"closed","ping_status":"closed","template":"","meta":{"_acf_changed":false,"footnotes":""},"class_list":["post-114","page","type-page","status-publish","hentry"],"acf":[],"yoast_head":"<!-- This site is optimized with the Yoast SEO plugin v27.4 - https:\/\/yoast.com\/product\/yoast-seo-wordpress\/ -->\n<title>Kontakt - S\u00d6RMLAND<\/title>\n<meta name=\"robots\" content=\"index, follow, max-snippet:-1, max-image-preview:large, max-video-preview:-1\" \/>\n<link rel=\"canonical\" href=\"https:\/\/wp.kristdemokraterna.se\/sormland\/kontakt\/\" \/>\n<meta property=\"og:locale\" content=\"sv_SE\" \/>\n<meta property=\"og:type\" content=\"article\" \/>\n<meta property=\"og:title\" content=\"Kontakt - S\u00d6RMLAND\" \/>\n<meta property=\"og:description\" content=\"Vill du komma i kontakt med f\u00f6rtroendevalda eller funktion\u00e4rer i Kristdemokraterna S\u00f6rmland eller n\u00e5gon av v\u00e5ra partiavdelningar? Nedan ser du kontaktuppgifter till partidistriktsavdelningen och dess partiavdelningar. F\u00f6r mer information om kristdemokrater p\u00e5 din ort rekommenderas s\u00f6kmotorn p\u00e5 riksorganisationens hemsida, som du hittar h\u00e4r. &nbsp;\" \/>\n<meta property=\"og:url\" content=\"https:\/\/wp.kristdemokraterna.se\/sormland\/kontakt\/\" \/>\n<meta property=\"og:site_name\" content=\"S\u00d6RMLAND\" \/>\n<meta property=\"article:modified_time\" content=\"2022-08-18T11:17:23+00:00\" \/>\n<meta name=\"twitter:card\" content=\"summary_large_image\" \/>\n<script type=\"application\/ld+json\" class=\"yoast-schema-graph\">{\"@context\":\"https:\\\/\\\/schema.org\",\"@graph\":[{\"@type\":\"WebPage\",\"@id\":\"https:\\\/\\\/wp.kristdemokraterna.se\\\/sormland\\\/kontakt\\\/\",\"url\":\"https:\\\/\\\/wp.kristdemokraterna.se\\\/sormland\\\/kontakt\\\/\",\"name\":\"Kontakt - S\u00d6RMLAND\",\"isPartOf\":{\"@id\":\"https:\\\/\\\/wp.kristdemokraterna.se\\\/sormland\\\/#website\"},\"datePublished\":\"2012-08-21T06:44:56+00:00\",\"dateModified\":\"2022-08-18T11:17:23+00:00\",\"breadcrumb\":{\"@id\":\"https:\\\/\\\/wp.kristdemokraterna.se\\\/sormland\\\/kontakt\\\/#breadcrumb\"},\"inLanguage\":\"sv-SE\",\"potentialAction\":[{\"@type\":\"ReadAction\",\"target\":[\"https:\\\/\\\/wp.kristdemokraterna.se\\\/sormland\\\/kontakt\\\/\"]}]},{\"@type\":\"BreadcrumbList\",\"@id\":\"https:\\\/\\\/wp.kristdemokraterna.se\\\/sormland\\\/kontakt\\\/#breadcrumb\",\"itemListElement\":[{\"@type\":\"ListItem\",\"position\":1,\"name\":\"Hem\",\"item\":\"https:\\\/\\\/wp.kristdemokraterna.se\\\/sormland\\\/\"},{\"@type\":\"ListItem\",\"position\":2,\"name\":\"Kontakt\"}]},{\"@type\":\"WebSite\",\"@id\":\"https:\\\/\\\/wp.kristdemokraterna.se\\\/sormland\\\/#website\",\"url\":\"https:\\\/\\\/wp.kristdemokraterna.se\\\/sormland\\\/\",\"name\":\"S\u00d6RMLAND\",\"description\":\"\",\"inLanguage\":\"sv-SE\"}]}<\/script>\n<!-- \/ Yoast SEO plugin. -->","yoast_head_json":{"title":"Kontakt - S\u00d6RMLAND","robots":{"index":"index","follow":"follow","max-snippet":"max-snippet:-1","max-image-preview":"max-image-preview:large","max-video-preview":"max-video-preview:-1"},"canonical":"https:\/\/wp.kristdemokraterna.se\/sormland\/kontakt\/","og_locale":"sv_SE","og_type":"article","og_title":"Kontakt - S\u00d6RMLAND","og_description":"Vill du komma i kontakt med f\u00f6rtroendevalda eller funktion\u00e4rer i Kristdemokraterna S\u00f6rmland eller n\u00e5gon av v\u00e5ra partiavdelningar? Nedan ser du kontaktuppgifter till partidistriktsavdelningen och dess partiavdelningar. F\u00f6r mer information om kristdemokrater p\u00e5 din ort rekommenderas s\u00f6kmotorn p\u00e5 riksorganisationens hemsida, som du hittar h\u00e4r. &nbsp;","og_url":"https:\/\/wp.kristdemokraterna.se\/sormland\/kontakt\/","og_site_name":"S\u00d6RMLAND","article_modified_time":"2022-08-18T11:17:23+00:00","twitter_card":"summary_large_image","schema":{"@context":"https:\/\/schema.org","@graph":[{"@type":"WebPage","@id":"https:\/\/wp.kristdemokraterna.se\/sormland\/kontakt\/","url":"https:\/\/wp.kristdemokraterna.se\/sormland\/kontakt\/","name":"Kontakt - S\u00d6RMLAND","isPartOf":{"@id":"https:\/\/wp.kristdemokraterna.se\/sormland\/#website"},"datePublished":"2012-08-21T06:44:56+00:00","dateModified":"2022-08-18T11:17:23+00:00","breadcrumb":{"@id":"https:\/\/wp.kristdemokraterna.se\/sormland\/kontakt\/#breadcrumb"},"inLanguage":"sv-SE","potentialAction":[{"@type":"ReadAction","target":["https:\/\/wp.kristdemokraterna.se\/sormland\/kontakt\/"]}]},{"@type":"BreadcrumbList","@id":"https:\/\/wp.kristdemokraterna.se\/sormland\/kontakt\/#breadcrumb","itemListElement":[{"@type":"ListItem","position":1,"name":"Hem","item":"https:\/\/wp.kristdemokraterna.se\/sormland\/"},{"@type":"ListItem","position":2,"name":"Kontakt"}]},{"@type":"WebSite","@id":"https:\/\/wp.kristdemokraterna.se\/sormland\/#website","url":"https:\/\/wp.kristdemokraterna.se\/sormland\/","name":"S\u00d6RMLAND","description":"","inLanguage":"sv-SE"}]}},"_links":{"self":[{"href":"https:\/\/wp.kristdemokraterna.se\/sormland\/wp-json\/wp\/v2\/pages\/114","targetHints":{"allow":["GET"]}}],"collection":[{"href":"https:\/\/wp.kristdemokraterna.se\/sormland\/wp-json\/wp\/v2\/pages"}],"about":[{"href":"https:\/\/wp.kristdemokraterna.se\/sormland\/wp-json\/wp\/v2\/types\/page"}],"author":[{"embeddable":true,"href":"https:\/\/wp.kristdemokraterna.se\/sormland\/wp-json\/wp\/v2\/users\/16"}],"replies":[{"embeddable":true,"href":"https:\/\/wp.kristdemokraterna.se\/sormland\/wp-json\/wp\/v2\/comments?post=114"}],"version-history":[{"count":38,"href":"https:\/\/wp.kristdemokraterna.se\/sormland\/wp-json\/wp\/v2\/pages\/114\/revisions"}],"predecessor-version":[{"id":2873,"href":"https:\/\/wp.kristdemokraterna.se\/sormland\/wp-json\/wp\/v2\/pages\/114\/revisions\/2873"}],"wp:attachment":[{"href":"https:\/\/wp.kristdemokraterna.se\/sormland\/wp-json\/wp\/v2\/media?parent=114"}],"curies":[{"name":"wp","href":"https:\/\/api.w.org\/{rel}","templated":true}]}}