{"id":1731,"date":"2015-11-26T12:43:07","date_gmt":"2015-11-26T11:43:07","guid":{"rendered":"http:\/\/wp.kristdemokraterna.se\/sormland\/?page_id=1731"},"modified":"2016-03-18T11:55:31","modified_gmt":"2016-03-18T10:55:31","slug":"lokalavdelningar","status":"publish","type":"page","link":"https:\/\/wp.kristdemokraterna.se\/sormland\/lokalavdelningar\/","title":{"rendered":"Partiavdelningar"},"content":{"rendered":"<p>I S\u00f6rmlands l\u00e4n finns flera partiavdelningar. Framf\u00f6r allt arbetar partiavdelningarna med kommunens politik. De nominerar ocks\u00e5 kandidater till valet till kommunfullm\u00e4ktige och ber\u00e4ttar om Kristdemokraternas politik inom kommunen.<\/p>\n<p>Mer information om vilka fr\u00e5gor Kristdemokraterna driver i din kommun finns p\u00e5 partiavdelningens webbsida. D\u00e4r presenteras ocks\u00e5 v\u00e5ra kommunala f\u00f6retr\u00e4dare.<\/p>\n","protected":false},"excerpt":{"rendered":"<p>I S\u00f6rmlands l\u00e4n finns flera partiavdelningar. Framf\u00f6r allt arbetar partiavdelningarna med kommunens politik. De nominerar ocks\u00e5 kandidater till valet till kommunfullm\u00e4ktige och ber\u00e4ttar om Kristdemokraternas politik inom kommunen. Mer information om vilka fr\u00e5gor Kristdemokraterna driver i din kommun finns p\u00e5 partiavdelningens webbsida. D\u00e4r presenteras ocks\u00e5 v\u00e5ra kommunala f\u00f6retr\u00e4dare.<\/p>\n","protected":false},"author":16,"featured_media":0,"parent":0,"menu_order":3,"comment_status":"closed","ping_status":"closed","template":"","meta":{"_acf_changed":false,"footnotes":""},"class_list":["post-1731","page","type-page","status-publish","hentry"],"acf":[],"yoast_head":"<!-- This site is optimized with the Yoast SEO plugin v27.3 - https:\/\/yoast.com\/product\/yoast-seo-wordpress\/ -->\n<title>Partiavdelningar - S\u00d6RMLAND<\/title>\n<meta name=\"robots\" content=\"index, follow, max-snippet:-1, max-image-preview:large, max-video-preview:-1\" \/>\n<link rel=\"canonical\" href=\"https:\/\/wp.kristdemokraterna.se\/sormland\/lokalavdelningar\/\" \/>\n<meta property=\"og:locale\" content=\"sv_SE\" \/>\n<meta property=\"og:type\" content=\"article\" \/>\n<meta property=\"og:title\" content=\"Partiavdelningar - S\u00d6RMLAND\" \/>\n<meta property=\"og:description\" content=\"I S\u00f6rmlands l\u00e4n finns flera partiavdelningar. Framf\u00f6r allt arbetar partiavdelningarna med kommunens politik. De nominerar ocks\u00e5 kandidater till valet till kommunfullm\u00e4ktige och ber\u00e4ttar om Kristdemokraternas politik inom kommunen. Mer information om vilka fr\u00e5gor Kristdemokraterna driver i din kommun finns p\u00e5 partiavdelningens webbsida. D\u00e4r presenteras ocks\u00e5 v\u00e5ra kommunala f\u00f6retr\u00e4dare.\" \/>\n<meta property=\"og:url\" content=\"https:\/\/wp.kristdemokraterna.se\/sormland\/lokalavdelningar\/\" \/>\n<meta property=\"og:site_name\" content=\"S\u00d6RMLAND\" \/>\n<meta property=\"article:modified_time\" content=\"2016-03-18T10:55:31+00:00\" \/>\n<meta name=\"twitter:card\" content=\"summary_large_image\" \/>\n<script type=\"application\/ld+json\" class=\"yoast-schema-graph\">{\"@context\":\"https:\\\/\\\/schema.org\",\"@graph\":[{\"@type\":\"WebPage\",\"@id\":\"https:\\\/\\\/wp.kristdemokraterna.se\\\/sormland\\\/lokalavdelningar\\\/\",\"url\":\"https:\\\/\\\/wp.kristdemokraterna.se\\\/sormland\\\/lokalavdelningar\\\/\",\"name\":\"Partiavdelningar - S\u00d6RMLAND\",\"isPartOf\":{\"@id\":\"https:\\\/\\\/wp.kristdemokraterna.se\\\/sormland\\\/#website\"},\"datePublished\":\"2015-11-26T11:43:07+00:00\",\"dateModified\":\"2016-03-18T10:55:31+00:00\",\"breadcrumb\":{\"@id\":\"https:\\\/\\\/wp.kristdemokraterna.se\\\/sormland\\\/lokalavdelningar\\\/#breadcrumb\"},\"inLanguage\":\"sv-SE\",\"potentialAction\":[{\"@type\":\"ReadAction\",\"target\":[\"https:\\\/\\\/wp.kristdemokraterna.se\\\/sormland\\\/lokalavdelningar\\\/\"]}]},{\"@type\":\"BreadcrumbList\",\"@id\":\"https:\\\/\\\/wp.kristdemokraterna.se\\\/sormland\\\/lokalavdelningar\\\/#breadcrumb\",\"itemListElement\":[{\"@type\":\"ListItem\",\"position\":1,\"name\":\"Hem\",\"item\":\"https:\\\/\\\/wp.kristdemokraterna.se\\\/sormland\\\/\"},{\"@type\":\"ListItem\",\"position\":2,\"name\":\"Partiavdelningar\"}]},{\"@type\":\"WebSite\",\"@id\":\"https:\\\/\\\/wp.kristdemokraterna.se\\\/sormland\\\/#website\",\"url\":\"https:\\\/\\\/wp.kristdemokraterna.se\\\/sormland\\\/\",\"name\":\"S\u00d6RMLAND\",\"description\":\"\",\"inLanguage\":\"sv-SE\"}]}<\/script>\n<!-- \/ Yoast SEO plugin. -->","yoast_head_json":{"title":"Partiavdelningar - S\u00d6RMLAND","robots":{"index":"index","follow":"follow","max-snippet":"max-snippet:-1","max-image-preview":"max-image-preview:large","max-video-preview":"max-video-preview:-1"},"canonical":"https:\/\/wp.kristdemokraterna.se\/sormland\/lokalavdelningar\/","og_locale":"sv_SE","og_type":"article","og_title":"Partiavdelningar - S\u00d6RMLAND","og_description":"I S\u00f6rmlands l\u00e4n finns flera partiavdelningar. Framf\u00f6r allt arbetar partiavdelningarna med kommunens politik. De nominerar ocks\u00e5 kandidater till valet till kommunfullm\u00e4ktige och ber\u00e4ttar om Kristdemokraternas politik inom kommunen. Mer information om vilka fr\u00e5gor Kristdemokraterna driver i din kommun finns p\u00e5 partiavdelningens webbsida. D\u00e4r presenteras ocks\u00e5 v\u00e5ra kommunala f\u00f6retr\u00e4dare.","og_url":"https:\/\/wp.kristdemokraterna.se\/sormland\/lokalavdelningar\/","og_site_name":"S\u00d6RMLAND","article_modified_time":"2016-03-18T10:55:31+00:00","twitter_card":"summary_large_image","schema":{"@context":"https:\/\/schema.org","@graph":[{"@type":"WebPage","@id":"https:\/\/wp.kristdemokraterna.se\/sormland\/lokalavdelningar\/","url":"https:\/\/wp.kristdemokraterna.se\/sormland\/lokalavdelningar\/","name":"Partiavdelningar - S\u00d6RMLAND","isPartOf":{"@id":"https:\/\/wp.kristdemokraterna.se\/sormland\/#website"},"datePublished":"2015-11-26T11:43:07+00:00","dateModified":"2016-03-18T10:55:31+00:00","breadcrumb":{"@id":"https:\/\/wp.kristdemokraterna.se\/sormland\/lokalavdelningar\/#breadcrumb"},"inLanguage":"sv-SE","potentialAction":[{"@type":"ReadAction","target":["https:\/\/wp.kristdemokraterna.se\/sormland\/lokalavdelningar\/"]}]},{"@type":"BreadcrumbList","@id":"https:\/\/wp.kristdemokraterna.se\/sormland\/lokalavdelningar\/#breadcrumb","itemListElement":[{"@type":"ListItem","position":1,"name":"Hem","item":"https:\/\/wp.kristdemokraterna.se\/sormland\/"},{"@type":"ListItem","position":2,"name":"Partiavdelningar"}]},{"@type":"WebSite","@id":"https:\/\/wp.kristdemokraterna.se\/sormland\/#website","url":"https:\/\/wp.kristdemokraterna.se\/sormland\/","name":"S\u00d6RMLAND","description":"","inLanguage":"sv-SE"}]}},"_links":{"self":[{"href":"https:\/\/wp.kristdemokraterna.se\/sormland\/wp-json\/wp\/v2\/pages\/1731","targetHints":{"allow":["GET"]}}],"collection":[{"href":"https:\/\/wp.kristdemokraterna.se\/sormland\/wp-json\/wp\/v2\/pages"}],"about":[{"href":"https:\/\/wp.kristdemokraterna.se\/sormland\/wp-json\/wp\/v2\/types\/page"}],"author":[{"embeddable":true,"href":"https:\/\/wp.kristdemokraterna.se\/sormland\/wp-json\/wp\/v2\/users\/16"}],"replies":[{"embeddable":true,"href":"https:\/\/wp.kristdemokraterna.se\/sormland\/wp-json\/wp\/v2\/comments?post=1731"}],"version-history":[{"count":6,"href":"https:\/\/wp.kristdemokraterna.se\/sormland\/wp-json\/wp\/v2\/pages\/1731\/revisions"}],"predecessor-version":[{"id":2026,"href":"https:\/\/wp.kristdemokraterna.se\/sormland\/wp-json\/wp\/v2\/pages\/1731\/revisions\/2026"}],"wp:attachment":[{"href":"https:\/\/wp.kristdemokraterna.se\/sormland\/wp-json\/wp\/v2\/media?parent=1731"}],"curies":[{"name":"wp","href":"https:\/\/api.w.org\/{rel}","templated":true}]}}