{"id":1744,"date":"2015-11-26T13:17:29","date_gmt":"2015-11-26T12:17:29","guid":{"rendered":"http:\/\/wp.kristdemokraterna.se\/sormland\/?page_id=1744"},"modified":"2025-11-19T11:25:58","modified_gmt":"2025-11-19T10:25:58","slug":"eskilstuna-2","status":"publish","type":"page","link":"https:\/\/wp.kristdemokraterna.se\/sormland\/lokalavdelningar\/eskilstuna-2\/","title":{"rendered":"Eskilstuna"},"content":{"rendered":"<p>Postadress: Stadshuset, Kommunledningskontoret<br \/>\nEskilstuna kommun, 631 86 Eskilstuna<br \/>\nTelefon: 016-710 51 31<br \/>\nWebbplats:\u00a0<a href=\"https:\/\/wp.kristdemokraterna.se\/eskilstuna\/\">https:\/\/wp.kristdemokraterna.se\/eskilstuna\/<\/a><\/p>\n","protected":false},"excerpt":{"rendered":"<p>Postadress: Stadshuset, Kommunledningskontoret Eskilstuna kommun, 631 86 Eskilstuna Telefon: 016-710 51 31 Webbplats:\u00a0https:\/\/wp.kristdemokraterna.se\/eskilstuna\/<\/p>\n","protected":false},"author":16,"featured_media":0,"parent":1731,"menu_order":1,"comment_status":"closed","ping_status":"closed","template":"","meta":{"_acf_changed":false,"footnotes":""},"class_list":["post-1744","page","type-page","status-publish","hentry"],"acf":[],"yoast_head":"<!-- This site is optimized with the Yoast SEO plugin v27.4 - https:\/\/yoast.com\/product\/yoast-seo-wordpress\/ -->\n<title>Eskilstuna - S\u00d6RMLAND<\/title>\n<meta name=\"robots\" content=\"index, follow, max-snippet:-1, max-image-preview:large, max-video-preview:-1\" \/>\n<link rel=\"canonical\" href=\"https:\/\/wp.kristdemokraterna.se\/sormland\/lokalavdelningar\/eskilstuna-2\/\" \/>\n<meta property=\"og:locale\" content=\"sv_SE\" \/>\n<meta property=\"og:type\" content=\"article\" \/>\n<meta property=\"og:title\" content=\"Eskilstuna - S\u00d6RMLAND\" \/>\n<meta property=\"og:description\" content=\"Postadress: Stadshuset, Kommunledningskontoret Eskilstuna kommun, 631 86 Eskilstuna Telefon: 016-710 51 31 Webbplats:\u00a0https:\/\/wp.kristdemokraterna.se\/eskilstuna\/\" \/>\n<meta property=\"og:url\" content=\"https:\/\/wp.kristdemokraterna.se\/sormland\/lokalavdelningar\/eskilstuna-2\/\" \/>\n<meta property=\"og:site_name\" content=\"S\u00d6RMLAND\" \/>\n<meta property=\"article:modified_time\" content=\"2025-11-19T10:25:58+00:00\" \/>\n<meta name=\"twitter:card\" content=\"summary_large_image\" \/>\n<meta name=\"twitter:label1\" content=\"Ber\u00e4knad l\u00e4stid\" \/>\n\t<meta name=\"twitter:data1\" content=\"1 minut\" \/>\n<script type=\"application\/ld+json\" class=\"yoast-schema-graph\">{\"@context\":\"https:\\\/\\\/schema.org\",\"@graph\":[{\"@type\":\"WebPage\",\"@id\":\"https:\\\/\\\/wp.kristdemokraterna.se\\\/sormland\\\/lokalavdelningar\\\/eskilstuna-2\\\/\",\"url\":\"https:\\\/\\\/wp.kristdemokraterna.se\\\/sormland\\\/lokalavdelningar\\\/eskilstuna-2\\\/\",\"name\":\"Eskilstuna - S\u00d6RMLAND\",\"isPartOf\":{\"@id\":\"https:\\\/\\\/wp.kristdemokraterna.se\\\/sormland\\\/#website\"},\"datePublished\":\"2015-11-26T12:17:29+00:00\",\"dateModified\":\"2025-11-19T10:25:58+00:00\",\"breadcrumb\":{\"@id\":\"https:\\\/\\\/wp.kristdemokraterna.se\\\/sormland\\\/lokalavdelningar\\\/eskilstuna-2\\\/#breadcrumb\"},\"inLanguage\":\"sv-SE\",\"potentialAction\":[{\"@type\":\"ReadAction\",\"target\":[\"https:\\\/\\\/wp.kristdemokraterna.se\\\/sormland\\\/lokalavdelningar\\\/eskilstuna-2\\\/\"]}]},{\"@type\":\"BreadcrumbList\",\"@id\":\"https:\\\/\\\/wp.kristdemokraterna.se\\\/sormland\\\/lokalavdelningar\\\/eskilstuna-2\\\/#breadcrumb\",\"itemListElement\":[{\"@type\":\"ListItem\",\"position\":1,\"name\":\"Hem\",\"item\":\"https:\\\/\\\/wp.kristdemokraterna.se\\\/sormland\\\/\"},{\"@type\":\"ListItem\",\"position\":2,\"name\":\"Partiavdelningar\",\"item\":\"https:\\\/\\\/wp.kristdemokraterna.se\\\/sormland\\\/lokalavdelningar\\\/\"},{\"@type\":\"ListItem\",\"position\":3,\"name\":\"Eskilstuna\"}]},{\"@type\":\"WebSite\",\"@id\":\"https:\\\/\\\/wp.kristdemokraterna.se\\\/sormland\\\/#website\",\"url\":\"https:\\\/\\\/wp.kristdemokraterna.se\\\/sormland\\\/\",\"name\":\"S\u00d6RMLAND\",\"description\":\"\",\"inLanguage\":\"sv-SE\"}]}<\/script>\n<!-- \/ Yoast SEO plugin. -->","yoast_head_json":{"title":"Eskilstuna - S\u00d6RMLAND","robots":{"index":"index","follow":"follow","max-snippet":"max-snippet:-1","max-image-preview":"max-image-preview:large","max-video-preview":"max-video-preview:-1"},"canonical":"https:\/\/wp.kristdemokraterna.se\/sormland\/lokalavdelningar\/eskilstuna-2\/","og_locale":"sv_SE","og_type":"article","og_title":"Eskilstuna - S\u00d6RMLAND","og_description":"Postadress: Stadshuset, Kommunledningskontoret Eskilstuna kommun, 631 86 Eskilstuna Telefon: 016-710 51 31 Webbplats:\u00a0https:\/\/wp.kristdemokraterna.se\/eskilstuna\/","og_url":"https:\/\/wp.kristdemokraterna.se\/sormland\/lokalavdelningar\/eskilstuna-2\/","og_site_name":"S\u00d6RMLAND","article_modified_time":"2025-11-19T10:25:58+00:00","twitter_card":"summary_large_image","twitter_misc":{"Ber\u00e4knad l\u00e4stid":"1 minut"},"schema":{"@context":"https:\/\/schema.org","@graph":[{"@type":"WebPage","@id":"https:\/\/wp.kristdemokraterna.se\/sormland\/lokalavdelningar\/eskilstuna-2\/","url":"https:\/\/wp.kristdemokraterna.se\/sormland\/lokalavdelningar\/eskilstuna-2\/","name":"Eskilstuna - S\u00d6RMLAND","isPartOf":{"@id":"https:\/\/wp.kristdemokraterna.se\/sormland\/#website"},"datePublished":"2015-11-26T12:17:29+00:00","dateModified":"2025-11-19T10:25:58+00:00","breadcrumb":{"@id":"https:\/\/wp.kristdemokraterna.se\/sormland\/lokalavdelningar\/eskilstuna-2\/#breadcrumb"},"inLanguage":"sv-SE","potentialAction":[{"@type":"ReadAction","target":["https:\/\/wp.kristdemokraterna.se\/sormland\/lokalavdelningar\/eskilstuna-2\/"]}]},{"@type":"BreadcrumbList","@id":"https:\/\/wp.kristdemokraterna.se\/sormland\/lokalavdelningar\/eskilstuna-2\/#breadcrumb","itemListElement":[{"@type":"ListItem","position":1,"name":"Hem","item":"https:\/\/wp.kristdemokraterna.se\/sormland\/"},{"@type":"ListItem","position":2,"name":"Partiavdelningar","item":"https:\/\/wp.kristdemokraterna.se\/sormland\/lokalavdelningar\/"},{"@type":"ListItem","position":3,"name":"Eskilstuna"}]},{"@type":"WebSite","@id":"https:\/\/wp.kristdemokraterna.se\/sormland\/#website","url":"https:\/\/wp.kristdemokraterna.se\/sormland\/","name":"S\u00d6RMLAND","description":"","inLanguage":"sv-SE"}]}},"_links":{"self":[{"href":"https:\/\/wp.kristdemokraterna.se\/sormland\/wp-json\/wp\/v2\/pages\/1744","targetHints":{"allow":["GET"]}}],"collection":[{"href":"https:\/\/wp.kristdemokraterna.se\/sormland\/wp-json\/wp\/v2\/pages"}],"about":[{"href":"https:\/\/wp.kristdemokraterna.se\/sormland\/wp-json\/wp\/v2\/types\/page"}],"author":[{"embeddable":true,"href":"https:\/\/wp.kristdemokraterna.se\/sormland\/wp-json\/wp\/v2\/users\/16"}],"replies":[{"embeddable":true,"href":"https:\/\/wp.kristdemokraterna.se\/sormland\/wp-json\/wp\/v2\/comments?post=1744"}],"version-history":[{"count":10,"href":"https:\/\/wp.kristdemokraterna.se\/sormland\/wp-json\/wp\/v2\/pages\/1744\/revisions"}],"predecessor-version":[{"id":2942,"href":"https:\/\/wp.kristdemokraterna.se\/sormland\/wp-json\/wp\/v2\/pages\/1744\/revisions\/2942"}],"up":[{"embeddable":true,"href":"https:\/\/wp.kristdemokraterna.se\/sormland\/wp-json\/wp\/v2\/pages\/1731"}],"wp:attachment":[{"href":"https:\/\/wp.kristdemokraterna.se\/sormland\/wp-json\/wp\/v2\/media?parent=1744"}],"curies":[{"name":"wp","href":"https:\/\/api.w.org\/{rel}","templated":true}]}}