{"id":1752,"date":"2015-11-26T13:21:15","date_gmt":"2015-11-26T12:21:15","guid":{"rendered":"http:\/\/wp.kristdemokraterna.se\/sormland\/?page_id=1752"},"modified":"2024-04-10T14:18:36","modified_gmt":"2024-04-10T12:18:36","slug":"nykoping-oxelosund","status":"publish","type":"page","link":"https:\/\/wp.kristdemokraterna.se\/sormland\/lokalavdelningar\/nykoping-oxelosund\/","title":{"rendered":"Nyk\u00f6ping"},"content":{"rendered":"<p>Postadress: Bergholms V\u00e4g 3D L\u00c4G 1001, 61135 Nyk\u00f6ping<br \/>\nTelefon: 070-667 07 25<br \/>\nWebbplats:\u00a0<a href=\"https:\/\/wp.kristdemokraterna.se\/nykoping\/\">https:\/\/wp.kristdemokraterna.se\/nykoping\/<\/a><\/p>\n<p>&nbsp;<\/p>\n","protected":false},"excerpt":{"rendered":"<p>Postadress: Bergholms V\u00e4g 3D L\u00c4G 1001, 61135 Nyk\u00f6ping Telefon: 070-667 07 25 Webbplats:\u00a0https:\/\/wp.kristdemokraterna.se\/nykoping\/ &nbsp;<\/p>\n","protected":false},"author":16,"featured_media":0,"parent":1731,"menu_order":5,"comment_status":"closed","ping_status":"closed","template":"","meta":{"_acf_changed":false,"footnotes":""},"class_list":["post-1752","page","type-page","status-publish","hentry"],"acf":[],"yoast_head":"<!-- This site is optimized with the Yoast SEO plugin v27.4 - https:\/\/yoast.com\/product\/yoast-seo-wordpress\/ -->\n<title>Nyk\u00f6ping - S\u00d6RMLAND<\/title>\n<meta name=\"robots\" content=\"index, follow, max-snippet:-1, max-image-preview:large, max-video-preview:-1\" \/>\n<link rel=\"canonical\" href=\"https:\/\/wp.kristdemokraterna.se\/sormland\/lokalavdelningar\/nykoping-oxelosund\/\" \/>\n<meta property=\"og:locale\" content=\"sv_SE\" \/>\n<meta property=\"og:type\" content=\"article\" \/>\n<meta property=\"og:title\" content=\"Nyk\u00f6ping - S\u00d6RMLAND\" \/>\n<meta property=\"og:description\" content=\"Postadress: Bergholms V\u00e4g 3D L\u00c4G 1001, 61135 Nyk\u00f6ping Telefon: 070-667 07 25 Webbplats:\u00a0https:\/\/wp.kristdemokraterna.se\/nykoping\/ &nbsp;\" \/>\n<meta property=\"og:url\" content=\"https:\/\/wp.kristdemokraterna.se\/sormland\/lokalavdelningar\/nykoping-oxelosund\/\" \/>\n<meta property=\"og:site_name\" content=\"S\u00d6RMLAND\" \/>\n<meta property=\"article:modified_time\" content=\"2024-04-10T12:18:36+00:00\" \/>\n<meta name=\"twitter:card\" content=\"summary_large_image\" \/>\n<meta name=\"twitter:label1\" content=\"Ber\u00e4knad l\u00e4stid\" \/>\n\t<meta name=\"twitter:data1\" content=\"1 minut\" \/>\n<script type=\"application\/ld+json\" class=\"yoast-schema-graph\">{\"@context\":\"https:\\\/\\\/schema.org\",\"@graph\":[{\"@type\":\"WebPage\",\"@id\":\"https:\\\/\\\/wp.kristdemokraterna.se\\\/sormland\\\/lokalavdelningar\\\/nykoping-oxelosund\\\/\",\"url\":\"https:\\\/\\\/wp.kristdemokraterna.se\\\/sormland\\\/lokalavdelningar\\\/nykoping-oxelosund\\\/\",\"name\":\"Nyk\u00f6ping - S\u00d6RMLAND\",\"isPartOf\":{\"@id\":\"https:\\\/\\\/wp.kristdemokraterna.se\\\/sormland\\\/#website\"},\"datePublished\":\"2015-11-26T12:21:15+00:00\",\"dateModified\":\"2024-04-10T12:18:36+00:00\",\"breadcrumb\":{\"@id\":\"https:\\\/\\\/wp.kristdemokraterna.se\\\/sormland\\\/lokalavdelningar\\\/nykoping-oxelosund\\\/#breadcrumb\"},\"inLanguage\":\"sv-SE\",\"potentialAction\":[{\"@type\":\"ReadAction\",\"target\":[\"https:\\\/\\\/wp.kristdemokraterna.se\\\/sormland\\\/lokalavdelningar\\\/nykoping-oxelosund\\\/\"]}]},{\"@type\":\"BreadcrumbList\",\"@id\":\"https:\\\/\\\/wp.kristdemokraterna.se\\\/sormland\\\/lokalavdelningar\\\/nykoping-oxelosund\\\/#breadcrumb\",\"itemListElement\":[{\"@type\":\"ListItem\",\"position\":1,\"name\":\"Hem\",\"item\":\"https:\\\/\\\/wp.kristdemokraterna.se\\\/sormland\\\/\"},{\"@type\":\"ListItem\",\"position\":2,\"name\":\"Partiavdelningar\",\"item\":\"https:\\\/\\\/wp.kristdemokraterna.se\\\/sormland\\\/lokalavdelningar\\\/\"},{\"@type\":\"ListItem\",\"position\":3,\"name\":\"Nyk\u00f6ping\"}]},{\"@type\":\"WebSite\",\"@id\":\"https:\\\/\\\/wp.kristdemokraterna.se\\\/sormland\\\/#website\",\"url\":\"https:\\\/\\\/wp.kristdemokraterna.se\\\/sormland\\\/\",\"name\":\"S\u00d6RMLAND\",\"description\":\"\",\"inLanguage\":\"sv-SE\"}]}<\/script>\n<!-- \/ Yoast SEO plugin. -->","yoast_head_json":{"title":"Nyk\u00f6ping - S\u00d6RMLAND","robots":{"index":"index","follow":"follow","max-snippet":"max-snippet:-1","max-image-preview":"max-image-preview:large","max-video-preview":"max-video-preview:-1"},"canonical":"https:\/\/wp.kristdemokraterna.se\/sormland\/lokalavdelningar\/nykoping-oxelosund\/","og_locale":"sv_SE","og_type":"article","og_title":"Nyk\u00f6ping - S\u00d6RMLAND","og_description":"Postadress: Bergholms V\u00e4g 3D L\u00c4G 1001, 61135 Nyk\u00f6ping Telefon: 070-667 07 25 Webbplats:\u00a0https:\/\/wp.kristdemokraterna.se\/nykoping\/ &nbsp;","og_url":"https:\/\/wp.kristdemokraterna.se\/sormland\/lokalavdelningar\/nykoping-oxelosund\/","og_site_name":"S\u00d6RMLAND","article_modified_time":"2024-04-10T12:18:36+00:00","twitter_card":"summary_large_image","twitter_misc":{"Ber\u00e4knad l\u00e4stid":"1 minut"},"schema":{"@context":"https:\/\/schema.org","@graph":[{"@type":"WebPage","@id":"https:\/\/wp.kristdemokraterna.se\/sormland\/lokalavdelningar\/nykoping-oxelosund\/","url":"https:\/\/wp.kristdemokraterna.se\/sormland\/lokalavdelningar\/nykoping-oxelosund\/","name":"Nyk\u00f6ping - S\u00d6RMLAND","isPartOf":{"@id":"https:\/\/wp.kristdemokraterna.se\/sormland\/#website"},"datePublished":"2015-11-26T12:21:15+00:00","dateModified":"2024-04-10T12:18:36+00:00","breadcrumb":{"@id":"https:\/\/wp.kristdemokraterna.se\/sormland\/lokalavdelningar\/nykoping-oxelosund\/#breadcrumb"},"inLanguage":"sv-SE","potentialAction":[{"@type":"ReadAction","target":["https:\/\/wp.kristdemokraterna.se\/sormland\/lokalavdelningar\/nykoping-oxelosund\/"]}]},{"@type":"BreadcrumbList","@id":"https:\/\/wp.kristdemokraterna.se\/sormland\/lokalavdelningar\/nykoping-oxelosund\/#breadcrumb","itemListElement":[{"@type":"ListItem","position":1,"name":"Hem","item":"https:\/\/wp.kristdemokraterna.se\/sormland\/"},{"@type":"ListItem","position":2,"name":"Partiavdelningar","item":"https:\/\/wp.kristdemokraterna.se\/sormland\/lokalavdelningar\/"},{"@type":"ListItem","position":3,"name":"Nyk\u00f6ping"}]},{"@type":"WebSite","@id":"https:\/\/wp.kristdemokraterna.se\/sormland\/#website","url":"https:\/\/wp.kristdemokraterna.se\/sormland\/","name":"S\u00d6RMLAND","description":"","inLanguage":"sv-SE"}]}},"_links":{"self":[{"href":"https:\/\/wp.kristdemokraterna.se\/sormland\/wp-json\/wp\/v2\/pages\/1752","targetHints":{"allow":["GET"]}}],"collection":[{"href":"https:\/\/wp.kristdemokraterna.se\/sormland\/wp-json\/wp\/v2\/pages"}],"about":[{"href":"https:\/\/wp.kristdemokraterna.se\/sormland\/wp-json\/wp\/v2\/types\/page"}],"author":[{"embeddable":true,"href":"https:\/\/wp.kristdemokraterna.se\/sormland\/wp-json\/wp\/v2\/users\/16"}],"replies":[{"embeddable":true,"href":"https:\/\/wp.kristdemokraterna.se\/sormland\/wp-json\/wp\/v2\/comments?post=1752"}],"version-history":[{"count":4,"href":"https:\/\/wp.kristdemokraterna.se\/sormland\/wp-json\/wp\/v2\/pages\/1752\/revisions"}],"predecessor-version":[{"id":2932,"href":"https:\/\/wp.kristdemokraterna.se\/sormland\/wp-json\/wp\/v2\/pages\/1752\/revisions\/2932"}],"up":[{"embeddable":true,"href":"https:\/\/wp.kristdemokraterna.se\/sormland\/wp-json\/wp\/v2\/pages\/1731"}],"wp:attachment":[{"href":"https:\/\/wp.kristdemokraterna.se\/sormland\/wp-json\/wp\/v2\/media?parent=1752"}],"curies":[{"name":"wp","href":"https:\/\/api.w.org\/{rel}","templated":true}]}}