{"id":1758,"date":"2015-11-26T13:22:42","date_gmt":"2015-11-26T12:22:42","guid":{"rendered":"http:\/\/wp.kristdemokraterna.se\/sormland\/?page_id=1758"},"modified":"2018-08-05T20:40:02","modified_gmt":"2018-08-05T18:40:02","slug":"vingaker","status":"publish","type":"page","link":"https:\/\/wp.kristdemokraterna.se\/sormland\/lokalavdelningar\/vingaker\/","title":{"rendered":"Ving\u00e5ker"},"content":{"rendered":"<p>Postadress: Skolgatan 37, 64331 Ving\u00e5ker<br \/>\nTelefon: 0151-124 62<br \/>\nWebbplats:\u00a0<a href=\"https:\/\/wp.kristdemokraterna.se\/vingaker\/\">https:\/\/wp.kristdemokraterna.se\/vingaker\/<\/a><\/p>\n","protected":false},"excerpt":{"rendered":"<p>Postadress: Skolgatan 37, 64331 Ving\u00e5ker Telefon: 0151-124 62 Webbplats:\u00a0https:\/\/wp.kristdemokraterna.se\/vingaker\/<\/p>\n","protected":false},"author":16,"featured_media":0,"parent":1731,"menu_order":8,"comment_status":"closed","ping_status":"closed","template":"","meta":{"_acf_changed":false,"footnotes":""},"class_list":["post-1758","page","type-page","status-publish","hentry"],"acf":[],"yoast_head":"<!-- This site is optimized with the Yoast SEO plugin v27.4 - https:\/\/yoast.com\/product\/yoast-seo-wordpress\/ -->\n<title>Ving\u00e5ker - S\u00d6RMLAND<\/title>\n<meta name=\"robots\" content=\"index, follow, max-snippet:-1, max-image-preview:large, max-video-preview:-1\" \/>\n<link rel=\"canonical\" href=\"https:\/\/wp.kristdemokraterna.se\/sormland\/lokalavdelningar\/vingaker\/\" \/>\n<meta property=\"og:locale\" content=\"sv_SE\" \/>\n<meta property=\"og:type\" content=\"article\" \/>\n<meta property=\"og:title\" content=\"Ving\u00e5ker - S\u00d6RMLAND\" \/>\n<meta property=\"og:description\" content=\"Postadress: Skolgatan 37, 64331 Ving\u00e5ker Telefon: 0151-124 62 Webbplats:\u00a0https:\/\/wp.kristdemokraterna.se\/vingaker\/\" \/>\n<meta property=\"og:url\" content=\"https:\/\/wp.kristdemokraterna.se\/sormland\/lokalavdelningar\/vingaker\/\" \/>\n<meta property=\"og:site_name\" content=\"S\u00d6RMLAND\" \/>\n<meta property=\"article:modified_time\" content=\"2018-08-05T18:40:02+00:00\" \/>\n<meta name=\"twitter:card\" content=\"summary_large_image\" \/>\n<script type=\"application\/ld+json\" class=\"yoast-schema-graph\">{\"@context\":\"https:\\\/\\\/schema.org\",\"@graph\":[{\"@type\":\"WebPage\",\"@id\":\"https:\\\/\\\/wp.kristdemokraterna.se\\\/sormland\\\/lokalavdelningar\\\/vingaker\\\/\",\"url\":\"https:\\\/\\\/wp.kristdemokraterna.se\\\/sormland\\\/lokalavdelningar\\\/vingaker\\\/\",\"name\":\"Ving\u00e5ker - S\u00d6RMLAND\",\"isPartOf\":{\"@id\":\"https:\\\/\\\/wp.kristdemokraterna.se\\\/sormland\\\/#website\"},\"datePublished\":\"2015-11-26T12:22:42+00:00\",\"dateModified\":\"2018-08-05T18:40:02+00:00\",\"breadcrumb\":{\"@id\":\"https:\\\/\\\/wp.kristdemokraterna.se\\\/sormland\\\/lokalavdelningar\\\/vingaker\\\/#breadcrumb\"},\"inLanguage\":\"sv-SE\",\"potentialAction\":[{\"@type\":\"ReadAction\",\"target\":[\"https:\\\/\\\/wp.kristdemokraterna.se\\\/sormland\\\/lokalavdelningar\\\/vingaker\\\/\"]}]},{\"@type\":\"BreadcrumbList\",\"@id\":\"https:\\\/\\\/wp.kristdemokraterna.se\\\/sormland\\\/lokalavdelningar\\\/vingaker\\\/#breadcrumb\",\"itemListElement\":[{\"@type\":\"ListItem\",\"position\":1,\"name\":\"Hem\",\"item\":\"https:\\\/\\\/wp.kristdemokraterna.se\\\/sormland\\\/\"},{\"@type\":\"ListItem\",\"position\":2,\"name\":\"Partiavdelningar\",\"item\":\"https:\\\/\\\/wp.kristdemokraterna.se\\\/sormland\\\/lokalavdelningar\\\/\"},{\"@type\":\"ListItem\",\"position\":3,\"name\":\"Ving\u00e5ker\"}]},{\"@type\":\"WebSite\",\"@id\":\"https:\\\/\\\/wp.kristdemokraterna.se\\\/sormland\\\/#website\",\"url\":\"https:\\\/\\\/wp.kristdemokraterna.se\\\/sormland\\\/\",\"name\":\"S\u00d6RMLAND\",\"description\":\"\",\"inLanguage\":\"sv-SE\"}]}<\/script>\n<!-- \/ Yoast SEO plugin. -->","yoast_head_json":{"title":"Ving\u00e5ker - S\u00d6RMLAND","robots":{"index":"index","follow":"follow","max-snippet":"max-snippet:-1","max-image-preview":"max-image-preview:large","max-video-preview":"max-video-preview:-1"},"canonical":"https:\/\/wp.kristdemokraterna.se\/sormland\/lokalavdelningar\/vingaker\/","og_locale":"sv_SE","og_type":"article","og_title":"Ving\u00e5ker - S\u00d6RMLAND","og_description":"Postadress: Skolgatan 37, 64331 Ving\u00e5ker Telefon: 0151-124 62 Webbplats:\u00a0https:\/\/wp.kristdemokraterna.se\/vingaker\/","og_url":"https:\/\/wp.kristdemokraterna.se\/sormland\/lokalavdelningar\/vingaker\/","og_site_name":"S\u00d6RMLAND","article_modified_time":"2018-08-05T18:40:02+00:00","twitter_card":"summary_large_image","schema":{"@context":"https:\/\/schema.org","@graph":[{"@type":"WebPage","@id":"https:\/\/wp.kristdemokraterna.se\/sormland\/lokalavdelningar\/vingaker\/","url":"https:\/\/wp.kristdemokraterna.se\/sormland\/lokalavdelningar\/vingaker\/","name":"Ving\u00e5ker - S\u00d6RMLAND","isPartOf":{"@id":"https:\/\/wp.kristdemokraterna.se\/sormland\/#website"},"datePublished":"2015-11-26T12:22:42+00:00","dateModified":"2018-08-05T18:40:02+00:00","breadcrumb":{"@id":"https:\/\/wp.kristdemokraterna.se\/sormland\/lokalavdelningar\/vingaker\/#breadcrumb"},"inLanguage":"sv-SE","potentialAction":[{"@type":"ReadAction","target":["https:\/\/wp.kristdemokraterna.se\/sormland\/lokalavdelningar\/vingaker\/"]}]},{"@type":"BreadcrumbList","@id":"https:\/\/wp.kristdemokraterna.se\/sormland\/lokalavdelningar\/vingaker\/#breadcrumb","itemListElement":[{"@type":"ListItem","position":1,"name":"Hem","item":"https:\/\/wp.kristdemokraterna.se\/sormland\/"},{"@type":"ListItem","position":2,"name":"Partiavdelningar","item":"https:\/\/wp.kristdemokraterna.se\/sormland\/lokalavdelningar\/"},{"@type":"ListItem","position":3,"name":"Ving\u00e5ker"}]},{"@type":"WebSite","@id":"https:\/\/wp.kristdemokraterna.se\/sormland\/#website","url":"https:\/\/wp.kristdemokraterna.se\/sormland\/","name":"S\u00d6RMLAND","description":"","inLanguage":"sv-SE"}]}},"_links":{"self":[{"href":"https:\/\/wp.kristdemokraterna.se\/sormland\/wp-json\/wp\/v2\/pages\/1758","targetHints":{"allow":["GET"]}}],"collection":[{"href":"https:\/\/wp.kristdemokraterna.se\/sormland\/wp-json\/wp\/v2\/pages"}],"about":[{"href":"https:\/\/wp.kristdemokraterna.se\/sormland\/wp-json\/wp\/v2\/types\/page"}],"author":[{"embeddable":true,"href":"https:\/\/wp.kristdemokraterna.se\/sormland\/wp-json\/wp\/v2\/users\/16"}],"replies":[{"embeddable":true,"href":"https:\/\/wp.kristdemokraterna.se\/sormland\/wp-json\/wp\/v2\/comments?post=1758"}],"version-history":[{"count":3,"href":"https:\/\/wp.kristdemokraterna.se\/sormland\/wp-json\/wp\/v2\/pages\/1758\/revisions"}],"predecessor-version":[{"id":2642,"href":"https:\/\/wp.kristdemokraterna.se\/sormland\/wp-json\/wp\/v2\/pages\/1758\/revisions\/2642"}],"up":[{"embeddable":true,"href":"https:\/\/wp.kristdemokraterna.se\/sormland\/wp-json\/wp\/v2\/pages\/1731"}],"wp:attachment":[{"href":"https:\/\/wp.kristdemokraterna.se\/sormland\/wp-json\/wp\/v2\/media?parent=1758"}],"curies":[{"name":"wp","href":"https:\/\/api.w.org\/{rel}","templated":true}]}}