{"id":201,"date":"2012-08-21T12:44:43","date_gmt":"2012-08-21T10:44:43","guid":{"rendered":"http:\/\/wp.kristdemokraterna.se\/sormland\/?page_id=201"},"modified":"2024-04-10T14:17:03","modified_gmt":"2024-04-10T12:17:03","slug":"distriktet","status":"publish","type":"page","link":"https:\/\/wp.kristdemokraterna.se\/sormland\/distriktet\/","title":{"rendered":"Partidistriktet"},"content":{"rendered":"<div id=\"attachment_1001\" style=\"width: 969px\" class=\"wp-caption alignleft\"><a href=\"http:\/\/wp.kristdemokraterna.se\/sormland\/files\/2012\/08\/Eskilstuna\u00e5n_Distriktet.jpg\"><img loading=\"lazy\" decoding=\"async\" aria-describedby=\"caption-attachment-1001\" class=\" wp-image-1001\" src=\"http:\/\/wp.kristdemokraterna.se\/sormland\/files\/2012\/08\/Eskilstuna\u00e5n_Distriktet.jpg\" alt=\"KONICA MINOLTA DIGITAL CAMERA\" width=\"959\" height=\"338\" srcset=\"https:\/\/wp.kristdemokraterna.se\/sormland\/files\/2012\/08\/Eskilstuna\u00e5n_Distriktet.jpg 800w, https:\/\/wp.kristdemokraterna.se\/sormland\/files\/2012\/08\/Eskilstuna\u00e5n_Distriktet-300x105.jpg 300w, https:\/\/wp.kristdemokraterna.se\/sormland\/files\/2012\/08\/Eskilstuna\u00e5n_Distriktet-576x203.jpg 576w, https:\/\/wp.kristdemokraterna.se\/sormland\/files\/2012\/08\/Eskilstuna\u00e5n_Distriktet-186x65.jpg 186w\" sizes=\"auto, (max-width: 959px) 100vw, 959px\" \/><\/a><p id=\"caption-attachment-1001\" class=\"wp-caption-text\">Vy \u00f6ver Eskilstuna\u00e5n. Foto: Privat.<\/p><\/div>\n<p><strong><br \/>\nPartidistriktsordf\u00f6rande<\/strong><br \/>\nUlf Ros\u00e9n<br \/>\nMobil: 070-522 10 50<br \/>\nE-post: ulf@remrod.se<\/p>\n<p><strong>Ombudsman\u00a0<\/strong><br \/>\nJoakim Widell<br \/>\nMobil: 070-266 80 36<br \/>\nE-post: joakim.widell@kristdemokraterna.se<\/p>\n<p><strong>Politisk sekreterare Region S\u00f6rmland<\/strong><br \/>\nRonny Freiman<br \/>\nMobil: 076-810 64 67<\/p>\n<p>E-post: ronny.freiman@regionsormland.se<\/p>\n<p>&nbsp;<\/p>\n<p><strong>Om partidistriktet<br \/>\n<\/strong>Alla Kristdemokraternas partiavdelningar i S\u00f6dermanlands l\u00e4n ing\u00e5r i partidistriktet. Partidistriktsst\u00e4mman, partidistriktets \u00e5rsm\u00f6te, \u00e4r partidistriktets h\u00f6gsta beslutande organ. Alla medlemmar har r\u00e4tt att n\u00e4rvara p\u00e5 \u00e5rsm\u00f6tet och l\u00e4gga f\u00f6rslag. R\u00f6str\u00e4tt har dock bara de som partiavdelningarna har utsett som sina ombud. P\u00e5 partidistriktsst\u00e4mman v\u00e4ljs en partidistriktsstyrelse som har ansvar f\u00f6r regionpolitiken och f\u00f6r att utse dem som ska representera partiet i landstingets styrelse och olika n\u00e4mnder, utskott och beredningar. P\u00e5 partidistriktsst\u00e4mman v\u00e4ljs ocks\u00e5 ombud som ska representera partidistriktet p\u00e5 partiets riksting.<\/p>\n<p align=\"left\">Partidistriktsstyrelsen har till uppgift att leda partidistriktets arbete mellan st\u00e4mmorna och verkst\u00e4lla de beslut som partidistriktsst\u00e4mman fattar. Partidistriktet st\u00f6djer partiavdelningarna i deras arbete med att v\u00e4rva medlemmar, arrangera utbildningar och aktiviteter, driva kommunpolitik med mera. Man ansvarar ocks\u00e5 f\u00f6r att l\u00f6sa uppgifter som \u00e4r f\u00f6r omfattande f\u00f6r en enskild partiavdelning och som b\u00e4ttre l\u00f6ses gemensamt f\u00f6r flera partiavdelningar. N\u00e4r det \u00e4r dags f\u00f6r val leder partidistriktet den regionala valr\u00f6relsen och samordnar valarbetet inom partidistriktet.<\/p>\n","protected":false},"excerpt":{"rendered":"<p>Partidistriktsordf\u00f6rande Ulf Ros\u00e9n Mobil: 070-522 10 50 E-post: ulf@remrod.se Ombudsman\u00a0 Joakim Widell Mobil: 070-266 80 36 E-post: joakim.widell@kristdemokraterna.se Politisk sekreterare Region S\u00f6rmland Ronny Freiman Mobil: 076-810 64 67 E-post: ronny.freiman@regionsormland.se &nbsp; Om partidistriktet Alla Kristdemokraternas partiavdelningar i S\u00f6dermanlands l\u00e4n ing\u00e5r i partidistriktet. Partidistriktsst\u00e4mman, partidistriktets \u00e5rsm\u00f6te, \u00e4r partidistriktets h\u00f6gsta beslutande organ. Alla medlemmar har r\u00e4tt att <a class=\"read-more-link\" href=\"https:\/\/wp.kristdemokraterna.se\/sormland\/distriktet\/\">Read More<\/a><\/p>\n","protected":false},"author":16,"featured_media":0,"parent":0,"menu_order":1,"comment_status":"closed","ping_status":"closed","template":"","meta":{"_acf_changed":false,"footnotes":""},"class_list":["post-201","page","type-page","status-publish","hentry"],"acf":[],"yoast_head":"<!-- This site is optimized with the Yoast SEO plugin v27.4 - https:\/\/yoast.com\/product\/yoast-seo-wordpress\/ -->\n<title>Partidistriktet - S\u00d6RMLAND<\/title>\n<meta name=\"robots\" content=\"index, follow, max-snippet:-1, max-image-preview:large, max-video-preview:-1\" \/>\n<link rel=\"canonical\" href=\"https:\/\/wp.kristdemokraterna.se\/sormland\/distriktet\/\" \/>\n<meta property=\"og:locale\" content=\"sv_SE\" \/>\n<meta property=\"og:type\" content=\"article\" \/>\n<meta property=\"og:title\" content=\"Partidistriktet - S\u00d6RMLAND\" \/>\n<meta property=\"og:description\" content=\"Partidistriktsordf\u00f6rande Ulf Ros\u00e9n Mobil: 070-522 10 50 E-post: ulf@remrod.se Ombudsman\u00a0 Joakim Widell Mobil: 070-266 80 36 E-post: joakim.widell@kristdemokraterna.se Politisk sekreterare Region S\u00f6rmland Ronny Freiman Mobil: 076-810 64 67 E-post: ronny.freiman@regionsormland.se &nbsp; Om partidistriktet Alla Kristdemokraternas partiavdelningar i S\u00f6dermanlands l\u00e4n ing\u00e5r i partidistriktet. Partidistriktsst\u00e4mman, partidistriktets \u00e5rsm\u00f6te, \u00e4r partidistriktets h\u00f6gsta beslutande organ. Alla medlemmar har r\u00e4tt att Read More\" \/>\n<meta property=\"og:url\" content=\"https:\/\/wp.kristdemokraterna.se\/sormland\/distriktet\/\" \/>\n<meta property=\"og:site_name\" content=\"S\u00d6RMLAND\" \/>\n<meta property=\"article:modified_time\" content=\"2024-04-10T12:17:03+00:00\" \/>\n<meta name=\"twitter:card\" content=\"summary_large_image\" \/>\n<meta name=\"twitter:label1\" content=\"Ber\u00e4knad l\u00e4stid\" \/>\n\t<meta name=\"twitter:data1\" content=\"2 minuter\" \/>\n<script type=\"application\/ld+json\" class=\"yoast-schema-graph\">{\"@context\":\"https:\\\/\\\/schema.org\",\"@graph\":[{\"@type\":\"WebPage\",\"@id\":\"https:\\\/\\\/wp.kristdemokraterna.se\\\/sormland\\\/distriktet\\\/\",\"url\":\"https:\\\/\\\/wp.kristdemokraterna.se\\\/sormland\\\/distriktet\\\/\",\"name\":\"Partidistriktet - S\u00d6RMLAND\",\"isPartOf\":{\"@id\":\"https:\\\/\\\/wp.kristdemokraterna.se\\\/sormland\\\/#website\"},\"datePublished\":\"2012-08-21T10:44:43+00:00\",\"dateModified\":\"2024-04-10T12:17:03+00:00\",\"breadcrumb\":{\"@id\":\"https:\\\/\\\/wp.kristdemokraterna.se\\\/sormland\\\/distriktet\\\/#breadcrumb\"},\"inLanguage\":\"sv-SE\",\"potentialAction\":[{\"@type\":\"ReadAction\",\"target\":[\"https:\\\/\\\/wp.kristdemokraterna.se\\\/sormland\\\/distriktet\\\/\"]}]},{\"@type\":\"BreadcrumbList\",\"@id\":\"https:\\\/\\\/wp.kristdemokraterna.se\\\/sormland\\\/distriktet\\\/#breadcrumb\",\"itemListElement\":[{\"@type\":\"ListItem\",\"position\":1,\"name\":\"Hem\",\"item\":\"https:\\\/\\\/wp.kristdemokraterna.se\\\/sormland\\\/\"},{\"@type\":\"ListItem\",\"position\":2,\"name\":\"Partidistriktet\"}]},{\"@type\":\"WebSite\",\"@id\":\"https:\\\/\\\/wp.kristdemokraterna.se\\\/sormland\\\/#website\",\"url\":\"https:\\\/\\\/wp.kristdemokraterna.se\\\/sormland\\\/\",\"name\":\"S\u00d6RMLAND\",\"description\":\"\",\"inLanguage\":\"sv-SE\"}]}<\/script>\n<!-- \/ Yoast SEO plugin. -->","yoast_head_json":{"title":"Partidistriktet - S\u00d6RMLAND","robots":{"index":"index","follow":"follow","max-snippet":"max-snippet:-1","max-image-preview":"max-image-preview:large","max-video-preview":"max-video-preview:-1"},"canonical":"https:\/\/wp.kristdemokraterna.se\/sormland\/distriktet\/","og_locale":"sv_SE","og_type":"article","og_title":"Partidistriktet - S\u00d6RMLAND","og_description":"Partidistriktsordf\u00f6rande Ulf Ros\u00e9n Mobil: 070-522 10 50 E-post: ulf@remrod.se Ombudsman\u00a0 Joakim Widell Mobil: 070-266 80 36 E-post: joakim.widell@kristdemokraterna.se Politisk sekreterare Region S\u00f6rmland Ronny Freiman Mobil: 076-810 64 67 E-post: ronny.freiman@regionsormland.se &nbsp; Om partidistriktet Alla Kristdemokraternas partiavdelningar i S\u00f6dermanlands l\u00e4n ing\u00e5r i partidistriktet. Partidistriktsst\u00e4mman, partidistriktets \u00e5rsm\u00f6te, \u00e4r partidistriktets h\u00f6gsta beslutande organ. Alla medlemmar har r\u00e4tt att Read More","og_url":"https:\/\/wp.kristdemokraterna.se\/sormland\/distriktet\/","og_site_name":"S\u00d6RMLAND","article_modified_time":"2024-04-10T12:17:03+00:00","twitter_card":"summary_large_image","twitter_misc":{"Ber\u00e4knad l\u00e4stid":"2 minuter"},"schema":{"@context":"https:\/\/schema.org","@graph":[{"@type":"WebPage","@id":"https:\/\/wp.kristdemokraterna.se\/sormland\/distriktet\/","url":"https:\/\/wp.kristdemokraterna.se\/sormland\/distriktet\/","name":"Partidistriktet - S\u00d6RMLAND","isPartOf":{"@id":"https:\/\/wp.kristdemokraterna.se\/sormland\/#website"},"datePublished":"2012-08-21T10:44:43+00:00","dateModified":"2024-04-10T12:17:03+00:00","breadcrumb":{"@id":"https:\/\/wp.kristdemokraterna.se\/sormland\/distriktet\/#breadcrumb"},"inLanguage":"sv-SE","potentialAction":[{"@type":"ReadAction","target":["https:\/\/wp.kristdemokraterna.se\/sormland\/distriktet\/"]}]},{"@type":"BreadcrumbList","@id":"https:\/\/wp.kristdemokraterna.se\/sormland\/distriktet\/#breadcrumb","itemListElement":[{"@type":"ListItem","position":1,"name":"Hem","item":"https:\/\/wp.kristdemokraterna.se\/sormland\/"},{"@type":"ListItem","position":2,"name":"Partidistriktet"}]},{"@type":"WebSite","@id":"https:\/\/wp.kristdemokraterna.se\/sormland\/#website","url":"https:\/\/wp.kristdemokraterna.se\/sormland\/","name":"S\u00d6RMLAND","description":"","inLanguage":"sv-SE"}]}},"_links":{"self":[{"href":"https:\/\/wp.kristdemokraterna.se\/sormland\/wp-json\/wp\/v2\/pages\/201","targetHints":{"allow":["GET"]}}],"collection":[{"href":"https:\/\/wp.kristdemokraterna.se\/sormland\/wp-json\/wp\/v2\/pages"}],"about":[{"href":"https:\/\/wp.kristdemokraterna.se\/sormland\/wp-json\/wp\/v2\/types\/page"}],"author":[{"embeddable":true,"href":"https:\/\/wp.kristdemokraterna.se\/sormland\/wp-json\/wp\/v2\/users\/16"}],"replies":[{"embeddable":true,"href":"https:\/\/wp.kristdemokraterna.se\/sormland\/wp-json\/wp\/v2\/comments?post=201"}],"version-history":[{"count":37,"href":"https:\/\/wp.kristdemokraterna.se\/sormland\/wp-json\/wp\/v2\/pages\/201\/revisions"}],"predecessor-version":[{"id":2931,"href":"https:\/\/wp.kristdemokraterna.se\/sormland\/wp-json\/wp\/v2\/pages\/201\/revisions\/2931"}],"wp:attachment":[{"href":"https:\/\/wp.kristdemokraterna.se\/sormland\/wp-json\/wp\/v2\/media?parent=201"}],"curies":[{"name":"wp","href":"https:\/\/api.w.org\/{rel}","templated":true}]}}