{"id":203,"date":"2012-08-21T12:45:13","date_gmt":"2012-08-21T10:45:13","guid":{"rendered":"http:\/\/wp.kristdemokraterna.se\/sormland\/?page_id=203"},"modified":"2023-03-15T14:31:50","modified_gmt":"2023-03-15T13:31:50","slug":"regionfullmaktigegruppen","status":"publish","type":"page","link":"https:\/\/wp.kristdemokraterna.se\/sormland\/regionfullmaktigegruppen\/","title":{"rendered":"Regiongruppen"},"content":{"rendered":"<p>Under mandatperioden 2022-2026 sitter Kristdemokraterna i styret i Region S\u00f6rmland. V\u00e4ljarnas r\u00f6ster i valet 2022 gav oss 5 mandat av totalt 79, vilket inneb\u00e4r att vi \u00f6kade med ett mandat fr\u00e5n f\u00f6rra perioden. Vi samarbetar med Moderaterna, Centern och V\u00e5rd f\u00f6r pengarna i &#8221;Ny kraft f\u00f6r S\u00f6rmland&#8221;.<\/p>\n<p>Ut\u00f6ver mandaten i fullm\u00e4ktige finns Kristdemokraterna representerade genom v\u00e5ra f\u00f6retr\u00e4dare i regionstyrelsen och i flertalet av regionens\u00a0\u00f6vriga politiska organ.<\/p>\n<p>H\u00e4r \u00e4r Kristdemokraternas regiongrupp:<\/p>\n<p><strong>Lars Lundqvist<\/strong><br \/>\n<em>Regionr\u00e5d, Gruppledare, ledamot i regionstyrelsen och regionfullm\u00e4ktige<\/em><br \/>\nMobil: 076-146 68 14<br \/>\nE-post: lars.lundqvist@kristdemokraterna.se<\/p>\n<p><strong>Anna Jernemalm<\/strong><br \/>\n<em>Ledamot i regionfullm\u00e4ktige och vice ordf\u00f6rande i n\u00e4mnden f\u00f6r prim\u00e4rv\u00e5rd r\u00e4ttspsykiatri och Dammsdalsskolan.<\/em><br \/>\nMobil: 0708-23 67 43<br \/>\nE-post: anna.jernemalm@kristdemokraterna.se<\/p>\n<p><strong>Tony Meshko<\/strong><br \/>\n<em>F\u00f6rste vice ordf\u00f6rande i regionfullm\u00e4ktige och dess presidium<\/em><br \/>\nMobil: 076-050 55 16<br \/>\nE-post: tony.meshko@regionsormland.se<\/p>\n<p><strong>G\u00f6ran Bernhardsson<\/strong><br \/>\n<em>Ledamot i regionfullm\u00e4ktige och regionfullm\u00e4ktiges valberedning<\/em><br \/>\nMobil: 070-555 76 19<br \/>\nE-post: goran.bernhardsson@regionsormland.se<\/p>\n<p><strong>Josefine Boberg<\/strong><br \/>\n<em>Ledamot i regionfullm\u00e4ktige och regionfullm\u00e4ktiges valberedning. Ers\u00e4ttare i n\u00e4mnden f\u00f6r samverkan kring socialtj\u00e4nst och v\u00e5rd<\/em><br \/>\nMobil: 070-819 79 44<br \/>\nE-post: josefine.boberg@regionsormland.se<\/p>\n<p><strong>Marian Loley<\/strong><br \/>\n<em>Ers\u00e4ttare i regionfullm\u00e4ktige, ers\u00e4ttare i regionstyrelsen samt ers\u00e4ttare f\u00f6r prim\u00e4rv\u00e5rd r\u00e4ttspsykiatri och Dammsdalsskolan.<\/em><br \/>\nE-post: marian.loley@kristdemokraterna.se<\/p>\n<p><strong>Joacim W\u00e4ppling<br \/>\n<\/strong><em>Ers\u00e4ttare i regionfullm\u00e4ktige. Vice ordf\u00f6rande i KUF. (Kultur, utbildning, friluftsliv)<\/em><strong><br \/>\n<\/strong>Mobil: 0739-60 54 34<br \/>\nE-post: joacim.wappling@kristdemokraterna.se<\/p>\n<p><strong>Susanne Henning Aihonen<br \/>\n<\/strong><em>Ers\u00e4ttare i regionfullm\u00e4ktige, ledamot i gemensamma patientn\u00e4mnden<\/em><br \/>\nMobil: 070-796 96 81<br \/>\nE-post: susanne.aihonen@kristdemokraterna.se<\/p>\n<p><strong>Alexander Forss<\/strong><br \/>\n<em>Ers\u00e4ttare i regionfullm\u00e4ktige<br \/>\n<\/em>Mobil: 070-281 25 49<br \/>\nE-post: alexander.forss@regionsormland.se<\/p>\n<p><strong>Diana Lundberger<\/strong><br \/>\n<em>Ers\u00e4ttare i regionfullm\u00e4ktige<br \/>\nMobil: 070-580 04 00<br \/>\nE-post: lundbergerd@gmail.com<\/em><\/p>\n<p><strong>Ronny Freiman<br \/>\n<\/strong><em>Politisk sekreterare f\u00f6r KD i region S\u00f6rmland<\/em><br \/>\nMobil: 076-810 64 67<br \/>\nE-post: ronny.freiman@regionsormland.se<\/p>\n","protected":false},"excerpt":{"rendered":"<p>Under mandatperioden 2022-2026 sitter Kristdemokraterna i styret i Region S\u00f6rmland. V\u00e4ljarnas r\u00f6ster i valet 2022 gav oss 5 mandat av totalt 79, vilket inneb\u00e4r att vi \u00f6kade med ett mandat fr\u00e5n f\u00f6rra perioden. Vi samarbetar med Moderaterna, Centern och V\u00e5rd f\u00f6r pengarna i &#8221;Ny kraft f\u00f6r S\u00f6rmland&#8221;. Ut\u00f6ver mandaten i fullm\u00e4ktige finns Kristdemokraterna representerade genom <a class=\"read-more-link\" href=\"https:\/\/wp.kristdemokraterna.se\/sormland\/regionfullmaktigegruppen\/\">Read More<\/a><\/p>\n","protected":false},"author":16,"featured_media":0,"parent":0,"menu_order":2,"comment_status":"closed","ping_status":"closed","template":"","meta":{"_acf_changed":false,"footnotes":""},"class_list":["post-203","page","type-page","status-publish","hentry"],"acf":[],"yoast_head":"<!-- This site is optimized with the Yoast SEO plugin v27.4 - https:\/\/yoast.com\/product\/yoast-seo-wordpress\/ -->\n<title>Regiongruppen - S\u00d6RMLAND<\/title>\n<meta name=\"robots\" content=\"index, follow, max-snippet:-1, max-image-preview:large, max-video-preview:-1\" \/>\n<link rel=\"canonical\" href=\"https:\/\/wp.kristdemokraterna.se\/sormland\/regionfullmaktigegruppen\/\" \/>\n<meta property=\"og:locale\" content=\"sv_SE\" \/>\n<meta property=\"og:type\" content=\"article\" \/>\n<meta property=\"og:title\" content=\"Regiongruppen - S\u00d6RMLAND\" \/>\n<meta property=\"og:description\" content=\"Under mandatperioden 2022-2026 sitter Kristdemokraterna i styret i Region S\u00f6rmland. V\u00e4ljarnas r\u00f6ster i valet 2022 gav oss 5 mandat av totalt 79, vilket inneb\u00e4r att vi \u00f6kade med ett mandat fr\u00e5n f\u00f6rra perioden. Vi samarbetar med Moderaterna, Centern och V\u00e5rd f\u00f6r pengarna i &#8221;Ny kraft f\u00f6r S\u00f6rmland&#8221;. Ut\u00f6ver mandaten i fullm\u00e4ktige finns Kristdemokraterna representerade genom Read More\" \/>\n<meta property=\"og:url\" content=\"https:\/\/wp.kristdemokraterna.se\/sormland\/regionfullmaktigegruppen\/\" \/>\n<meta property=\"og:site_name\" content=\"S\u00d6RMLAND\" \/>\n<meta property=\"article:modified_time\" content=\"2023-03-15T13:31:50+00:00\" \/>\n<meta name=\"twitter:card\" content=\"summary_large_image\" \/>\n<meta name=\"twitter:label1\" content=\"Ber\u00e4knad l\u00e4stid\" \/>\n\t<meta name=\"twitter:data1\" content=\"2 minuter\" \/>\n<script type=\"application\/ld+json\" class=\"yoast-schema-graph\">{\"@context\":\"https:\\\/\\\/schema.org\",\"@graph\":[{\"@type\":\"WebPage\",\"@id\":\"https:\\\/\\\/wp.kristdemokraterna.se\\\/sormland\\\/regionfullmaktigegruppen\\\/\",\"url\":\"https:\\\/\\\/wp.kristdemokraterna.se\\\/sormland\\\/regionfullmaktigegruppen\\\/\",\"name\":\"Regiongruppen - S\u00d6RMLAND\",\"isPartOf\":{\"@id\":\"https:\\\/\\\/wp.kristdemokraterna.se\\\/sormland\\\/#website\"},\"datePublished\":\"2012-08-21T10:45:13+00:00\",\"dateModified\":\"2023-03-15T13:31:50+00:00\",\"breadcrumb\":{\"@id\":\"https:\\\/\\\/wp.kristdemokraterna.se\\\/sormland\\\/regionfullmaktigegruppen\\\/#breadcrumb\"},\"inLanguage\":\"sv-SE\",\"potentialAction\":[{\"@type\":\"ReadAction\",\"target\":[\"https:\\\/\\\/wp.kristdemokraterna.se\\\/sormland\\\/regionfullmaktigegruppen\\\/\"]}]},{\"@type\":\"BreadcrumbList\",\"@id\":\"https:\\\/\\\/wp.kristdemokraterna.se\\\/sormland\\\/regionfullmaktigegruppen\\\/#breadcrumb\",\"itemListElement\":[{\"@type\":\"ListItem\",\"position\":1,\"name\":\"Hem\",\"item\":\"https:\\\/\\\/wp.kristdemokraterna.se\\\/sormland\\\/\"},{\"@type\":\"ListItem\",\"position\":2,\"name\":\"Regiongruppen\"}]},{\"@type\":\"WebSite\",\"@id\":\"https:\\\/\\\/wp.kristdemokraterna.se\\\/sormland\\\/#website\",\"url\":\"https:\\\/\\\/wp.kristdemokraterna.se\\\/sormland\\\/\",\"name\":\"S\u00d6RMLAND\",\"description\":\"\",\"inLanguage\":\"sv-SE\"}]}<\/script>\n<!-- \/ Yoast SEO plugin. -->","yoast_head_json":{"title":"Regiongruppen - S\u00d6RMLAND","robots":{"index":"index","follow":"follow","max-snippet":"max-snippet:-1","max-image-preview":"max-image-preview:large","max-video-preview":"max-video-preview:-1"},"canonical":"https:\/\/wp.kristdemokraterna.se\/sormland\/regionfullmaktigegruppen\/","og_locale":"sv_SE","og_type":"article","og_title":"Regiongruppen - S\u00d6RMLAND","og_description":"Under mandatperioden 2022-2026 sitter Kristdemokraterna i styret i Region S\u00f6rmland. V\u00e4ljarnas r\u00f6ster i valet 2022 gav oss 5 mandat av totalt 79, vilket inneb\u00e4r att vi \u00f6kade med ett mandat fr\u00e5n f\u00f6rra perioden. Vi samarbetar med Moderaterna, Centern och V\u00e5rd f\u00f6r pengarna i &#8221;Ny kraft f\u00f6r S\u00f6rmland&#8221;. Ut\u00f6ver mandaten i fullm\u00e4ktige finns Kristdemokraterna representerade genom Read More","og_url":"https:\/\/wp.kristdemokraterna.se\/sormland\/regionfullmaktigegruppen\/","og_site_name":"S\u00d6RMLAND","article_modified_time":"2023-03-15T13:31:50+00:00","twitter_card":"summary_large_image","twitter_misc":{"Ber\u00e4knad l\u00e4stid":"2 minuter"},"schema":{"@context":"https:\/\/schema.org","@graph":[{"@type":"WebPage","@id":"https:\/\/wp.kristdemokraterna.se\/sormland\/regionfullmaktigegruppen\/","url":"https:\/\/wp.kristdemokraterna.se\/sormland\/regionfullmaktigegruppen\/","name":"Regiongruppen - S\u00d6RMLAND","isPartOf":{"@id":"https:\/\/wp.kristdemokraterna.se\/sormland\/#website"},"datePublished":"2012-08-21T10:45:13+00:00","dateModified":"2023-03-15T13:31:50+00:00","breadcrumb":{"@id":"https:\/\/wp.kristdemokraterna.se\/sormland\/regionfullmaktigegruppen\/#breadcrumb"},"inLanguage":"sv-SE","potentialAction":[{"@type":"ReadAction","target":["https:\/\/wp.kristdemokraterna.se\/sormland\/regionfullmaktigegruppen\/"]}]},{"@type":"BreadcrumbList","@id":"https:\/\/wp.kristdemokraterna.se\/sormland\/regionfullmaktigegruppen\/#breadcrumb","itemListElement":[{"@type":"ListItem","position":1,"name":"Hem","item":"https:\/\/wp.kristdemokraterna.se\/sormland\/"},{"@type":"ListItem","position":2,"name":"Regiongruppen"}]},{"@type":"WebSite","@id":"https:\/\/wp.kristdemokraterna.se\/sormland\/#website","url":"https:\/\/wp.kristdemokraterna.se\/sormland\/","name":"S\u00d6RMLAND","description":"","inLanguage":"sv-SE"}]}},"_links":{"self":[{"href":"https:\/\/wp.kristdemokraterna.se\/sormland\/wp-json\/wp\/v2\/pages\/203","targetHints":{"allow":["GET"]}}],"collection":[{"href":"https:\/\/wp.kristdemokraterna.se\/sormland\/wp-json\/wp\/v2\/pages"}],"about":[{"href":"https:\/\/wp.kristdemokraterna.se\/sormland\/wp-json\/wp\/v2\/types\/page"}],"author":[{"embeddable":true,"href":"https:\/\/wp.kristdemokraterna.se\/sormland\/wp-json\/wp\/v2\/users\/16"}],"replies":[{"embeddable":true,"href":"https:\/\/wp.kristdemokraterna.se\/sormland\/wp-json\/wp\/v2\/comments?post=203"}],"version-history":[{"count":50,"href":"https:\/\/wp.kristdemokraterna.se\/sormland\/wp-json\/wp\/v2\/pages\/203\/revisions"}],"predecessor-version":[{"id":2894,"href":"https:\/\/wp.kristdemokraterna.se\/sormland\/wp-json\/wp\/v2\/pages\/203\/revisions\/2894"}],"wp:attachment":[{"href":"https:\/\/wp.kristdemokraterna.se\/sormland\/wp-json\/wp\/v2\/media?parent=203"}],"curies":[{"name":"wp","href":"https:\/\/api.w.org\/{rel}","templated":true}]}}