{"id":2534,"date":"2018-06-13T12:54:10","date_gmt":"2018-06-13T10:54:10","guid":{"rendered":"http:\/\/wp.kristdemokraterna.se\/sormland\/startsida\/"},"modified":"2023-03-14T11:01:06","modified_gmt":"2023-03-14T10:01:06","slug":"startsida","status":"publish","type":"page","link":"https:\/\/wp.kristdemokraterna.se\/sormland\/","title":{"rendered":"Startsida"},"content":{"rendered":"<p><strong>V\u00e5rt\u00a0m\u00e5l \u00e4r ett samh\u00e4lle d\u00e4r friheten att forma sitt eget liv g\u00e5r hand i hand med ansvaret f\u00f6r sin medm\u00e4nniska. Vi vill bygga ett samh\u00e4lle som h\u00e5ller samman. Ingen ska h\u00e5llas tillbaka och ingen ska l\u00e4mnas efter.<\/strong><\/p>\n<p>&nbsp;<\/p>\n","protected":false},"excerpt":{"rendered":"<p>V\u00e5rt\u00a0m\u00e5l \u00e4r ett samh\u00e4lle d\u00e4r friheten att forma sitt eget liv g\u00e5r hand i hand med ansvaret f\u00f6r sin medm\u00e4nniska. Vi vill bygga ett samh\u00e4lle som h\u00e5ller samman. Ingen ska h\u00e5llas tillbaka och ingen ska l\u00e4mnas efter. &nbsp;<\/p>\n","protected":false},"author":444,"featured_media":0,"parent":0,"menu_order":0,"comment_status":"closed","ping_status":"closed","template":"index.php","meta":{"_acf_changed":false,"footnotes":""},"class_list":["post-2534","page","type-page","status-publish","hentry"],"acf":[],"yoast_head":"<!-- This site is optimized with the Yoast SEO plugin v27.4 - https:\/\/yoast.com\/product\/yoast-seo-wordpress\/ -->\n<title>Startsida - S\u00d6RMLAND<\/title>\n<meta name=\"robots\" content=\"index, follow, max-snippet:-1, max-image-preview:large, max-video-preview:-1\" \/>\n<link rel=\"canonical\" href=\"https:\/\/wp.kristdemokraterna.se\/sormland\/\" \/>\n<meta property=\"og:locale\" content=\"sv_SE\" \/>\n<meta property=\"og:type\" content=\"article\" \/>\n<meta property=\"og:title\" content=\"Startsida - S\u00d6RMLAND\" \/>\n<meta property=\"og:description\" content=\"V\u00e5rt\u00a0m\u00e5l \u00e4r ett samh\u00e4lle d\u00e4r friheten att forma sitt eget liv g\u00e5r hand i hand med ansvaret f\u00f6r sin medm\u00e4nniska. Vi vill bygga ett samh\u00e4lle som h\u00e5ller samman. Ingen ska h\u00e5llas tillbaka och ingen ska l\u00e4mnas efter. &nbsp;\" \/>\n<meta property=\"og:url\" content=\"https:\/\/wp.kristdemokraterna.se\/sormland\/\" \/>\n<meta property=\"og:site_name\" content=\"S\u00d6RMLAND\" \/>\n<meta property=\"article:modified_time\" content=\"2023-03-14T10:01:06+00:00\" \/>\n<meta name=\"twitter:card\" content=\"summary_large_image\" \/>\n<meta name=\"twitter:label1\" content=\"Ber\u00e4knad l\u00e4stid\" \/>\n\t<meta name=\"twitter:data1\" content=\"1 minut\" \/>\n<script type=\"application\/ld+json\" class=\"yoast-schema-graph\">{\"@context\":\"https:\\\/\\\/schema.org\",\"@graph\":[{\"@type\":\"WebPage\",\"@id\":\"https:\\\/\\\/wp.kristdemokraterna.se\\\/sormland\\\/\",\"url\":\"https:\\\/\\\/wp.kristdemokraterna.se\\\/sormland\\\/\",\"name\":\"Startsida - S\u00d6RMLAND\",\"isPartOf\":{\"@id\":\"https:\\\/\\\/wp.kristdemokraterna.se\\\/sormland\\\/#website\"},\"datePublished\":\"2018-06-13T10:54:10+00:00\",\"dateModified\":\"2023-03-14T10:01:06+00:00\",\"breadcrumb\":{\"@id\":\"https:\\\/\\\/wp.kristdemokraterna.se\\\/sormland\\\/#breadcrumb\"},\"inLanguage\":\"sv-SE\",\"potentialAction\":[{\"@type\":\"ReadAction\",\"target\":[\"https:\\\/\\\/wp.kristdemokraterna.se\\\/sormland\\\/\"]}]},{\"@type\":\"BreadcrumbList\",\"@id\":\"https:\\\/\\\/wp.kristdemokraterna.se\\\/sormland\\\/#breadcrumb\",\"itemListElement\":[{\"@type\":\"ListItem\",\"position\":1,\"name\":\"Hem\",\"item\":\"https:\\\/\\\/wp.kristdemokraterna.se\\\/sormland\\\/\"},{\"@type\":\"ListItem\",\"position\":2,\"name\":\"Startsida\"}]},{\"@type\":\"WebSite\",\"@id\":\"https:\\\/\\\/wp.kristdemokraterna.se\\\/sormland\\\/#website\",\"url\":\"https:\\\/\\\/wp.kristdemokraterna.se\\\/sormland\\\/\",\"name\":\"S\u00d6RMLAND\",\"description\":\"\",\"inLanguage\":\"sv-SE\"}]}<\/script>\n<!-- \/ Yoast SEO plugin. -->","yoast_head_json":{"title":"Startsida - S\u00d6RMLAND","robots":{"index":"index","follow":"follow","max-snippet":"max-snippet:-1","max-image-preview":"max-image-preview:large","max-video-preview":"max-video-preview:-1"},"canonical":"https:\/\/wp.kristdemokraterna.se\/sormland\/","og_locale":"sv_SE","og_type":"article","og_title":"Startsida - S\u00d6RMLAND","og_description":"V\u00e5rt\u00a0m\u00e5l \u00e4r ett samh\u00e4lle d\u00e4r friheten att forma sitt eget liv g\u00e5r hand i hand med ansvaret f\u00f6r sin medm\u00e4nniska. Vi vill bygga ett samh\u00e4lle som h\u00e5ller samman. Ingen ska h\u00e5llas tillbaka och ingen ska l\u00e4mnas efter. &nbsp;","og_url":"https:\/\/wp.kristdemokraterna.se\/sormland\/","og_site_name":"S\u00d6RMLAND","article_modified_time":"2023-03-14T10:01:06+00:00","twitter_card":"summary_large_image","twitter_misc":{"Ber\u00e4knad l\u00e4stid":"1 minut"},"schema":{"@context":"https:\/\/schema.org","@graph":[{"@type":"WebPage","@id":"https:\/\/wp.kristdemokraterna.se\/sormland\/","url":"https:\/\/wp.kristdemokraterna.se\/sormland\/","name":"Startsida - S\u00d6RMLAND","isPartOf":{"@id":"https:\/\/wp.kristdemokraterna.se\/sormland\/#website"},"datePublished":"2018-06-13T10:54:10+00:00","dateModified":"2023-03-14T10:01:06+00:00","breadcrumb":{"@id":"https:\/\/wp.kristdemokraterna.se\/sormland\/#breadcrumb"},"inLanguage":"sv-SE","potentialAction":[{"@type":"ReadAction","target":["https:\/\/wp.kristdemokraterna.se\/sormland\/"]}]},{"@type":"BreadcrumbList","@id":"https:\/\/wp.kristdemokraterna.se\/sormland\/#breadcrumb","itemListElement":[{"@type":"ListItem","position":1,"name":"Hem","item":"https:\/\/wp.kristdemokraterna.se\/sormland\/"},{"@type":"ListItem","position":2,"name":"Startsida"}]},{"@type":"WebSite","@id":"https:\/\/wp.kristdemokraterna.se\/sormland\/#website","url":"https:\/\/wp.kristdemokraterna.se\/sormland\/","name":"S\u00d6RMLAND","description":"","inLanguage":"sv-SE"}]}},"_links":{"self":[{"href":"https:\/\/wp.kristdemokraterna.se\/sormland\/wp-json\/wp\/v2\/pages\/2534","targetHints":{"allow":["GET"]}}],"collection":[{"href":"https:\/\/wp.kristdemokraterna.se\/sormland\/wp-json\/wp\/v2\/pages"}],"about":[{"href":"https:\/\/wp.kristdemokraterna.se\/sormland\/wp-json\/wp\/v2\/types\/page"}],"author":[{"embeddable":true,"href":"https:\/\/wp.kristdemokraterna.se\/sormland\/wp-json\/wp\/v2\/users\/444"}],"replies":[{"embeddable":true,"href":"https:\/\/wp.kristdemokraterna.se\/sormland\/wp-json\/wp\/v2\/comments?post=2534"}],"version-history":[{"count":33,"href":"https:\/\/wp.kristdemokraterna.se\/sormland\/wp-json\/wp\/v2\/pages\/2534\/revisions"}],"predecessor-version":[{"id":2881,"href":"https:\/\/wp.kristdemokraterna.se\/sormland\/wp-json\/wp\/v2\/pages\/2534\/revisions\/2881"}],"wp:attachment":[{"href":"https:\/\/wp.kristdemokraterna.se\/sormland\/wp-json\/wp\/v2\/media?parent=2534"}],"curies":[{"name":"wp","href":"https:\/\/api.w.org\/{rel}","templated":true}]}}