{"id":434,"date":"2012-09-18T15:43:37","date_gmt":"2012-09-18T13:43:37","guid":{"rendered":"http:\/\/wp.kristdemokraterna.se\/sormland\/?page_id=434"},"modified":"2025-11-19T11:21:09","modified_gmt":"2025-11-19T10:21:09","slug":"distriktsstyrelsen","status":"publish","type":"page","link":"https:\/\/wp.kristdemokraterna.se\/sormland\/distriktet\/distriktsstyrelsen\/","title":{"rendered":"Partidistriktsstyrelsen 2025"},"content":{"rendered":"<p><em>Ulf Ros\u00e9n, Ordf\u00f6rande<\/em><br \/>\nMobil: 070-5221050<br \/>\nE-post: ulf@remrod.se<\/p>\n<p><em>Paul Sabo, Eskilstuna, vice ordf\u00f6rande<\/em><br \/>\nMobil: 070-996 67 56<br \/>\nE-post: paulsabo@live.se<\/p>\n<p><em>Sanni Schager, Trosa, ledamot<\/em><\/p>\n<p><em>Niclas Lindgren, Oxel\u00f6sund, ledamot<\/em><br \/>\nMobil: 070-405 95 04<br \/>\nE-post: niclas.lindgren@kristdemokraterna.se<\/p>\n<p><em>Joacim W\u00e4ppling, Flen, ledamot<\/em><br \/>\nMobil: 073-960 54 30<br \/>\nE-post: jocke.bettna@gmail.com<\/p>\n<p><em>Maud Wachtmeister, Nyk\u00f6ping, ledamot<\/em><br \/>\nMobil: 070-670 50 13<br \/>\nE-post: maud@wachtmeister.net<\/p>\n<p><em>Ingegerd Johansson, Gnesta, kass\u00f6r<\/em><br \/>\nMobil: 076-083 63 87<br \/>\ningegerd.l.johansson@gmail.com<\/p>\n<p><em>Lars Lundqvist, Nyk\u00f6ping, adjungerad, regionr\u00e5d S\u00f6rmland<\/em><br \/>\nMobil:073-773 71 52<br \/>\nE-post: lars.lundqvist@kristdemokraterna.se<\/p>\n<p><strong>Ombudsman:<\/strong><br \/>\n<em>Joakim Widell<\/em><br \/>\nMobil: 070-266 80 36<br \/>\njoakim.widell@kristdemokraterna.se<\/p>\n<p><strong>Politisk sekreterare Regionen:<\/strong><br \/>\n<em>Ronny Freiman<\/em><br \/>\nMobil: 076-810 64 67<br \/>\nronny.freiman@kristdemokraterna.se<\/p>\n<p>&nbsp;<\/p>\n<p>&nbsp;<\/p>\n<p>&nbsp;<\/p>\n","protected":false},"excerpt":{"rendered":"<p>Ulf Ros\u00e9n, Ordf\u00f6rande Mobil: 070-5221050 E-post: ulf@remrod.se Paul Sabo, Eskilstuna, vice ordf\u00f6rande Mobil: 070-996 67 56 E-post: paulsabo@live.se Sanni Schager, Trosa, ledamot Niclas Lindgren, Oxel\u00f6sund, ledamot Mobil: 070-405 95 04 E-post: niclas.lindgren@kristdemokraterna.se Joacim W\u00e4ppling, Flen, ledamot Mobil: 073-960 54 30 E-post: jocke.bettna@gmail.com Maud Wachtmeister, Nyk\u00f6ping, ledamot Mobil: 070-670 50 13 E-post: maud@wachtmeister.net Ingegerd Johansson, Gnesta, <a class=\"read-more-link\" href=\"https:\/\/wp.kristdemokraterna.se\/sormland\/distriktet\/distriktsstyrelsen\/\">Read More<\/a><\/p>\n","protected":false},"author":16,"featured_media":0,"parent":201,"menu_order":0,"comment_status":"closed","ping_status":"closed","template":"","meta":{"_acf_changed":false,"footnotes":""},"class_list":["post-434","page","type-page","status-publish","hentry"],"acf":[],"yoast_head":"<!-- This site is optimized with the Yoast SEO plugin v27.4 - https:\/\/yoast.com\/product\/yoast-seo-wordpress\/ -->\n<title>Partidistriktsstyrelsen 2025 - S\u00d6RMLAND<\/title>\n<meta name=\"robots\" content=\"index, follow, max-snippet:-1, max-image-preview:large, max-video-preview:-1\" \/>\n<link rel=\"canonical\" href=\"https:\/\/wp.kristdemokraterna.se\/sormland\/distriktet\/distriktsstyrelsen\/\" \/>\n<meta property=\"og:locale\" content=\"sv_SE\" \/>\n<meta property=\"og:type\" content=\"article\" \/>\n<meta property=\"og:title\" content=\"Partidistriktsstyrelsen 2025 - S\u00d6RMLAND\" \/>\n<meta property=\"og:description\" content=\"Ulf Ros\u00e9n, Ordf\u00f6rande Mobil: 070-5221050 E-post: ulf@remrod.se Paul Sabo, Eskilstuna, vice ordf\u00f6rande Mobil: 070-996 67 56 E-post: paulsabo@live.se Sanni Schager, Trosa, ledamot Niclas Lindgren, Oxel\u00f6sund, ledamot Mobil: 070-405 95 04 E-post: niclas.lindgren@kristdemokraterna.se Joacim W\u00e4ppling, Flen, ledamot Mobil: 073-960 54 30 E-post: jocke.bettna@gmail.com Maud Wachtmeister, Nyk\u00f6ping, ledamot Mobil: 070-670 50 13 E-post: maud@wachtmeister.net Ingegerd Johansson, Gnesta, Read More\" \/>\n<meta property=\"og:url\" content=\"https:\/\/wp.kristdemokraterna.se\/sormland\/distriktet\/distriktsstyrelsen\/\" \/>\n<meta property=\"og:site_name\" content=\"S\u00d6RMLAND\" \/>\n<meta property=\"article:modified_time\" content=\"2025-11-19T10:21:09+00:00\" \/>\n<meta name=\"twitter:card\" content=\"summary_large_image\" \/>\n<meta name=\"twitter:label1\" content=\"Ber\u00e4knad l\u00e4stid\" \/>\n\t<meta name=\"twitter:data1\" content=\"1 minut\" \/>\n<script type=\"application\/ld+json\" class=\"yoast-schema-graph\">{\"@context\":\"https:\\\/\\\/schema.org\",\"@graph\":[{\"@type\":\"WebPage\",\"@id\":\"https:\\\/\\\/wp.kristdemokraterna.se\\\/sormland\\\/distriktet\\\/distriktsstyrelsen\\\/\",\"url\":\"https:\\\/\\\/wp.kristdemokraterna.se\\\/sormland\\\/distriktet\\\/distriktsstyrelsen\\\/\",\"name\":\"Partidistriktsstyrelsen 2025 - S\u00d6RMLAND\",\"isPartOf\":{\"@id\":\"https:\\\/\\\/wp.kristdemokraterna.se\\\/sormland\\\/#website\"},\"datePublished\":\"2012-09-18T13:43:37+00:00\",\"dateModified\":\"2025-11-19T10:21:09+00:00\",\"breadcrumb\":{\"@id\":\"https:\\\/\\\/wp.kristdemokraterna.se\\\/sormland\\\/distriktet\\\/distriktsstyrelsen\\\/#breadcrumb\"},\"inLanguage\":\"sv-SE\",\"potentialAction\":[{\"@type\":\"ReadAction\",\"target\":[\"https:\\\/\\\/wp.kristdemokraterna.se\\\/sormland\\\/distriktet\\\/distriktsstyrelsen\\\/\"]}]},{\"@type\":\"BreadcrumbList\",\"@id\":\"https:\\\/\\\/wp.kristdemokraterna.se\\\/sormland\\\/distriktet\\\/distriktsstyrelsen\\\/#breadcrumb\",\"itemListElement\":[{\"@type\":\"ListItem\",\"position\":1,\"name\":\"Hem\",\"item\":\"https:\\\/\\\/wp.kristdemokraterna.se\\\/sormland\\\/\"},{\"@type\":\"ListItem\",\"position\":2,\"name\":\"Partidistriktet\",\"item\":\"https:\\\/\\\/wp.kristdemokraterna.se\\\/sormland\\\/distriktet\\\/\"},{\"@type\":\"ListItem\",\"position\":3,\"name\":\"Partidistriktsstyrelsen 2025\"}]},{\"@type\":\"WebSite\",\"@id\":\"https:\\\/\\\/wp.kristdemokraterna.se\\\/sormland\\\/#website\",\"url\":\"https:\\\/\\\/wp.kristdemokraterna.se\\\/sormland\\\/\",\"name\":\"S\u00d6RMLAND\",\"description\":\"\",\"inLanguage\":\"sv-SE\"}]}<\/script>\n<!-- \/ Yoast SEO plugin. -->","yoast_head_json":{"title":"Partidistriktsstyrelsen 2025 - S\u00d6RMLAND","robots":{"index":"index","follow":"follow","max-snippet":"max-snippet:-1","max-image-preview":"max-image-preview:large","max-video-preview":"max-video-preview:-1"},"canonical":"https:\/\/wp.kristdemokraterna.se\/sormland\/distriktet\/distriktsstyrelsen\/","og_locale":"sv_SE","og_type":"article","og_title":"Partidistriktsstyrelsen 2025 - S\u00d6RMLAND","og_description":"Ulf Ros\u00e9n, Ordf\u00f6rande Mobil: 070-5221050 E-post: ulf@remrod.se Paul Sabo, Eskilstuna, vice ordf\u00f6rande Mobil: 070-996 67 56 E-post: paulsabo@live.se Sanni Schager, Trosa, ledamot Niclas Lindgren, Oxel\u00f6sund, ledamot Mobil: 070-405 95 04 E-post: niclas.lindgren@kristdemokraterna.se Joacim W\u00e4ppling, Flen, ledamot Mobil: 073-960 54 30 E-post: jocke.bettna@gmail.com Maud Wachtmeister, Nyk\u00f6ping, ledamot Mobil: 070-670 50 13 E-post: maud@wachtmeister.net Ingegerd Johansson, Gnesta, Read More","og_url":"https:\/\/wp.kristdemokraterna.se\/sormland\/distriktet\/distriktsstyrelsen\/","og_site_name":"S\u00d6RMLAND","article_modified_time":"2025-11-19T10:21:09+00:00","twitter_card":"summary_large_image","twitter_misc":{"Ber\u00e4knad l\u00e4stid":"1 minut"},"schema":{"@context":"https:\/\/schema.org","@graph":[{"@type":"WebPage","@id":"https:\/\/wp.kristdemokraterna.se\/sormland\/distriktet\/distriktsstyrelsen\/","url":"https:\/\/wp.kristdemokraterna.se\/sormland\/distriktet\/distriktsstyrelsen\/","name":"Partidistriktsstyrelsen 2025 - S\u00d6RMLAND","isPartOf":{"@id":"https:\/\/wp.kristdemokraterna.se\/sormland\/#website"},"datePublished":"2012-09-18T13:43:37+00:00","dateModified":"2025-11-19T10:21:09+00:00","breadcrumb":{"@id":"https:\/\/wp.kristdemokraterna.se\/sormland\/distriktet\/distriktsstyrelsen\/#breadcrumb"},"inLanguage":"sv-SE","potentialAction":[{"@type":"ReadAction","target":["https:\/\/wp.kristdemokraterna.se\/sormland\/distriktet\/distriktsstyrelsen\/"]}]},{"@type":"BreadcrumbList","@id":"https:\/\/wp.kristdemokraterna.se\/sormland\/distriktet\/distriktsstyrelsen\/#breadcrumb","itemListElement":[{"@type":"ListItem","position":1,"name":"Hem","item":"https:\/\/wp.kristdemokraterna.se\/sormland\/"},{"@type":"ListItem","position":2,"name":"Partidistriktet","item":"https:\/\/wp.kristdemokraterna.se\/sormland\/distriktet\/"},{"@type":"ListItem","position":3,"name":"Partidistriktsstyrelsen 2025"}]},{"@type":"WebSite","@id":"https:\/\/wp.kristdemokraterna.se\/sormland\/#website","url":"https:\/\/wp.kristdemokraterna.se\/sormland\/","name":"S\u00d6RMLAND","description":"","inLanguage":"sv-SE"}]}},"_links":{"self":[{"href":"https:\/\/wp.kristdemokraterna.se\/sormland\/wp-json\/wp\/v2\/pages\/434","targetHints":{"allow":["GET"]}}],"collection":[{"href":"https:\/\/wp.kristdemokraterna.se\/sormland\/wp-json\/wp\/v2\/pages"}],"about":[{"href":"https:\/\/wp.kristdemokraterna.se\/sormland\/wp-json\/wp\/v2\/types\/page"}],"author":[{"embeddable":true,"href":"https:\/\/wp.kristdemokraterna.se\/sormland\/wp-json\/wp\/v2\/users\/16"}],"replies":[{"embeddable":true,"href":"https:\/\/wp.kristdemokraterna.se\/sormland\/wp-json\/wp\/v2\/comments?post=434"}],"version-history":[{"count":40,"href":"https:\/\/wp.kristdemokraterna.se\/sormland\/wp-json\/wp\/v2\/pages\/434\/revisions"}],"predecessor-version":[{"id":2940,"href":"https:\/\/wp.kristdemokraterna.se\/sormland\/wp-json\/wp\/v2\/pages\/434\/revisions\/2940"}],"up":[{"embeddable":true,"href":"https:\/\/wp.kristdemokraterna.se\/sormland\/wp-json\/wp\/v2\/pages\/201"}],"wp:attachment":[{"href":"https:\/\/wp.kristdemokraterna.se\/sormland\/wp-json\/wp\/v2\/media?parent=434"}],"curies":[{"name":"wp","href":"https:\/\/api.w.org\/{rel}","templated":true}]}}