{"id":102,"date":"2014-02-26T08:35:08","date_gmt":"2014-02-26T07:35:08","guid":{"rendered":"http:\/\/wp.kristdemokraterna.se\/sundbyberg\/?page_id=102"},"modified":"2022-11-09T16:24:57","modified_gmt":"2022-11-09T15:24:57","slug":"sundbybergs-ekonomi","status":"publish","type":"page","link":"https:\/\/wp.kristdemokraterna.se\/sundbyberg\/var-politik\/sundbybergs-ekonomi\/","title":{"rendered":"Sundbybergs ekonomi"},"content":{"rendered":"<p><span style=\"font-weight: 400\">God kommunal ekonomi \u00e4r en f\u00f6ruts\u00e4ttning f\u00f6r en v\u00e4l fungerande kommun. Ett v\u00e4l fungerande n\u00e4ringsliv och fler personer i arbete skapar de skatteint\u00e4kter som kr\u00e4vs f\u00f6r en fungerande v\u00e4lf\u00e4rd. Det viktiga \u00e4r inte vem som bedriver verksamheten utan vilket resultatet blir j\u00e4mf\u00f6rt med nedlagd kostnad. Kristdemokraterna vill ha en v\u00e4l fungerande marknadsekonomi, vilket f\u00f6ruts\u00e4tter grundl\u00e4ggande etisk samsyn i samh\u00e4llet.<\/span><\/p>\n<ul>\n<li style=\"font-weight: 400\"><span style=\"font-weight: 400\">Sundbybergs ekonomi ska vara i balans och medborgarna ska f\u00e5 b\u00e4sta m\u00f6jliga service och kvalitet f\u00f6r skatterna och d\u00e4r k\u00e4rnverksamheterna prioriteras.<\/span><\/li>\n<li style=\"font-weight: 400\"><span style=\"font-weight: 400\">Den politiska organisationen ska slimmas och bli mer kostnadseffektiv.<\/span><\/li>\n<li style=\"font-weight: 400\"><span style=\"font-weight: 400\">Om f\u00f6ruts\u00e4ttningarna finns ska vi s\u00e4nka skatten i Sundbyberg.<\/span><\/li>\n<li style=\"font-weight: 400\"><span style=\"font-weight: 400\">Kommunalt finansierad verksamhet ska utf\u00f6ras b\u00e5de av enskilda, ideella organisationer och av staden sj\u00e4lv f\u00f6r att f\u00e5 h\u00f6gsta kvalitet.<\/span><\/li>\n<li style=\"font-weight: 400\"><span style=\"font-weight: 400\">Investeringar i fastigheter ska ske p\u00e5 ett finansiellt ansvarsfullt s\u00e4tt och renovering respektive nybyggnation av k\u00e4rnverksamhetens lokaler ska prioriteras.<\/span><\/li>\n<li style=\"font-weight: 400\"><span style=\"font-weight: 400\">Inf\u00f6r kommunala servicegarantier f\u00f6r kommunens tj\u00e4nster med tydliga besked om vilka effekter det blir f\u00f6r kommunen om garantin inte uppfylls.<\/span><\/li>\n<li style=\"font-weight: 400\"><span style=\"font-weight: 400\">Minska andelen ofrivilliga heltids- och deltidsanst\u00e4llningar\u00a0<\/span><\/li>\n<li style=\"font-weight: 400\"><span style=\"font-weight: 400\">Lika l\u00f6n f\u00f6r lika arbete &#8211; osakliga l\u00f6neskillnader mellan kvinnor och m\u00e4n ska inte f\u00f6rekomma.<\/span><\/li>\n<li style=\"font-weight: 400\"><span style=\"font-weight: 400\">Medborgarnas f\u00f6rsta m\u00f6te med staden, receptionen, telefonv\u00e4xeln och hemsidan, ska snabbt ge svar p\u00e5 fr\u00e5gor som r\u00f6r kommunens service.<\/span><\/li>\n<\/ul>\n","protected":false},"excerpt":{"rendered":"<p>God kommunal ekonomi \u00e4r en f\u00f6ruts\u00e4ttning f\u00f6r en v\u00e4l fungerande kommun. Ett v\u00e4l fungerande n\u00e4ringsliv och fler personer i arbete skapar de skatteint\u00e4kter som kr\u00e4vs f\u00f6r en fungerande v\u00e4lf\u00e4rd. Det viktiga \u00e4r inte vem som bedriver verksamheten utan vilket resultatet blir j\u00e4mf\u00f6rt med nedlagd kostnad. Kristdemokraterna vill ha en v\u00e4l fungerande marknadsekonomi, vilket f\u00f6ruts\u00e4tter grundl\u00e4ggande <a class=\"read-more-link\" href=\"https:\/\/wp.kristdemokraterna.se\/sundbyberg\/var-politik\/sundbybergs-ekonomi\/\">Read More<\/a><\/p>\n","protected":false},"author":611,"featured_media":0,"parent":60,"menu_order":1,"comment_status":"closed","ping_status":"closed","template":"","meta":{"_acf_changed":false,"footnotes":""},"class_list":["post-102","page","type-page","status-publish","hentry"],"acf":[],"yoast_head":"<!-- This site is optimized with the Yoast SEO plugin v27.4 - https:\/\/yoast.com\/product\/yoast-seo-wordpress\/ -->\n<title>Sundbybergs ekonomi - Sundbyberg<\/title>\n<meta name=\"robots\" content=\"index, follow, max-snippet:-1, max-image-preview:large, max-video-preview:-1\" \/>\n<link rel=\"canonical\" href=\"https:\/\/wp.kristdemokraterna.se\/sundbyberg\/var-politik\/sundbybergs-ekonomi\/\" \/>\n<meta property=\"og:locale\" content=\"sv_SE\" \/>\n<meta property=\"og:type\" content=\"article\" \/>\n<meta property=\"og:title\" content=\"Sundbybergs ekonomi - Sundbyberg\" \/>\n<meta property=\"og:description\" content=\"God kommunal ekonomi \u00e4r en f\u00f6ruts\u00e4ttning f\u00f6r en v\u00e4l fungerande kommun. Ett v\u00e4l fungerande n\u00e4ringsliv och fler personer i arbete skapar de skatteint\u00e4kter som kr\u00e4vs f\u00f6r en fungerande v\u00e4lf\u00e4rd. Det viktiga \u00e4r inte vem som bedriver verksamheten utan vilket resultatet blir j\u00e4mf\u00f6rt med nedlagd kostnad. Kristdemokraterna vill ha en v\u00e4l fungerande marknadsekonomi, vilket f\u00f6ruts\u00e4tter grundl\u00e4ggande Read More\" \/>\n<meta property=\"og:url\" content=\"https:\/\/wp.kristdemokraterna.se\/sundbyberg\/var-politik\/sundbybergs-ekonomi\/\" \/>\n<meta property=\"og:site_name\" content=\"Sundbyberg\" \/>\n<meta property=\"article:modified_time\" content=\"2022-11-09T15:24:57+00:00\" \/>\n<meta name=\"twitter:card\" content=\"summary_large_image\" \/>\n<meta name=\"twitter:label1\" content=\"Ber\u00e4knad l\u00e4stid\" \/>\n\t<meta name=\"twitter:data1\" content=\"1 minut\" \/>\n<script type=\"application\/ld+json\" class=\"yoast-schema-graph\">{\"@context\":\"https:\\\/\\\/schema.org\",\"@graph\":[{\"@type\":\"WebPage\",\"@id\":\"https:\\\/\\\/wp.kristdemokraterna.se\\\/sundbyberg\\\/var-politik\\\/sundbybergs-ekonomi\\\/\",\"url\":\"https:\\\/\\\/wp.kristdemokraterna.se\\\/sundbyberg\\\/var-politik\\\/sundbybergs-ekonomi\\\/\",\"name\":\"Sundbybergs ekonomi - Sundbyberg\",\"isPartOf\":{\"@id\":\"https:\\\/\\\/wp.kristdemokraterna.se\\\/sundbyberg\\\/#website\"},\"datePublished\":\"2014-02-26T07:35:08+00:00\",\"dateModified\":\"2022-11-09T15:24:57+00:00\",\"breadcrumb\":{\"@id\":\"https:\\\/\\\/wp.kristdemokraterna.se\\\/sundbyberg\\\/var-politik\\\/sundbybergs-ekonomi\\\/#breadcrumb\"},\"inLanguage\":\"sv-SE\",\"potentialAction\":[{\"@type\":\"ReadAction\",\"target\":[\"https:\\\/\\\/wp.kristdemokraterna.se\\\/sundbyberg\\\/var-politik\\\/sundbybergs-ekonomi\\\/\"]}]},{\"@type\":\"BreadcrumbList\",\"@id\":\"https:\\\/\\\/wp.kristdemokraterna.se\\\/sundbyberg\\\/var-politik\\\/sundbybergs-ekonomi\\\/#breadcrumb\",\"itemListElement\":[{\"@type\":\"ListItem\",\"position\":1,\"name\":\"Hem\",\"item\":\"https:\\\/\\\/wp.kristdemokraterna.se\\\/sundbyberg\\\/\"},{\"@type\":\"ListItem\",\"position\":2,\"name\":\"V\u00e5r politik\",\"item\":\"https:\\\/\\\/wp.kristdemokraterna.se\\\/sundbyberg\\\/var-politik\\\/\"},{\"@type\":\"ListItem\",\"position\":3,\"name\":\"Sundbybergs ekonomi\"}]},{\"@type\":\"WebSite\",\"@id\":\"https:\\\/\\\/wp.kristdemokraterna.se\\\/sundbyberg\\\/#website\",\"url\":\"https:\\\/\\\/wp.kristdemokraterna.se\\\/sundbyberg\\\/\",\"name\":\"Sundbyberg\",\"description\":\"En till Kristdemokraterna webbplats\",\"inLanguage\":\"sv-SE\"}]}<\/script>\n<!-- \/ Yoast SEO plugin. -->","yoast_head_json":{"title":"Sundbybergs ekonomi - Sundbyberg","robots":{"index":"index","follow":"follow","max-snippet":"max-snippet:-1","max-image-preview":"max-image-preview:large","max-video-preview":"max-video-preview:-1"},"canonical":"https:\/\/wp.kristdemokraterna.se\/sundbyberg\/var-politik\/sundbybergs-ekonomi\/","og_locale":"sv_SE","og_type":"article","og_title":"Sundbybergs ekonomi - Sundbyberg","og_description":"God kommunal ekonomi \u00e4r en f\u00f6ruts\u00e4ttning f\u00f6r en v\u00e4l fungerande kommun. Ett v\u00e4l fungerande n\u00e4ringsliv och fler personer i arbete skapar de skatteint\u00e4kter som kr\u00e4vs f\u00f6r en fungerande v\u00e4lf\u00e4rd. Det viktiga \u00e4r inte vem som bedriver verksamheten utan vilket resultatet blir j\u00e4mf\u00f6rt med nedlagd kostnad. Kristdemokraterna vill ha en v\u00e4l fungerande marknadsekonomi, vilket f\u00f6ruts\u00e4tter grundl\u00e4ggande Read More","og_url":"https:\/\/wp.kristdemokraterna.se\/sundbyberg\/var-politik\/sundbybergs-ekonomi\/","og_site_name":"Sundbyberg","article_modified_time":"2022-11-09T15:24:57+00:00","twitter_card":"summary_large_image","twitter_misc":{"Ber\u00e4knad l\u00e4stid":"1 minut"},"schema":{"@context":"https:\/\/schema.org","@graph":[{"@type":"WebPage","@id":"https:\/\/wp.kristdemokraterna.se\/sundbyberg\/var-politik\/sundbybergs-ekonomi\/","url":"https:\/\/wp.kristdemokraterna.se\/sundbyberg\/var-politik\/sundbybergs-ekonomi\/","name":"Sundbybergs ekonomi - Sundbyberg","isPartOf":{"@id":"https:\/\/wp.kristdemokraterna.se\/sundbyberg\/#website"},"datePublished":"2014-02-26T07:35:08+00:00","dateModified":"2022-11-09T15:24:57+00:00","breadcrumb":{"@id":"https:\/\/wp.kristdemokraterna.se\/sundbyberg\/var-politik\/sundbybergs-ekonomi\/#breadcrumb"},"inLanguage":"sv-SE","potentialAction":[{"@type":"ReadAction","target":["https:\/\/wp.kristdemokraterna.se\/sundbyberg\/var-politik\/sundbybergs-ekonomi\/"]}]},{"@type":"BreadcrumbList","@id":"https:\/\/wp.kristdemokraterna.se\/sundbyberg\/var-politik\/sundbybergs-ekonomi\/#breadcrumb","itemListElement":[{"@type":"ListItem","position":1,"name":"Hem","item":"https:\/\/wp.kristdemokraterna.se\/sundbyberg\/"},{"@type":"ListItem","position":2,"name":"V\u00e5r politik","item":"https:\/\/wp.kristdemokraterna.se\/sundbyberg\/var-politik\/"},{"@type":"ListItem","position":3,"name":"Sundbybergs ekonomi"}]},{"@type":"WebSite","@id":"https:\/\/wp.kristdemokraterna.se\/sundbyberg\/#website","url":"https:\/\/wp.kristdemokraterna.se\/sundbyberg\/","name":"Sundbyberg","description":"En till Kristdemokraterna webbplats","inLanguage":"sv-SE"}]}},"_links":{"self":[{"href":"https:\/\/wp.kristdemokraterna.se\/sundbyberg\/wp-json\/wp\/v2\/pages\/102","targetHints":{"allow":["GET"]}}],"collection":[{"href":"https:\/\/wp.kristdemokraterna.se\/sundbyberg\/wp-json\/wp\/v2\/pages"}],"about":[{"href":"https:\/\/wp.kristdemokraterna.se\/sundbyberg\/wp-json\/wp\/v2\/types\/page"}],"author":[{"embeddable":true,"href":"https:\/\/wp.kristdemokraterna.se\/sundbyberg\/wp-json\/wp\/v2\/users\/611"}],"replies":[{"embeddable":true,"href":"https:\/\/wp.kristdemokraterna.se\/sundbyberg\/wp-json\/wp\/v2\/comments?post=102"}],"version-history":[{"count":4,"href":"https:\/\/wp.kristdemokraterna.se\/sundbyberg\/wp-json\/wp\/v2\/pages\/102\/revisions"}],"predecessor-version":[{"id":1137,"href":"https:\/\/wp.kristdemokraterna.se\/sundbyberg\/wp-json\/wp\/v2\/pages\/102\/revisions\/1137"}],"up":[{"embeddable":true,"href":"https:\/\/wp.kristdemokraterna.se\/sundbyberg\/wp-json\/wp\/v2\/pages\/60"}],"wp:attachment":[{"href":"https:\/\/wp.kristdemokraterna.se\/sundbyberg\/wp-json\/wp\/v2\/media?parent=102"}],"curies":[{"name":"wp","href":"https:\/\/api.w.org\/{rel}","templated":true}]}}