{"id":104,"date":"2014-02-26T08:36:25","date_gmt":"2014-02-26T07:36:25","guid":{"rendered":"http:\/\/wp.kristdemokraterna.se\/sundbyberg\/?page_id=104"},"modified":"2022-11-09T16:25:51","modified_gmt":"2022-11-09T15:25:51","slug":"tid-for-barnen","status":"publish","type":"page","link":"https:\/\/wp.kristdemokraterna.se\/sundbyberg\/var-politik\/tid-for-barnen\/","title":{"rendered":"Fria och trygga familjer"},"content":{"rendered":"<p><span style=\"font-weight: 400\">M\u00e4nniskor utvecklas, mognar och m\u00e5r b\u00e4st i sm\u00e5 grupper. I den lilla gemenskap som en familj utg\u00f6r f\u00e5r familjemedlemmarna m\u00f6jlighet att ge och m\u00f6ta k\u00e4rlek, omtanke och f\u00f6rst\u00e5else, men ocks\u00e5 st\u00e4llas inf\u00f6r krav och ta ansvar. P\u00e5 det s\u00e4ttet anknyter familjen som gemenskap till m\u00e4nniskans djupaste behov \u2013 behovet att bli sedd och inte vara utbytbar.<\/span><\/p>\n<p><span style=\"font-weight: 400\">Det \u00e4r i m\u00f6tet med andra m\u00e4nniskor vi formas som personer. Trygga familjer och andra n\u00e4ra gemenskaper \u00e4r d\u00e4rf\u00f6r en f\u00f6ruts\u00e4ttning f\u00f6r ett v\u00e4l fungerande samh\u00e4lle. Ingen familj \u00e4r dock den andra lik. V\u00e5r utg\u00e5ngspunkt \u00e4r d\u00e4rf\u00f6r att familjen och andra n\u00e4ra gemenskaper sj\u00e4lva s\u00e5 l\u00e5ngt som m\u00f6jligt ska ha makten att utforma den egna vardagen. Det offentligas uppgift \u00e4r att ge st\u00f6d i detta.<\/span><\/p>\n<ul>\n<li style=\"font-weight: 400\"><span style=\"font-weight: 400\">Vi vill ha gratis familjer\u00e5dgivning, s\u00e5 att familjerna h\u00e5lls ihop b\u00e4ttre.<\/span><\/li>\n<li style=\"font-weight: 400\"><span style=\"font-weight: 400\">F\u00f6r\u00e4ldrast\u00f6dsprogram ska utvecklas och erbjudas minst tv\u00e5 g\u00e5nger blivande f\u00f6r\u00e4ldrar och f\u00f6r\u00e4ldrar under barnets uppv\u00e4xttid. Detta ska \u00e4ven finnas tillg\u00e4ngligt sommartid.<\/span><\/li>\n<li style=\"font-weight: 400\"><span style=\"font-weight: 400\">S\u00e4rskilt st\u00f6d, tex genom \u201dseparationsteam\u201d, i samverkan med familjer\u00e5dgivning\/ familjeterapeut eller frist\u00e5ende, skall erbjudas i samband med separation och skilsm\u00e4ssa.<\/span><\/li>\n<li style=\"font-weight: 400\"><span style=\"font-weight: 400\">F\u00f6rvaltningen ska i st\u00f6rre utstr\u00e4ckning informera om m\u00f6jligheten till familjer\u00e5dgivning och andra st\u00f6dfunktioner.\u00a0<\/span><\/li>\n<li style=\"font-weight: 400\"><span style=\"font-weight: 400\">F\u00f6r\u00e4ldraf\u00f6rs\u00e4kring ska vara flexibel &#8211; vi s\u00e4ger nej till kvotering. Fritt uttag av f\u00f6r\u00e4ldradagar i tre \u00e5r b\u00f6r inf\u00f6ras<\/span><\/li>\n<\/ul>\n","protected":false},"excerpt":{"rendered":"<p>M\u00e4nniskor utvecklas, mognar och m\u00e5r b\u00e4st i sm\u00e5 grupper. I den lilla gemenskap som en familj utg\u00f6r f\u00e5r familjemedlemmarna m\u00f6jlighet att ge och m\u00f6ta k\u00e4rlek, omtanke och f\u00f6rst\u00e5else, men ocks\u00e5 st\u00e4llas inf\u00f6r krav och ta ansvar. P\u00e5 det s\u00e4ttet anknyter familjen som gemenskap till m\u00e4nniskans djupaste behov \u2013 behovet att bli sedd och inte vara <a class=\"read-more-link\" href=\"https:\/\/wp.kristdemokraterna.se\/sundbyberg\/var-politik\/tid-for-barnen\/\">Read More<\/a><\/p>\n","protected":false},"author":611,"featured_media":0,"parent":60,"menu_order":2,"comment_status":"closed","ping_status":"closed","template":"","meta":{"_acf_changed":false,"footnotes":""},"class_list":["post-104","page","type-page","status-publish","hentry"],"acf":[],"yoast_head":"<!-- This site is optimized with the Yoast SEO plugin v27.4 - https:\/\/yoast.com\/product\/yoast-seo-wordpress\/ -->\n<title>Fria och trygga familjer - Sundbyberg<\/title>\n<meta name=\"robots\" content=\"index, follow, max-snippet:-1, max-image-preview:large, max-video-preview:-1\" \/>\n<link rel=\"canonical\" href=\"https:\/\/wp.kristdemokraterna.se\/sundbyberg\/var-politik\/tid-for-barnen\/\" \/>\n<meta property=\"og:locale\" content=\"sv_SE\" \/>\n<meta property=\"og:type\" content=\"article\" \/>\n<meta property=\"og:title\" content=\"Fria och trygga familjer - Sundbyberg\" \/>\n<meta property=\"og:description\" content=\"M\u00e4nniskor utvecklas, mognar och m\u00e5r b\u00e4st i sm\u00e5 grupper. I den lilla gemenskap som en familj utg\u00f6r f\u00e5r familjemedlemmarna m\u00f6jlighet att ge och m\u00f6ta k\u00e4rlek, omtanke och f\u00f6rst\u00e5else, men ocks\u00e5 st\u00e4llas inf\u00f6r krav och ta ansvar. P\u00e5 det s\u00e4ttet anknyter familjen som gemenskap till m\u00e4nniskans djupaste behov \u2013 behovet att bli sedd och inte vara Read More\" \/>\n<meta property=\"og:url\" content=\"https:\/\/wp.kristdemokraterna.se\/sundbyberg\/var-politik\/tid-for-barnen\/\" \/>\n<meta property=\"og:site_name\" content=\"Sundbyberg\" \/>\n<meta property=\"article:modified_time\" content=\"2022-11-09T15:25:51+00:00\" \/>\n<meta name=\"twitter:card\" content=\"summary_large_image\" \/>\n<meta name=\"twitter:label1\" content=\"Ber\u00e4knad l\u00e4stid\" \/>\n\t<meta name=\"twitter:data1\" content=\"2 minuter\" \/>\n<script type=\"application\/ld+json\" class=\"yoast-schema-graph\">{\"@context\":\"https:\\\/\\\/schema.org\",\"@graph\":[{\"@type\":\"WebPage\",\"@id\":\"https:\\\/\\\/wp.kristdemokraterna.se\\\/sundbyberg\\\/var-politik\\\/tid-for-barnen\\\/\",\"url\":\"https:\\\/\\\/wp.kristdemokraterna.se\\\/sundbyberg\\\/var-politik\\\/tid-for-barnen\\\/\",\"name\":\"Fria och trygga familjer - Sundbyberg\",\"isPartOf\":{\"@id\":\"https:\\\/\\\/wp.kristdemokraterna.se\\\/sundbyberg\\\/#website\"},\"datePublished\":\"2014-02-26T07:36:25+00:00\",\"dateModified\":\"2022-11-09T15:25:51+00:00\",\"breadcrumb\":{\"@id\":\"https:\\\/\\\/wp.kristdemokraterna.se\\\/sundbyberg\\\/var-politik\\\/tid-for-barnen\\\/#breadcrumb\"},\"inLanguage\":\"sv-SE\",\"potentialAction\":[{\"@type\":\"ReadAction\",\"target\":[\"https:\\\/\\\/wp.kristdemokraterna.se\\\/sundbyberg\\\/var-politik\\\/tid-for-barnen\\\/\"]}]},{\"@type\":\"BreadcrumbList\",\"@id\":\"https:\\\/\\\/wp.kristdemokraterna.se\\\/sundbyberg\\\/var-politik\\\/tid-for-barnen\\\/#breadcrumb\",\"itemListElement\":[{\"@type\":\"ListItem\",\"position\":1,\"name\":\"Hem\",\"item\":\"https:\\\/\\\/wp.kristdemokraterna.se\\\/sundbyberg\\\/\"},{\"@type\":\"ListItem\",\"position\":2,\"name\":\"V\u00e5r politik\",\"item\":\"https:\\\/\\\/wp.kristdemokraterna.se\\\/sundbyberg\\\/var-politik\\\/\"},{\"@type\":\"ListItem\",\"position\":3,\"name\":\"Fria och trygga familjer\"}]},{\"@type\":\"WebSite\",\"@id\":\"https:\\\/\\\/wp.kristdemokraterna.se\\\/sundbyberg\\\/#website\",\"url\":\"https:\\\/\\\/wp.kristdemokraterna.se\\\/sundbyberg\\\/\",\"name\":\"Sundbyberg\",\"description\":\"En till Kristdemokraterna webbplats\",\"inLanguage\":\"sv-SE\"}]}<\/script>\n<!-- \/ Yoast SEO plugin. -->","yoast_head_json":{"title":"Fria och trygga familjer - Sundbyberg","robots":{"index":"index","follow":"follow","max-snippet":"max-snippet:-1","max-image-preview":"max-image-preview:large","max-video-preview":"max-video-preview:-1"},"canonical":"https:\/\/wp.kristdemokraterna.se\/sundbyberg\/var-politik\/tid-for-barnen\/","og_locale":"sv_SE","og_type":"article","og_title":"Fria och trygga familjer - Sundbyberg","og_description":"M\u00e4nniskor utvecklas, mognar och m\u00e5r b\u00e4st i sm\u00e5 grupper. I den lilla gemenskap som en familj utg\u00f6r f\u00e5r familjemedlemmarna m\u00f6jlighet att ge och m\u00f6ta k\u00e4rlek, omtanke och f\u00f6rst\u00e5else, men ocks\u00e5 st\u00e4llas inf\u00f6r krav och ta ansvar. P\u00e5 det s\u00e4ttet anknyter familjen som gemenskap till m\u00e4nniskans djupaste behov \u2013 behovet att bli sedd och inte vara Read More","og_url":"https:\/\/wp.kristdemokraterna.se\/sundbyberg\/var-politik\/tid-for-barnen\/","og_site_name":"Sundbyberg","article_modified_time":"2022-11-09T15:25:51+00:00","twitter_card":"summary_large_image","twitter_misc":{"Ber\u00e4knad l\u00e4stid":"2 minuter"},"schema":{"@context":"https:\/\/schema.org","@graph":[{"@type":"WebPage","@id":"https:\/\/wp.kristdemokraterna.se\/sundbyberg\/var-politik\/tid-for-barnen\/","url":"https:\/\/wp.kristdemokraterna.se\/sundbyberg\/var-politik\/tid-for-barnen\/","name":"Fria och trygga familjer - Sundbyberg","isPartOf":{"@id":"https:\/\/wp.kristdemokraterna.se\/sundbyberg\/#website"},"datePublished":"2014-02-26T07:36:25+00:00","dateModified":"2022-11-09T15:25:51+00:00","breadcrumb":{"@id":"https:\/\/wp.kristdemokraterna.se\/sundbyberg\/var-politik\/tid-for-barnen\/#breadcrumb"},"inLanguage":"sv-SE","potentialAction":[{"@type":"ReadAction","target":["https:\/\/wp.kristdemokraterna.se\/sundbyberg\/var-politik\/tid-for-barnen\/"]}]},{"@type":"BreadcrumbList","@id":"https:\/\/wp.kristdemokraterna.se\/sundbyberg\/var-politik\/tid-for-barnen\/#breadcrumb","itemListElement":[{"@type":"ListItem","position":1,"name":"Hem","item":"https:\/\/wp.kristdemokraterna.se\/sundbyberg\/"},{"@type":"ListItem","position":2,"name":"V\u00e5r politik","item":"https:\/\/wp.kristdemokraterna.se\/sundbyberg\/var-politik\/"},{"@type":"ListItem","position":3,"name":"Fria och trygga familjer"}]},{"@type":"WebSite","@id":"https:\/\/wp.kristdemokraterna.se\/sundbyberg\/#website","url":"https:\/\/wp.kristdemokraterna.se\/sundbyberg\/","name":"Sundbyberg","description":"En till Kristdemokraterna webbplats","inLanguage":"sv-SE"}]}},"_links":{"self":[{"href":"https:\/\/wp.kristdemokraterna.se\/sundbyberg\/wp-json\/wp\/v2\/pages\/104","targetHints":{"allow":["GET"]}}],"collection":[{"href":"https:\/\/wp.kristdemokraterna.se\/sundbyberg\/wp-json\/wp\/v2\/pages"}],"about":[{"href":"https:\/\/wp.kristdemokraterna.se\/sundbyberg\/wp-json\/wp\/v2\/types\/page"}],"author":[{"embeddable":true,"href":"https:\/\/wp.kristdemokraterna.se\/sundbyberg\/wp-json\/wp\/v2\/users\/611"}],"replies":[{"embeddable":true,"href":"https:\/\/wp.kristdemokraterna.se\/sundbyberg\/wp-json\/wp\/v2\/comments?post=104"}],"version-history":[{"count":6,"href":"https:\/\/wp.kristdemokraterna.se\/sundbyberg\/wp-json\/wp\/v2\/pages\/104\/revisions"}],"predecessor-version":[{"id":1139,"href":"https:\/\/wp.kristdemokraterna.se\/sundbyberg\/wp-json\/wp\/v2\/pages\/104\/revisions\/1139"}],"up":[{"embeddable":true,"href":"https:\/\/wp.kristdemokraterna.se\/sundbyberg\/wp-json\/wp\/v2\/pages\/60"}],"wp:attachment":[{"href":"https:\/\/wp.kristdemokraterna.se\/sundbyberg\/wp-json\/wp\/v2\/media?parent=104"}],"curies":[{"name":"wp","href":"https:\/\/api.w.org\/{rel}","templated":true}]}}