{"id":107,"date":"2014-02-26T08:37:06","date_gmt":"2014-02-26T07:37:06","guid":{"rendered":"http:\/\/wp.kristdemokraterna.se\/sundbyberg\/?page_id=107"},"modified":"2022-11-09T16:27:42","modified_gmt":"2022-11-09T15:27:42","slug":"skolan-en-plats-for-kunskap-och-kreativitet","status":"publish","type":"page","link":"https:\/\/wp.kristdemokraterna.se\/sundbyberg\/var-politik\/skolan-en-plats-for-kunskap-och-kreativitet\/","title":{"rendered":"Skolan &#8211; en plats f\u00f6r kunskap och kreativitet"},"content":{"rendered":"<p><span style=\"font-weight: 400\">Nyfikenhet och s\u00f6kande efter kunskap \u00e4r ett grundl\u00e4ggande drag i den m\u00e4nskliga naturen. Skolan har mot denna bakgrund i uppgift att ge varje elev s\u00e5 goda f\u00f6ruts\u00e4ttningar som m\u00f6jligt att n\u00e5 sin fulla potential. Men skolan har ocks\u00e5 ett fostrande uppdrag liksom en uppgift att st\u00e4rka varje elevs sj\u00e4lvk\u00e4nsla.<\/span><\/p>\n<p><span style=\"font-weight: 400\">Tyv\u00e4rr lever inte alla skolor upp till detta. I allt f\u00f6r m\u00e5nga klassrum \u00e4r det allt f\u00f6r d\u00e5lig studiero f\u00f6r att eleverna ska kunna tillgodog\u00f6ra sig undervisningen optimalt. Mobbning f\u00f6rekommer vilket f\u00f6r en del elever leder till men f\u00f6r livet. Vi ser ocks\u00e5 hur m\u00e5nga elever som \u00e4r i behov av olika typer av st\u00f6d inte f\u00e5r hj\u00e4lp i tid och inte s\u00e4llan &#8221;faller mellan stolarna&#8221;. <\/span><\/p>\n<ul>\n<li style=\"font-weight: 400\"><span style=\"font-weight: 400\">Skolan ska fostra eleven till r\u00e4ttsk\u00e4nsla, generositet, tolerans och ansvarstagande i \u00f6verensst\u00e4mmelse med den etik som f\u00f6rvaltats av kristen tradition och v\u00e4sterl\u00e4ndsk humanism.<\/span><\/li>\n<li style=\"font-weight: 400\"><span style=\"font-weight: 400\">Inr\u00e4tta en skolkommission som har till syfte att tillsammans med professionen och f\u00f6r\u00e4ldrar finna l\u00e5ngsiktiga l\u00f6sningar.<\/span><\/li>\n<li style=\"font-weight: 400\"><span style=\"font-weight: 400\">Skolan ska fokusera p\u00e5 l\u00e4rande och kunskap<\/span><\/li>\n<\/ul>\n<ul>\n<li style=\"font-weight: 400\"><span style=\"font-weight: 400\">Elever som inte uppn\u00e5tt m\u00e5len i k\u00e4rn\u00e4mnena skall erbjudas sommarskola.<\/span><\/li>\n<li style=\"font-weight: 400\"><span style=\"font-weight: 400\">L\u00e4rarnas arbetstid ska ha fokus p\u00e5 mer undervisningstid \u2013 det administrativa arbetet skall minska.<\/span><\/li>\n<li style=\"font-weight: 400\"><span style=\"font-weight: 400\">Inf\u00f6r \u201cKompissamtal\u201d p\u00e5 l\u00e5gstadieklasser<\/span><\/li>\n<li style=\"font-weight: 400\"><span style=\"font-weight: 400\">Nolltolerans mot mobbning. B\u00e5de den som mobbar och den mobbade beh\u00f6ver omedelbart hj\u00e4lp och st\u00f6d. Konkreta f\u00f6rslag mot mobbning: rastvaktssystem, tydligare ordningsregler, snabb f\u00f6r\u00e4ldrakontakt. Hj\u00e4lper inte detta ska mobbaren omplaceras.<\/span><\/li>\n<li style=\"font-weight: 400\"><span style=\"font-weight: 400\">Skickliga l\u00e4rare ska ha en god l\u00f6neutveckling under yrkeskarri\u00e4ren.\u00a0<\/span><\/li>\n<li style=\"font-weight: 400\"><span style=\"font-weight: 400\">Ett &#8221;ansvarskontrakt&#8221; b\u00f6r inr\u00e4ttas mellan elev, f\u00f6r\u00e4ldrar och personal (om vad respektive f\u00f6rbinder sig att ta ansvar f\u00f6r att elevens skolg\u00e5ng skall fungera och att uppsatta m\u00e5l skall kunna n\u00e5s.)<\/span><\/li>\n<li style=\"font-weight: 400\"><span style=\"font-weight: 400\">Elevh\u00e4lsan ska b\u00f6rja anv\u00e4nda en kostnadsfri plattform f\u00f6r digitala v\u00e5rdbes\u00f6k, f\u00f6r att s\u00e4nka tr\u00f6skeln f\u00f6r v\u00e5rdkontakter, \u00f6ka tillg\u00e4ngligheten och effektivisera tidsanv\u00e4ndningen. Det ska inte vara n\u00e5gon k\u00f6 till elevh\u00e4lsan.<\/span><\/li>\n<li style=\"font-weight: 400\"><span style=\"font-weight: 400\">Undervisa om riskerna med r\u00f6kningen, alkohol, narkotika och anabola steroider under hela skoltiden<\/span><\/li>\n<li style=\"font-weight: 400\"><span style=\"font-weight: 400\">Minska k\u00f6erna till den kommunala musikskolan. Kreativt arbete g\u00f6r att barnen klarar teoretiska \u00e4mnen b\u00e4ttre och \u00f6kar motivationen.<\/span><\/li>\n<li style=\"font-weight: 400\"><span style=\"font-weight: 400\">Ge rektorerna st\u00f6rre befogenheter och m\u00f6jligheter som pedagogiska ledare.<\/span><\/li>\n<li style=\"font-weight: 400\"><span style=\"font-weight: 400\">Inr\u00e4tta profilklasser i exempelvis matematik.<\/span><\/li>\n<li style=\"font-weight: 400\"><span style=\"font-weight: 400\">I enlighet med Barnkonventionen ska det vara en sj\u00e4lvklarhet att skolavslutningar ska kunna ske i en kyrka.\u00a0<\/span><\/li>\n<li style=\"font-weight: 400\"><span style=\"font-weight: 400\">L\u00e4xl\u00e4sning ska vara m\u00f6jlig s\u00e5v\u00e4l p\u00e5 skolan efter skoltid som under tiden p\u00e5 fritidshem.<\/span><\/li>\n<li style=\"font-weight: 400\"><span style=\"font-weight: 400\">Arbetsmilj\u00f6ronder ska g\u00f6ras i skolan d\u00e4r \u00e4ven eleverna deltar, f\u00f6r att identifiera arbetsmilj\u00f6problem.<\/span><\/li>\n<li style=\"font-weight: 400\"><span style=\"font-weight: 400\">Ett \u00f6kat inslag av fysisk aktivitet skall finnas, s\u00e5v\u00e4l l\u00e4rarledd som spontan i samband med raster\u00a0<\/span><\/li>\n<li style=\"font-weight: 400\"><span style=\"font-weight: 400\">M\u00f6jligheten att v\u00e4lja skola ska fortsatt vara en r\u00e4ttighet. En m\u00e5ngfald av skolor, s\u00e5v\u00e4l avseende utf\u00f6rare som profil ska finnas.<\/span><\/li>\n<li style=\"font-weight: 400\"><span style=\"font-weight: 400\">Aktivt skolval ska till\u00e4mpas oavsett om man s\u00f6ker till en frist\u00e5ende eller en kommunal skola.<\/span><\/li>\n<li style=\"font-weight: 400\"><span style=\"font-weight: 400\">Kommunalt och enskilt drivna skolor ska ges likv\u00e4rdiga f\u00f6ruts\u00e4ttningar s\u00e5v\u00e4l ekonomiskt som verksamhetsm\u00e4ssigt<\/span><\/li>\n<\/ul>\n<ul>\n<li style=\"font-weight: 400\"><span style=\"font-weight: 400\">Strukturer f\u00f6r samverkan mellan f\u00f6rskola, skola, socialtj\u00e4nst och barn- och ungdomspsykiatrin ska utvecklas f\u00f6r att barn i behov av st\u00f6d och hemmasittare ska kunna f\u00e5ngas upp i tid.<\/span><\/li>\n<li style=\"font-weight: 400\"><span style=\"font-weight: 400\">S\u00e4rskilt beg\u00e5vade elever ska uppm\u00e4rksammas och ges det st\u00f6d de beh\u00f6ver f\u00f6r att kunna utvecklas ytterligare.<\/span><\/li>\n<\/ul>\n<ul>\n<li style=\"font-weight: 400\"><span style=\"font-weight: 400\">Kontinuerlig kompetensutveckling ska tillhandah\u00e5llas f\u00f6r s\u00e5v\u00e4l skolledare och l\u00e4rare som f\u00f6r \u00f6vrig personal i skolan.<\/span><\/li>\n<\/ul>\n<ul>\n<li style=\"font-weight: 400\"><span style=\"font-weight: 400\">Ett n\u00e4ra samarbete ska finnas mellan skolan och det lokala n\u00e4ringslivet.<\/span><\/li>\n<li style=\"font-weight: 400\"><span style=\"font-weight: 400\">Skolan ska s\u00f6ka samarbete med civilsamh\u00e4llet f\u00f6r att f\u00e5 fler vuxna i skolan, exempelvis som rastfaddrar.\u00a0<\/span><\/li>\n<li style=\"font-weight: 400\"><span style=\"font-weight: 400\">Samarbete mellan skolor och polis b\u00f6r utvecklas, g\u00e4rna med en specifik polis som eleverna k\u00e4nner igen, knuten till varje skola.<\/span><\/li>\n<li style=\"font-weight: 400\"><span style=\"font-weight: 400\">Skoluniform ska till\u00e5tas i Sundbyberg<\/span><\/li>\n<li style=\"font-weight: 400\"><span style=\"font-weight: 400\">Den som medvetet f\u00f6rst\u00f6r skolmilj\u00f6n, exempelvis genom klotter, ska medverka till att \u00e5terst\u00e4lla skadan.<\/span><\/li>\n<li style=\"font-weight: 400\"><span style=\"font-weight: 400\">Vid v\u00e4gledningssamtal hos studie- och yrkesv\u00e4gledare ska f\u00f6ruts\u00e4ttningarna f\u00f6r framtida jobb vara ett centralt perspektiv.<\/span><\/li>\n<\/ul>\n","protected":false},"excerpt":{"rendered":"<p>Nyfikenhet och s\u00f6kande efter kunskap \u00e4r ett grundl\u00e4ggande drag i den m\u00e4nskliga naturen. Skolan har mot denna bakgrund i uppgift att ge varje elev s\u00e5 goda f\u00f6ruts\u00e4ttningar som m\u00f6jligt att n\u00e5 sin fulla potential. Men skolan har ocks\u00e5 ett fostrande uppdrag liksom en uppgift att st\u00e4rka varje elevs sj\u00e4lvk\u00e4nsla. Tyv\u00e4rr lever inte alla skolor upp <a class=\"read-more-link\" href=\"https:\/\/wp.kristdemokraterna.se\/sundbyberg\/var-politik\/skolan-en-plats-for-kunskap-och-kreativitet\/\">Read More<\/a><\/p>\n","protected":false},"author":611,"featured_media":0,"parent":60,"menu_order":4,"comment_status":"closed","ping_status":"closed","template":"","meta":{"_acf_changed":false,"footnotes":""},"class_list":["post-107","page","type-page","status-publish","hentry"],"acf":[],"yoast_head":"<!-- This site is optimized with the Yoast SEO plugin v27.4 - https:\/\/yoast.com\/product\/yoast-seo-wordpress\/ -->\n<title>Skolan - en plats f\u00f6r kunskap och kreativitet - Sundbyberg<\/title>\n<meta name=\"robots\" content=\"index, follow, max-snippet:-1, max-image-preview:large, max-video-preview:-1\" \/>\n<link rel=\"canonical\" href=\"https:\/\/wp.kristdemokraterna.se\/sundbyberg\/var-politik\/skolan-en-plats-for-kunskap-och-kreativitet\/\" \/>\n<meta property=\"og:locale\" content=\"sv_SE\" \/>\n<meta property=\"og:type\" content=\"article\" \/>\n<meta property=\"og:title\" content=\"Skolan - en plats f\u00f6r kunskap och kreativitet - Sundbyberg\" \/>\n<meta property=\"og:description\" content=\"Nyfikenhet och s\u00f6kande efter kunskap \u00e4r ett grundl\u00e4ggande drag i den m\u00e4nskliga naturen. Skolan har mot denna bakgrund i uppgift att ge varje elev s\u00e5 goda f\u00f6ruts\u00e4ttningar som m\u00f6jligt att n\u00e5 sin fulla potential. Men skolan har ocks\u00e5 ett fostrande uppdrag liksom en uppgift att st\u00e4rka varje elevs sj\u00e4lvk\u00e4nsla. Tyv\u00e4rr lever inte alla skolor upp Read More\" \/>\n<meta property=\"og:url\" content=\"https:\/\/wp.kristdemokraterna.se\/sundbyberg\/var-politik\/skolan-en-plats-for-kunskap-och-kreativitet\/\" \/>\n<meta property=\"og:site_name\" content=\"Sundbyberg\" \/>\n<meta property=\"article:modified_time\" content=\"2022-11-09T15:27:42+00:00\" \/>\n<meta name=\"twitter:card\" content=\"summary_large_image\" \/>\n<meta name=\"twitter:label1\" content=\"Ber\u00e4knad l\u00e4stid\" \/>\n\t<meta name=\"twitter:data1\" content=\"3 minuter\" \/>\n<script type=\"application\/ld+json\" class=\"yoast-schema-graph\">{\"@context\":\"https:\\\/\\\/schema.org\",\"@graph\":[{\"@type\":\"WebPage\",\"@id\":\"https:\\\/\\\/wp.kristdemokraterna.se\\\/sundbyberg\\\/var-politik\\\/skolan-en-plats-for-kunskap-och-kreativitet\\\/\",\"url\":\"https:\\\/\\\/wp.kristdemokraterna.se\\\/sundbyberg\\\/var-politik\\\/skolan-en-plats-for-kunskap-och-kreativitet\\\/\",\"name\":\"Skolan - en plats f\u00f6r kunskap och kreativitet - Sundbyberg\",\"isPartOf\":{\"@id\":\"https:\\\/\\\/wp.kristdemokraterna.se\\\/sundbyberg\\\/#website\"},\"datePublished\":\"2014-02-26T07:37:06+00:00\",\"dateModified\":\"2022-11-09T15:27:42+00:00\",\"breadcrumb\":{\"@id\":\"https:\\\/\\\/wp.kristdemokraterna.se\\\/sundbyberg\\\/var-politik\\\/skolan-en-plats-for-kunskap-och-kreativitet\\\/#breadcrumb\"},\"inLanguage\":\"sv-SE\",\"potentialAction\":[{\"@type\":\"ReadAction\",\"target\":[\"https:\\\/\\\/wp.kristdemokraterna.se\\\/sundbyberg\\\/var-politik\\\/skolan-en-plats-for-kunskap-och-kreativitet\\\/\"]}]},{\"@type\":\"BreadcrumbList\",\"@id\":\"https:\\\/\\\/wp.kristdemokraterna.se\\\/sundbyberg\\\/var-politik\\\/skolan-en-plats-for-kunskap-och-kreativitet\\\/#breadcrumb\",\"itemListElement\":[{\"@type\":\"ListItem\",\"position\":1,\"name\":\"Hem\",\"item\":\"https:\\\/\\\/wp.kristdemokraterna.se\\\/sundbyberg\\\/\"},{\"@type\":\"ListItem\",\"position\":2,\"name\":\"V\u00e5r politik\",\"item\":\"https:\\\/\\\/wp.kristdemokraterna.se\\\/sundbyberg\\\/var-politik\\\/\"},{\"@type\":\"ListItem\",\"position\":3,\"name\":\"Skolan &#8211; en plats f\u00f6r kunskap och kreativitet\"}]},{\"@type\":\"WebSite\",\"@id\":\"https:\\\/\\\/wp.kristdemokraterna.se\\\/sundbyberg\\\/#website\",\"url\":\"https:\\\/\\\/wp.kristdemokraterna.se\\\/sundbyberg\\\/\",\"name\":\"Sundbyberg\",\"description\":\"En till Kristdemokraterna webbplats\",\"inLanguage\":\"sv-SE\"}]}<\/script>\n<!-- \/ Yoast SEO plugin. -->","yoast_head_json":{"title":"Skolan - en plats f\u00f6r kunskap och kreativitet - Sundbyberg","robots":{"index":"index","follow":"follow","max-snippet":"max-snippet:-1","max-image-preview":"max-image-preview:large","max-video-preview":"max-video-preview:-1"},"canonical":"https:\/\/wp.kristdemokraterna.se\/sundbyberg\/var-politik\/skolan-en-plats-for-kunskap-och-kreativitet\/","og_locale":"sv_SE","og_type":"article","og_title":"Skolan - en plats f\u00f6r kunskap och kreativitet - Sundbyberg","og_description":"Nyfikenhet och s\u00f6kande efter kunskap \u00e4r ett grundl\u00e4ggande drag i den m\u00e4nskliga naturen. Skolan har mot denna bakgrund i uppgift att ge varje elev s\u00e5 goda f\u00f6ruts\u00e4ttningar som m\u00f6jligt att n\u00e5 sin fulla potential. Men skolan har ocks\u00e5 ett fostrande uppdrag liksom en uppgift att st\u00e4rka varje elevs sj\u00e4lvk\u00e4nsla. Tyv\u00e4rr lever inte alla skolor upp Read More","og_url":"https:\/\/wp.kristdemokraterna.se\/sundbyberg\/var-politik\/skolan-en-plats-for-kunskap-och-kreativitet\/","og_site_name":"Sundbyberg","article_modified_time":"2022-11-09T15:27:42+00:00","twitter_card":"summary_large_image","twitter_misc":{"Ber\u00e4knad l\u00e4stid":"3 minuter"},"schema":{"@context":"https:\/\/schema.org","@graph":[{"@type":"WebPage","@id":"https:\/\/wp.kristdemokraterna.se\/sundbyberg\/var-politik\/skolan-en-plats-for-kunskap-och-kreativitet\/","url":"https:\/\/wp.kristdemokraterna.se\/sundbyberg\/var-politik\/skolan-en-plats-for-kunskap-och-kreativitet\/","name":"Skolan - en plats f\u00f6r kunskap och kreativitet - Sundbyberg","isPartOf":{"@id":"https:\/\/wp.kristdemokraterna.se\/sundbyberg\/#website"},"datePublished":"2014-02-26T07:37:06+00:00","dateModified":"2022-11-09T15:27:42+00:00","breadcrumb":{"@id":"https:\/\/wp.kristdemokraterna.se\/sundbyberg\/var-politik\/skolan-en-plats-for-kunskap-och-kreativitet\/#breadcrumb"},"inLanguage":"sv-SE","potentialAction":[{"@type":"ReadAction","target":["https:\/\/wp.kristdemokraterna.se\/sundbyberg\/var-politik\/skolan-en-plats-for-kunskap-och-kreativitet\/"]}]},{"@type":"BreadcrumbList","@id":"https:\/\/wp.kristdemokraterna.se\/sundbyberg\/var-politik\/skolan-en-plats-for-kunskap-och-kreativitet\/#breadcrumb","itemListElement":[{"@type":"ListItem","position":1,"name":"Hem","item":"https:\/\/wp.kristdemokraterna.se\/sundbyberg\/"},{"@type":"ListItem","position":2,"name":"V\u00e5r politik","item":"https:\/\/wp.kristdemokraterna.se\/sundbyberg\/var-politik\/"},{"@type":"ListItem","position":3,"name":"Skolan &#8211; en plats f\u00f6r kunskap och kreativitet"}]},{"@type":"WebSite","@id":"https:\/\/wp.kristdemokraterna.se\/sundbyberg\/#website","url":"https:\/\/wp.kristdemokraterna.se\/sundbyberg\/","name":"Sundbyberg","description":"En till Kristdemokraterna webbplats","inLanguage":"sv-SE"}]}},"_links":{"self":[{"href":"https:\/\/wp.kristdemokraterna.se\/sundbyberg\/wp-json\/wp\/v2\/pages\/107","targetHints":{"allow":["GET"]}}],"collection":[{"href":"https:\/\/wp.kristdemokraterna.se\/sundbyberg\/wp-json\/wp\/v2\/pages"}],"about":[{"href":"https:\/\/wp.kristdemokraterna.se\/sundbyberg\/wp-json\/wp\/v2\/types\/page"}],"author":[{"embeddable":true,"href":"https:\/\/wp.kristdemokraterna.se\/sundbyberg\/wp-json\/wp\/v2\/users\/611"}],"replies":[{"embeddable":true,"href":"https:\/\/wp.kristdemokraterna.se\/sundbyberg\/wp-json\/wp\/v2\/comments?post=107"}],"version-history":[{"count":6,"href":"https:\/\/wp.kristdemokraterna.se\/sundbyberg\/wp-json\/wp\/v2\/pages\/107\/revisions"}],"predecessor-version":[{"id":1141,"href":"https:\/\/wp.kristdemokraterna.se\/sundbyberg\/wp-json\/wp\/v2\/pages\/107\/revisions\/1141"}],"up":[{"embeddable":true,"href":"https:\/\/wp.kristdemokraterna.se\/sundbyberg\/wp-json\/wp\/v2\/pages\/60"}],"wp:attachment":[{"href":"https:\/\/wp.kristdemokraterna.se\/sundbyberg\/wp-json\/wp\/v2\/media?parent=107"}],"curies":[{"name":"wp","href":"https:\/\/api.w.org\/{rel}","templated":true}]}}