{"id":109,"date":"2014-02-26T08:37:44","date_gmt":"2014-02-26T07:37:44","guid":{"rendered":"http:\/\/wp.kristdemokraterna.se\/sundbyberg\/?page_id=109"},"modified":"2022-11-09T16:28:10","modified_gmt":"2022-11-09T15:28:10","slug":"gymnasieskolan-en-fortsattning-in-i-vuxenlivet","status":"publish","type":"page","link":"https:\/\/wp.kristdemokraterna.se\/sundbyberg\/var-politik\/gymnasieskolan-en-fortsattning-in-i-vuxenlivet\/","title":{"rendered":"Gymnasieskolan &#8211; en forts\u00e4ttning in i vuxenlivet"},"content":{"rendered":"<p><span style=\"font-weight: 400\">Gymnasieskolan ska i h\u00f6g grad utg\u00e5 fr\u00e5n elevernas behov och intressen och b\u00f6r d\u00e4rf\u00f6r pr\u00e4glas av m\u00e5ngfald. Ett brett spektrum av b\u00e5de teoretiska och praktiska utbildningar ska erbjudas eleverna.<\/span><\/p>\n<p><span style=\"font-weight: 400\">Gymnasieskolan ska ge en stabil grund inf\u00f6r vuxenlivet s\u00e5v\u00e4l f\u00f6r den som planerar att studera vidare som den som vill g\u00e5 ut direkt p\u00e5 arbetsmarknaden. M\u00f6jligheten att studera \u00e4r dock inget som ska vara begr\u00e4nsat till ett visst \u00e5ldersspann. M\u00f6jligheten att komplettera sina studier ska finnas under hela livet. Gymnasies\u00e4rskolans uppdrag \u00e4r att se till att eleverna, utifr\u00e5n sina f\u00f6ruts\u00e4ttningar, f\u00e5r samma r\u00e4tt till utbildning och l\u00e4rande som andra elever.<\/span><\/p>\n<p><span style=\"font-weight: 400\">Idag ser vi dessv\u00e4rre hur allt f\u00f6r m\u00e5nga elever inte slutf\u00f6r sina gymnasiestudier, s\u00e4rskilt g\u00e4ller detta elever som b\u00f6rjar p\u00e5 n\u00e5got av de individuella programmen inklusive spr\u00e5kintroduktion. De \u00e4r ocks\u00e5 m\u00e5nga som upplever att de valt fel program och d\u00e4rf\u00f6r byter till ett annat vilket ofta inneb\u00e4r att gymnasietiden f\u00f6rl\u00e4ngs. Det finns \u00e4ven problem med att f\u00f6r m\u00e5nga elever v\u00e4ljer program och inriktningar inom omr\u00e5den d\u00e4r det \u00e4r sv\u00e5rt att f\u00e5 jobb.<\/span><\/p>\n<ul>\n<li style=\"font-weight: 400\"><span style=\"font-weight: 400\">Utveckla systemet med l\u00e4rlingsplatser s\u00e5 att fler f\u00e5r m\u00f6jlighet att kombinera utbildning och praktik i n\u00e4ra samarbete med det lokala arbetslivet.<\/span><\/li>\n<li style=\"font-weight: 400\"><span style=\"font-weight: 400\">M\u00f6jligheten att v\u00e4lja skola ska fortsatt vara en r\u00e4ttighet. En m\u00e5ngfald av skolor, s\u00e5v\u00e4l avseende utf\u00f6rare som profil ska finnas.<\/span><\/li>\n<li style=\"font-weight: 400\"><span style=\"font-weight: 400\">Ett n\u00e4ra samarbete ska finnas mellan skolan och det lokala n\u00e4ringslivet, exempelvis vad g\u00e4ller l\u00e4rlingsutbildningar.<\/span><\/li>\n<li style=\"font-weight: 400\"><span style=\"font-weight: 400\">Elever i gymnasieskolan ska ges m\u00f6jlighet att l\u00e4sa h\u00f6gskolekurser.\u00a0<\/span><\/li>\n<li style=\"font-weight: 400\"><span style=\"font-weight: 400\">Den som medvetet f\u00f6rst\u00f6r skolmilj\u00f6n, exempelvis genom klotter, ska medverka till att \u00e5terst\u00e4lla skadan.<\/span><\/li>\n<li style=\"font-weight: 400\"><span style=\"font-weight: 400\">Gymnasieskolan ska som helhet uppmuntra ideellt engagemang i f\u00f6reningar, idrottsorganisationer och liknande.\u00a0<\/span><\/li>\n<li style=\"font-weight: 400\"><span style=\"font-weight: 400\">Vi b\u00f6r ha fler psykologer p\u00e5 ungdomsmottagningar<\/span><\/li>\n<\/ul>\n","protected":false},"excerpt":{"rendered":"<p>Gymnasieskolan ska i h\u00f6g grad utg\u00e5 fr\u00e5n elevernas behov och intressen och b\u00f6r d\u00e4rf\u00f6r pr\u00e4glas av m\u00e5ngfald. Ett brett spektrum av b\u00e5de teoretiska och praktiska utbildningar ska erbjudas eleverna. Gymnasieskolan ska ge en stabil grund inf\u00f6r vuxenlivet s\u00e5v\u00e4l f\u00f6r den som planerar att studera vidare som den som vill g\u00e5 ut direkt p\u00e5 arbetsmarknaden. M\u00f6jligheten <a class=\"read-more-link\" href=\"https:\/\/wp.kristdemokraterna.se\/sundbyberg\/var-politik\/gymnasieskolan-en-fortsattning-in-i-vuxenlivet\/\">Read More<\/a><\/p>\n","protected":false},"author":611,"featured_media":0,"parent":60,"menu_order":5,"comment_status":"closed","ping_status":"closed","template":"","meta":{"_acf_changed":false,"footnotes":""},"class_list":["post-109","page","type-page","status-publish","hentry"],"acf":[],"yoast_head":"<!-- This site is optimized with the Yoast SEO plugin v27.3 - https:\/\/yoast.com\/product\/yoast-seo-wordpress\/ -->\n<title>Gymnasieskolan - en forts\u00e4ttning in i vuxenlivet - Sundbyberg<\/title>\n<meta name=\"robots\" content=\"index, follow, max-snippet:-1, max-image-preview:large, max-video-preview:-1\" \/>\n<link rel=\"canonical\" href=\"https:\/\/wp.kristdemokraterna.se\/sundbyberg\/var-politik\/gymnasieskolan-en-fortsattning-in-i-vuxenlivet\/\" \/>\n<meta property=\"og:locale\" content=\"sv_SE\" \/>\n<meta property=\"og:type\" content=\"article\" \/>\n<meta property=\"og:title\" content=\"Gymnasieskolan - en forts\u00e4ttning in i vuxenlivet - Sundbyberg\" \/>\n<meta property=\"og:description\" content=\"Gymnasieskolan ska i h\u00f6g grad utg\u00e5 fr\u00e5n elevernas behov och intressen och b\u00f6r d\u00e4rf\u00f6r pr\u00e4glas av m\u00e5ngfald. Ett brett spektrum av b\u00e5de teoretiska och praktiska utbildningar ska erbjudas eleverna. Gymnasieskolan ska ge en stabil grund inf\u00f6r vuxenlivet s\u00e5v\u00e4l f\u00f6r den som planerar att studera vidare som den som vill g\u00e5 ut direkt p\u00e5 arbetsmarknaden. M\u00f6jligheten Read More\" \/>\n<meta property=\"og:url\" content=\"https:\/\/wp.kristdemokraterna.se\/sundbyberg\/var-politik\/gymnasieskolan-en-fortsattning-in-i-vuxenlivet\/\" \/>\n<meta property=\"og:site_name\" content=\"Sundbyberg\" \/>\n<meta property=\"article:modified_time\" content=\"2022-11-09T15:28:10+00:00\" \/>\n<meta name=\"twitter:card\" content=\"summary_large_image\" \/>\n<meta name=\"twitter:label1\" content=\"Ber\u00e4knad l\u00e4stid\" \/>\n\t<meta name=\"twitter:data1\" content=\"2 minuter\" \/>\n<script type=\"application\/ld+json\" class=\"yoast-schema-graph\">{\"@context\":\"https:\\\/\\\/schema.org\",\"@graph\":[{\"@type\":\"WebPage\",\"@id\":\"https:\\\/\\\/wp.kristdemokraterna.se\\\/sundbyberg\\\/var-politik\\\/gymnasieskolan-en-fortsattning-in-i-vuxenlivet\\\/\",\"url\":\"https:\\\/\\\/wp.kristdemokraterna.se\\\/sundbyberg\\\/var-politik\\\/gymnasieskolan-en-fortsattning-in-i-vuxenlivet\\\/\",\"name\":\"Gymnasieskolan - en forts\u00e4ttning in i vuxenlivet - Sundbyberg\",\"isPartOf\":{\"@id\":\"https:\\\/\\\/wp.kristdemokraterna.se\\\/sundbyberg\\\/#website\"},\"datePublished\":\"2014-02-26T07:37:44+00:00\",\"dateModified\":\"2022-11-09T15:28:10+00:00\",\"breadcrumb\":{\"@id\":\"https:\\\/\\\/wp.kristdemokraterna.se\\\/sundbyberg\\\/var-politik\\\/gymnasieskolan-en-fortsattning-in-i-vuxenlivet\\\/#breadcrumb\"},\"inLanguage\":\"sv-SE\",\"potentialAction\":[{\"@type\":\"ReadAction\",\"target\":[\"https:\\\/\\\/wp.kristdemokraterna.se\\\/sundbyberg\\\/var-politik\\\/gymnasieskolan-en-fortsattning-in-i-vuxenlivet\\\/\"]}]},{\"@type\":\"BreadcrumbList\",\"@id\":\"https:\\\/\\\/wp.kristdemokraterna.se\\\/sundbyberg\\\/var-politik\\\/gymnasieskolan-en-fortsattning-in-i-vuxenlivet\\\/#breadcrumb\",\"itemListElement\":[{\"@type\":\"ListItem\",\"position\":1,\"name\":\"Hem\",\"item\":\"https:\\\/\\\/wp.kristdemokraterna.se\\\/sundbyberg\\\/\"},{\"@type\":\"ListItem\",\"position\":2,\"name\":\"V\u00e5r politik\",\"item\":\"https:\\\/\\\/wp.kristdemokraterna.se\\\/sundbyberg\\\/var-politik\\\/\"},{\"@type\":\"ListItem\",\"position\":3,\"name\":\"Gymnasieskolan &#8211; en forts\u00e4ttning in i vuxenlivet\"}]},{\"@type\":\"WebSite\",\"@id\":\"https:\\\/\\\/wp.kristdemokraterna.se\\\/sundbyberg\\\/#website\",\"url\":\"https:\\\/\\\/wp.kristdemokraterna.se\\\/sundbyberg\\\/\",\"name\":\"Sundbyberg\",\"description\":\"En till Kristdemokraterna webbplats\",\"inLanguage\":\"sv-SE\"}]}<\/script>\n<!-- \/ Yoast SEO plugin. -->","yoast_head_json":{"title":"Gymnasieskolan - en forts\u00e4ttning in i vuxenlivet - Sundbyberg","robots":{"index":"index","follow":"follow","max-snippet":"max-snippet:-1","max-image-preview":"max-image-preview:large","max-video-preview":"max-video-preview:-1"},"canonical":"https:\/\/wp.kristdemokraterna.se\/sundbyberg\/var-politik\/gymnasieskolan-en-fortsattning-in-i-vuxenlivet\/","og_locale":"sv_SE","og_type":"article","og_title":"Gymnasieskolan - en forts\u00e4ttning in i vuxenlivet - Sundbyberg","og_description":"Gymnasieskolan ska i h\u00f6g grad utg\u00e5 fr\u00e5n elevernas behov och intressen och b\u00f6r d\u00e4rf\u00f6r pr\u00e4glas av m\u00e5ngfald. Ett brett spektrum av b\u00e5de teoretiska och praktiska utbildningar ska erbjudas eleverna. Gymnasieskolan ska ge en stabil grund inf\u00f6r vuxenlivet s\u00e5v\u00e4l f\u00f6r den som planerar att studera vidare som den som vill g\u00e5 ut direkt p\u00e5 arbetsmarknaden. M\u00f6jligheten Read More","og_url":"https:\/\/wp.kristdemokraterna.se\/sundbyberg\/var-politik\/gymnasieskolan-en-fortsattning-in-i-vuxenlivet\/","og_site_name":"Sundbyberg","article_modified_time":"2022-11-09T15:28:10+00:00","twitter_card":"summary_large_image","twitter_misc":{"Ber\u00e4knad l\u00e4stid":"2 minuter"},"schema":{"@context":"https:\/\/schema.org","@graph":[{"@type":"WebPage","@id":"https:\/\/wp.kristdemokraterna.se\/sundbyberg\/var-politik\/gymnasieskolan-en-fortsattning-in-i-vuxenlivet\/","url":"https:\/\/wp.kristdemokraterna.se\/sundbyberg\/var-politik\/gymnasieskolan-en-fortsattning-in-i-vuxenlivet\/","name":"Gymnasieskolan - en forts\u00e4ttning in i vuxenlivet - Sundbyberg","isPartOf":{"@id":"https:\/\/wp.kristdemokraterna.se\/sundbyberg\/#website"},"datePublished":"2014-02-26T07:37:44+00:00","dateModified":"2022-11-09T15:28:10+00:00","breadcrumb":{"@id":"https:\/\/wp.kristdemokraterna.se\/sundbyberg\/var-politik\/gymnasieskolan-en-fortsattning-in-i-vuxenlivet\/#breadcrumb"},"inLanguage":"sv-SE","potentialAction":[{"@type":"ReadAction","target":["https:\/\/wp.kristdemokraterna.se\/sundbyberg\/var-politik\/gymnasieskolan-en-fortsattning-in-i-vuxenlivet\/"]}]},{"@type":"BreadcrumbList","@id":"https:\/\/wp.kristdemokraterna.se\/sundbyberg\/var-politik\/gymnasieskolan-en-fortsattning-in-i-vuxenlivet\/#breadcrumb","itemListElement":[{"@type":"ListItem","position":1,"name":"Hem","item":"https:\/\/wp.kristdemokraterna.se\/sundbyberg\/"},{"@type":"ListItem","position":2,"name":"V\u00e5r politik","item":"https:\/\/wp.kristdemokraterna.se\/sundbyberg\/var-politik\/"},{"@type":"ListItem","position":3,"name":"Gymnasieskolan &#8211; en forts\u00e4ttning in i vuxenlivet"}]},{"@type":"WebSite","@id":"https:\/\/wp.kristdemokraterna.se\/sundbyberg\/#website","url":"https:\/\/wp.kristdemokraterna.se\/sundbyberg\/","name":"Sundbyberg","description":"En till Kristdemokraterna webbplats","inLanguage":"sv-SE"}]}},"_links":{"self":[{"href":"https:\/\/wp.kristdemokraterna.se\/sundbyberg\/wp-json\/wp\/v2\/pages\/109","targetHints":{"allow":["GET"]}}],"collection":[{"href":"https:\/\/wp.kristdemokraterna.se\/sundbyberg\/wp-json\/wp\/v2\/pages"}],"about":[{"href":"https:\/\/wp.kristdemokraterna.se\/sundbyberg\/wp-json\/wp\/v2\/types\/page"}],"author":[{"embeddable":true,"href":"https:\/\/wp.kristdemokraterna.se\/sundbyberg\/wp-json\/wp\/v2\/users\/611"}],"replies":[{"embeddable":true,"href":"https:\/\/wp.kristdemokraterna.se\/sundbyberg\/wp-json\/wp\/v2\/comments?post=109"}],"version-history":[{"count":3,"href":"https:\/\/wp.kristdemokraterna.se\/sundbyberg\/wp-json\/wp\/v2\/pages\/109\/revisions"}],"predecessor-version":[{"id":1142,"href":"https:\/\/wp.kristdemokraterna.se\/sundbyberg\/wp-json\/wp\/v2\/pages\/109\/revisions\/1142"}],"up":[{"embeddable":true,"href":"https:\/\/wp.kristdemokraterna.se\/sundbyberg\/wp-json\/wp\/v2\/pages\/60"}],"wp:attachment":[{"href":"https:\/\/wp.kristdemokraterna.se\/sundbyberg\/wp-json\/wp\/v2\/media?parent=109"}],"curies":[{"name":"wp","href":"https:\/\/api.w.org\/{rel}","templated":true}]}}