{"id":115,"date":"2014-02-26T08:38:55","date_gmt":"2014-02-26T07:38:55","guid":{"rendered":"http:\/\/wp.kristdemokraterna.se\/sundbyberg\/?page_id=115"},"modified":"2022-11-09T16:30:18","modified_gmt":"2022-11-09T15:30:18","slug":"trygg-i-sundbyberg","status":"publish","type":"page","link":"https:\/\/wp.kristdemokraterna.se\/sundbyberg\/var-politik\/trygg-i-sundbyberg\/","title":{"rendered":"Ett tillg\u00e4ngligt samh\u00e4lle f\u00f6r alla"},"content":{"rendered":"<p><span style=\"font-weight: 400\">Myten om den perfekta m\u00e4nniskan som ideal och norm riskerar att bli ett hot mot viktiga v\u00e4rden som delaktighet och solidaritet. Politiken m\u00e5ste f\u00f6rankras i en m\u00e4nniskosyn som b\u00e5de tillm\u00e4ter m\u00e4nniskan ett absolut och okr\u00e4nkbart v\u00e4rde och erk\u00e4nner att alla m\u00e4nniskor \u00e4r olika med olika beg\u00e5vning, intressen och f\u00f6ruts\u00e4ttningar.<\/span><\/p>\n<p><span style=\"font-weight: 400\">Detta \u00e4r en utg\u00e5ngspunkt f\u00f6r v\u00e5r politik n\u00e4r det g\u00e4ller personer med olika typer av funktionsneds\u00e4ttning men \u00e4ven personer som p\u00e5 olika s\u00e4tt hamnat i ett socialt utanf\u00f6rskap eller en social utsatthet. Gemensamt f\u00f6r oss m\u00e4nniskor \u00e4r att vi \u00e4r sociala varelser med behov av sm\u00e5, naturliga gemenskaper. D\u00e4rf\u00f6r b\u00f6r i normalfallet familjen och andra anh\u00f6riga ges en central plats i det st\u00f6d som ges. Insatserna ska st\u00f6dja n\u00e4r det brister och stimulera de positiva krafter som finns hos varje person &#8211; det personliga ansvaret ska alltid beaktas.<\/span><\/p>\n<p><span style=\"font-weight: 400\">Risken f\u00f6r diskriminering och negativ s\u00e4rbehandling \u00e4r n\u00e5got som m\u00e5ste beaktas. Idag finns tyv\u00e4rr m\u00e5nga som lever i olika typer av utsatthet, s\u00e4rskilt s\u00e5rbara \u00e4r barn i otrygga hem. Runt var femte barn lever exempelvis i f\u00f6rh\u00e5llanden d\u00e4r b\u00e5da eller n\u00e5gon f\u00f6r\u00e4lder har ett riskbruk eller missbruk av alkohol. Alltf\u00f6r m\u00e5nga ungdomar har \u00e4ven sj\u00e4lva destruktiva dryckes- och drogvanor.<\/span><\/p>\n<p><span style=\"font-weight: 400\">Den sociala omsorgen ska utg\u00e5 fr\u00e5n m\u00e4nniskans behov av sm\u00e5, naturliga gemenskaper, fr\u00e4mst\u00a0<\/span><span style=\"font-weight: 400\">familjen. De sociala insatserna ska st\u00f6dja n\u00e4r det brister och stimulera de positiva krafter som\u00a0<\/span><span style=\"font-weight: 400\">finns hos varje person och \u00e4ven visa p\u00e5 det personliga ansvaret f\u00f6r ett bra resultat.<\/span><\/p>\n<p><span style=\"font-weight: 400\">Offentlig, ideell och privat verksamhet ska komplettera varandra. Sociala insatser ska pr\u00e4glas av respekt f\u00f6r den personliga integriteten och ge f\u00f6ruts\u00e4ttningar f\u00f6r inflytande och delaktighet f\u00f6r s\u00e5v\u00e4l vuxna som barn. Barns r\u00e4tt till en trygg uppv\u00e4xtmilj\u00f6 \u00e4r grundl\u00e4ggande.<\/span><\/p>\n<p><span style=\"font-weight: 400\">Det sociala arbetet ska ha fokus p\u00e5 att f\u00f6rebygga och hj\u00e4lpa personer att inte hamna i ett\u00a0<\/span><span style=\"font-weight: 400\">beroende av f\u00f6rs\u00f6rjningsst\u00f6d. Det handlar ocks\u00e5 om samverkan med f\u00f6rs\u00e4kringskassa och\u00a0<\/span><span style=\"font-weight: 400\">arbetsf\u00f6rmedling f\u00f6r att minska antalet personer med ekonomiskt f\u00f6rs\u00f6rjningsst\u00f6d s\u00e5 att de skall kunna g\u00e5 till egen f\u00f6rs\u00f6rjning.<\/span><\/p>\n<ul>\n<li style=\"font-weight: 400\"><span style=\"font-weight: 400\">Det sociala arbetet ska ha fokus p\u00e5 att f\u00f6rebygga och hj\u00e4lpa personer att inte hamna i ett beroende av f\u00f6rs\u00f6rjningsst\u00f6d.<\/span><\/li>\n<li style=\"font-weight: 400\"><span style=\"font-weight: 400\">Staden ska bedriva ett aktivt arbete f\u00f6r att motverka risk- och missbruk vad g\u00e4ller alkohol, droger, spel och n\u00e4tanv\u00e4ndande. S\u00e4rskilt fokus ska l\u00e4ggas p\u00e5 barn och unga.<\/span><\/li>\n<li style=\"font-weight: 400\"><span style=\"font-weight: 400\">Strukturer f\u00f6r samverkan mellan f\u00f6rskola, skola, socialtj\u00e4nst och barn- och ungdomspsykiatrin ska utvecklas f\u00f6r att barn i behov av st\u00f6d och hemmasittare ska kunna f\u00e5ngas upp i tid.<\/span><\/li>\n<li style=\"font-weight: 400\"><span style=\"font-weight: 400\">Staden ska erbjuda ekonomisk r\u00e5dgivning f\u00f6r sv\u00e5rt skuldsatta personer<\/span><\/li>\n<li style=\"font-weight: 400\"><span style=\"font-weight: 400\">St\u00f6d kvinno-, mans-och brottsofferjouren.\u00a0<\/span><\/li>\n<li style=\"font-weight: 400\"><span style=\"font-weight: 400\">&#8221;F\u00f6rsta linjen&#8221; ska inr\u00e4ttas i samarbete med regionen dit barn och ungdomar och v\u00e5rdnadshavare kan v\u00e4nda sig f\u00f6r att snabbt kunna f\u00e5 st\u00f6d och v\u00e4gledning.<\/span><\/li>\n<\/ul>\n<ul>\n<li style=\"font-weight: 400\"><span style=\"font-weight: 400\">\u00d6ka samarbetet mellan kommunen, social- och nykterhetsv\u00e5rd, skola, arbetsf\u00f6rmedling, polis, kyrkor, ungdomsorganisationer och andra som har kontakt med barn och ungdomar<\/span><\/li>\n<li style=\"font-weight: 400\"><span style=\"font-weight: 400\">Vi vill arbeta s\u00e5 att fler unga blir egenf\u00f6retagare. Bjud in ungdomar till n\u00e4ringslivsfrukost. Anordna workshops och f\u00f6retagsm\u00e4ssa f\u00f6r ungdomar.<\/span><\/li>\n<li style=\"font-weight: 400\"><span style=\"font-weight: 400\">Blanda barn och unga med \u00e4ldre p\u00e5 b\u00e5das villkor.<\/span><\/li>\n<\/ul>\n","protected":false},"excerpt":{"rendered":"<p>Myten om den perfekta m\u00e4nniskan som ideal och norm riskerar att bli ett hot mot viktiga v\u00e4rden som delaktighet och solidaritet. Politiken m\u00e5ste f\u00f6rankras i en m\u00e4nniskosyn som b\u00e5de tillm\u00e4ter m\u00e4nniskan ett absolut och okr\u00e4nkbart v\u00e4rde och erk\u00e4nner att alla m\u00e4nniskor \u00e4r olika med olika beg\u00e5vning, intressen och f\u00f6ruts\u00e4ttningar. Detta \u00e4r en utg\u00e5ngspunkt f\u00f6r v\u00e5r <a class=\"read-more-link\" href=\"https:\/\/wp.kristdemokraterna.se\/sundbyberg\/var-politik\/trygg-i-sundbyberg\/\">Read More<\/a><\/p>\n","protected":false},"author":611,"featured_media":0,"parent":60,"menu_order":7,"comment_status":"closed","ping_status":"closed","template":"","meta":{"_acf_changed":false,"footnotes":""},"class_list":["post-115","page","type-page","status-publish","hentry"],"acf":[],"yoast_head":"<!-- This site is optimized with the Yoast SEO plugin v27.3 - https:\/\/yoast.com\/product\/yoast-seo-wordpress\/ -->\n<title>Ett tillg\u00e4ngligt samh\u00e4lle f\u00f6r alla - Sundbyberg<\/title>\n<meta name=\"robots\" content=\"index, follow, max-snippet:-1, max-image-preview:large, max-video-preview:-1\" \/>\n<link rel=\"canonical\" href=\"https:\/\/wp.kristdemokraterna.se\/sundbyberg\/var-politik\/trygg-i-sundbyberg\/\" \/>\n<meta property=\"og:locale\" content=\"sv_SE\" \/>\n<meta property=\"og:type\" content=\"article\" \/>\n<meta property=\"og:title\" content=\"Ett tillg\u00e4ngligt samh\u00e4lle f\u00f6r alla - Sundbyberg\" \/>\n<meta property=\"og:description\" content=\"Myten om den perfekta m\u00e4nniskan som ideal och norm riskerar att bli ett hot mot viktiga v\u00e4rden som delaktighet och solidaritet. Politiken m\u00e5ste f\u00f6rankras i en m\u00e4nniskosyn som b\u00e5de tillm\u00e4ter m\u00e4nniskan ett absolut och okr\u00e4nkbart v\u00e4rde och erk\u00e4nner att alla m\u00e4nniskor \u00e4r olika med olika beg\u00e5vning, intressen och f\u00f6ruts\u00e4ttningar. Detta \u00e4r en utg\u00e5ngspunkt f\u00f6r v\u00e5r Read More\" \/>\n<meta property=\"og:url\" content=\"https:\/\/wp.kristdemokraterna.se\/sundbyberg\/var-politik\/trygg-i-sundbyberg\/\" \/>\n<meta property=\"og:site_name\" content=\"Sundbyberg\" \/>\n<meta property=\"article:modified_time\" content=\"2022-11-09T15:30:18+00:00\" \/>\n<meta name=\"twitter:card\" content=\"summary_large_image\" \/>\n<meta name=\"twitter:label1\" content=\"Ber\u00e4knad l\u00e4stid\" \/>\n\t<meta name=\"twitter:data1\" content=\"3 minuter\" \/>\n<script type=\"application\/ld+json\" class=\"yoast-schema-graph\">{\"@context\":\"https:\\\/\\\/schema.org\",\"@graph\":[{\"@type\":\"WebPage\",\"@id\":\"https:\\\/\\\/wp.kristdemokraterna.se\\\/sundbyberg\\\/var-politik\\\/trygg-i-sundbyberg\\\/\",\"url\":\"https:\\\/\\\/wp.kristdemokraterna.se\\\/sundbyberg\\\/var-politik\\\/trygg-i-sundbyberg\\\/\",\"name\":\"Ett tillg\u00e4ngligt samh\u00e4lle f\u00f6r alla - Sundbyberg\",\"isPartOf\":{\"@id\":\"https:\\\/\\\/wp.kristdemokraterna.se\\\/sundbyberg\\\/#website\"},\"datePublished\":\"2014-02-26T07:38:55+00:00\",\"dateModified\":\"2022-11-09T15:30:18+00:00\",\"breadcrumb\":{\"@id\":\"https:\\\/\\\/wp.kristdemokraterna.se\\\/sundbyberg\\\/var-politik\\\/trygg-i-sundbyberg\\\/#breadcrumb\"},\"inLanguage\":\"sv-SE\",\"potentialAction\":[{\"@type\":\"ReadAction\",\"target\":[\"https:\\\/\\\/wp.kristdemokraterna.se\\\/sundbyberg\\\/var-politik\\\/trygg-i-sundbyberg\\\/\"]}]},{\"@type\":\"BreadcrumbList\",\"@id\":\"https:\\\/\\\/wp.kristdemokraterna.se\\\/sundbyberg\\\/var-politik\\\/trygg-i-sundbyberg\\\/#breadcrumb\",\"itemListElement\":[{\"@type\":\"ListItem\",\"position\":1,\"name\":\"Hem\",\"item\":\"https:\\\/\\\/wp.kristdemokraterna.se\\\/sundbyberg\\\/\"},{\"@type\":\"ListItem\",\"position\":2,\"name\":\"V\u00e5r politik\",\"item\":\"https:\\\/\\\/wp.kristdemokraterna.se\\\/sundbyberg\\\/var-politik\\\/\"},{\"@type\":\"ListItem\",\"position\":3,\"name\":\"Ett tillg\u00e4ngligt samh\u00e4lle f\u00f6r alla\"}]},{\"@type\":\"WebSite\",\"@id\":\"https:\\\/\\\/wp.kristdemokraterna.se\\\/sundbyberg\\\/#website\",\"url\":\"https:\\\/\\\/wp.kristdemokraterna.se\\\/sundbyberg\\\/\",\"name\":\"Sundbyberg\",\"description\":\"En till Kristdemokraterna webbplats\",\"inLanguage\":\"sv-SE\"}]}<\/script>\n<!-- \/ Yoast SEO plugin. -->","yoast_head_json":{"title":"Ett tillg\u00e4ngligt samh\u00e4lle f\u00f6r alla - Sundbyberg","robots":{"index":"index","follow":"follow","max-snippet":"max-snippet:-1","max-image-preview":"max-image-preview:large","max-video-preview":"max-video-preview:-1"},"canonical":"https:\/\/wp.kristdemokraterna.se\/sundbyberg\/var-politik\/trygg-i-sundbyberg\/","og_locale":"sv_SE","og_type":"article","og_title":"Ett tillg\u00e4ngligt samh\u00e4lle f\u00f6r alla - Sundbyberg","og_description":"Myten om den perfekta m\u00e4nniskan som ideal och norm riskerar att bli ett hot mot viktiga v\u00e4rden som delaktighet och solidaritet. Politiken m\u00e5ste f\u00f6rankras i en m\u00e4nniskosyn som b\u00e5de tillm\u00e4ter m\u00e4nniskan ett absolut och okr\u00e4nkbart v\u00e4rde och erk\u00e4nner att alla m\u00e4nniskor \u00e4r olika med olika beg\u00e5vning, intressen och f\u00f6ruts\u00e4ttningar. Detta \u00e4r en utg\u00e5ngspunkt f\u00f6r v\u00e5r Read More","og_url":"https:\/\/wp.kristdemokraterna.se\/sundbyberg\/var-politik\/trygg-i-sundbyberg\/","og_site_name":"Sundbyberg","article_modified_time":"2022-11-09T15:30:18+00:00","twitter_card":"summary_large_image","twitter_misc":{"Ber\u00e4knad l\u00e4stid":"3 minuter"},"schema":{"@context":"https:\/\/schema.org","@graph":[{"@type":"WebPage","@id":"https:\/\/wp.kristdemokraterna.se\/sundbyberg\/var-politik\/trygg-i-sundbyberg\/","url":"https:\/\/wp.kristdemokraterna.se\/sundbyberg\/var-politik\/trygg-i-sundbyberg\/","name":"Ett tillg\u00e4ngligt samh\u00e4lle f\u00f6r alla - Sundbyberg","isPartOf":{"@id":"https:\/\/wp.kristdemokraterna.se\/sundbyberg\/#website"},"datePublished":"2014-02-26T07:38:55+00:00","dateModified":"2022-11-09T15:30:18+00:00","breadcrumb":{"@id":"https:\/\/wp.kristdemokraterna.se\/sundbyberg\/var-politik\/trygg-i-sundbyberg\/#breadcrumb"},"inLanguage":"sv-SE","potentialAction":[{"@type":"ReadAction","target":["https:\/\/wp.kristdemokraterna.se\/sundbyberg\/var-politik\/trygg-i-sundbyberg\/"]}]},{"@type":"BreadcrumbList","@id":"https:\/\/wp.kristdemokraterna.se\/sundbyberg\/var-politik\/trygg-i-sundbyberg\/#breadcrumb","itemListElement":[{"@type":"ListItem","position":1,"name":"Hem","item":"https:\/\/wp.kristdemokraterna.se\/sundbyberg\/"},{"@type":"ListItem","position":2,"name":"V\u00e5r politik","item":"https:\/\/wp.kristdemokraterna.se\/sundbyberg\/var-politik\/"},{"@type":"ListItem","position":3,"name":"Ett tillg\u00e4ngligt samh\u00e4lle f\u00f6r alla"}]},{"@type":"WebSite","@id":"https:\/\/wp.kristdemokraterna.se\/sundbyberg\/#website","url":"https:\/\/wp.kristdemokraterna.se\/sundbyberg\/","name":"Sundbyberg","description":"En till Kristdemokraterna webbplats","inLanguage":"sv-SE"}]}},"_links":{"self":[{"href":"https:\/\/wp.kristdemokraterna.se\/sundbyberg\/wp-json\/wp\/v2\/pages\/115","targetHints":{"allow":["GET"]}}],"collection":[{"href":"https:\/\/wp.kristdemokraterna.se\/sundbyberg\/wp-json\/wp\/v2\/pages"}],"about":[{"href":"https:\/\/wp.kristdemokraterna.se\/sundbyberg\/wp-json\/wp\/v2\/types\/page"}],"author":[{"embeddable":true,"href":"https:\/\/wp.kristdemokraterna.se\/sundbyberg\/wp-json\/wp\/v2\/users\/611"}],"replies":[{"embeddable":true,"href":"https:\/\/wp.kristdemokraterna.se\/sundbyberg\/wp-json\/wp\/v2\/comments?post=115"}],"version-history":[{"count":4,"href":"https:\/\/wp.kristdemokraterna.se\/sundbyberg\/wp-json\/wp\/v2\/pages\/115\/revisions"}],"predecessor-version":[{"id":1144,"href":"https:\/\/wp.kristdemokraterna.se\/sundbyberg\/wp-json\/wp\/v2\/pages\/115\/revisions\/1144"}],"up":[{"embeddable":true,"href":"https:\/\/wp.kristdemokraterna.se\/sundbyberg\/wp-json\/wp\/v2\/pages\/60"}],"wp:attachment":[{"href":"https:\/\/wp.kristdemokraterna.se\/sundbyberg\/wp-json\/wp\/v2\/media?parent=115"}],"curies":[{"name":"wp","href":"https:\/\/api.w.org\/{rel}","templated":true}]}}