{"id":118,"date":"2014-02-26T08:39:28","date_gmt":"2014-02-26T07:39:28","guid":{"rendered":"http:\/\/wp.kristdemokraterna.se\/sundbyberg\/?page_id=118"},"modified":"2022-11-09T16:32:28","modified_gmt":"2022-11-09T15:32:28","slug":"hus-och-bostader","status":"publish","type":"page","link":"https:\/\/wp.kristdemokraterna.se\/sundbyberg\/var-politik\/hus-och-bostader\/","title":{"rendered":"Hus och bost\u00e4der"},"content":{"rendered":"<p><span style=\"font-weight: 400\">Vi tycker det \u00e4r bra att Sundbyberg f\u00e5r ny kompletterande bebyggelse. Just nu bygger vi nya bostadsomr\u00e5den i Brotorp och Stora Ursvik, projekt som g\u00f6r att Sundbyberg \u00f6kar sin folkm\u00e4ngd. M\u00e4nniskor som ska ha kommunal service, kommunikationer, gr\u00f6nomr\u00e5den och livskvalitet.<\/span><\/p>\n<p><span style=\"font-weight: 400\">M\u00e4nniskors livskvalitet avg\u00f6rs inte bara av hur m\u00e5nga kvadratmeter man bor p\u00e5. Det handlar ocks\u00e5 om tr\u00e4d, natur, kommunal service och mysiga centra.<\/span><\/p>\n<p><span style=\"font-weight: 400\">I Sundbyberg finns idag oerh\u00f6rt gott om sm\u00e5 l\u00e4genheter. D\u00e4remot \u00e4r det ont om radhus och sm\u00e5hus, vilket g\u00f6r att m\u00e5nga unga familjer tvingas att flytta<\/span> <span style=\"font-weight: 400\">fr\u00e5n kommunen n\u00e4r de skaffar barn och beh\u00f6ver ett st\u00f6rre boende. Detta f\u00f6rh\u00e5llande m\u00e5ste f\u00f6r\u00e4ndras.<\/span><\/p>\n<p><span style=\"font-weight: 400\">Sundbyberg b\u00f6r ha en varierande bostadssammans\u00e4ttning med varierande uppl\u00e5telseformer f\u00f6r att motverka etnisk, social och ekonomisk segregation. <\/span><span style=\"font-weight: 400\"><br \/>\n<\/span><span style=\"font-weight: 400\"><br \/>\n<\/span><span style=\"font-weight: 400\">Vi tycker att markanvisningar av kommunal mark ska \u00a0ges till den byggherre som bygger snyggast, energieffektivt och till l\u00e5gt pris. Detta kan \u00e5stadkommas genom att vi anordnar t\u00e4vlingar d\u00e4r intresserade byggherrar f\u00e5r visa vad de vill g\u00f6ra. Den som vinner t\u00e4vlingen utifr\u00e5n ovanst\u00e5ende kriterier f\u00e5r markanvisningen.<\/span><\/p>\n<ul>\n<li style=\"font-weight: 400\"><span style=\"font-weight: 400\">Sundbyberg ska vara b\u00e5de sm\u00e5stad och storstad. Vi vill bevara den unika sm\u00e5stadscharmen bl.a. genom att h\u00e5lla ned bebyggelsens h\u00f6jd och v\u00e4rna om en levande sm\u00e5skalig stadsk\u00e4rna.\u00a0<\/span><\/li>\n<li style=\"font-weight: 400\"><span style=\"font-weight: 400\">Den st\u00f6rsta delen av nya bost\u00e4der i Sundbyberg skall byggas i Stora Ursvik s\u00e5 att denna nya stadsdel blir f\u00e4rdigbyggd s\u00e5 fort som m\u00f6jligt och kan fungera som planerat.<\/span><\/li>\n<li style=\"font-weight: 400\"><span style=\"font-weight: 400\">Det beh\u00f6vs fler hyresr\u00e4tter i vissa stadsdelar i Sundbyberg.\u00a0<\/span><\/li>\n<li style=\"font-weight: 400\"><span style=\"font-weight: 400\">De f\u00e5 gr\u00f6nomr\u00e5den och markomr\u00e5den som finns s\u00f6der om nuvarande E18 skall i stort v\u00e4rnas. Detta g\u00e4ller s\u00e4rskilt omr\u00e5det vid Golf\u00e4ngarna som vi tycker skall bevaras utan minsta intr\u00e5ng genom exploatering.<\/span><\/li>\n<li style=\"font-weight: 400\"><span style=\"font-weight: 400\">Nybyggnation ska alltid planeras i samarbete med de boende.<\/span><\/li>\n<li style=\"font-weight: 400\"><span style=\"font-weight: 400\">Bevara gr\u00f6nomr\u00e5den i Centrala Sundbyberg. Inga fler parker eller gr\u00f6nomr\u00e5den b\u00f6r tas i anspr\u00e5k f\u00f6r nybyggnation. Varje enskilt \u00e4rende m\u00e5ste noga granskas i fr\u00e5ga om boendemilj\u00f6, gr\u00f6nomr\u00e5den och parkeringsplatser, som redan \u00e4r idag en bristvara, och d\u00e4refter kan beslut tas.<\/span><\/li>\n<li style=\"font-weight: 400\"><span style=\"font-weight: 400\">De tempor\u00e4ra barackerna p\u00e5 Rissne \u00e4ngar ska avvecklas s\u00e5 fort som Duvboskolans utbyggnad \u00e4r klar.<\/span><\/li>\n<\/ul>\n","protected":false},"excerpt":{"rendered":"<p>Vi tycker det \u00e4r bra att Sundbyberg f\u00e5r ny kompletterande bebyggelse. Just nu bygger vi nya bostadsomr\u00e5den i Brotorp och Stora Ursvik, projekt som g\u00f6r att Sundbyberg \u00f6kar sin folkm\u00e4ngd. M\u00e4nniskor som ska ha kommunal service, kommunikationer, gr\u00f6nomr\u00e5den och livskvalitet. M\u00e4nniskors livskvalitet avg\u00f6rs inte bara av hur m\u00e5nga kvadratmeter man bor p\u00e5. Det handlar ocks\u00e5 <a class=\"read-more-link\" href=\"https:\/\/wp.kristdemokraterna.se\/sundbyberg\/var-politik\/hus-och-bostader\/\">Read More<\/a><\/p>\n","protected":false},"author":611,"featured_media":0,"parent":60,"menu_order":9,"comment_status":"closed","ping_status":"closed","template":"","meta":{"_acf_changed":false,"footnotes":""},"class_list":["post-118","page","type-page","status-publish","hentry"],"acf":[],"yoast_head":"<!-- This site is optimized with the Yoast SEO plugin v27.3 - https:\/\/yoast.com\/product\/yoast-seo-wordpress\/ -->\n<title>Hus och bost\u00e4der - Sundbyberg<\/title>\n<meta name=\"robots\" content=\"index, follow, max-snippet:-1, max-image-preview:large, max-video-preview:-1\" \/>\n<link rel=\"canonical\" href=\"https:\/\/wp.kristdemokraterna.se\/sundbyberg\/var-politik\/hus-och-bostader\/\" \/>\n<meta property=\"og:locale\" content=\"sv_SE\" \/>\n<meta property=\"og:type\" content=\"article\" \/>\n<meta property=\"og:title\" content=\"Hus och bost\u00e4der - Sundbyberg\" \/>\n<meta property=\"og:description\" content=\"Vi tycker det \u00e4r bra att Sundbyberg f\u00e5r ny kompletterande bebyggelse. Just nu bygger vi nya bostadsomr\u00e5den i Brotorp och Stora Ursvik, projekt som g\u00f6r att Sundbyberg \u00f6kar sin folkm\u00e4ngd. M\u00e4nniskor som ska ha kommunal service, kommunikationer, gr\u00f6nomr\u00e5den och livskvalitet. M\u00e4nniskors livskvalitet avg\u00f6rs inte bara av hur m\u00e5nga kvadratmeter man bor p\u00e5. Det handlar ocks\u00e5 Read More\" \/>\n<meta property=\"og:url\" content=\"https:\/\/wp.kristdemokraterna.se\/sundbyberg\/var-politik\/hus-och-bostader\/\" \/>\n<meta property=\"og:site_name\" content=\"Sundbyberg\" \/>\n<meta property=\"article:modified_time\" content=\"2022-11-09T15:32:28+00:00\" \/>\n<meta name=\"twitter:card\" content=\"summary_large_image\" \/>\n<meta name=\"twitter:label1\" content=\"Ber\u00e4knad l\u00e4stid\" \/>\n\t<meta name=\"twitter:data1\" content=\"2 minuter\" \/>\n<script type=\"application\/ld+json\" class=\"yoast-schema-graph\">{\"@context\":\"https:\\\/\\\/schema.org\",\"@graph\":[{\"@type\":\"WebPage\",\"@id\":\"https:\\\/\\\/wp.kristdemokraterna.se\\\/sundbyberg\\\/var-politik\\\/hus-och-bostader\\\/\",\"url\":\"https:\\\/\\\/wp.kristdemokraterna.se\\\/sundbyberg\\\/var-politik\\\/hus-och-bostader\\\/\",\"name\":\"Hus och bost\u00e4der - Sundbyberg\",\"isPartOf\":{\"@id\":\"https:\\\/\\\/wp.kristdemokraterna.se\\\/sundbyberg\\\/#website\"},\"datePublished\":\"2014-02-26T07:39:28+00:00\",\"dateModified\":\"2022-11-09T15:32:28+00:00\",\"breadcrumb\":{\"@id\":\"https:\\\/\\\/wp.kristdemokraterna.se\\\/sundbyberg\\\/var-politik\\\/hus-och-bostader\\\/#breadcrumb\"},\"inLanguage\":\"sv-SE\",\"potentialAction\":[{\"@type\":\"ReadAction\",\"target\":[\"https:\\\/\\\/wp.kristdemokraterna.se\\\/sundbyberg\\\/var-politik\\\/hus-och-bostader\\\/\"]}]},{\"@type\":\"BreadcrumbList\",\"@id\":\"https:\\\/\\\/wp.kristdemokraterna.se\\\/sundbyberg\\\/var-politik\\\/hus-och-bostader\\\/#breadcrumb\",\"itemListElement\":[{\"@type\":\"ListItem\",\"position\":1,\"name\":\"Hem\",\"item\":\"https:\\\/\\\/wp.kristdemokraterna.se\\\/sundbyberg\\\/\"},{\"@type\":\"ListItem\",\"position\":2,\"name\":\"V\u00e5r politik\",\"item\":\"https:\\\/\\\/wp.kristdemokraterna.se\\\/sundbyberg\\\/var-politik\\\/\"},{\"@type\":\"ListItem\",\"position\":3,\"name\":\"Hus och bost\u00e4der\"}]},{\"@type\":\"WebSite\",\"@id\":\"https:\\\/\\\/wp.kristdemokraterna.se\\\/sundbyberg\\\/#website\",\"url\":\"https:\\\/\\\/wp.kristdemokraterna.se\\\/sundbyberg\\\/\",\"name\":\"Sundbyberg\",\"description\":\"En till Kristdemokraterna webbplats\",\"inLanguage\":\"sv-SE\"}]}<\/script>\n<!-- \/ Yoast SEO plugin. -->","yoast_head_json":{"title":"Hus och bost\u00e4der - Sundbyberg","robots":{"index":"index","follow":"follow","max-snippet":"max-snippet:-1","max-image-preview":"max-image-preview:large","max-video-preview":"max-video-preview:-1"},"canonical":"https:\/\/wp.kristdemokraterna.se\/sundbyberg\/var-politik\/hus-och-bostader\/","og_locale":"sv_SE","og_type":"article","og_title":"Hus och bost\u00e4der - Sundbyberg","og_description":"Vi tycker det \u00e4r bra att Sundbyberg f\u00e5r ny kompletterande bebyggelse. Just nu bygger vi nya bostadsomr\u00e5den i Brotorp och Stora Ursvik, projekt som g\u00f6r att Sundbyberg \u00f6kar sin folkm\u00e4ngd. M\u00e4nniskor som ska ha kommunal service, kommunikationer, gr\u00f6nomr\u00e5den och livskvalitet. M\u00e4nniskors livskvalitet avg\u00f6rs inte bara av hur m\u00e5nga kvadratmeter man bor p\u00e5. Det handlar ocks\u00e5 Read More","og_url":"https:\/\/wp.kristdemokraterna.se\/sundbyberg\/var-politik\/hus-och-bostader\/","og_site_name":"Sundbyberg","article_modified_time":"2022-11-09T15:32:28+00:00","twitter_card":"summary_large_image","twitter_misc":{"Ber\u00e4knad l\u00e4stid":"2 minuter"},"schema":{"@context":"https:\/\/schema.org","@graph":[{"@type":"WebPage","@id":"https:\/\/wp.kristdemokraterna.se\/sundbyberg\/var-politik\/hus-och-bostader\/","url":"https:\/\/wp.kristdemokraterna.se\/sundbyberg\/var-politik\/hus-och-bostader\/","name":"Hus och bost\u00e4der - Sundbyberg","isPartOf":{"@id":"https:\/\/wp.kristdemokraterna.se\/sundbyberg\/#website"},"datePublished":"2014-02-26T07:39:28+00:00","dateModified":"2022-11-09T15:32:28+00:00","breadcrumb":{"@id":"https:\/\/wp.kristdemokraterna.se\/sundbyberg\/var-politik\/hus-och-bostader\/#breadcrumb"},"inLanguage":"sv-SE","potentialAction":[{"@type":"ReadAction","target":["https:\/\/wp.kristdemokraterna.se\/sundbyberg\/var-politik\/hus-och-bostader\/"]}]},{"@type":"BreadcrumbList","@id":"https:\/\/wp.kristdemokraterna.se\/sundbyberg\/var-politik\/hus-och-bostader\/#breadcrumb","itemListElement":[{"@type":"ListItem","position":1,"name":"Hem","item":"https:\/\/wp.kristdemokraterna.se\/sundbyberg\/"},{"@type":"ListItem","position":2,"name":"V\u00e5r politik","item":"https:\/\/wp.kristdemokraterna.se\/sundbyberg\/var-politik\/"},{"@type":"ListItem","position":3,"name":"Hus och bost\u00e4der"}]},{"@type":"WebSite","@id":"https:\/\/wp.kristdemokraterna.se\/sundbyberg\/#website","url":"https:\/\/wp.kristdemokraterna.se\/sundbyberg\/","name":"Sundbyberg","description":"En till Kristdemokraterna webbplats","inLanguage":"sv-SE"}]}},"_links":{"self":[{"href":"https:\/\/wp.kristdemokraterna.se\/sundbyberg\/wp-json\/wp\/v2\/pages\/118","targetHints":{"allow":["GET"]}}],"collection":[{"href":"https:\/\/wp.kristdemokraterna.se\/sundbyberg\/wp-json\/wp\/v2\/pages"}],"about":[{"href":"https:\/\/wp.kristdemokraterna.se\/sundbyberg\/wp-json\/wp\/v2\/types\/page"}],"author":[{"embeddable":true,"href":"https:\/\/wp.kristdemokraterna.se\/sundbyberg\/wp-json\/wp\/v2\/users\/611"}],"replies":[{"embeddable":true,"href":"https:\/\/wp.kristdemokraterna.se\/sundbyberg\/wp-json\/wp\/v2\/comments?post=118"}],"version-history":[{"count":4,"href":"https:\/\/wp.kristdemokraterna.se\/sundbyberg\/wp-json\/wp\/v2\/pages\/118\/revisions"}],"predecessor-version":[{"id":1146,"href":"https:\/\/wp.kristdemokraterna.se\/sundbyberg\/wp-json\/wp\/v2\/pages\/118\/revisions\/1146"}],"up":[{"embeddable":true,"href":"https:\/\/wp.kristdemokraterna.se\/sundbyberg\/wp-json\/wp\/v2\/pages\/60"}],"wp:attachment":[{"href":"https:\/\/wp.kristdemokraterna.se\/sundbyberg\/wp-json\/wp\/v2\/media?parent=118"}],"curies":[{"name":"wp","href":"https:\/\/api.w.org\/{rel}","templated":true}]}}