{"id":120,"date":"2014-02-26T08:40:01","date_gmt":"2014-02-26T07:40:01","guid":{"rendered":"http:\/\/wp.kristdemokraterna.se\/sundbyberg\/?page_id=120"},"modified":"2022-11-09T16:34:01","modified_gmt":"2022-11-09T15:34:01","slug":"en-meningsfull-fritid","status":"publish","type":"page","link":"https:\/\/wp.kristdemokraterna.se\/sundbyberg\/var-politik\/en-meningsfull-fritid\/","title":{"rendered":"En meningsfull fritid"},"content":{"rendered":"<p><span style=\"font-weight: 400\">Sverige som en del av Europa vilar p\u00e5 ett rikt kulturarv. En f\u00f6rst\u00e5else av v\u00e5r egen kultur och historia \u00e4r en f\u00f6ruts\u00e4ttning f\u00f6r att kunna m\u00f6ta och f\u00f6rst\u00e5 m\u00e4nniskor fr\u00e5n andra kulturer. Detta \u00e4r av stor vikt eftersom vi lever i ett m\u00e5ngkulturellt samh\u00e4lle. M\u00e4nniskan \u00e4r en kreativ och skapande varelse, och sk\u00f6nhet och estetik h\u00f6r till ett gott liv. Kulturen hj\u00e4lper m\u00e4nniskan att v\u00e4xa och utvecklar demokratin. Kulturell verksamhet f\u00e5r inte styras av kommersiella intressen eller ensidigt partipolitiska id\u00e9er.<\/span><\/p>\n<p><span style=\"font-weight: 400\">Ett problem \u00e4r att s\u00e5v\u00e4l ideellt engagemang som deltagande i kulturaktiviteter \u00e4r oj\u00e4mnt f\u00f6rdelat bland medborgarna. Samtidigt som engagemangsgraden generellt sett \u00e4r h\u00f6g i Sverige st\u00e5r m\u00e5nga i socialt utsatta omr\u00e5den helt utanf\u00f6r det organiserade civilsamh\u00e4llet, personer som i st\u00f6rre utstr\u00e4ckning \u00e4ven \u00e4r arbetsl\u00f6sa. Detta \u00e4r ett hot mot samh\u00e4llsgemenskapen.<\/span><span style=\"font-weight: 400\"><br \/>\n<\/span><span style=\"font-weight: 400\"><br \/>\n<\/span><span style=\"font-weight: 400\">Sundbyberg ska ha ett v\u00e4l utvecklat huvudbibliotek. Vi ska ocks\u00e5 g\u00e4rna ha bibliotek i v\u00e5ra andra stadsdelar. Sundbyberg har ett rikt och varierande f\u00f6reningsliv. Idrott, motion och friluftsliv aktiverar m\u00e5nga sundbybergare. Kommunen skall i samarbete med f\u00f6reningar medverka till bra och varierande fritidsaktiviteter.<\/span><\/p>\n<p><span style=\"font-weight: 400\">Fritidsverksamheten ska fr\u00e4mst vara inriktad p\u00e5 barn och ungdomar. Den ska riktas lika b\u00e5de mot flickor och mot pojkar. Bidrag till f\u00f6reningar ska ges enligt ett enkelt regelverk som inte inbjuder till missbruk<\/span><b><i>.<\/i><\/b><\/p>\n<ul>\n<li style=\"font-weight: 400\"><span style=\"font-weight: 400\">Kultur- och fritidsverksamhet ska s\u00e5 l\u00e5ngt m\u00f6jligt drivas inom ramen f\u00f6r civilsamh\u00e4llets, det vill s\u00e4ga bland annat studief\u00f6rbunden, f\u00f6reningar, kyrkor och organisationer.<\/span><\/li>\n<li style=\"font-weight: 400\"><span style=\"font-weight: 400\">Det ska vara mer av grundst\u00f6d och mindre av detaljstyrning vid bidragsgivning<\/span><\/li>\n<li style=\"font-weight: 400\"><span style=\"font-weight: 400\">Organisationer som inte st\u00e5r upp f\u00f6r demokrati och m\u00e4nskliga r\u00e4ttigheter ska inte kunna erh\u00e5lla kommunalt st\u00f6d<\/span><\/li>\n<li style=\"font-weight: 400\"><span style=\"font-weight: 400\">Fritidskort till barn och unga.\u00a0<\/span><\/li>\n<li style=\"font-weight: 400\"><span style=\"font-weight: 400\">Kultur- och fritidsmilj\u00f6er skall vara drogfria<\/span><\/li>\n<li style=\"font-weight: 400\"><span style=\"font-weight: 400\">Bevara fritidsg\u00e5rdarna i Rissne och Hallonbergen\u00a0<\/span><\/li>\n<li style=\"font-weight: 400\"><span style=\"font-weight: 400\">Utveckla Ursviks motionsomr\u00e5de till ett friluftsomr\u00e5de i v\u00e4rldsklass.<\/span><\/li>\n<li style=\"font-weight: 400\"><span style=\"font-weight: 400\">Spontanidrotten \u00e4r viktig. D\u00e4rf\u00f6r ska det finnas m\u00f6jlighet till detta i alla stadsdelar och det ska s\u00e4kerst\u00e4llas i all fysisk planering.<\/span><\/li>\n<li style=\"font-weight: 400\"><span style=\"font-weight: 400\">Sk\u00f6tsel av en del idrottsanl\u00e4ggningar kan l\u00e4ggas p\u00e5 f\u00f6reningar. St\u00f6rre fokus b\u00f6r dessutom ligga p\u00e5 sponsring och reklam.<\/span><\/li>\n<li style=\"font-weight: 400\"><span style=\"font-weight: 400\">F\u00f6rb\u00e4ttra motionssp\u00e5ren<\/span><\/li>\n<li style=\"font-weight: 400\"><span style=\"font-weight: 400\">Kommunal tennisbana p\u00e5 Duvmossen f\u00f6r fr\u00e4mst spontanidrott.<\/span><\/li>\n<li style=\"font-weight: 400\"><span style=\"font-weight: 400\">Staden ska sammanst\u00e4lla information och informera om de m\u00f6jligheter till kultur, fritidsaktiviteter och friluftsliv som finns.<\/span><\/li>\n<li style=\"font-weight: 400\"><span style=\"font-weight: 400\">Stadens anl\u00e4ggningar s\u00e5som idrottshallar och skolor ska vara tillg\u00e4ngliga f\u00f6r f\u00f6reningslivet.<\/span><\/li>\n<li style=\"font-weight: 400\"><span style=\"font-weight: 400\">F\u00f6reningar ska \u00e4ven erbjudas att sj\u00e4lva driva anl\u00e4ggningar d\u00e4r s\u00e5 \u00e4r m\u00f6jligt.<\/span><\/li>\n<li style=\"font-weight: 400\"><span style=\"font-weight: 400\">Kultur ska erbjudas p\u00e5 \u00e4ldreboenden i samverkan med kulturinstitutioner och civilsamh\u00e4llet<\/span><\/li>\n<li style=\"font-weight: 400\"><span style=\"font-weight: 400\">B\u00e5tplatser integrerade i bullervallen p\u00e5 j\u00e4rnv\u00e4gen och fler b\u00e5tplatser utefter Hamngatan<\/span><\/li>\n<li style=\"font-weight: 400\"><span style=\"font-weight: 400\">Alla barn ska kunna simma<\/span><\/li>\n<li style=\"font-weight: 400\"><span style=\"font-weight: 400\">En ny ishall ska byggas p\u00e5 \u00d6rvallen<\/span><\/li>\n<\/ul>\n","protected":false},"excerpt":{"rendered":"<p>Sverige som en del av Europa vilar p\u00e5 ett rikt kulturarv. En f\u00f6rst\u00e5else av v\u00e5r egen kultur och historia \u00e4r en f\u00f6ruts\u00e4ttning f\u00f6r att kunna m\u00f6ta och f\u00f6rst\u00e5 m\u00e4nniskor fr\u00e5n andra kulturer. Detta \u00e4r av stor vikt eftersom vi lever i ett m\u00e5ngkulturellt samh\u00e4lle. M\u00e4nniskan \u00e4r en kreativ och skapande varelse, och sk\u00f6nhet och estetik <a class=\"read-more-link\" href=\"https:\/\/wp.kristdemokraterna.se\/sundbyberg\/var-politik\/en-meningsfull-fritid\/\">Read More<\/a><\/p>\n","protected":false},"author":611,"featured_media":0,"parent":60,"menu_order":11,"comment_status":"closed","ping_status":"closed","template":"","meta":{"_acf_changed":false,"footnotes":""},"class_list":["post-120","page","type-page","status-publish","hentry"],"acf":[],"yoast_head":"<!-- This site is optimized with the Yoast SEO plugin v27.3 - https:\/\/yoast.com\/product\/yoast-seo-wordpress\/ -->\n<title>En meningsfull fritid - Sundbyberg<\/title>\n<meta name=\"robots\" content=\"index, follow, max-snippet:-1, max-image-preview:large, max-video-preview:-1\" \/>\n<link rel=\"canonical\" href=\"https:\/\/wp.kristdemokraterna.se\/sundbyberg\/var-politik\/en-meningsfull-fritid\/\" \/>\n<meta property=\"og:locale\" content=\"sv_SE\" \/>\n<meta property=\"og:type\" content=\"article\" \/>\n<meta property=\"og:title\" content=\"En meningsfull fritid - Sundbyberg\" \/>\n<meta property=\"og:description\" content=\"Sverige som en del av Europa vilar p\u00e5 ett rikt kulturarv. En f\u00f6rst\u00e5else av v\u00e5r egen kultur och historia \u00e4r en f\u00f6ruts\u00e4ttning f\u00f6r att kunna m\u00f6ta och f\u00f6rst\u00e5 m\u00e4nniskor fr\u00e5n andra kulturer. Detta \u00e4r av stor vikt eftersom vi lever i ett m\u00e5ngkulturellt samh\u00e4lle. M\u00e4nniskan \u00e4r en kreativ och skapande varelse, och sk\u00f6nhet och estetik Read More\" \/>\n<meta property=\"og:url\" content=\"https:\/\/wp.kristdemokraterna.se\/sundbyberg\/var-politik\/en-meningsfull-fritid\/\" \/>\n<meta property=\"og:site_name\" content=\"Sundbyberg\" \/>\n<meta property=\"article:modified_time\" content=\"2022-11-09T15:34:01+00:00\" \/>\n<meta name=\"twitter:card\" content=\"summary_large_image\" \/>\n<meta name=\"twitter:label1\" content=\"Ber\u00e4knad l\u00e4stid\" \/>\n\t<meta name=\"twitter:data1\" content=\"3 minuter\" \/>\n<script type=\"application\/ld+json\" class=\"yoast-schema-graph\">{\"@context\":\"https:\\\/\\\/schema.org\",\"@graph\":[{\"@type\":\"WebPage\",\"@id\":\"https:\\\/\\\/wp.kristdemokraterna.se\\\/sundbyberg\\\/var-politik\\\/en-meningsfull-fritid\\\/\",\"url\":\"https:\\\/\\\/wp.kristdemokraterna.se\\\/sundbyberg\\\/var-politik\\\/en-meningsfull-fritid\\\/\",\"name\":\"En meningsfull fritid - Sundbyberg\",\"isPartOf\":{\"@id\":\"https:\\\/\\\/wp.kristdemokraterna.se\\\/sundbyberg\\\/#website\"},\"datePublished\":\"2014-02-26T07:40:01+00:00\",\"dateModified\":\"2022-11-09T15:34:01+00:00\",\"breadcrumb\":{\"@id\":\"https:\\\/\\\/wp.kristdemokraterna.se\\\/sundbyberg\\\/var-politik\\\/en-meningsfull-fritid\\\/#breadcrumb\"},\"inLanguage\":\"sv-SE\",\"potentialAction\":[{\"@type\":\"ReadAction\",\"target\":[\"https:\\\/\\\/wp.kristdemokraterna.se\\\/sundbyberg\\\/var-politik\\\/en-meningsfull-fritid\\\/\"]}]},{\"@type\":\"BreadcrumbList\",\"@id\":\"https:\\\/\\\/wp.kristdemokraterna.se\\\/sundbyberg\\\/var-politik\\\/en-meningsfull-fritid\\\/#breadcrumb\",\"itemListElement\":[{\"@type\":\"ListItem\",\"position\":1,\"name\":\"Hem\",\"item\":\"https:\\\/\\\/wp.kristdemokraterna.se\\\/sundbyberg\\\/\"},{\"@type\":\"ListItem\",\"position\":2,\"name\":\"V\u00e5r politik\",\"item\":\"https:\\\/\\\/wp.kristdemokraterna.se\\\/sundbyberg\\\/var-politik\\\/\"},{\"@type\":\"ListItem\",\"position\":3,\"name\":\"En meningsfull fritid\"}]},{\"@type\":\"WebSite\",\"@id\":\"https:\\\/\\\/wp.kristdemokraterna.se\\\/sundbyberg\\\/#website\",\"url\":\"https:\\\/\\\/wp.kristdemokraterna.se\\\/sundbyberg\\\/\",\"name\":\"Sundbyberg\",\"description\":\"En till Kristdemokraterna webbplats\",\"inLanguage\":\"sv-SE\"}]}<\/script>\n<!-- \/ Yoast SEO plugin. -->","yoast_head_json":{"title":"En meningsfull fritid - Sundbyberg","robots":{"index":"index","follow":"follow","max-snippet":"max-snippet:-1","max-image-preview":"max-image-preview:large","max-video-preview":"max-video-preview:-1"},"canonical":"https:\/\/wp.kristdemokraterna.se\/sundbyberg\/var-politik\/en-meningsfull-fritid\/","og_locale":"sv_SE","og_type":"article","og_title":"En meningsfull fritid - Sundbyberg","og_description":"Sverige som en del av Europa vilar p\u00e5 ett rikt kulturarv. En f\u00f6rst\u00e5else av v\u00e5r egen kultur och historia \u00e4r en f\u00f6ruts\u00e4ttning f\u00f6r att kunna m\u00f6ta och f\u00f6rst\u00e5 m\u00e4nniskor fr\u00e5n andra kulturer. Detta \u00e4r av stor vikt eftersom vi lever i ett m\u00e5ngkulturellt samh\u00e4lle. M\u00e4nniskan \u00e4r en kreativ och skapande varelse, och sk\u00f6nhet och estetik Read More","og_url":"https:\/\/wp.kristdemokraterna.se\/sundbyberg\/var-politik\/en-meningsfull-fritid\/","og_site_name":"Sundbyberg","article_modified_time":"2022-11-09T15:34:01+00:00","twitter_card":"summary_large_image","twitter_misc":{"Ber\u00e4knad l\u00e4stid":"3 minuter"},"schema":{"@context":"https:\/\/schema.org","@graph":[{"@type":"WebPage","@id":"https:\/\/wp.kristdemokraterna.se\/sundbyberg\/var-politik\/en-meningsfull-fritid\/","url":"https:\/\/wp.kristdemokraterna.se\/sundbyberg\/var-politik\/en-meningsfull-fritid\/","name":"En meningsfull fritid - Sundbyberg","isPartOf":{"@id":"https:\/\/wp.kristdemokraterna.se\/sundbyberg\/#website"},"datePublished":"2014-02-26T07:40:01+00:00","dateModified":"2022-11-09T15:34:01+00:00","breadcrumb":{"@id":"https:\/\/wp.kristdemokraterna.se\/sundbyberg\/var-politik\/en-meningsfull-fritid\/#breadcrumb"},"inLanguage":"sv-SE","potentialAction":[{"@type":"ReadAction","target":["https:\/\/wp.kristdemokraterna.se\/sundbyberg\/var-politik\/en-meningsfull-fritid\/"]}]},{"@type":"BreadcrumbList","@id":"https:\/\/wp.kristdemokraterna.se\/sundbyberg\/var-politik\/en-meningsfull-fritid\/#breadcrumb","itemListElement":[{"@type":"ListItem","position":1,"name":"Hem","item":"https:\/\/wp.kristdemokraterna.se\/sundbyberg\/"},{"@type":"ListItem","position":2,"name":"V\u00e5r politik","item":"https:\/\/wp.kristdemokraterna.se\/sundbyberg\/var-politik\/"},{"@type":"ListItem","position":3,"name":"En meningsfull fritid"}]},{"@type":"WebSite","@id":"https:\/\/wp.kristdemokraterna.se\/sundbyberg\/#website","url":"https:\/\/wp.kristdemokraterna.se\/sundbyberg\/","name":"Sundbyberg","description":"En till Kristdemokraterna webbplats","inLanguage":"sv-SE"}]}},"_links":{"self":[{"href":"https:\/\/wp.kristdemokraterna.se\/sundbyberg\/wp-json\/wp\/v2\/pages\/120","targetHints":{"allow":["GET"]}}],"collection":[{"href":"https:\/\/wp.kristdemokraterna.se\/sundbyberg\/wp-json\/wp\/v2\/pages"}],"about":[{"href":"https:\/\/wp.kristdemokraterna.se\/sundbyberg\/wp-json\/wp\/v2\/types\/page"}],"author":[{"embeddable":true,"href":"https:\/\/wp.kristdemokraterna.se\/sundbyberg\/wp-json\/wp\/v2\/users\/611"}],"replies":[{"embeddable":true,"href":"https:\/\/wp.kristdemokraterna.se\/sundbyberg\/wp-json\/wp\/v2\/comments?post=120"}],"version-history":[{"count":3,"href":"https:\/\/wp.kristdemokraterna.se\/sundbyberg\/wp-json\/wp\/v2\/pages\/120\/revisions"}],"predecessor-version":[{"id":1148,"href":"https:\/\/wp.kristdemokraterna.se\/sundbyberg\/wp-json\/wp\/v2\/pages\/120\/revisions\/1148"}],"up":[{"embeddable":true,"href":"https:\/\/wp.kristdemokraterna.se\/sundbyberg\/wp-json\/wp\/v2\/pages\/60"}],"wp:attachment":[{"href":"https:\/\/wp.kristdemokraterna.se\/sundbyberg\/wp-json\/wp\/v2\/media?parent=120"}],"curies":[{"name":"wp","href":"https:\/\/api.w.org\/{rel}","templated":true}]}}