{"id":124,"date":"2014-02-26T08:41:05","date_gmt":"2014-02-26T07:41:05","guid":{"rendered":"http:\/\/wp.kristdemokraterna.se\/sundbyberg\/?page_id=124"},"modified":"2022-11-09T16:33:16","modified_gmt":"2022-11-09T15:33:16","slug":"miljo-och-trafik","status":"publish","type":"page","link":"https:\/\/wp.kristdemokraterna.se\/sundbyberg\/var-politik\/miljo-och-trafik\/","title":{"rendered":"Integration och samh\u00e4llsgemenskap"},"content":{"rendered":"<p><span style=\"font-weight: 400\">Det svenska kulturarvet, byggt p\u00e5 kristen etik och humanism och d\u00e4rmed en del av den v\u00e4sterl\u00e4ndska kulturen, har bidragit till skapandet av v\u00e5rt lands lagstiftning och r\u00e4ttstradition. Denna etiska grund utg\u00f6r ett sammanh\u00e5llande kitt f\u00f6r ett m\u00e5ngkulturellt samh\u00e4lle, som inneb\u00e4r att m\u00e5nga kulturer, religioner, livsstilar, spr\u00e5k och erfarenheter lever sida vid sida och berikar varandra.<\/span><\/p>\n<p><span style=\"font-weight: 400\">En vital samh\u00e4llsgemenskap inneb\u00e4r att medborgarna k\u00e4nner delaktighet och tar ansvar inte bara f\u00f6r de n\u00e4rmaste utan f\u00f6r hela samh\u00e4llet. Denna k\u00e4nsla av delaktighet, tillit och ansvarstagande \u00e4r avg\u00f6rande f\u00f6r ett gott samh\u00e4lle. \u00a0N\u00e4r m\u00e5nga invandrare kommer till ett land under kort tid s\u00e4tts samh\u00e4llsgemenskapen p\u00e5 prov. Att de som kommer hit snabbt l\u00e4r sig spr\u00e5ket och kommer i egen f\u00f6rs\u00f6rjning \u00e4r avg\u00f6rande. Integrationen b\u00f6rjar fr\u00e5n dag ett och d\u00e4rf\u00f6r ska b\u00e5de svenskundervisning och syssels\u00e4ttning ing\u00e5 \u00e4ven f\u00f6r asyls\u00f6kande. Genom heldagsaktiviteter redan under asyltiden motas utanf\u00f6rskapet och integrationen underl\u00e4ttas.<\/span><\/p>\n<p><span style=\"font-weight: 400\">Vi har redan idag problem med s\u00e5 kallade utanf\u00f6rskapsomr\u00e5den. Om vi inte lyckas med integrationen kommer problemen att f\u00f6rdjupas. \u00a0<\/span><\/p>\n<ul>\n<li style=\"font-weight: 400\"><span style=\"font-weight: 400\">Staden och regionen ska vara en f\u00f6rebild n\u00e4r det g\u00e4ller att anst\u00e4lla personer som st\u00e5r l\u00e5ngt ifr\u00e5n arbetsmarknaden.<\/span><\/li>\n<li style=\"font-weight: 400\"><span style=\"font-weight: 400\">SFI-undervisning ska kombineras med praktik.<\/span><\/li>\n<li style=\"font-weight: 400\"><span style=\"font-weight: 400\">SFI ska erbjudas \u00e4ven under f\u00f6r\u00e4ldraledighet.<\/span><\/li>\n<li style=\"font-weight: 400\"><span style=\"font-weight: 400\">Staden ska ha v\u00e4l utarbetade planer f\u00f6r hur ensamkommande flyktingbarn snabbt ska kunna komma in i skolan, l\u00e4ra sig spr\u00e5ket och f\u00e5 grundl\u00e4ggande kunskaper om det svenska samh\u00e4llet.<\/span><\/li>\n<li style=\"font-weight: 400\"><span style=\"font-weight: 400\">Staden ska uppmuntra och st\u00f6dja f\u00f6reningar som arbetar aktivt med att f\u00e5 med nyanl\u00e4nda i sina verksamheter.<\/span><\/li>\n<li style=\"font-weight: 400\"><span style=\"font-weight: 400\">Lovskola ska erbjudas alla elever som inte n\u00e5r m\u00e5len i svenska som andraspr\u00e5k.<\/span><\/li>\n<li style=\"font-weight: 400\"><span style=\"font-weight: 400\">Praktikplatser f\u00f6r nyanl\u00e4nda ska tillhandah\u00e5llas<\/span><\/li>\n<li style=\"font-weight: 400\"><span style=\"font-weight: 400\">Det lokala n\u00e4ringslivet ska uppmuntras att delta i mentorskapsprogram f\u00f6r invandrare som vill starta eget.<\/span><\/li>\n<\/ul>\n","protected":false},"excerpt":{"rendered":"<p>Det svenska kulturarvet, byggt p\u00e5 kristen etik och humanism och d\u00e4rmed en del av den v\u00e4sterl\u00e4ndska kulturen, har bidragit till skapandet av v\u00e5rt lands lagstiftning och r\u00e4ttstradition. Denna etiska grund utg\u00f6r ett sammanh\u00e5llande kitt f\u00f6r ett m\u00e5ngkulturellt samh\u00e4lle, som inneb\u00e4r att m\u00e5nga kulturer, religioner, livsstilar, spr\u00e5k och erfarenheter lever sida vid sida och berikar varandra. <a class=\"read-more-link\" href=\"https:\/\/wp.kristdemokraterna.se\/sundbyberg\/var-politik\/miljo-och-trafik\/\">Read More<\/a><\/p>\n","protected":false},"author":611,"featured_media":0,"parent":60,"menu_order":10,"comment_status":"closed","ping_status":"closed","template":"","meta":{"_acf_changed":false,"footnotes":""},"class_list":["post-124","page","type-page","status-publish","hentry"],"acf":[],"yoast_head":"<!-- This site is optimized with the Yoast SEO plugin v27.4 - https:\/\/yoast.com\/product\/yoast-seo-wordpress\/ -->\n<title>Integration och samh\u00e4llsgemenskap - Sundbyberg<\/title>\n<meta name=\"robots\" content=\"index, follow, max-snippet:-1, max-image-preview:large, max-video-preview:-1\" \/>\n<link rel=\"canonical\" href=\"https:\/\/wp.kristdemokraterna.se\/sundbyberg\/var-politik\/miljo-och-trafik\/\" \/>\n<meta property=\"og:locale\" content=\"sv_SE\" \/>\n<meta property=\"og:type\" content=\"article\" \/>\n<meta property=\"og:title\" content=\"Integration och samh\u00e4llsgemenskap - Sundbyberg\" \/>\n<meta property=\"og:description\" content=\"Det svenska kulturarvet, byggt p\u00e5 kristen etik och humanism och d\u00e4rmed en del av den v\u00e4sterl\u00e4ndska kulturen, har bidragit till skapandet av v\u00e5rt lands lagstiftning och r\u00e4ttstradition. Denna etiska grund utg\u00f6r ett sammanh\u00e5llande kitt f\u00f6r ett m\u00e5ngkulturellt samh\u00e4lle, som inneb\u00e4r att m\u00e5nga kulturer, religioner, livsstilar, spr\u00e5k och erfarenheter lever sida vid sida och berikar varandra. Read More\" \/>\n<meta property=\"og:url\" content=\"https:\/\/wp.kristdemokraterna.se\/sundbyberg\/var-politik\/miljo-och-trafik\/\" \/>\n<meta property=\"og:site_name\" content=\"Sundbyberg\" \/>\n<meta property=\"article:modified_time\" content=\"2022-11-09T15:33:16+00:00\" \/>\n<meta name=\"twitter:card\" content=\"summary_large_image\" \/>\n<meta name=\"twitter:label1\" content=\"Ber\u00e4knad l\u00e4stid\" \/>\n\t<meta name=\"twitter:data1\" content=\"2 minuter\" \/>\n<script type=\"application\/ld+json\" class=\"yoast-schema-graph\">{\"@context\":\"https:\\\/\\\/schema.org\",\"@graph\":[{\"@type\":\"WebPage\",\"@id\":\"https:\\\/\\\/wp.kristdemokraterna.se\\\/sundbyberg\\\/var-politik\\\/miljo-och-trafik\\\/\",\"url\":\"https:\\\/\\\/wp.kristdemokraterna.se\\\/sundbyberg\\\/var-politik\\\/miljo-och-trafik\\\/\",\"name\":\"Integration och samh\u00e4llsgemenskap - Sundbyberg\",\"isPartOf\":{\"@id\":\"https:\\\/\\\/wp.kristdemokraterna.se\\\/sundbyberg\\\/#website\"},\"datePublished\":\"2014-02-26T07:41:05+00:00\",\"dateModified\":\"2022-11-09T15:33:16+00:00\",\"breadcrumb\":{\"@id\":\"https:\\\/\\\/wp.kristdemokraterna.se\\\/sundbyberg\\\/var-politik\\\/miljo-och-trafik\\\/#breadcrumb\"},\"inLanguage\":\"sv-SE\",\"potentialAction\":[{\"@type\":\"ReadAction\",\"target\":[\"https:\\\/\\\/wp.kristdemokraterna.se\\\/sundbyberg\\\/var-politik\\\/miljo-och-trafik\\\/\"]}]},{\"@type\":\"BreadcrumbList\",\"@id\":\"https:\\\/\\\/wp.kristdemokraterna.se\\\/sundbyberg\\\/var-politik\\\/miljo-och-trafik\\\/#breadcrumb\",\"itemListElement\":[{\"@type\":\"ListItem\",\"position\":1,\"name\":\"Hem\",\"item\":\"https:\\\/\\\/wp.kristdemokraterna.se\\\/sundbyberg\\\/\"},{\"@type\":\"ListItem\",\"position\":2,\"name\":\"V\u00e5r politik\",\"item\":\"https:\\\/\\\/wp.kristdemokraterna.se\\\/sundbyberg\\\/var-politik\\\/\"},{\"@type\":\"ListItem\",\"position\":3,\"name\":\"Integration och samh\u00e4llsgemenskap\"}]},{\"@type\":\"WebSite\",\"@id\":\"https:\\\/\\\/wp.kristdemokraterna.se\\\/sundbyberg\\\/#website\",\"url\":\"https:\\\/\\\/wp.kristdemokraterna.se\\\/sundbyberg\\\/\",\"name\":\"Sundbyberg\",\"description\":\"En till Kristdemokraterna webbplats\",\"inLanguage\":\"sv-SE\"}]}<\/script>\n<!-- \/ Yoast SEO plugin. -->","yoast_head_json":{"title":"Integration och samh\u00e4llsgemenskap - Sundbyberg","robots":{"index":"index","follow":"follow","max-snippet":"max-snippet:-1","max-image-preview":"max-image-preview:large","max-video-preview":"max-video-preview:-1"},"canonical":"https:\/\/wp.kristdemokraterna.se\/sundbyberg\/var-politik\/miljo-och-trafik\/","og_locale":"sv_SE","og_type":"article","og_title":"Integration och samh\u00e4llsgemenskap - Sundbyberg","og_description":"Det svenska kulturarvet, byggt p\u00e5 kristen etik och humanism och d\u00e4rmed en del av den v\u00e4sterl\u00e4ndska kulturen, har bidragit till skapandet av v\u00e5rt lands lagstiftning och r\u00e4ttstradition. Denna etiska grund utg\u00f6r ett sammanh\u00e5llande kitt f\u00f6r ett m\u00e5ngkulturellt samh\u00e4lle, som inneb\u00e4r att m\u00e5nga kulturer, religioner, livsstilar, spr\u00e5k och erfarenheter lever sida vid sida och berikar varandra. Read More","og_url":"https:\/\/wp.kristdemokraterna.se\/sundbyberg\/var-politik\/miljo-och-trafik\/","og_site_name":"Sundbyberg","article_modified_time":"2022-11-09T15:33:16+00:00","twitter_card":"summary_large_image","twitter_misc":{"Ber\u00e4knad l\u00e4stid":"2 minuter"},"schema":{"@context":"https:\/\/schema.org","@graph":[{"@type":"WebPage","@id":"https:\/\/wp.kristdemokraterna.se\/sundbyberg\/var-politik\/miljo-och-trafik\/","url":"https:\/\/wp.kristdemokraterna.se\/sundbyberg\/var-politik\/miljo-och-trafik\/","name":"Integration och samh\u00e4llsgemenskap - Sundbyberg","isPartOf":{"@id":"https:\/\/wp.kristdemokraterna.se\/sundbyberg\/#website"},"datePublished":"2014-02-26T07:41:05+00:00","dateModified":"2022-11-09T15:33:16+00:00","breadcrumb":{"@id":"https:\/\/wp.kristdemokraterna.se\/sundbyberg\/var-politik\/miljo-och-trafik\/#breadcrumb"},"inLanguage":"sv-SE","potentialAction":[{"@type":"ReadAction","target":["https:\/\/wp.kristdemokraterna.se\/sundbyberg\/var-politik\/miljo-och-trafik\/"]}]},{"@type":"BreadcrumbList","@id":"https:\/\/wp.kristdemokraterna.se\/sundbyberg\/var-politik\/miljo-och-trafik\/#breadcrumb","itemListElement":[{"@type":"ListItem","position":1,"name":"Hem","item":"https:\/\/wp.kristdemokraterna.se\/sundbyberg\/"},{"@type":"ListItem","position":2,"name":"V\u00e5r politik","item":"https:\/\/wp.kristdemokraterna.se\/sundbyberg\/var-politik\/"},{"@type":"ListItem","position":3,"name":"Integration och samh\u00e4llsgemenskap"}]},{"@type":"WebSite","@id":"https:\/\/wp.kristdemokraterna.se\/sundbyberg\/#website","url":"https:\/\/wp.kristdemokraterna.se\/sundbyberg\/","name":"Sundbyberg","description":"En till Kristdemokraterna webbplats","inLanguage":"sv-SE"}]}},"_links":{"self":[{"href":"https:\/\/wp.kristdemokraterna.se\/sundbyberg\/wp-json\/wp\/v2\/pages\/124","targetHints":{"allow":["GET"]}}],"collection":[{"href":"https:\/\/wp.kristdemokraterna.se\/sundbyberg\/wp-json\/wp\/v2\/pages"}],"about":[{"href":"https:\/\/wp.kristdemokraterna.se\/sundbyberg\/wp-json\/wp\/v2\/types\/page"}],"author":[{"embeddable":true,"href":"https:\/\/wp.kristdemokraterna.se\/sundbyberg\/wp-json\/wp\/v2\/users\/611"}],"replies":[{"embeddable":true,"href":"https:\/\/wp.kristdemokraterna.se\/sundbyberg\/wp-json\/wp\/v2\/comments?post=124"}],"version-history":[{"count":3,"href":"https:\/\/wp.kristdemokraterna.se\/sundbyberg\/wp-json\/wp\/v2\/pages\/124\/revisions"}],"predecessor-version":[{"id":1147,"href":"https:\/\/wp.kristdemokraterna.se\/sundbyberg\/wp-json\/wp\/v2\/pages\/124\/revisions\/1147"}],"up":[{"embeddable":true,"href":"https:\/\/wp.kristdemokraterna.se\/sundbyberg\/wp-json\/wp\/v2\/pages\/60"}],"wp:attachment":[{"href":"https:\/\/wp.kristdemokraterna.se\/sundbyberg\/wp-json\/wp\/v2\/media?parent=124"}],"curies":[{"name":"wp","href":"https:\/\/api.w.org\/{rel}","templated":true}]}}