{"id":131,"date":"2014-02-26T09:03:53","date_gmt":"2014-02-26T08:03:53","guid":{"rendered":"http:\/\/wp.kristdemokraterna.se\/sundbyberg\/?page_id=131"},"modified":"2014-03-07T10:33:32","modified_gmt":"2014-03-07T09:33:32","slug":"bli-medlem","status":"publish","type":"page","link":"https:\/\/wp.kristdemokraterna.se\/sundbyberg\/bli-medlem\/","title":{"rendered":"Bli medlem"},"content":{"rendered":"<p>Tycker du som vi? Vill du vara med och p\u00e5verka i Sundbyberg?\u00a0D\u00e5 kan du bli medlem i Kristdemokraternas lokalavdelning i Sundbyberg.<\/p>\n<p>Maila, ring oss, eller fyll i kontaktformul\u00e4ret p\u00e5 denna mailadress:<\/p>\n<p><a href=\"https:\/\/www.kristdemokraterna.se\/Engagera-Dig\/blimedlem\/\" target=\"_blank\">https:\/\/www.kristdemokraterna.se\/Engagera-Dig\/blimedlem\/<\/a><\/p>\n","protected":false},"excerpt":{"rendered":"<p>Tycker du som vi? Vill du vara med och p\u00e5verka i Sundbyberg?\u00a0D\u00e5 kan du bli medlem i Kristdemokraternas lokalavdelning i Sundbyberg. Maila, ring oss, eller fyll i kontaktformul\u00e4ret p\u00e5 denna mailadress: https:\/\/www.kristdemokraterna.se\/Engagera-Dig\/blimedlem\/<\/p>\n","protected":false},"author":611,"featured_media":0,"parent":0,"menu_order":4,"comment_status":"closed","ping_status":"closed","template":"","meta":{"_acf_changed":false,"footnotes":""},"class_list":["post-131","page","type-page","status-publish","hentry"],"acf":[],"yoast_head":"<!-- This site is optimized with the Yoast SEO plugin v27.3 - https:\/\/yoast.com\/product\/yoast-seo-wordpress\/ -->\n<title>Bli medlem - Sundbyberg<\/title>\n<meta name=\"robots\" content=\"index, follow, max-snippet:-1, max-image-preview:large, max-video-preview:-1\" \/>\n<link rel=\"canonical\" href=\"https:\/\/wp.kristdemokraterna.se\/sundbyberg\/bli-medlem\/\" \/>\n<meta property=\"og:locale\" content=\"sv_SE\" \/>\n<meta property=\"og:type\" content=\"article\" \/>\n<meta property=\"og:title\" content=\"Bli medlem - Sundbyberg\" \/>\n<meta property=\"og:description\" content=\"Tycker du som vi? Vill du vara med och p\u00e5verka i Sundbyberg?\u00a0D\u00e5 kan du bli medlem i Kristdemokraternas lokalavdelning i Sundbyberg. Maila, ring oss, eller fyll i kontaktformul\u00e4ret p\u00e5 denna mailadress: https:\/\/www.kristdemokraterna.se\/Engagera-Dig\/blimedlem\/\" \/>\n<meta property=\"og:url\" content=\"https:\/\/wp.kristdemokraterna.se\/sundbyberg\/bli-medlem\/\" \/>\n<meta property=\"og:site_name\" content=\"Sundbyberg\" \/>\n<meta property=\"article:modified_time\" content=\"2014-03-07T09:33:32+00:00\" \/>\n<meta name=\"twitter:card\" content=\"summary_large_image\" \/>\n<script type=\"application\/ld+json\" class=\"yoast-schema-graph\">{\"@context\":\"https:\\\/\\\/schema.org\",\"@graph\":[{\"@type\":\"WebPage\",\"@id\":\"https:\\\/\\\/wp.kristdemokraterna.se\\\/sundbyberg\\\/bli-medlem\\\/\",\"url\":\"https:\\\/\\\/wp.kristdemokraterna.se\\\/sundbyberg\\\/bli-medlem\\\/\",\"name\":\"Bli medlem - Sundbyberg\",\"isPartOf\":{\"@id\":\"https:\\\/\\\/wp.kristdemokraterna.se\\\/sundbyberg\\\/#website\"},\"datePublished\":\"2014-02-26T08:03:53+00:00\",\"dateModified\":\"2014-03-07T09:33:32+00:00\",\"breadcrumb\":{\"@id\":\"https:\\\/\\\/wp.kristdemokraterna.se\\\/sundbyberg\\\/bli-medlem\\\/#breadcrumb\"},\"inLanguage\":\"sv-SE\",\"potentialAction\":[{\"@type\":\"ReadAction\",\"target\":[\"https:\\\/\\\/wp.kristdemokraterna.se\\\/sundbyberg\\\/bli-medlem\\\/\"]}]},{\"@type\":\"BreadcrumbList\",\"@id\":\"https:\\\/\\\/wp.kristdemokraterna.se\\\/sundbyberg\\\/bli-medlem\\\/#breadcrumb\",\"itemListElement\":[{\"@type\":\"ListItem\",\"position\":1,\"name\":\"Hem\",\"item\":\"https:\\\/\\\/wp.kristdemokraterna.se\\\/sundbyberg\\\/\"},{\"@type\":\"ListItem\",\"position\":2,\"name\":\"Bli medlem\"}]},{\"@type\":\"WebSite\",\"@id\":\"https:\\\/\\\/wp.kristdemokraterna.se\\\/sundbyberg\\\/#website\",\"url\":\"https:\\\/\\\/wp.kristdemokraterna.se\\\/sundbyberg\\\/\",\"name\":\"Sundbyberg\",\"description\":\"En till Kristdemokraterna webbplats\",\"inLanguage\":\"sv-SE\"}]}<\/script>\n<!-- \/ Yoast SEO plugin. -->","yoast_head_json":{"title":"Bli medlem - Sundbyberg","robots":{"index":"index","follow":"follow","max-snippet":"max-snippet:-1","max-image-preview":"max-image-preview:large","max-video-preview":"max-video-preview:-1"},"canonical":"https:\/\/wp.kristdemokraterna.se\/sundbyberg\/bli-medlem\/","og_locale":"sv_SE","og_type":"article","og_title":"Bli medlem - Sundbyberg","og_description":"Tycker du som vi? Vill du vara med och p\u00e5verka i Sundbyberg?\u00a0D\u00e5 kan du bli medlem i Kristdemokraternas lokalavdelning i Sundbyberg. Maila, ring oss, eller fyll i kontaktformul\u00e4ret p\u00e5 denna mailadress: https:\/\/www.kristdemokraterna.se\/Engagera-Dig\/blimedlem\/","og_url":"https:\/\/wp.kristdemokraterna.se\/sundbyberg\/bli-medlem\/","og_site_name":"Sundbyberg","article_modified_time":"2014-03-07T09:33:32+00:00","twitter_card":"summary_large_image","schema":{"@context":"https:\/\/schema.org","@graph":[{"@type":"WebPage","@id":"https:\/\/wp.kristdemokraterna.se\/sundbyberg\/bli-medlem\/","url":"https:\/\/wp.kristdemokraterna.se\/sundbyberg\/bli-medlem\/","name":"Bli medlem - Sundbyberg","isPartOf":{"@id":"https:\/\/wp.kristdemokraterna.se\/sundbyberg\/#website"},"datePublished":"2014-02-26T08:03:53+00:00","dateModified":"2014-03-07T09:33:32+00:00","breadcrumb":{"@id":"https:\/\/wp.kristdemokraterna.se\/sundbyberg\/bli-medlem\/#breadcrumb"},"inLanguage":"sv-SE","potentialAction":[{"@type":"ReadAction","target":["https:\/\/wp.kristdemokraterna.se\/sundbyberg\/bli-medlem\/"]}]},{"@type":"BreadcrumbList","@id":"https:\/\/wp.kristdemokraterna.se\/sundbyberg\/bli-medlem\/#breadcrumb","itemListElement":[{"@type":"ListItem","position":1,"name":"Hem","item":"https:\/\/wp.kristdemokraterna.se\/sundbyberg\/"},{"@type":"ListItem","position":2,"name":"Bli medlem"}]},{"@type":"WebSite","@id":"https:\/\/wp.kristdemokraterna.se\/sundbyberg\/#website","url":"https:\/\/wp.kristdemokraterna.se\/sundbyberg\/","name":"Sundbyberg","description":"En till Kristdemokraterna webbplats","inLanguage":"sv-SE"}]}},"_links":{"self":[{"href":"https:\/\/wp.kristdemokraterna.se\/sundbyberg\/wp-json\/wp\/v2\/pages\/131","targetHints":{"allow":["GET"]}}],"collection":[{"href":"https:\/\/wp.kristdemokraterna.se\/sundbyberg\/wp-json\/wp\/v2\/pages"}],"about":[{"href":"https:\/\/wp.kristdemokraterna.se\/sundbyberg\/wp-json\/wp\/v2\/types\/page"}],"author":[{"embeddable":true,"href":"https:\/\/wp.kristdemokraterna.se\/sundbyberg\/wp-json\/wp\/v2\/users\/611"}],"replies":[{"embeddable":true,"href":"https:\/\/wp.kristdemokraterna.se\/sundbyberg\/wp-json\/wp\/v2\/comments?post=131"}],"version-history":[{"count":2,"href":"https:\/\/wp.kristdemokraterna.se\/sundbyberg\/wp-json\/wp\/v2\/pages\/131\/revisions"}],"predecessor-version":[{"id":228,"href":"https:\/\/wp.kristdemokraterna.se\/sundbyberg\/wp-json\/wp\/v2\/pages\/131\/revisions\/228"}],"wp:attachment":[{"href":"https:\/\/wp.kristdemokraterna.se\/sundbyberg\/wp-json\/wp\/v2\/media?parent=131"}],"curies":[{"name":"wp","href":"https:\/\/api.w.org\/{rel}","templated":true}]}}