{"id":457,"date":"2017-03-14T11:26:02","date_gmt":"2017-03-14T10:26:02","guid":{"rendered":"http:\/\/wp.kristdemokraterna.se\/sundbyberg\/?page_id=457"},"modified":"2022-11-09T16:26:51","modified_gmt":"2022-11-09T15:26:51","slug":"ta-den-psykiska-ohalsan-bland-unga-pa-allvar","status":"publish","type":"page","link":"https:\/\/wp.kristdemokraterna.se\/sundbyberg\/var-politik\/ta-den-psykiska-ohalsan-bland-unga-pa-allvar\/","title":{"rendered":"Barnomsorg och f\u00f6rskola"},"content":{"rendered":"<p><span style=\"font-weight: 400\">Barnomsorg och f\u00f6rskola ska vara ett st\u00f6d f\u00f6r familjerna i deras ansvar f\u00f6r barnens fostran, utveckling och l\u00e4rande. En god och stimulerande omsorg m\u00f6jligg\u00f6r f\u00f6r f\u00f6r\u00e4ldrarna att arbeta, studera eller s\u00f6ka jobb men har ocks\u00e5 ett pedagogiskt uppdrag d\u00e4r barnen f\u00f6rbereds inf\u00f6r skolan. Barns och familjers behov ska vara utg\u00e5ngspunkten f\u00f6r barnomsorg och f\u00f6rskola d\u00e4r respekt f\u00f6r barnet, barnets f\u00f6r\u00e4ldrar, barnets kulturella och religi\u00f6sa identitet och spr\u00e5k \u00e4r grundl\u00e4ggande. Barnomsorg och f\u00f6rskola har ocks\u00e5 en s\u00e4rskild uppgift att fylla f\u00f6r barn som kommer fr\u00e5n familjer som av olika sk\u00e4l har sv\u00e5rt att tillgodose barnets behov.<\/span><\/p>\n<p><span style=\"font-weight: 400\">Under en l\u00e5ng tid har vi sett en utveckling mot allt st\u00f6rre barngrupper inom f\u00f6rskolan. Detta \u00e4r olyckligt inte minst f\u00f6r de yngsta som har sv\u00e5rare att anknyta till m\u00e5nga olika personer. Vi ser ocks\u00e5 en tendens att f\u00f6rskolan gynnas framf\u00f6r andra omsorgsformer vilket inskr\u00e4nker m\u00e5ngfalden och begr\u00e4nsar familjernas m\u00f6jlighet att v\u00e4lja utf\u00f6rare.<\/span><\/p>\n<ul>\n<li style=\"font-weight: 400\"><span style=\"font-weight: 400\">F\u00f6rskolan ska f\u00f6rmedla en v\u00e4rdegrund baserad p\u00e5 kristen etik och v\u00e4sterl\u00e4ndsk humanism.<\/span><\/li>\n<li style=\"font-weight: 400\"><span style=\"font-weight: 400\">Alla barn ska kunna f\u00e5 utvecklas f\u00f6ruts\u00e4ttningsl\u00f6st och n\u00e5 sin fulla potential, oavsett k\u00f6n. Barnen ska slippa medverka i politiska genusprojekt utan ska kunna f\u00e5 vara sig sj\u00e4lva.<\/span><\/li>\n<li style=\"font-weight: 400\"><span style=\"font-weight: 400\">Barngruppernas storlek i f\u00f6rskolan ska minska, ett maxtak p\u00e5 12 barn i sm\u00e5barnsgrupperna och 15 i \u00f6vriga grupper ska fastst\u00e4llas.<\/span><\/li>\n<li style=\"font-weight: 400\"><span style=\"font-weight: 400\">Vi ska ha en \u00f6ppen f\u00f6rskola i varje stadsdel som ska ges m\u00f6jlighet att integreras med den pedagogiska omsorgen. Staden ska genom avtal st\u00f6dja Rissne \u00d6ppna f\u00f6rskola. Vi vill samutnyttja verksamheten med tr\u00e4ffpunkternas lokaler.<\/span><\/li>\n<li style=\"font-weight: 400\"><span style=\"font-weight: 400\">Staden ska aktivt verka f\u00f6r att familjer erbjuds nya former av pedagogisk verksamhet genom att erbjuda en vikariepool f\u00f6r dagbarnv\u00e5rdare och att ge pedagogiskt st\u00f6d till mindre verksamheter.<\/span><\/li>\n<li style=\"font-weight: 400\"><span style=\"font-weight: 400\">Mindre barngrupper ska prioriteras framf\u00f6r att barn till f\u00f6r\u00e4ldralediga erbjuds fler timmar i f\u00f6rskola eller annan pedagogisk omsorg.<\/span><\/li>\n<li style=\"font-weight: 400\"><span style=\"font-weight: 400\">M\u00f6jlighet till plats i familjedaghem ska aktivt erbjudas alla familjer.<\/span><\/li>\n<li style=\"font-weight: 400\"><span style=\"font-weight: 400\">Familjer ska kunna utnyttja barnomsorgspengen<\/span> <span style=\"font-weight: 400\">f\u00f6r att \u00e4ven ta hand om egna och anh\u00f6rigas barn.<\/span><\/li>\n<li style=\"font-weight: 400\"><span style=\"font-weight: 400\">Staden ska marknadsf\u00f6ra m\u00f6jligheterna med barnomsorgspeng vid sidan av annan barnomsorg.<\/span><\/li>\n<\/ul>\n<ul>\n<li style=\"font-weight: 400\"><span style=\"font-weight: 400\">Maxtaxan p\u00e5 f\u00f6rskolan ska g\u00f6ras differentierad, vilket inneb\u00e4r att l\u00e4gre inkomst inneb\u00e4r en l\u00e4gre avgift.\u00a0<\/span><\/li>\n<li style=\"font-weight: 400\"><span style=\"font-weight: 400\">Minska f\u00f6rskolepersonalens administrativa och dokumenterande arbetsuppgifter \u2013 ge st\u00f6rre utrymme f\u00f6r personalen att prioritera tid med barnen.<\/span><\/li>\n<\/ul>\n","protected":false},"excerpt":{"rendered":"<p>Barnomsorg och f\u00f6rskola ska vara ett st\u00f6d f\u00f6r familjerna i deras ansvar f\u00f6r barnens fostran, utveckling och l\u00e4rande. En god och stimulerande omsorg m\u00f6jligg\u00f6r f\u00f6r f\u00f6r\u00e4ldrarna att arbeta, studera eller s\u00f6ka jobb men har ocks\u00e5 ett pedagogiskt uppdrag d\u00e4r barnen f\u00f6rbereds inf\u00f6r skolan. Barns och familjers behov ska vara utg\u00e5ngspunkten f\u00f6r barnomsorg och f\u00f6rskola d\u00e4r <a class=\"read-more-link\" href=\"https:\/\/wp.kristdemokraterna.se\/sundbyberg\/var-politik\/ta-den-psykiska-ohalsan-bland-unga-pa-allvar\/\">Read More<\/a><\/p>\n","protected":false},"author":611,"featured_media":0,"parent":60,"menu_order":3,"comment_status":"closed","ping_status":"closed","template":"","meta":{"_acf_changed":false,"footnotes":""},"class_list":["post-457","page","type-page","status-publish","hentry"],"acf":[],"yoast_head":"<!-- This site is optimized with the Yoast SEO plugin v27.3 - https:\/\/yoast.com\/product\/yoast-seo-wordpress\/ -->\n<title>Barnomsorg och f\u00f6rskola - Sundbyberg<\/title>\n<meta name=\"robots\" content=\"index, follow, max-snippet:-1, max-image-preview:large, max-video-preview:-1\" \/>\n<link rel=\"canonical\" href=\"https:\/\/wp.kristdemokraterna.se\/sundbyberg\/var-politik\/ta-den-psykiska-ohalsan-bland-unga-pa-allvar\/\" \/>\n<meta property=\"og:locale\" content=\"sv_SE\" \/>\n<meta property=\"og:type\" content=\"article\" \/>\n<meta property=\"og:title\" content=\"Barnomsorg och f\u00f6rskola - Sundbyberg\" \/>\n<meta property=\"og:description\" content=\"Barnomsorg och f\u00f6rskola ska vara ett st\u00f6d f\u00f6r familjerna i deras ansvar f\u00f6r barnens fostran, utveckling och l\u00e4rande. En god och stimulerande omsorg m\u00f6jligg\u00f6r f\u00f6r f\u00f6r\u00e4ldrarna att arbeta, studera eller s\u00f6ka jobb men har ocks\u00e5 ett pedagogiskt uppdrag d\u00e4r barnen f\u00f6rbereds inf\u00f6r skolan. Barns och familjers behov ska vara utg\u00e5ngspunkten f\u00f6r barnomsorg och f\u00f6rskola d\u00e4r Read More\" \/>\n<meta property=\"og:url\" content=\"https:\/\/wp.kristdemokraterna.se\/sundbyberg\/var-politik\/ta-den-psykiska-ohalsan-bland-unga-pa-allvar\/\" \/>\n<meta property=\"og:site_name\" content=\"Sundbyberg\" \/>\n<meta property=\"article:modified_time\" content=\"2022-11-09T15:26:51+00:00\" \/>\n<meta name=\"twitter:card\" content=\"summary_large_image\" \/>\n<meta name=\"twitter:label1\" content=\"Ber\u00e4knad l\u00e4stid\" \/>\n\t<meta name=\"twitter:data1\" content=\"2 minuter\" \/>\n<script type=\"application\/ld+json\" class=\"yoast-schema-graph\">{\"@context\":\"https:\\\/\\\/schema.org\",\"@graph\":[{\"@type\":\"WebPage\",\"@id\":\"https:\\\/\\\/wp.kristdemokraterna.se\\\/sundbyberg\\\/var-politik\\\/ta-den-psykiska-ohalsan-bland-unga-pa-allvar\\\/\",\"url\":\"https:\\\/\\\/wp.kristdemokraterna.se\\\/sundbyberg\\\/var-politik\\\/ta-den-psykiska-ohalsan-bland-unga-pa-allvar\\\/\",\"name\":\"Barnomsorg och f\u00f6rskola - Sundbyberg\",\"isPartOf\":{\"@id\":\"https:\\\/\\\/wp.kristdemokraterna.se\\\/sundbyberg\\\/#website\"},\"datePublished\":\"2017-03-14T10:26:02+00:00\",\"dateModified\":\"2022-11-09T15:26:51+00:00\",\"breadcrumb\":{\"@id\":\"https:\\\/\\\/wp.kristdemokraterna.se\\\/sundbyberg\\\/var-politik\\\/ta-den-psykiska-ohalsan-bland-unga-pa-allvar\\\/#breadcrumb\"},\"inLanguage\":\"sv-SE\",\"potentialAction\":[{\"@type\":\"ReadAction\",\"target\":[\"https:\\\/\\\/wp.kristdemokraterna.se\\\/sundbyberg\\\/var-politik\\\/ta-den-psykiska-ohalsan-bland-unga-pa-allvar\\\/\"]}]},{\"@type\":\"BreadcrumbList\",\"@id\":\"https:\\\/\\\/wp.kristdemokraterna.se\\\/sundbyberg\\\/var-politik\\\/ta-den-psykiska-ohalsan-bland-unga-pa-allvar\\\/#breadcrumb\",\"itemListElement\":[{\"@type\":\"ListItem\",\"position\":1,\"name\":\"Hem\",\"item\":\"https:\\\/\\\/wp.kristdemokraterna.se\\\/sundbyberg\\\/\"},{\"@type\":\"ListItem\",\"position\":2,\"name\":\"V\u00e5r politik\",\"item\":\"https:\\\/\\\/wp.kristdemokraterna.se\\\/sundbyberg\\\/var-politik\\\/\"},{\"@type\":\"ListItem\",\"position\":3,\"name\":\"Barnomsorg och f\u00f6rskola\"}]},{\"@type\":\"WebSite\",\"@id\":\"https:\\\/\\\/wp.kristdemokraterna.se\\\/sundbyberg\\\/#website\",\"url\":\"https:\\\/\\\/wp.kristdemokraterna.se\\\/sundbyberg\\\/\",\"name\":\"Sundbyberg\",\"description\":\"En till Kristdemokraterna webbplats\",\"inLanguage\":\"sv-SE\"}]}<\/script>\n<!-- \/ Yoast SEO plugin. -->","yoast_head_json":{"title":"Barnomsorg och f\u00f6rskola - Sundbyberg","robots":{"index":"index","follow":"follow","max-snippet":"max-snippet:-1","max-image-preview":"max-image-preview:large","max-video-preview":"max-video-preview:-1"},"canonical":"https:\/\/wp.kristdemokraterna.se\/sundbyberg\/var-politik\/ta-den-psykiska-ohalsan-bland-unga-pa-allvar\/","og_locale":"sv_SE","og_type":"article","og_title":"Barnomsorg och f\u00f6rskola - Sundbyberg","og_description":"Barnomsorg och f\u00f6rskola ska vara ett st\u00f6d f\u00f6r familjerna i deras ansvar f\u00f6r barnens fostran, utveckling och l\u00e4rande. En god och stimulerande omsorg m\u00f6jligg\u00f6r f\u00f6r f\u00f6r\u00e4ldrarna att arbeta, studera eller s\u00f6ka jobb men har ocks\u00e5 ett pedagogiskt uppdrag d\u00e4r barnen f\u00f6rbereds inf\u00f6r skolan. Barns och familjers behov ska vara utg\u00e5ngspunkten f\u00f6r barnomsorg och f\u00f6rskola d\u00e4r Read More","og_url":"https:\/\/wp.kristdemokraterna.se\/sundbyberg\/var-politik\/ta-den-psykiska-ohalsan-bland-unga-pa-allvar\/","og_site_name":"Sundbyberg","article_modified_time":"2022-11-09T15:26:51+00:00","twitter_card":"summary_large_image","twitter_misc":{"Ber\u00e4knad l\u00e4stid":"2 minuter"},"schema":{"@context":"https:\/\/schema.org","@graph":[{"@type":"WebPage","@id":"https:\/\/wp.kristdemokraterna.se\/sundbyberg\/var-politik\/ta-den-psykiska-ohalsan-bland-unga-pa-allvar\/","url":"https:\/\/wp.kristdemokraterna.se\/sundbyberg\/var-politik\/ta-den-psykiska-ohalsan-bland-unga-pa-allvar\/","name":"Barnomsorg och f\u00f6rskola - Sundbyberg","isPartOf":{"@id":"https:\/\/wp.kristdemokraterna.se\/sundbyberg\/#website"},"datePublished":"2017-03-14T10:26:02+00:00","dateModified":"2022-11-09T15:26:51+00:00","breadcrumb":{"@id":"https:\/\/wp.kristdemokraterna.se\/sundbyberg\/var-politik\/ta-den-psykiska-ohalsan-bland-unga-pa-allvar\/#breadcrumb"},"inLanguage":"sv-SE","potentialAction":[{"@type":"ReadAction","target":["https:\/\/wp.kristdemokraterna.se\/sundbyberg\/var-politik\/ta-den-psykiska-ohalsan-bland-unga-pa-allvar\/"]}]},{"@type":"BreadcrumbList","@id":"https:\/\/wp.kristdemokraterna.se\/sundbyberg\/var-politik\/ta-den-psykiska-ohalsan-bland-unga-pa-allvar\/#breadcrumb","itemListElement":[{"@type":"ListItem","position":1,"name":"Hem","item":"https:\/\/wp.kristdemokraterna.se\/sundbyberg\/"},{"@type":"ListItem","position":2,"name":"V\u00e5r politik","item":"https:\/\/wp.kristdemokraterna.se\/sundbyberg\/var-politik\/"},{"@type":"ListItem","position":3,"name":"Barnomsorg och f\u00f6rskola"}]},{"@type":"WebSite","@id":"https:\/\/wp.kristdemokraterna.se\/sundbyberg\/#website","url":"https:\/\/wp.kristdemokraterna.se\/sundbyberg\/","name":"Sundbyberg","description":"En till Kristdemokraterna webbplats","inLanguage":"sv-SE"}]}},"_links":{"self":[{"href":"https:\/\/wp.kristdemokraterna.se\/sundbyberg\/wp-json\/wp\/v2\/pages\/457","targetHints":{"allow":["GET"]}}],"collection":[{"href":"https:\/\/wp.kristdemokraterna.se\/sundbyberg\/wp-json\/wp\/v2\/pages"}],"about":[{"href":"https:\/\/wp.kristdemokraterna.se\/sundbyberg\/wp-json\/wp\/v2\/types\/page"}],"author":[{"embeddable":true,"href":"https:\/\/wp.kristdemokraterna.se\/sundbyberg\/wp-json\/wp\/v2\/users\/611"}],"replies":[{"embeddable":true,"href":"https:\/\/wp.kristdemokraterna.se\/sundbyberg\/wp-json\/wp\/v2\/comments?post=457"}],"version-history":[{"count":4,"href":"https:\/\/wp.kristdemokraterna.se\/sundbyberg\/wp-json\/wp\/v2\/pages\/457\/revisions"}],"predecessor-version":[{"id":1140,"href":"https:\/\/wp.kristdemokraterna.se\/sundbyberg\/wp-json\/wp\/v2\/pages\/457\/revisions\/1140"}],"up":[{"embeddable":true,"href":"https:\/\/wp.kristdemokraterna.se\/sundbyberg\/wp-json\/wp\/v2\/pages\/60"}],"wp:attachment":[{"href":"https:\/\/wp.kristdemokraterna.se\/sundbyberg\/wp-json\/wp\/v2\/media?parent=457"}],"curies":[{"name":"wp","href":"https:\/\/api.w.org\/{rel}","templated":true}]}}