{"id":60,"date":"2014-02-25T11:13:55","date_gmt":"2014-02-25T10:13:55","guid":{"rendered":"http:\/\/wp.kristdemokraterna.se\/sundbyberg\/?page_id=60"},"modified":"2018-04-25T22:39:37","modified_gmt":"2018-04-25T20:39:37","slug":"var-politik","status":"publish","type":"page","link":"https:\/\/wp.kristdemokraterna.se\/sundbyberg\/var-politik\/","title":{"rendered":"V\u00e5r politik"},"content":{"rendered":"<p><span style=\"font-weight: 400\">Varje m\u00e4nniska \u00e4r unik och oers\u00e4ttlig och har samma absoluta och okr\u00e4nkbara v\u00e4rde. <\/span><span style=\"font-weight: 400\">Staden Sundbybergs uppdrag \u00e4r att erbjuda och samordna kommunala tj\u00e4nster.<\/span><\/p>\n<p><span style=\"font-weight: 400\">S\u00e5 l\u00e5ngt m\u00f6jligt ska vi inv\u00e5nare best\u00e4mma hur vi vill leva, bo och handla. Stadens uppgift \u00e4r att hantera och l\u00f6sa gemensamma problem som<\/span><span style=\"font-weight: 400\"> str\u00e4cker sig utanf\u00f6r den enskildes handlingsutrymme. Att ge v\u00e5ra barn en god utbildning och v\u00e5ra \u00e4ldre en v\u00e4rdig v\u00e5rd \u00e4r tydliga exempel p\u00e5 viktiga ansvarsomr\u00e5den f\u00f6r kommunen. <\/span><span style=\"font-weight: 400\"><br \/>\n<\/span><span style=\"font-weight: 400\"><br \/>\n<\/span><span style=\"font-weight: 400\">Staden \u00e4r inte till f\u00f6r att styra och best\u00e4mma hur kommuninv\u00e5nare ska leva, handla och bo. Staden ska ansvara f\u00f6r de gemensamma problem som kan uppkomma och svara f\u00f6r en effektiv gemensam infrastruktur i v\u00e5r kommun.<\/span><\/p>\n","protected":false},"excerpt":{"rendered":"<p>Varje m\u00e4nniska \u00e4r unik och oers\u00e4ttlig och har samma absoluta och okr\u00e4nkbara v\u00e4rde. Staden Sundbybergs uppdrag \u00e4r att erbjuda och samordna kommunala tj\u00e4nster. S\u00e5 l\u00e5ngt m\u00f6jligt ska vi inv\u00e5nare best\u00e4mma hur vi vill leva, bo och handla. Stadens uppgift \u00e4r att hantera och l\u00f6sa gemensamma problem som str\u00e4cker sig utanf\u00f6r den enskildes handlingsutrymme. Att ge <a class=\"read-more-link\" href=\"https:\/\/wp.kristdemokraterna.se\/sundbyberg\/var-politik\/\">Read More<\/a><\/p>\n","protected":false},"author":611,"featured_media":0,"parent":0,"menu_order":1,"comment_status":"closed","ping_status":"closed","template":"page.php","meta":{"_acf_changed":false,"footnotes":""},"class_list":["post-60","page","type-page","status-publish","hentry"],"acf":[],"yoast_head":"<!-- This site is optimized with the Yoast SEO plugin v27.3 - https:\/\/yoast.com\/product\/yoast-seo-wordpress\/ -->\n<title>V\u00e5r politik - Sundbyberg<\/title>\n<meta name=\"robots\" content=\"index, follow, max-snippet:-1, max-image-preview:large, max-video-preview:-1\" \/>\n<link rel=\"canonical\" href=\"https:\/\/wp.kristdemokraterna.se\/sundbyberg\/var-politik\/\" \/>\n<meta property=\"og:locale\" content=\"sv_SE\" \/>\n<meta property=\"og:type\" content=\"article\" \/>\n<meta property=\"og:title\" content=\"V\u00e5r politik - Sundbyberg\" \/>\n<meta property=\"og:description\" content=\"Varje m\u00e4nniska \u00e4r unik och oers\u00e4ttlig och har samma absoluta och okr\u00e4nkbara v\u00e4rde. Staden Sundbybergs uppdrag \u00e4r att erbjuda och samordna kommunala tj\u00e4nster. S\u00e5 l\u00e5ngt m\u00f6jligt ska vi inv\u00e5nare best\u00e4mma hur vi vill leva, bo och handla. Stadens uppgift \u00e4r att hantera och l\u00f6sa gemensamma problem som str\u00e4cker sig utanf\u00f6r den enskildes handlingsutrymme. Att ge Read More\" \/>\n<meta property=\"og:url\" content=\"https:\/\/wp.kristdemokraterna.se\/sundbyberg\/var-politik\/\" \/>\n<meta property=\"og:site_name\" content=\"Sundbyberg\" \/>\n<meta property=\"article:modified_time\" content=\"2018-04-25T20:39:37+00:00\" \/>\n<meta name=\"twitter:card\" content=\"summary_large_image\" \/>\n<meta name=\"twitter:label1\" content=\"Ber\u00e4knad l\u00e4stid\" \/>\n\t<meta name=\"twitter:data1\" content=\"1 minut\" \/>\n<script type=\"application\/ld+json\" class=\"yoast-schema-graph\">{\"@context\":\"https:\\\/\\\/schema.org\",\"@graph\":[{\"@type\":\"WebPage\",\"@id\":\"https:\\\/\\\/wp.kristdemokraterna.se\\\/sundbyberg\\\/var-politik\\\/\",\"url\":\"https:\\\/\\\/wp.kristdemokraterna.se\\\/sundbyberg\\\/var-politik\\\/\",\"name\":\"V\u00e5r politik - Sundbyberg\",\"isPartOf\":{\"@id\":\"https:\\\/\\\/wp.kristdemokraterna.se\\\/sundbyberg\\\/#website\"},\"datePublished\":\"2014-02-25T10:13:55+00:00\",\"dateModified\":\"2018-04-25T20:39:37+00:00\",\"breadcrumb\":{\"@id\":\"https:\\\/\\\/wp.kristdemokraterna.se\\\/sundbyberg\\\/var-politik\\\/#breadcrumb\"},\"inLanguage\":\"sv-SE\",\"potentialAction\":[{\"@type\":\"ReadAction\",\"target\":[\"https:\\\/\\\/wp.kristdemokraterna.se\\\/sundbyberg\\\/var-politik\\\/\"]}]},{\"@type\":\"BreadcrumbList\",\"@id\":\"https:\\\/\\\/wp.kristdemokraterna.se\\\/sundbyberg\\\/var-politik\\\/#breadcrumb\",\"itemListElement\":[{\"@type\":\"ListItem\",\"position\":1,\"name\":\"Hem\",\"item\":\"https:\\\/\\\/wp.kristdemokraterna.se\\\/sundbyberg\\\/\"},{\"@type\":\"ListItem\",\"position\":2,\"name\":\"V\u00e5r politik\"}]},{\"@type\":\"WebSite\",\"@id\":\"https:\\\/\\\/wp.kristdemokraterna.se\\\/sundbyberg\\\/#website\",\"url\":\"https:\\\/\\\/wp.kristdemokraterna.se\\\/sundbyberg\\\/\",\"name\":\"Sundbyberg\",\"description\":\"En till Kristdemokraterna webbplats\",\"inLanguage\":\"sv-SE\"}]}<\/script>\n<!-- \/ Yoast SEO plugin. -->","yoast_head_json":{"title":"V\u00e5r politik - Sundbyberg","robots":{"index":"index","follow":"follow","max-snippet":"max-snippet:-1","max-image-preview":"max-image-preview:large","max-video-preview":"max-video-preview:-1"},"canonical":"https:\/\/wp.kristdemokraterna.se\/sundbyberg\/var-politik\/","og_locale":"sv_SE","og_type":"article","og_title":"V\u00e5r politik - Sundbyberg","og_description":"Varje m\u00e4nniska \u00e4r unik och oers\u00e4ttlig och har samma absoluta och okr\u00e4nkbara v\u00e4rde. Staden Sundbybergs uppdrag \u00e4r att erbjuda och samordna kommunala tj\u00e4nster. S\u00e5 l\u00e5ngt m\u00f6jligt ska vi inv\u00e5nare best\u00e4mma hur vi vill leva, bo och handla. Stadens uppgift \u00e4r att hantera och l\u00f6sa gemensamma problem som str\u00e4cker sig utanf\u00f6r den enskildes handlingsutrymme. Att ge Read More","og_url":"https:\/\/wp.kristdemokraterna.se\/sundbyberg\/var-politik\/","og_site_name":"Sundbyberg","article_modified_time":"2018-04-25T20:39:37+00:00","twitter_card":"summary_large_image","twitter_misc":{"Ber\u00e4knad l\u00e4stid":"1 minut"},"schema":{"@context":"https:\/\/schema.org","@graph":[{"@type":"WebPage","@id":"https:\/\/wp.kristdemokraterna.se\/sundbyberg\/var-politik\/","url":"https:\/\/wp.kristdemokraterna.se\/sundbyberg\/var-politik\/","name":"V\u00e5r politik - Sundbyberg","isPartOf":{"@id":"https:\/\/wp.kristdemokraterna.se\/sundbyberg\/#website"},"datePublished":"2014-02-25T10:13:55+00:00","dateModified":"2018-04-25T20:39:37+00:00","breadcrumb":{"@id":"https:\/\/wp.kristdemokraterna.se\/sundbyberg\/var-politik\/#breadcrumb"},"inLanguage":"sv-SE","potentialAction":[{"@type":"ReadAction","target":["https:\/\/wp.kristdemokraterna.se\/sundbyberg\/var-politik\/"]}]},{"@type":"BreadcrumbList","@id":"https:\/\/wp.kristdemokraterna.se\/sundbyberg\/var-politik\/#breadcrumb","itemListElement":[{"@type":"ListItem","position":1,"name":"Hem","item":"https:\/\/wp.kristdemokraterna.se\/sundbyberg\/"},{"@type":"ListItem","position":2,"name":"V\u00e5r politik"}]},{"@type":"WebSite","@id":"https:\/\/wp.kristdemokraterna.se\/sundbyberg\/#website","url":"https:\/\/wp.kristdemokraterna.se\/sundbyberg\/","name":"Sundbyberg","description":"En till Kristdemokraterna webbplats","inLanguage":"sv-SE"}]}},"_links":{"self":[{"href":"https:\/\/wp.kristdemokraterna.se\/sundbyberg\/wp-json\/wp\/v2\/pages\/60","targetHints":{"allow":["GET"]}}],"collection":[{"href":"https:\/\/wp.kristdemokraterna.se\/sundbyberg\/wp-json\/wp\/v2\/pages"}],"about":[{"href":"https:\/\/wp.kristdemokraterna.se\/sundbyberg\/wp-json\/wp\/v2\/types\/page"}],"author":[{"embeddable":true,"href":"https:\/\/wp.kristdemokraterna.se\/sundbyberg\/wp-json\/wp\/v2\/users\/611"}],"replies":[{"embeddable":true,"href":"https:\/\/wp.kristdemokraterna.se\/sundbyberg\/wp-json\/wp\/v2\/comments?post=60"}],"version-history":[{"count":14,"href":"https:\/\/wp.kristdemokraterna.se\/sundbyberg\/wp-json\/wp\/v2\/pages\/60\/revisions"}],"predecessor-version":[{"id":605,"href":"https:\/\/wp.kristdemokraterna.se\/sundbyberg\/wp-json\/wp\/v2\/pages\/60\/revisions\/605"}],"wp:attachment":[{"href":"https:\/\/wp.kristdemokraterna.se\/sundbyberg\/wp-json\/wp\/v2\/media?parent=60"}],"curies":[{"name":"wp","href":"https:\/\/api.w.org\/{rel}","templated":true}]}}