{"id":945,"date":"2021-03-18T10:21:54","date_gmt":"2021-03-18T09:21:54","guid":{"rendered":"https:\/\/wp.kristdemokraterna.se\/sundbyberg\/?page_id=945"},"modified":"2025-04-08T11:53:29","modified_gmt":"2025-04-08T09:53:29","slug":"styrelsen","status":"publish","type":"page","link":"https:\/\/wp.kristdemokraterna.se\/sundbyberg\/vara-foretradare\/styrelsen\/","title":{"rendered":"Styrelsen"},"content":{"rendered":"<h2>Partiavdelningens styrelse best\u00e5r av:<\/h2>\n<h4>Ordf\u00f6rande &#8211; Maria Bohman Kreij<\/h4>\n<p><a href=\"http:\/\/wp.kristdemokraterna.se\/sundbyberg\/files\/2025\/04\/img_5779-scaled.jpeg\"><img loading=\"lazy\" decoding=\"async\" class=\"alignnone wp-image-1321 size-medium\" src=\"http:\/\/wp.kristdemokraterna.se\/sundbyberg\/files\/2025\/04\/img_5779-225x300.jpeg\" alt=\"\" width=\"225\" height=\"300\" srcset=\"https:\/\/wp.kristdemokraterna.se\/sundbyberg\/files\/2025\/04\/img_5779-225x300.jpeg 225w, https:\/\/wp.kristdemokraterna.se\/sundbyberg\/files\/2025\/04\/img_5779-768x1024.jpeg 768w, https:\/\/wp.kristdemokraterna.se\/sundbyberg\/files\/2025\/04\/img_5779-1152x1536.jpeg 1152w, https:\/\/wp.kristdemokraterna.se\/sundbyberg\/files\/2025\/04\/img_5779-1536x2048.jpeg 1536w, https:\/\/wp.kristdemokraterna.se\/sundbyberg\/files\/2025\/04\/img_5779-150x200.jpeg 150w, https:\/\/wp.kristdemokraterna.se\/sundbyberg\/files\/2025\/04\/img_5779-370x493.jpeg 370w, https:\/\/wp.kristdemokraterna.se\/sundbyberg\/files\/2025\/04\/img_5779-770x1027.jpeg 770w, https:\/\/wp.kristdemokraterna.se\/sundbyberg\/files\/2025\/04\/img_5779-450x600.jpeg 450w, https:\/\/wp.kristdemokraterna.se\/sundbyberg\/files\/2025\/04\/img_5779-280x373.jpeg 280w, https:\/\/wp.kristdemokraterna.se\/sundbyberg\/files\/2025\/04\/img_5779-340x453.jpeg 340w, https:\/\/wp.kristdemokraterna.se\/sundbyberg\/files\/2025\/04\/img_5779-42x56.jpeg 42w, https:\/\/wp.kristdemokraterna.se\/sundbyberg\/files\/2025\/04\/img_5779-scaled.jpeg 1920w\" sizes=\"auto, (max-width: 225px) 100vw, 225px\" \/><\/a><\/p>\n<h4><strong>Vice ordf\u00f6rande &#8211; Daniel Wistr\u00f6m<\/strong><\/h4>\n<p><a href=\"http:\/\/wp.kristdemokraterna.se\/sundbyberg\/files\/2025\/04\/img_5765-scaled.jpeg\"><img loading=\"lazy\" decoding=\"async\" class=\"alignnone wp-image-1304 size-medium\" src=\"http:\/\/wp.kristdemokraterna.se\/sundbyberg\/files\/2025\/04\/img_5765-225x300.jpeg\" alt=\"\" width=\"225\" height=\"300\" srcset=\"https:\/\/wp.kristdemokraterna.se\/sundbyberg\/files\/2025\/04\/img_5765-225x300.jpeg 225w, https:\/\/wp.kristdemokraterna.se\/sundbyberg\/files\/2025\/04\/img_5765-768x1024.jpeg 768w, https:\/\/wp.kristdemokraterna.se\/sundbyberg\/files\/2025\/04\/img_5765-1152x1536.jpeg 1152w, https:\/\/wp.kristdemokraterna.se\/sundbyberg\/files\/2025\/04\/img_5765-1536x2048.jpeg 1536w, https:\/\/wp.kristdemokraterna.se\/sundbyberg\/files\/2025\/04\/img_5765-150x200.jpeg 150w, https:\/\/wp.kristdemokraterna.se\/sundbyberg\/files\/2025\/04\/img_5765-370x493.jpeg 370w, https:\/\/wp.kristdemokraterna.se\/sundbyberg\/files\/2025\/04\/img_5765-770x1027.jpeg 770w, https:\/\/wp.kristdemokraterna.se\/sundbyberg\/files\/2025\/04\/img_5765-450x600.jpeg 450w, https:\/\/wp.kristdemokraterna.se\/sundbyberg\/files\/2025\/04\/img_5765-280x373.jpeg 280w, https:\/\/wp.kristdemokraterna.se\/sundbyberg\/files\/2025\/04\/img_5765-340x453.jpeg 340w, https:\/\/wp.kristdemokraterna.se\/sundbyberg\/files\/2025\/04\/img_5765-42x56.jpeg 42w, https:\/\/wp.kristdemokraterna.se\/sundbyberg\/files\/2025\/04\/img_5765-scaled.jpeg 1920w\" sizes=\"auto, (max-width: 225px) 100vw, 225px\" \/><\/a><\/p>\n<h2><\/h2>\n<h2><strong>Ledam\u00f6ter:<\/strong><\/h2>\n<h4>Bengt Sj\u00f6holm<\/h4>\n<p><a href=\"http:\/\/wp.kristdemokraterna.se\/sundbyberg\/files\/2018\/05\/bengt-sjoholm-e1527683286683.jpg\"><img loading=\"lazy\" decoding=\"async\" class=\"alignnone size-medium wp-image-751\" src=\"http:\/\/wp.kristdemokraterna.se\/sundbyberg\/files\/2018\/05\/bengt-sjoholm-e1527683286683-279x300.jpg\" alt=\"\" width=\"279\" height=\"300\" srcset=\"https:\/\/wp.kristdemokraterna.se\/sundbyberg\/files\/2018\/05\/bengt-sjoholm-e1527683286683-279x300.jpg 279w, https:\/\/wp.kristdemokraterna.se\/sundbyberg\/files\/2018\/05\/bengt-sjoholm-e1527683286683-186x200.jpg 186w, https:\/\/wp.kristdemokraterna.se\/sundbyberg\/files\/2018\/05\/bengt-sjoholm-e1527683286683-370x398.jpg 370w, https:\/\/wp.kristdemokraterna.se\/sundbyberg\/files\/2018\/05\/bengt-sjoholm-e1527683286683-450x484.jpg 450w, https:\/\/wp.kristdemokraterna.se\/sundbyberg\/files\/2018\/05\/bengt-sjoholm-e1527683286683-280x301.jpg 280w, https:\/\/wp.kristdemokraterna.se\/sundbyberg\/files\/2018\/05\/bengt-sjoholm-e1527683286683-340x366.jpg 340w, https:\/\/wp.kristdemokraterna.se\/sundbyberg\/files\/2018\/05\/bengt-sjoholm-e1527683286683-52x56.jpg 52w, https:\/\/wp.kristdemokraterna.se\/sundbyberg\/files\/2018\/05\/bengt-sjoholm-e1527683286683.jpg 732w\" sizes=\"auto, (max-width: 279px) 100vw, 279px\" \/><\/a><\/p>\n<h4>Nicole Denuit<\/h4>\n<p><a href=\"http:\/\/wp.kristdemokraterna.se\/sundbyberg\/files\/2025\/04\/img_5767-scaled.jpeg\"><img loading=\"lazy\" decoding=\"async\" class=\"alignnone size-medium wp-image-1309\" src=\"http:\/\/wp.kristdemokraterna.se\/sundbyberg\/files\/2025\/04\/img_5767-225x300.jpeg\" alt=\"\" width=\"225\" height=\"300\" srcset=\"https:\/\/wp.kristdemokraterna.se\/sundbyberg\/files\/2025\/04\/img_5767-225x300.jpeg 225w, https:\/\/wp.kristdemokraterna.se\/sundbyberg\/files\/2025\/04\/img_5767-768x1024.jpeg 768w, https:\/\/wp.kristdemokraterna.se\/sundbyberg\/files\/2025\/04\/img_5767-1152x1536.jpeg 1152w, https:\/\/wp.kristdemokraterna.se\/sundbyberg\/files\/2025\/04\/img_5767-1536x2048.jpeg 1536w, https:\/\/wp.kristdemokraterna.se\/sundbyberg\/files\/2025\/04\/img_5767-150x200.jpeg 150w, https:\/\/wp.kristdemokraterna.se\/sundbyberg\/files\/2025\/04\/img_5767-370x493.jpeg 370w, https:\/\/wp.kristdemokraterna.se\/sundbyberg\/files\/2025\/04\/img_5767-770x1027.jpeg 770w, https:\/\/wp.kristdemokraterna.se\/sundbyberg\/files\/2025\/04\/img_5767-450x600.jpeg 450w, https:\/\/wp.kristdemokraterna.se\/sundbyberg\/files\/2025\/04\/img_5767-280x373.jpeg 280w, https:\/\/wp.kristdemokraterna.se\/sundbyberg\/files\/2025\/04\/img_5767-340x453.jpeg 340w, https:\/\/wp.kristdemokraterna.se\/sundbyberg\/files\/2025\/04\/img_5767-42x56.jpeg 42w, https:\/\/wp.kristdemokraterna.se\/sundbyberg\/files\/2025\/04\/img_5767-scaled.jpeg 1920w\" sizes=\"auto, (max-width: 225px) 100vw, 225px\" \/><\/a><\/p>\n<p><strong>Theodor Bj\u00f6rnblod<\/strong><\/p>\n<p><a href=\"http:\/\/wp.kristdemokraterna.se\/sundbyberg\/files\/2025\/04\/img_5772-scaled.jpeg\"><img loading=\"lazy\" decoding=\"async\" class=\"alignnone size-medium wp-image-1314\" src=\"http:\/\/wp.kristdemokraterna.se\/sundbyberg\/files\/2025\/04\/img_5772-225x300.jpeg\" alt=\"\" width=\"225\" height=\"300\" srcset=\"https:\/\/wp.kristdemokraterna.se\/sundbyberg\/files\/2025\/04\/img_5772-225x300.jpeg 225w, https:\/\/wp.kristdemokraterna.se\/sundbyberg\/files\/2025\/04\/img_5772-768x1024.jpeg 768w, https:\/\/wp.kristdemokraterna.se\/sundbyberg\/files\/2025\/04\/img_5772-1152x1536.jpeg 1152w, https:\/\/wp.kristdemokraterna.se\/sundbyberg\/files\/2025\/04\/img_5772-1536x2048.jpeg 1536w, https:\/\/wp.kristdemokraterna.se\/sundbyberg\/files\/2025\/04\/img_5772-150x200.jpeg 150w, https:\/\/wp.kristdemokraterna.se\/sundbyberg\/files\/2025\/04\/img_5772-370x493.jpeg 370w, https:\/\/wp.kristdemokraterna.se\/sundbyberg\/files\/2025\/04\/img_5772-770x1027.jpeg 770w, https:\/\/wp.kristdemokraterna.se\/sundbyberg\/files\/2025\/04\/img_5772-450x600.jpeg 450w, https:\/\/wp.kristdemokraterna.se\/sundbyberg\/files\/2025\/04\/img_5772-280x373.jpeg 280w, https:\/\/wp.kristdemokraterna.se\/sundbyberg\/files\/2025\/04\/img_5772-340x453.jpeg 340w, https:\/\/wp.kristdemokraterna.se\/sundbyberg\/files\/2025\/04\/img_5772-42x56.jpeg 42w, https:\/\/wp.kristdemokraterna.se\/sundbyberg\/files\/2025\/04\/img_5772-scaled.jpeg 1920w\" sizes=\"auto, (max-width: 225px) 100vw, 225px\" \/><\/a><\/p>\n<h2><strong>Ers\u00e4ttare:<\/strong><\/h2>\n<h4>Per Quant<\/h4>\n<p><a href=\"http:\/\/wp.kristdemokraterna.se\/sundbyberg\/files\/2025\/04\/img_5786-scaled.jpeg\"><img loading=\"lazy\" decoding=\"async\" class=\"alignnone size-medium wp-image-1328\" src=\"http:\/\/wp.kristdemokraterna.se\/sundbyberg\/files\/2025\/04\/img_5786-225x300.jpeg\" alt=\"\" width=\"225\" height=\"300\" srcset=\"https:\/\/wp.kristdemokraterna.se\/sundbyberg\/files\/2025\/04\/img_5786-225x300.jpeg 225w, https:\/\/wp.kristdemokraterna.se\/sundbyberg\/files\/2025\/04\/img_5786-768x1024.jpeg 768w, https:\/\/wp.kristdemokraterna.se\/sundbyberg\/files\/2025\/04\/img_5786-1152x1536.jpeg 1152w, https:\/\/wp.kristdemokraterna.se\/sundbyberg\/files\/2025\/04\/img_5786-1536x2048.jpeg 1536w, https:\/\/wp.kristdemokraterna.se\/sundbyberg\/files\/2025\/04\/img_5786-150x200.jpeg 150w, https:\/\/wp.kristdemokraterna.se\/sundbyberg\/files\/2025\/04\/img_5786-370x493.jpeg 370w, https:\/\/wp.kristdemokraterna.se\/sundbyberg\/files\/2025\/04\/img_5786-770x1027.jpeg 770w, https:\/\/wp.kristdemokraterna.se\/sundbyberg\/files\/2025\/04\/img_5786-450x600.jpeg 450w, https:\/\/wp.kristdemokraterna.se\/sundbyberg\/files\/2025\/04\/img_5786-280x373.jpeg 280w, https:\/\/wp.kristdemokraterna.se\/sundbyberg\/files\/2025\/04\/img_5786-340x453.jpeg 340w, https:\/\/wp.kristdemokraterna.se\/sundbyberg\/files\/2025\/04\/img_5786-42x56.jpeg 42w, https:\/\/wp.kristdemokraterna.se\/sundbyberg\/files\/2025\/04\/img_5786-scaled.jpeg 1920w\" sizes=\"auto, (max-width: 225px) 100vw, 225px\" \/><\/a><\/p>\n","protected":false},"excerpt":{"rendered":"<p>Partiavdelningens styrelse best\u00e5r av: Ordf\u00f6rande &#8211; Maria Bohman Kreij Vice ordf\u00f6rande &#8211; Daniel Wistr\u00f6m Ledam\u00f6ter: Bengt Sj\u00f6holm Nicole Denuit Theodor Bj\u00f6rnblod Ers\u00e4ttare: Per Quant<\/p>\n","protected":false},"author":611,"featured_media":0,"parent":949,"menu_order":1,"comment_status":"closed","ping_status":"closed","template":"","meta":{"_acf_changed":false,"footnotes":""},"class_list":["post-945","page","type-page","status-publish","hentry"],"acf":[],"yoast_head":"<!-- This site is optimized with the Yoast SEO plugin v27.4 - https:\/\/yoast.com\/product\/yoast-seo-wordpress\/ -->\n<title>Styrelsen - Sundbyberg<\/title>\n<meta name=\"robots\" content=\"index, follow, max-snippet:-1, max-image-preview:large, max-video-preview:-1\" \/>\n<link rel=\"canonical\" href=\"https:\/\/wp.kristdemokraterna.se\/sundbyberg\/vara-foretradare\/styrelsen\/\" \/>\n<meta property=\"og:locale\" content=\"sv_SE\" \/>\n<meta property=\"og:type\" content=\"article\" \/>\n<meta property=\"og:title\" content=\"Styrelsen - Sundbyberg\" \/>\n<meta property=\"og:description\" content=\"Partiavdelningens styrelse best\u00e5r av: Ordf\u00f6rande &#8211; Maria Bohman Kreij Vice ordf\u00f6rande &#8211; Daniel Wistr\u00f6m Ledam\u00f6ter: Bengt Sj\u00f6holm Nicole Denuit Theodor Bj\u00f6rnblod Ers\u00e4ttare: Per Quant\" \/>\n<meta property=\"og:url\" content=\"https:\/\/wp.kristdemokraterna.se\/sundbyberg\/vara-foretradare\/styrelsen\/\" \/>\n<meta property=\"og:site_name\" content=\"Sundbyberg\" \/>\n<meta property=\"article:modified_time\" content=\"2025-04-08T09:53:29+00:00\" \/>\n<meta property=\"og:image\" content=\"https:\/\/wp.kristdemokraterna.se\/sundbyberg\/files\/2025\/04\/img_5779-768x1024.jpeg\" \/>\n\t<meta property=\"og:image:width\" content=\"768\" \/>\n\t<meta property=\"og:image:height\" content=\"1024\" \/>\n\t<meta property=\"og:image:type\" content=\"image\/jpeg\" \/>\n<meta name=\"twitter:card\" content=\"summary_large_image\" \/>\n<meta name=\"twitter:label1\" content=\"Ber\u00e4knad l\u00e4stid\" \/>\n\t<meta name=\"twitter:data1\" content=\"2 minuter\" \/>\n<script type=\"application\/ld+json\" class=\"yoast-schema-graph\">{\"@context\":\"https:\\\/\\\/schema.org\",\"@graph\":[{\"@type\":\"WebPage\",\"@id\":\"https:\\\/\\\/wp.kristdemokraterna.se\\\/sundbyberg\\\/vara-foretradare\\\/styrelsen\\\/\",\"url\":\"https:\\\/\\\/wp.kristdemokraterna.se\\\/sundbyberg\\\/vara-foretradare\\\/styrelsen\\\/\",\"name\":\"Styrelsen - Sundbyberg\",\"isPartOf\":{\"@id\":\"https:\\\/\\\/wp.kristdemokraterna.se\\\/sundbyberg\\\/#website\"},\"primaryImageOfPage\":{\"@id\":\"https:\\\/\\\/wp.kristdemokraterna.se\\\/sundbyberg\\\/vara-foretradare\\\/styrelsen\\\/#primaryimage\"},\"image\":{\"@id\":\"https:\\\/\\\/wp.kristdemokraterna.se\\\/sundbyberg\\\/vara-foretradare\\\/styrelsen\\\/#primaryimage\"},\"thumbnailUrl\":\"http:\\\/\\\/wp.kristdemokraterna.se\\\/sundbyberg\\\/files\\\/2025\\\/04\\\/img_5779-225x300.jpeg\",\"datePublished\":\"2021-03-18T09:21:54+00:00\",\"dateModified\":\"2025-04-08T09:53:29+00:00\",\"breadcrumb\":{\"@id\":\"https:\\\/\\\/wp.kristdemokraterna.se\\\/sundbyberg\\\/vara-foretradare\\\/styrelsen\\\/#breadcrumb\"},\"inLanguage\":\"sv-SE\",\"potentialAction\":[{\"@type\":\"ReadAction\",\"target\":[\"https:\\\/\\\/wp.kristdemokraterna.se\\\/sundbyberg\\\/vara-foretradare\\\/styrelsen\\\/\"]}]},{\"@type\":\"ImageObject\",\"inLanguage\":\"sv-SE\",\"@id\":\"https:\\\/\\\/wp.kristdemokraterna.se\\\/sundbyberg\\\/vara-foretradare\\\/styrelsen\\\/#primaryimage\",\"url\":\"https:\\\/\\\/wp.kristdemokraterna.se\\\/sundbyberg\\\/files\\\/2025\\\/04\\\/img_5779-scaled.jpeg\",\"contentUrl\":\"https:\\\/\\\/wp.kristdemokraterna.se\\\/sundbyberg\\\/files\\\/2025\\\/04\\\/img_5779-scaled.jpeg\",\"width\":1920,\"height\":2560},{\"@type\":\"BreadcrumbList\",\"@id\":\"https:\\\/\\\/wp.kristdemokraterna.se\\\/sundbyberg\\\/vara-foretradare\\\/styrelsen\\\/#breadcrumb\",\"itemListElement\":[{\"@type\":\"ListItem\",\"position\":1,\"name\":\"Hem\",\"item\":\"https:\\\/\\\/wp.kristdemokraterna.se\\\/sundbyberg\\\/\"},{\"@type\":\"ListItem\",\"position\":2,\"name\":\"V\u00e5ra f\u00f6retr\u00e4dare\",\"item\":\"https:\\\/\\\/wp.kristdemokraterna.se\\\/sundbyberg\\\/vara-foretradare\\\/\"},{\"@type\":\"ListItem\",\"position\":3,\"name\":\"Styrelsen\"}]},{\"@type\":\"WebSite\",\"@id\":\"https:\\\/\\\/wp.kristdemokraterna.se\\\/sundbyberg\\\/#website\",\"url\":\"https:\\\/\\\/wp.kristdemokraterna.se\\\/sundbyberg\\\/\",\"name\":\"Sundbyberg\",\"description\":\"En till Kristdemokraterna webbplats\",\"inLanguage\":\"sv-SE\"}]}<\/script>\n<!-- \/ Yoast SEO plugin. -->","yoast_head_json":{"title":"Styrelsen - Sundbyberg","robots":{"index":"index","follow":"follow","max-snippet":"max-snippet:-1","max-image-preview":"max-image-preview:large","max-video-preview":"max-video-preview:-1"},"canonical":"https:\/\/wp.kristdemokraterna.se\/sundbyberg\/vara-foretradare\/styrelsen\/","og_locale":"sv_SE","og_type":"article","og_title":"Styrelsen - Sundbyberg","og_description":"Partiavdelningens styrelse best\u00e5r av: Ordf\u00f6rande &#8211; Maria Bohman Kreij Vice ordf\u00f6rande &#8211; Daniel Wistr\u00f6m Ledam\u00f6ter: Bengt Sj\u00f6holm Nicole Denuit Theodor Bj\u00f6rnblod Ers\u00e4ttare: Per Quant","og_url":"https:\/\/wp.kristdemokraterna.se\/sundbyberg\/vara-foretradare\/styrelsen\/","og_site_name":"Sundbyberg","article_modified_time":"2025-04-08T09:53:29+00:00","og_image":[{"width":768,"height":1024,"url":"https:\/\/wp.kristdemokraterna.se\/sundbyberg\/files\/2025\/04\/img_5779-768x1024.jpeg","type":"image\/jpeg"}],"twitter_card":"summary_large_image","twitter_misc":{"Ber\u00e4knad l\u00e4stid":"2 minuter"},"schema":{"@context":"https:\/\/schema.org","@graph":[{"@type":"WebPage","@id":"https:\/\/wp.kristdemokraterna.se\/sundbyberg\/vara-foretradare\/styrelsen\/","url":"https:\/\/wp.kristdemokraterna.se\/sundbyberg\/vara-foretradare\/styrelsen\/","name":"Styrelsen - Sundbyberg","isPartOf":{"@id":"https:\/\/wp.kristdemokraterna.se\/sundbyberg\/#website"},"primaryImageOfPage":{"@id":"https:\/\/wp.kristdemokraterna.se\/sundbyberg\/vara-foretradare\/styrelsen\/#primaryimage"},"image":{"@id":"https:\/\/wp.kristdemokraterna.se\/sundbyberg\/vara-foretradare\/styrelsen\/#primaryimage"},"thumbnailUrl":"http:\/\/wp.kristdemokraterna.se\/sundbyberg\/files\/2025\/04\/img_5779-225x300.jpeg","datePublished":"2021-03-18T09:21:54+00:00","dateModified":"2025-04-08T09:53:29+00:00","breadcrumb":{"@id":"https:\/\/wp.kristdemokraterna.se\/sundbyberg\/vara-foretradare\/styrelsen\/#breadcrumb"},"inLanguage":"sv-SE","potentialAction":[{"@type":"ReadAction","target":["https:\/\/wp.kristdemokraterna.se\/sundbyberg\/vara-foretradare\/styrelsen\/"]}]},{"@type":"ImageObject","inLanguage":"sv-SE","@id":"https:\/\/wp.kristdemokraterna.se\/sundbyberg\/vara-foretradare\/styrelsen\/#primaryimage","url":"https:\/\/wp.kristdemokraterna.se\/sundbyberg\/files\/2025\/04\/img_5779-scaled.jpeg","contentUrl":"https:\/\/wp.kristdemokraterna.se\/sundbyberg\/files\/2025\/04\/img_5779-scaled.jpeg","width":1920,"height":2560},{"@type":"BreadcrumbList","@id":"https:\/\/wp.kristdemokraterna.se\/sundbyberg\/vara-foretradare\/styrelsen\/#breadcrumb","itemListElement":[{"@type":"ListItem","position":1,"name":"Hem","item":"https:\/\/wp.kristdemokraterna.se\/sundbyberg\/"},{"@type":"ListItem","position":2,"name":"V\u00e5ra f\u00f6retr\u00e4dare","item":"https:\/\/wp.kristdemokraterna.se\/sundbyberg\/vara-foretradare\/"},{"@type":"ListItem","position":3,"name":"Styrelsen"}]},{"@type":"WebSite","@id":"https:\/\/wp.kristdemokraterna.se\/sundbyberg\/#website","url":"https:\/\/wp.kristdemokraterna.se\/sundbyberg\/","name":"Sundbyberg","description":"En till Kristdemokraterna webbplats","inLanguage":"sv-SE"}]}},"_links":{"self":[{"href":"https:\/\/wp.kristdemokraterna.se\/sundbyberg\/wp-json\/wp\/v2\/pages\/945","targetHints":{"allow":["GET"]}}],"collection":[{"href":"https:\/\/wp.kristdemokraterna.se\/sundbyberg\/wp-json\/wp\/v2\/pages"}],"about":[{"href":"https:\/\/wp.kristdemokraterna.se\/sundbyberg\/wp-json\/wp\/v2\/types\/page"}],"author":[{"embeddable":true,"href":"https:\/\/wp.kristdemokraterna.se\/sundbyberg\/wp-json\/wp\/v2\/users\/611"}],"replies":[{"embeddable":true,"href":"https:\/\/wp.kristdemokraterna.se\/sundbyberg\/wp-json\/wp\/v2\/comments?post=945"}],"version-history":[{"count":14,"href":"https:\/\/wp.kristdemokraterna.se\/sundbyberg\/wp-json\/wp\/v2\/pages\/945\/revisions"}],"predecessor-version":[{"id":1361,"href":"https:\/\/wp.kristdemokraterna.se\/sundbyberg\/wp-json\/wp\/v2\/pages\/945\/revisions\/1361"}],"up":[{"embeddable":true,"href":"https:\/\/wp.kristdemokraterna.se\/sundbyberg\/wp-json\/wp\/v2\/pages\/949"}],"wp:attachment":[{"href":"https:\/\/wp.kristdemokraterna.se\/sundbyberg\/wp-json\/wp\/v2\/media?parent=945"}],"curies":[{"name":"wp","href":"https:\/\/api.w.org\/{rel}","templated":true}]}}