{"id":32,"date":"2014-08-18T18:49:32","date_gmt":"2014-08-18T16:49:32","guid":{"rendered":"http:\/\/wp.kristdemokraterna.se\/svalov\/?page_id=32"},"modified":"2014-08-18T18:49:32","modified_gmt":"2014-08-18T16:49:32","slug":"var-lokalpolitik","status":"publish","type":"page","link":"https:\/\/wp.kristdemokraterna.se\/svalov\/var-lokalpolitik\/","title":{"rendered":"Politik"},"content":{"rendered":"<p style=\"text-align: center\"><strong>Kommunpolitiskt handlingsprogram<\/strong><\/p>\n<p style=\"text-align: center\"><strong>f\u00f6r Kristdemokraterna i Sval\u00f6vs kommun 2022-2026<\/strong><\/p>\n<p><strong>\u00a0<\/strong><\/p>\n<p><strong>F\u00f6rskola<\/strong><\/p>\n<ul>\n<li>Barngruppernas storlek i f\u00f6rskolan ska minska. Vi vill att barn som \u00e4r tre \u00e5r eller yngre inte ska beh\u00f6va tillh\u00f6ra grupper som \u00e4r st\u00f6rre \u00e4n tolv barn.<\/li>\n<li>Personal inom barnomsorg och f\u00f6rskola ska ges fortbildning f\u00f6r att tidigare uppt\u00e4cka tecken hos barn som far illa och f\u00f6r att ha kunskap om hur man till\u00e4mpar anm\u00e4lningsplikten.<\/li>\n<\/ul>\n<p><strong>Grundskolan<\/strong><\/p>\n<ul>\n<li>Kommunalt och enskilt drivna skolor ska ges likv\u00e4rdiga f\u00f6ruts\u00e4ttningar s\u00e5v\u00e4l ekonomiskt som verksamhetsm\u00e4ssigt.<\/li>\n<\/ul>\n<ul>\n<li>L\u00e4rarnas arbetstid ska ha fokus p\u00e5 mer undervisningstid.<\/li>\n<li>Skolorna ska ha kompetens att tidigt kunna uppt\u00e4cka barn i behov av s\u00e4rskilt st\u00f6d och ekonomiska medel f\u00f6r att s\u00e4tta in de st\u00f6dresurser som kr\u00e4vs i det enskilda fallet.<\/li>\n<li>L\u00e4rare och skolpersonal ska ges fortbildning f\u00f6r \u00f6kad kunskap kring psykisk oh\u00e4lsa och sj\u00e4lvmord.<\/li>\n<\/ul>\n<ul>\n<li>Nolltolerans ska g\u00e4lla mot s\u00e5v\u00e4l mobbning som annan kr\u00e4nkande behandling.<\/li>\n<\/ul>\n<ul>\n<li>Samarbete mellan skolor och polis b\u00f6r utvecklas, g\u00e4rna med en specifik polis som eleverna k\u00e4nner igen, knuten till varje skola.<\/li>\n<\/ul>\n<p><strong>\u00c4ldreomsorgen<\/strong><\/p>\n<ul>\n<li>\u00c4ldreomsorgen ska pr\u00e4glas av trygghet, v\u00e4rdighet och delaktighet<\/li>\n<li>H\u00f6g kvalitet, stor valfrihet och n\u00e4ringsriktig kost ska garanteras inom \u00e4ldreomsorgen.<\/li>\n<li>Palliativ och geriatrisk kompetens ska finnas p\u00e5 alla v\u00e5rdboenden, f\u00f6r att garantera alla en v\u00e4rdig v\u00e5rd i livets slutskede.<\/li>\n<li>All personal inom omsorgen som jobbar v\u00e5rdn\u00e4ra m\u00e5ste kunna kommunicera p\u00e5 god svenska.<\/li>\n<li>Det beh\u00f6ver byggas anpassade boenden s\u00e5som seniorboenden i varje kommundel.<\/li>\n<li>Varje person som fyllt 85 \u00e5r ska utan bist\u00e5ndsbed\u00f6mning garanteras plats i anpassat boende.<\/li>\n<li>Alla som fyllt 80 \u00e5r ska erbjudas hembes\u00f6k f\u00f6r att f\u00e5 information om det offentligas st\u00f6d, samt ges m\u00f6jlighet att framf\u00f6ra \u00f6nskem\u00e5l.<\/li>\n<li>F\u00f6renklad bist\u00e5ndsbed\u00f6mning ska g\u00e4lla f\u00f6r personer som fyllt 80 \u00e5r och som \u00f6nskar enklare serviceinsatser eller hush\u00e5llsn\u00e4ra tj\u00e4nster som st\u00e4dning, ink\u00f6p med mera.<\/li>\n<li>Antalet hemtj\u00e4nstpersonal per hemtj\u00e4nstmottagare ska inte vara fler \u00e4n att den enskilde kan l\u00e4ra k\u00e4nna alla.<\/li>\n<\/ul>\n<p><strong>Sociala insatser<\/strong><\/p>\n<ul>\n<li>Kommunen ska bedriva ett aktivt arbete f\u00f6r att motverka missbruk och beroendeproblematik. S\u00e4rskilt fokus ska l\u00e4ggas p\u00e5 barn och unga.<\/li>\n<li>Kommunen ska utveckla arbetet med att uppt\u00e4cka och f\u00f6rebygga v\u00e5ld i n\u00e4ra relationer liksom hedersrelaterat v\u00e5ld och f\u00f6rtryck.<\/li>\n<li>Det ska finnas tillg\u00e5ng till jourer som st\u00f6ttar kvinnor och m\u00e4n som uts\u00e4tts f\u00f6r v\u00e5ld i n\u00e4ra relationer.<\/li>\n<li>Det sociala arbetet ska ha fokus p\u00e5 att f\u00f6rebygga och hj\u00e4lpa personer att inte hamna i ett beroende av f\u00f6rs\u00f6rjningsst\u00f6d.<\/li>\n<\/ul>\n<p><strong>V\u00e5rd och st\u00f6d vid psykisk oh\u00e4lsa<\/strong><\/p>\n<ul>\n<li>Det ska finnas kuratorer tillg\u00e4ngliga i \u00e4ldreomsorgen f\u00f6r samtalsst\u00f6d till boende och anh\u00f6riga.<\/li>\n<li>En f\u00f6rst\u00e4rkt elevh\u00e4lsa och med elevh\u00e4lsogaranti ska inf\u00f6ras, d\u00e4r varje elev vid behov ska kunna n\u00e5 elevh\u00e4lsan.<\/li>\n<li>Barn- och ungdomspsykiatrins arbete mot sj\u00e4lvskadebeteende, sj\u00e4lvmordsf\u00f6rs\u00f6k och sj\u00e4lvmord hos barn och unga m\u00e5ste intensifieras. Detta arbete ska ske i samverkan med elevh\u00e4lsan.<\/li>\n<\/ul>\n<p><strong>Trygghet och s\u00e4kerhet<\/strong><\/p>\n<ul>\n<li>Bekymringssamtal, orosm\u00f6ten och liknande b\u00f6r erbjudas till personer som ing\u00e5r i kriminella strukturer.<\/li>\n<li>Trygghetsperspektivet ska vara en integrerad del i stadsbyggnadsarbetet.<\/li>\n<\/ul>\n<ul>\n<li>Personalen inom f\u00f6rskola, skola och socialtj\u00e4nst ska fortbildas f\u00f6r att kunna uppt\u00e4cka tecken p\u00e5 radikalisering och v\u00e5ldsbejakande extremism.<\/li>\n<\/ul>\n<p><strong>Integration och samh\u00e4llsgemenskap<\/strong><\/p>\n<ul>\n<li>SFI ska erbjudas \u00e4ven under f\u00f6r\u00e4ldraledighet, exempelvis genom \u201dSFI med baby\u201d.<\/li>\n<li>Kommunen ska uppmuntra och st\u00f6dja f\u00f6reningar som arbetar aktivt med att f\u00e5 med nyanl\u00e4nda i sina verksamheter.<\/li>\n<li>F\u00f6rs\u00f6rjningsst\u00f6d ska kombineras med aktivitetskrav.<\/li>\n<\/ul>\n<p><strong>Kultur och fritid<\/strong><\/p>\n<ul>\n<li>Kultur- och fritidspolitiken ska k\u00e4nnetecknas av m\u00e5ngfald och tillg\u00e4nglighet f\u00f6r alla och med aktiviteter i de olika kommundelarna.<\/li>\n<li>Personer med funktionsneds\u00e4ttning ska ha en sj\u00e4lvklar tillg\u00e5ng till kultur- och fritidsutbud i alla kommundelar.<\/li>\n<li>Musikskolan\/kulturskolan ska vara en prioriterad del i kommunens barn- och ungdomsverksamhet med ambitionen att fler barn och unga ska n\u00e5s av verksamheten och med l\u00e5ga avgifter.<\/li>\n<li>Platser som uppmuntrar till spontanidrott i kommunen \u00e4r viktiga och ska s\u00e4kerst\u00e4llas i all fysisk planering.<\/li>\n<\/ul>\n<p>&nbsp;<\/p>\n<ul>\n<li>Kommunen ska inte \u00f6verta f\u00f6reningars och enskildas ansvar eller uppgifter, utan i st\u00e4llet vara ett st\u00f6d d\u00e4r s\u00e5 beh\u00f6vs.<\/li>\n<\/ul>\n<p><strong>S\u00e5 bygger vi en attraktiv kommun<\/strong><\/p>\n<ul>\n<li>Kommunen ska alltid satsa p\u00e5 h\u00e5llbar utveckling s\u00e5v\u00e4l ur milj\u00f6- som klimatsynpunkt.<\/li>\n<li>Kommunen ska efterstr\u00e4va en blandning av olika uppl\u00e5telseformer och storlekar p\u00e5 bost\u00e4der d\u00e4r \u00e4ven sm\u00e5husbebyggelse skall ha en naturlig plats.<\/li>\n<li>Nya detaljplaner ska belysas ur ett gemenskaps- och trygghetsperspektiv.<\/li>\n<li>Kommunen ska planera f\u00f6r en h\u00e4lsofr\u00e4mjande n\u00e4rmilj\u00f6 som inneb\u00e4r n\u00e4rhet till gr\u00f6nomr\u00e5den.<\/li>\n<li>Utbyggnad och underh\u00e5ll av g\u00e5ng- och cykelv\u00e4gsn\u00e4tet liksom god kollektivtrafik ska vara prioriterat i kommunens infrastruktursatsningar.<\/li>\n<\/ul>\n<p><strong>Jobb och n\u00e4ringsliv<\/strong><\/p>\n<ul>\n<li>Kommunen ska ha en v\u00e4lkomnande attityd och skapa enkla kontaktv\u00e4gar gentemot n\u00e4ringslivet.<\/li>\n<li>Kommunen ska i samverkan med n\u00e4ringslivet intensifiera arbetet f\u00f6r att fler personer l\u00e5ngt fr\u00e5n arbetsmarknaden ska kunna f\u00e5 praktikplats.<\/li>\n<li>Kommunen ska g\u00f6ra det m\u00f6jligt f\u00f6r alla ungdomar mellan 15\u201318 \u00e5r att f\u00e5 ett feriejobb.<\/li>\n<\/ul>\n<p>&nbsp;<\/p>\n<p><img decoding=\"async\" class=\"aligncenter\" src=\"http:\/\/wp.kristdemokraterna.se\/svalov2\/files\/2024\/09\/kd-loggan.png\" \/><\/p>\n<p>&nbsp;<\/p>\n<p>&nbsp;<\/p>\n<p><strong>\u00a0<\/strong><\/p>\n<p>&nbsp;<\/p>\n<p>&nbsp;<\/p>\n<p>&nbsp;<\/p>\n<p><strong>\u00a0<\/strong><\/p>\n","protected":false},"excerpt":{"rendered":"<p>Kommunpolitiskt handlingsprogram f\u00f6r Kristdemokraterna i Sval\u00f6vs kommun 2022-2026 \u00a0 F\u00f6rskola Barngruppernas storlek i f\u00f6rskolan ska minska. Vi vill att barn som \u00e4r tre \u00e5r eller yngre inte ska beh\u00f6va tillh\u00f6ra grupper som \u00e4r st\u00f6rre \u00e4n tolv barn. Personal inom barnomsorg och f\u00f6rskola ska ges fortbildning f\u00f6r att tidigare uppt\u00e4cka tecken hos barn som far illa <a class=\"read-more-link\" href=\"https:\/\/wp.kristdemokraterna.se\/svalov\/var-lokalpolitik\/\">L\u00e4s mer<\/a><\/p>\n","protected":false},"author":2,"featured_media":1590,"parent":0,"menu_order":0,"comment_status":"closed","ping_status":"closed","template":"","meta":{"_acf_changed":false,"footnotes":""},"class_list":["post-32","page","type-page","status-publish","hentry"],"acf":[],"yoast_head":"<!-- This site is optimized with the Yoast SEO plugin v27.5 - https:\/\/yoast.com\/product\/yoast-seo-wordpress\/ -->\n<title>Politik - Kristdemokraterna - Sval\u00f6v<\/title>\n<meta name=\"robots\" content=\"index, follow, max-snippet:-1, max-image-preview:large, max-video-preview:-1\" \/>\n<link rel=\"canonical\" href=\"https:\/\/wp.kristdemokraterna.se\/svalov\/var-lokalpolitik\/\" \/>\n<meta property=\"og:locale\" content=\"sv_SE\" \/>\n<meta property=\"og:type\" content=\"article\" \/>\n<meta property=\"og:title\" content=\"Politik - Kristdemokraterna - Sval\u00f6v\" \/>\n<meta property=\"og:description\" content=\"Kommunpolitiskt handlingsprogram f\u00f6r Kristdemokraterna i Sval\u00f6vs kommun 2022-2026 \u00a0 F\u00f6rskola Barngruppernas storlek i f\u00f6rskolan ska minska. Vi vill att barn som \u00e4r tre \u00e5r eller yngre inte ska beh\u00f6va tillh\u00f6ra grupper som \u00e4r st\u00f6rre \u00e4n tolv barn. Personal inom barnomsorg och f\u00f6rskola ska ges fortbildning f\u00f6r att tidigare uppt\u00e4cka tecken hos barn som far illa L\u00e4s mer\" \/>\n<meta property=\"og:url\" content=\"https:\/\/wp.kristdemokraterna.se\/svalov\/var-lokalpolitik\/\" \/>\n<meta property=\"og:site_name\" content=\"Kristdemokraterna - Sval\u00f6v\" \/>\n<meta property=\"og:image\" content=\"http:\/\/wp.kristdemokraterna.se\/svalov\/files\/2024\/09\/kd-loggan.png\" \/>\n\t<meta property=\"og:image:width\" content=\"217\" \/>\n\t<meta property=\"og:image:height\" content=\"165\" \/>\n\t<meta property=\"og:image:type\" content=\"image\/png\" \/>\n<meta name=\"twitter:card\" content=\"summary_large_image\" \/>\n<meta name=\"twitter:label1\" content=\"Ber\u00e4knad l\u00e4stid\" \/>\n\t<meta name=\"twitter:data1\" content=\"5 minuter\" \/>\n<script type=\"application\/ld+json\" class=\"yoast-schema-graph\">{\"@context\":\"https:\\\/\\\/schema.org\",\"@graph\":[{\"@type\":\"WebPage\",\"@id\":\"https:\\\/\\\/wp.kristdemokraterna.se\\\/svalov\\\/var-lokalpolitik\\\/\",\"url\":\"https:\\\/\\\/wp.kristdemokraterna.se\\\/svalov\\\/var-lokalpolitik\\\/\",\"name\":\"Politik - Kristdemokraterna - Sval\u00f6v\",\"isPartOf\":{\"@id\":\"https:\\\/\\\/wp.kristdemokraterna.se\\\/svalov\\\/#website\"},\"primaryImageOfPage\":{\"@id\":\"https:\\\/\\\/wp.kristdemokraterna.se\\\/svalov\\\/var-lokalpolitik\\\/#primaryimage\"},\"image\":{\"@id\":\"https:\\\/\\\/wp.kristdemokraterna.se\\\/svalov\\\/var-lokalpolitik\\\/#primaryimage\"},\"thumbnailUrl\":\"https:\\\/\\\/wp.kristdemokraterna.se\\\/svalov\\\/files\\\/2024\\\/09\\\/kd-loggan.png\",\"datePublished\":\"2014-08-18T16:49:32+00:00\",\"breadcrumb\":{\"@id\":\"https:\\\/\\\/wp.kristdemokraterna.se\\\/svalov\\\/var-lokalpolitik\\\/#breadcrumb\"},\"inLanguage\":\"sv-SE\",\"potentialAction\":[{\"@type\":\"ReadAction\",\"target\":[\"https:\\\/\\\/wp.kristdemokraterna.se\\\/svalov\\\/var-lokalpolitik\\\/\"]}]},{\"@type\":\"ImageObject\",\"inLanguage\":\"sv-SE\",\"@id\":\"https:\\\/\\\/wp.kristdemokraterna.se\\\/svalov\\\/var-lokalpolitik\\\/#primaryimage\",\"url\":\"https:\\\/\\\/wp.kristdemokraterna.se\\\/svalov\\\/files\\\/2024\\\/09\\\/kd-loggan.png\",\"contentUrl\":\"https:\\\/\\\/wp.kristdemokraterna.se\\\/svalov\\\/files\\\/2024\\\/09\\\/kd-loggan.png\",\"width\":217,\"height\":165},{\"@type\":\"BreadcrumbList\",\"@id\":\"https:\\\/\\\/wp.kristdemokraterna.se\\\/svalov\\\/var-lokalpolitik\\\/#breadcrumb\",\"itemListElement\":[{\"@type\":\"ListItem\",\"position\":1,\"name\":\"Hem\",\"item\":\"https:\\\/\\\/wp.kristdemokraterna.se\\\/svalov\\\/\"},{\"@type\":\"ListItem\",\"position\":2,\"name\":\"Politik\"}]},{\"@type\":\"WebSite\",\"@id\":\"https:\\\/\\\/wp.kristdemokraterna.se\\\/svalov\\\/#website\",\"url\":\"https:\\\/\\\/wp.kristdemokraterna.se\\\/svalov\\\/\",\"name\":\"Kristdemokraterna - Sval\u00f6v\",\"description\":\"\",\"inLanguage\":\"sv-SE\"}]}<\/script>\n<!-- \/ Yoast SEO plugin. -->","yoast_head_json":{"title":"Politik - Kristdemokraterna - Sval\u00f6v","robots":{"index":"index","follow":"follow","max-snippet":"max-snippet:-1","max-image-preview":"max-image-preview:large","max-video-preview":"max-video-preview:-1"},"canonical":"https:\/\/wp.kristdemokraterna.se\/svalov\/var-lokalpolitik\/","og_locale":"sv_SE","og_type":"article","og_title":"Politik - Kristdemokraterna - Sval\u00f6v","og_description":"Kommunpolitiskt handlingsprogram f\u00f6r Kristdemokraterna i Sval\u00f6vs kommun 2022-2026 \u00a0 F\u00f6rskola Barngruppernas storlek i f\u00f6rskolan ska minska. Vi vill att barn som \u00e4r tre \u00e5r eller yngre inte ska beh\u00f6va tillh\u00f6ra grupper som \u00e4r st\u00f6rre \u00e4n tolv barn. Personal inom barnomsorg och f\u00f6rskola ska ges fortbildning f\u00f6r att tidigare uppt\u00e4cka tecken hos barn som far illa L\u00e4s mer","og_url":"https:\/\/wp.kristdemokraterna.se\/svalov\/var-lokalpolitik\/","og_site_name":"Kristdemokraterna - Sval\u00f6v","og_image":[{"width":217,"height":165,"url":"http:\/\/wp.kristdemokraterna.se\/svalov\/files\/2024\/09\/kd-loggan.png","type":"image\/png"}],"twitter_card":"summary_large_image","twitter_misc":{"Ber\u00e4knad l\u00e4stid":"5 minuter"},"schema":{"@context":"https:\/\/schema.org","@graph":[{"@type":"WebPage","@id":"https:\/\/wp.kristdemokraterna.se\/svalov\/var-lokalpolitik\/","url":"https:\/\/wp.kristdemokraterna.se\/svalov\/var-lokalpolitik\/","name":"Politik - Kristdemokraterna - Sval\u00f6v","isPartOf":{"@id":"https:\/\/wp.kristdemokraterna.se\/svalov\/#website"},"primaryImageOfPage":{"@id":"https:\/\/wp.kristdemokraterna.se\/svalov\/var-lokalpolitik\/#primaryimage"},"image":{"@id":"https:\/\/wp.kristdemokraterna.se\/svalov\/var-lokalpolitik\/#primaryimage"},"thumbnailUrl":"https:\/\/wp.kristdemokraterna.se\/svalov\/files\/2024\/09\/kd-loggan.png","datePublished":"2014-08-18T16:49:32+00:00","breadcrumb":{"@id":"https:\/\/wp.kristdemokraterna.se\/svalov\/var-lokalpolitik\/#breadcrumb"},"inLanguage":"sv-SE","potentialAction":[{"@type":"ReadAction","target":["https:\/\/wp.kristdemokraterna.se\/svalov\/var-lokalpolitik\/"]}]},{"@type":"ImageObject","inLanguage":"sv-SE","@id":"https:\/\/wp.kristdemokraterna.se\/svalov\/var-lokalpolitik\/#primaryimage","url":"https:\/\/wp.kristdemokraterna.se\/svalov\/files\/2024\/09\/kd-loggan.png","contentUrl":"https:\/\/wp.kristdemokraterna.se\/svalov\/files\/2024\/09\/kd-loggan.png","width":217,"height":165},{"@type":"BreadcrumbList","@id":"https:\/\/wp.kristdemokraterna.se\/svalov\/var-lokalpolitik\/#breadcrumb","itemListElement":[{"@type":"ListItem","position":1,"name":"Hem","item":"https:\/\/wp.kristdemokraterna.se\/svalov\/"},{"@type":"ListItem","position":2,"name":"Politik"}]},{"@type":"WebSite","@id":"https:\/\/wp.kristdemokraterna.se\/svalov\/#website","url":"https:\/\/wp.kristdemokraterna.se\/svalov\/","name":"Kristdemokraterna - Sval\u00f6v","description":"","inLanguage":"sv-SE"}]}},"_links":{"self":[{"href":"https:\/\/wp.kristdemokraterna.se\/svalov\/wp-json\/wp\/v2\/pages\/32","targetHints":{"allow":["GET"]}}],"collection":[{"href":"https:\/\/wp.kristdemokraterna.se\/svalov\/wp-json\/wp\/v2\/pages"}],"about":[{"href":"https:\/\/wp.kristdemokraterna.se\/svalov\/wp-json\/wp\/v2\/types\/page"}],"author":[{"embeddable":true,"href":"https:\/\/wp.kristdemokraterna.se\/svalov\/wp-json\/wp\/v2\/users\/2"}],"replies":[{"embeddable":true,"href":"https:\/\/wp.kristdemokraterna.se\/svalov\/wp-json\/wp\/v2\/comments?post=32"}],"version-history":[{"count":0,"href":"https:\/\/wp.kristdemokraterna.se\/svalov\/wp-json\/wp\/v2\/pages\/32\/revisions"}],"wp:featuredmedia":[{"embeddable":true,"href":"https:\/\/wp.kristdemokraterna.se\/svalov\/wp-json\/wp\/v2\/media\/1590"}],"wp:attachment":[{"href":"https:\/\/wp.kristdemokraterna.se\/svalov\/wp-json\/wp\/v2\/media?parent=32"}],"curies":[{"name":"wp","href":"https:\/\/api.w.org\/{rel}","templated":true}]}}