{"id":361,"date":"2017-12-04T16:09:00","date_gmt":"2017-12-04T15:09:00","guid":{"rendered":"http:\/\/wp.kristdemokraterna.se\/svalov2\/?page_id=361"},"modified":"2017-12-04T16:10:03","modified_gmt":"2017-12-04T15:10:03","slug":"arsmote","status":"publish","type":"page","link":"https:\/\/wp.kristdemokraterna.se\/svalov\/textsida-med-vanster-sidebar\/arsmote\/","title":{"rendered":"\u00c5rsm\u00f6te"},"content":{"rendered":"<p><a href=\"http:\/\/wp.kristdemokraterna.se\/svalov2\/files\/2016\/11\/foretag_ej_logga.jpg\"><img loading=\"lazy\" decoding=\"async\" class=\"alignnone size-thumbnail wp-image-147\" src=\"http:\/\/wp.kristdemokraterna.se\/svalov2\/files\/2016\/11\/foretag_ej_logga-150x150.jpg\" alt=\"\" width=\"150\" height=\"150\" \/><\/a><\/p>\n<p>\u00c5rsm\u00f6ter f\u00f6r alla medlemmar i partiavdelningen sker den<\/p>\n","protected":false},"excerpt":{"rendered":"<p>\u00c5rsm\u00f6ter f\u00f6r alla medlemmar i partiavdelningen sker den<\/p>\n","protected":false},"author":2,"featured_media":0,"parent":269,"menu_order":0,"comment_status":"closed","ping_status":"closed","template":"page.php","meta":{"_acf_changed":false,"footnotes":""},"class_list":["post-361","page","type-page","status-publish","hentry"],"acf":[],"yoast_head":"<!-- This site is optimized with the Yoast SEO plugin v27.3 - https:\/\/yoast.com\/product\/yoast-seo-wordpress\/ -->\n<title>\u00c5rsm\u00f6te - Kristdemokraterna - Sval\u00f6v<\/title>\n<meta name=\"robots\" content=\"index, follow, max-snippet:-1, max-image-preview:large, max-video-preview:-1\" \/>\n<link rel=\"canonical\" href=\"https:\/\/wp.kristdemokraterna.se\/svalov\/textsida-med-vanster-sidebar\/arsmote\/\" \/>\n<meta property=\"og:locale\" content=\"sv_SE\" \/>\n<meta property=\"og:type\" content=\"article\" \/>\n<meta property=\"og:title\" content=\"\u00c5rsm\u00f6te - Kristdemokraterna - Sval\u00f6v\" \/>\n<meta property=\"og:description\" content=\"\u00c5rsm\u00f6ter f\u00f6r alla medlemmar i partiavdelningen sker den\" \/>\n<meta property=\"og:url\" content=\"https:\/\/wp.kristdemokraterna.se\/svalov\/textsida-med-vanster-sidebar\/arsmote\/\" \/>\n<meta property=\"og:site_name\" content=\"Kristdemokraterna - Sval\u00f6v\" \/>\n<meta property=\"article:modified_time\" content=\"2017-12-04T15:10:03+00:00\" \/>\n<meta property=\"og:image\" content=\"http:\/\/wp.kristdemokraterna.se\/svalov2\/files\/2016\/11\/foretag_ej_logga-150x150.jpg\" \/>\n<meta name=\"twitter:card\" content=\"summary_large_image\" \/>\n<script type=\"application\/ld+json\" class=\"yoast-schema-graph\">{\"@context\":\"https:\\\/\\\/schema.org\",\"@graph\":[{\"@type\":\"WebPage\",\"@id\":\"https:\\\/\\\/wp.kristdemokraterna.se\\\/svalov\\\/textsida-med-vanster-sidebar\\\/arsmote\\\/\",\"url\":\"https:\\\/\\\/wp.kristdemokraterna.se\\\/svalov\\\/textsida-med-vanster-sidebar\\\/arsmote\\\/\",\"name\":\"\u00c5rsm\u00f6te - Kristdemokraterna - Sval\u00f6v\",\"isPartOf\":{\"@id\":\"https:\\\/\\\/wp.kristdemokraterna.se\\\/svalov\\\/#website\"},\"primaryImageOfPage\":{\"@id\":\"https:\\\/\\\/wp.kristdemokraterna.se\\\/svalov\\\/textsida-med-vanster-sidebar\\\/arsmote\\\/#primaryimage\"},\"image\":{\"@id\":\"https:\\\/\\\/wp.kristdemokraterna.se\\\/svalov\\\/textsida-med-vanster-sidebar\\\/arsmote\\\/#primaryimage\"},\"thumbnailUrl\":\"http:\\\/\\\/wp.kristdemokraterna.se\\\/svalov2\\\/files\\\/2016\\\/11\\\/foretag_ej_logga-150x150.jpg\",\"datePublished\":\"2017-12-04T15:09:00+00:00\",\"dateModified\":\"2017-12-04T15:10:03+00:00\",\"breadcrumb\":{\"@id\":\"https:\\\/\\\/wp.kristdemokraterna.se\\\/svalov\\\/textsida-med-vanster-sidebar\\\/arsmote\\\/#breadcrumb\"},\"inLanguage\":\"sv-SE\",\"potentialAction\":[{\"@type\":\"ReadAction\",\"target\":[\"https:\\\/\\\/wp.kristdemokraterna.se\\\/svalov\\\/textsida-med-vanster-sidebar\\\/arsmote\\\/\"]}]},{\"@type\":\"ImageObject\",\"inLanguage\":\"sv-SE\",\"@id\":\"https:\\\/\\\/wp.kristdemokraterna.se\\\/svalov\\\/textsida-med-vanster-sidebar\\\/arsmote\\\/#primaryimage\",\"url\":\"https:\\\/\\\/wp.kristdemokraterna.se\\\/svalov\\\/files\\\/2016\\\/11\\\/foretag_ej_logga.jpg\",\"contentUrl\":\"https:\\\/\\\/wp.kristdemokraterna.se\\\/svalov\\\/files\\\/2016\\\/11\\\/foretag_ej_logga.jpg\",\"width\":478,\"height\":262},{\"@type\":\"BreadcrumbList\",\"@id\":\"https:\\\/\\\/wp.kristdemokraterna.se\\\/svalov\\\/textsida-med-vanster-sidebar\\\/arsmote\\\/#breadcrumb\",\"itemListElement\":[{\"@type\":\"ListItem\",\"position\":1,\"name\":\"Hem\",\"item\":\"https:\\\/\\\/wp.kristdemokraterna.se\\\/svalov\\\/\"},{\"@type\":\"ListItem\",\"position\":2,\"name\":\"V\u00e5r partiavdelning\",\"item\":\"https:\\\/\\\/wp.kristdemokraterna.se\\\/svalov\\\/textsida-med-vanster-sidebar\\\/\"},{\"@type\":\"ListItem\",\"position\":3,\"name\":\"\u00c5rsm\u00f6te\"}]},{\"@type\":\"WebSite\",\"@id\":\"https:\\\/\\\/wp.kristdemokraterna.se\\\/svalov\\\/#website\",\"url\":\"https:\\\/\\\/wp.kristdemokraterna.se\\\/svalov\\\/\",\"name\":\"Kristdemokraterna - Sval\u00f6v\",\"description\":\"\",\"inLanguage\":\"sv-SE\"}]}<\/script>\n<!-- \/ Yoast SEO plugin. -->","yoast_head_json":{"title":"\u00c5rsm\u00f6te - Kristdemokraterna - Sval\u00f6v","robots":{"index":"index","follow":"follow","max-snippet":"max-snippet:-1","max-image-preview":"max-image-preview:large","max-video-preview":"max-video-preview:-1"},"canonical":"https:\/\/wp.kristdemokraterna.se\/svalov\/textsida-med-vanster-sidebar\/arsmote\/","og_locale":"sv_SE","og_type":"article","og_title":"\u00c5rsm\u00f6te - Kristdemokraterna - Sval\u00f6v","og_description":"\u00c5rsm\u00f6ter f\u00f6r alla medlemmar i partiavdelningen sker den","og_url":"https:\/\/wp.kristdemokraterna.se\/svalov\/textsida-med-vanster-sidebar\/arsmote\/","og_site_name":"Kristdemokraterna - Sval\u00f6v","article_modified_time":"2017-12-04T15:10:03+00:00","og_image":[{"url":"http:\/\/wp.kristdemokraterna.se\/svalov2\/files\/2016\/11\/foretag_ej_logga-150x150.jpg","type":"","width":"","height":""}],"twitter_card":"summary_large_image","schema":{"@context":"https:\/\/schema.org","@graph":[{"@type":"WebPage","@id":"https:\/\/wp.kristdemokraterna.se\/svalov\/textsida-med-vanster-sidebar\/arsmote\/","url":"https:\/\/wp.kristdemokraterna.se\/svalov\/textsida-med-vanster-sidebar\/arsmote\/","name":"\u00c5rsm\u00f6te - Kristdemokraterna - Sval\u00f6v","isPartOf":{"@id":"https:\/\/wp.kristdemokraterna.se\/svalov\/#website"},"primaryImageOfPage":{"@id":"https:\/\/wp.kristdemokraterna.se\/svalov\/textsida-med-vanster-sidebar\/arsmote\/#primaryimage"},"image":{"@id":"https:\/\/wp.kristdemokraterna.se\/svalov\/textsida-med-vanster-sidebar\/arsmote\/#primaryimage"},"thumbnailUrl":"http:\/\/wp.kristdemokraterna.se\/svalov2\/files\/2016\/11\/foretag_ej_logga-150x150.jpg","datePublished":"2017-12-04T15:09:00+00:00","dateModified":"2017-12-04T15:10:03+00:00","breadcrumb":{"@id":"https:\/\/wp.kristdemokraterna.se\/svalov\/textsida-med-vanster-sidebar\/arsmote\/#breadcrumb"},"inLanguage":"sv-SE","potentialAction":[{"@type":"ReadAction","target":["https:\/\/wp.kristdemokraterna.se\/svalov\/textsida-med-vanster-sidebar\/arsmote\/"]}]},{"@type":"ImageObject","inLanguage":"sv-SE","@id":"https:\/\/wp.kristdemokraterna.se\/svalov\/textsida-med-vanster-sidebar\/arsmote\/#primaryimage","url":"https:\/\/wp.kristdemokraterna.se\/svalov\/files\/2016\/11\/foretag_ej_logga.jpg","contentUrl":"https:\/\/wp.kristdemokraterna.se\/svalov\/files\/2016\/11\/foretag_ej_logga.jpg","width":478,"height":262},{"@type":"BreadcrumbList","@id":"https:\/\/wp.kristdemokraterna.se\/svalov\/textsida-med-vanster-sidebar\/arsmote\/#breadcrumb","itemListElement":[{"@type":"ListItem","position":1,"name":"Hem","item":"https:\/\/wp.kristdemokraterna.se\/svalov\/"},{"@type":"ListItem","position":2,"name":"V\u00e5r partiavdelning","item":"https:\/\/wp.kristdemokraterna.se\/svalov\/textsida-med-vanster-sidebar\/"},{"@type":"ListItem","position":3,"name":"\u00c5rsm\u00f6te"}]},{"@type":"WebSite","@id":"https:\/\/wp.kristdemokraterna.se\/svalov\/#website","url":"https:\/\/wp.kristdemokraterna.se\/svalov\/","name":"Kristdemokraterna - Sval\u00f6v","description":"","inLanguage":"sv-SE"}]}},"_links":{"self":[{"href":"https:\/\/wp.kristdemokraterna.se\/svalov\/wp-json\/wp\/v2\/pages\/361","targetHints":{"allow":["GET"]}}],"collection":[{"href":"https:\/\/wp.kristdemokraterna.se\/svalov\/wp-json\/wp\/v2\/pages"}],"about":[{"href":"https:\/\/wp.kristdemokraterna.se\/svalov\/wp-json\/wp\/v2\/types\/page"}],"author":[{"embeddable":true,"href":"https:\/\/wp.kristdemokraterna.se\/svalov\/wp-json\/wp\/v2\/users\/2"}],"replies":[{"embeddable":true,"href":"https:\/\/wp.kristdemokraterna.se\/svalov\/wp-json\/wp\/v2\/comments?post=361"}],"version-history":[{"count":1,"href":"https:\/\/wp.kristdemokraterna.se\/svalov\/wp-json\/wp\/v2\/pages\/361\/revisions"}],"predecessor-version":[{"id":362,"href":"https:\/\/wp.kristdemokraterna.se\/svalov\/wp-json\/wp\/v2\/pages\/361\/revisions\/362"}],"up":[{"embeddable":true,"href":"https:\/\/wp.kristdemokraterna.se\/svalov\/wp-json\/wp\/v2\/pages\/269"}],"wp:attachment":[{"href":"https:\/\/wp.kristdemokraterna.se\/svalov\/wp-json\/wp\/v2\/media?parent=361"}],"curies":[{"name":"wp","href":"https:\/\/api.w.org\/{rel}","templated":true}]}}