{"id":7,"date":"2012-11-24T04:38:42","date_gmt":"2012-11-24T04:38:42","guid":{"rendered":"http:\/\/wpskane.kristdemokraterna.se\/svalov\/?page_id=7"},"modified":"2012-11-24T04:38:42","modified_gmt":"2012-11-24T04:38:42","slug":"styrelsen","status":"publish","type":"page","link":"https:\/\/wp.kristdemokraterna.se\/svalov\/styrelsen\/","title":{"rendered":"Styrelsen"},"content":{"rendered":"<p>Aase J\u00f6nsson, ordf\u00f6rande<\/p>\n<p>\u00c5ke Jonsson, vice ordf\u00f6rande<\/p>\n<p>Karl-Erik Karlsson, sekreterare<\/p>\n<p>Lars Kristensson, kass\u00f6r<\/p>\n<p>Marie Dahlstr\u00f6m, styrelseledamot<\/p>\n<p>Christer Laurell, ers\u00e4ttare i styrelsen<\/p>\n<p>Felicia Dahlstr\u00f6m, ers\u00e4ttare i styrelsen<\/p>\n","protected":false},"excerpt":{"rendered":"<p>Aase J\u00f6nsson, ordf\u00f6rande \u00c5ke Jonsson, vice ordf\u00f6rande Karl-Erik Karlsson, sekreterare Lars Kristensson, kass\u00f6r Marie Dahlstr\u00f6m, styrelseledamot Christer Laurell, ers\u00e4ttare i styrelsen Felicia Dahlstr\u00f6m, ers\u00e4ttare i styrelsen<\/p>\n","protected":false},"author":2,"featured_media":0,"parent":0,"menu_order":0,"comment_status":"closed","ping_status":"closed","template":"","meta":{"_acf_changed":false,"footnotes":""},"class_list":["post-7","page","type-page","status-publish","hentry"],"acf":[],"yoast_head":"<!-- This site is optimized with the Yoast SEO plugin v27.3 - https:\/\/yoast.com\/product\/yoast-seo-wordpress\/ -->\n<title>Styrelsen - Kristdemokraterna - Sval\u00f6v<\/title>\n<meta name=\"robots\" content=\"index, follow, max-snippet:-1, max-image-preview:large, max-video-preview:-1\" \/>\n<link rel=\"canonical\" href=\"https:\/\/wp.kristdemokraterna.se\/svalov\/styrelsen\/\" \/>\n<meta property=\"og:locale\" content=\"sv_SE\" \/>\n<meta property=\"og:type\" content=\"article\" \/>\n<meta property=\"og:title\" content=\"Styrelsen - Kristdemokraterna - Sval\u00f6v\" \/>\n<meta property=\"og:description\" content=\"Aase J\u00f6nsson, ordf\u00f6rande \u00c5ke Jonsson, vice ordf\u00f6rande Karl-Erik Karlsson, sekreterare Lars Kristensson, kass\u00f6r Marie Dahlstr\u00f6m, styrelseledamot Christer Laurell, ers\u00e4ttare i styrelsen Felicia Dahlstr\u00f6m, ers\u00e4ttare i styrelsen\" \/>\n<meta property=\"og:url\" content=\"https:\/\/wp.kristdemokraterna.se\/svalov\/styrelsen\/\" \/>\n<meta property=\"og:site_name\" content=\"Kristdemokraterna - Sval\u00f6v\" \/>\n<meta name=\"twitter:card\" content=\"summary_large_image\" \/>\n<meta name=\"twitter:label1\" content=\"Ber\u00e4knad l\u00e4stid\" \/>\n\t<meta name=\"twitter:data1\" content=\"1 minut\" \/>\n<script type=\"application\/ld+json\" class=\"yoast-schema-graph\">{\"@context\":\"https:\\\/\\\/schema.org\",\"@graph\":[{\"@type\":\"WebPage\",\"@id\":\"https:\\\/\\\/wp.kristdemokraterna.se\\\/svalov\\\/styrelsen\\\/\",\"url\":\"https:\\\/\\\/wp.kristdemokraterna.se\\\/svalov\\\/styrelsen\\\/\",\"name\":\"Styrelsen - Kristdemokraterna - Sval\u00f6v\",\"isPartOf\":{\"@id\":\"https:\\\/\\\/wp.kristdemokraterna.se\\\/svalov\\\/#website\"},\"datePublished\":\"2012-11-24T04:38:42+00:00\",\"breadcrumb\":{\"@id\":\"https:\\\/\\\/wp.kristdemokraterna.se\\\/svalov\\\/styrelsen\\\/#breadcrumb\"},\"inLanguage\":\"sv-SE\",\"potentialAction\":[{\"@type\":\"ReadAction\",\"target\":[\"https:\\\/\\\/wp.kristdemokraterna.se\\\/svalov\\\/styrelsen\\\/\"]}]},{\"@type\":\"BreadcrumbList\",\"@id\":\"https:\\\/\\\/wp.kristdemokraterna.se\\\/svalov\\\/styrelsen\\\/#breadcrumb\",\"itemListElement\":[{\"@type\":\"ListItem\",\"position\":1,\"name\":\"Hem\",\"item\":\"https:\\\/\\\/wp.kristdemokraterna.se\\\/svalov\\\/\"},{\"@type\":\"ListItem\",\"position\":2,\"name\":\"Styrelsen\"}]},{\"@type\":\"WebSite\",\"@id\":\"https:\\\/\\\/wp.kristdemokraterna.se\\\/svalov\\\/#website\",\"url\":\"https:\\\/\\\/wp.kristdemokraterna.se\\\/svalov\\\/\",\"name\":\"Kristdemokraterna - Sval\u00f6v\",\"description\":\"\",\"inLanguage\":\"sv-SE\"}]}<\/script>\n<!-- \/ Yoast SEO plugin. -->","yoast_head_json":{"title":"Styrelsen - Kristdemokraterna - Sval\u00f6v","robots":{"index":"index","follow":"follow","max-snippet":"max-snippet:-1","max-image-preview":"max-image-preview:large","max-video-preview":"max-video-preview:-1"},"canonical":"https:\/\/wp.kristdemokraterna.se\/svalov\/styrelsen\/","og_locale":"sv_SE","og_type":"article","og_title":"Styrelsen - Kristdemokraterna - Sval\u00f6v","og_description":"Aase J\u00f6nsson, ordf\u00f6rande \u00c5ke Jonsson, vice ordf\u00f6rande Karl-Erik Karlsson, sekreterare Lars Kristensson, kass\u00f6r Marie Dahlstr\u00f6m, styrelseledamot Christer Laurell, ers\u00e4ttare i styrelsen Felicia Dahlstr\u00f6m, ers\u00e4ttare i styrelsen","og_url":"https:\/\/wp.kristdemokraterna.se\/svalov\/styrelsen\/","og_site_name":"Kristdemokraterna - Sval\u00f6v","twitter_card":"summary_large_image","twitter_misc":{"Ber\u00e4knad l\u00e4stid":"1 minut"},"schema":{"@context":"https:\/\/schema.org","@graph":[{"@type":"WebPage","@id":"https:\/\/wp.kristdemokraterna.se\/svalov\/styrelsen\/","url":"https:\/\/wp.kristdemokraterna.se\/svalov\/styrelsen\/","name":"Styrelsen - Kristdemokraterna - Sval\u00f6v","isPartOf":{"@id":"https:\/\/wp.kristdemokraterna.se\/svalov\/#website"},"datePublished":"2012-11-24T04:38:42+00:00","breadcrumb":{"@id":"https:\/\/wp.kristdemokraterna.se\/svalov\/styrelsen\/#breadcrumb"},"inLanguage":"sv-SE","potentialAction":[{"@type":"ReadAction","target":["https:\/\/wp.kristdemokraterna.se\/svalov\/styrelsen\/"]}]},{"@type":"BreadcrumbList","@id":"https:\/\/wp.kristdemokraterna.se\/svalov\/styrelsen\/#breadcrumb","itemListElement":[{"@type":"ListItem","position":1,"name":"Hem","item":"https:\/\/wp.kristdemokraterna.se\/svalov\/"},{"@type":"ListItem","position":2,"name":"Styrelsen"}]},{"@type":"WebSite","@id":"https:\/\/wp.kristdemokraterna.se\/svalov\/#website","url":"https:\/\/wp.kristdemokraterna.se\/svalov\/","name":"Kristdemokraterna - Sval\u00f6v","description":"","inLanguage":"sv-SE"}]}},"_links":{"self":[{"href":"https:\/\/wp.kristdemokraterna.se\/svalov\/wp-json\/wp\/v2\/pages\/7","targetHints":{"allow":["GET"]}}],"collection":[{"href":"https:\/\/wp.kristdemokraterna.se\/svalov\/wp-json\/wp\/v2\/pages"}],"about":[{"href":"https:\/\/wp.kristdemokraterna.se\/svalov\/wp-json\/wp\/v2\/types\/page"}],"author":[{"embeddable":true,"href":"https:\/\/wp.kristdemokraterna.se\/svalov\/wp-json\/wp\/v2\/users\/2"}],"replies":[{"embeddable":true,"href":"https:\/\/wp.kristdemokraterna.se\/svalov\/wp-json\/wp\/v2\/comments?post=7"}],"version-history":[{"count":0,"href":"https:\/\/wp.kristdemokraterna.se\/svalov\/wp-json\/wp\/v2\/pages\/7\/revisions"}],"wp:attachment":[{"href":"https:\/\/wp.kristdemokraterna.se\/svalov\/wp-json\/wp\/v2\/media?parent=7"}],"curies":[{"name":"wp","href":"https:\/\/api.w.org\/{rel}","templated":true}]}}