{"id":954,"date":"2021-09-21T22:01:11","date_gmt":"2021-09-21T20:01:11","guid":{"rendered":"https:\/\/wp.kristdemokraterna.se\/svalov\/?page_id=954"},"modified":"2021-09-21T22:01:11","modified_gmt":"2021-09-21T20:01:11","slug":"bli-medlem-i-kd","status":"publish","type":"page","link":"https:\/\/wp.kristdemokraterna.se\/svalov\/bli-medlem-i-kd\/","title":{"rendered":"Bli medlem i KD"},"content":{"rendered":"<p>Hej och v\u00e4lkommen till KD Sval\u00f6v!<\/p>\n<p>Vad roligt att \u00e4ven du vill bli medlem hos oss.<\/p>\n<p>Tryck p\u00e5 l\u00e4nken nedan och f\u00f6lj sedan informationen i det enkla formul\u00e4ret.<\/p>\n<p><a href=\"https:\/\/kristdemokraterna.se\/engagera-dig\/bli-medlem\">https:\/\/kristdemokraterna.se\/engagera-dig\/bli-medlem<\/a><\/p>\n<p>&nbsp;<\/p>\n<p>Varma h\u00e4lsningar<br \/>\nStyrelsen<\/p>\n","protected":false},"excerpt":{"rendered":"<p>Hej och v\u00e4lkommen till KD Sval\u00f6v! Vad roligt att \u00e4ven du vill bli medlem hos oss. Tryck p\u00e5 l\u00e4nken nedan och f\u00f6lj sedan informationen i det enkla formul\u00e4ret. https:\/\/kristdemokraterna.se\/engagera-dig\/bli-medlem &nbsp; Varma h\u00e4lsningar Styrelsen<\/p>\n","protected":false},"author":2,"featured_media":0,"parent":0,"menu_order":0,"comment_status":"closed","ping_status":"closed","template":"","meta":{"_acf_changed":false,"footnotes":""},"class_list":["post-954","page","type-page","status-publish","hentry"],"acf":[],"yoast_head":"<!-- This site is optimized with the Yoast SEO plugin v27.3 - https:\/\/yoast.com\/product\/yoast-seo-wordpress\/ -->\n<title>Bli medlem i KD - Kristdemokraterna - Sval\u00f6v<\/title>\n<meta name=\"robots\" content=\"index, follow, max-snippet:-1, max-image-preview:large, max-video-preview:-1\" \/>\n<link rel=\"canonical\" href=\"https:\/\/wp.kristdemokraterna.se\/svalov\/bli-medlem-i-kd\/\" \/>\n<meta property=\"og:locale\" content=\"sv_SE\" \/>\n<meta property=\"og:type\" content=\"article\" \/>\n<meta property=\"og:title\" content=\"Bli medlem i KD - Kristdemokraterna - Sval\u00f6v\" \/>\n<meta property=\"og:description\" content=\"Hej och v\u00e4lkommen till KD Sval\u00f6v! Vad roligt att \u00e4ven du vill bli medlem hos oss. Tryck p\u00e5 l\u00e4nken nedan och f\u00f6lj sedan informationen i det enkla formul\u00e4ret. https:\/\/kristdemokraterna.se\/engagera-dig\/bli-medlem &nbsp; Varma h\u00e4lsningar Styrelsen\" \/>\n<meta property=\"og:url\" content=\"https:\/\/wp.kristdemokraterna.se\/svalov\/bli-medlem-i-kd\/\" \/>\n<meta property=\"og:site_name\" content=\"Kristdemokraterna - Sval\u00f6v\" \/>\n<meta name=\"twitter:card\" content=\"summary_large_image\" \/>\n<meta name=\"twitter:label1\" content=\"Ber\u00e4knad l\u00e4stid\" \/>\n\t<meta name=\"twitter:data1\" content=\"1 minut\" \/>\n<script type=\"application\/ld+json\" class=\"yoast-schema-graph\">{\"@context\":\"https:\\\/\\\/schema.org\",\"@graph\":[{\"@type\":\"WebPage\",\"@id\":\"https:\\\/\\\/wp.kristdemokraterna.se\\\/svalov\\\/bli-medlem-i-kd\\\/\",\"url\":\"https:\\\/\\\/wp.kristdemokraterna.se\\\/svalov\\\/bli-medlem-i-kd\\\/\",\"name\":\"Bli medlem i KD - Kristdemokraterna - Sval\u00f6v\",\"isPartOf\":{\"@id\":\"https:\\\/\\\/wp.kristdemokraterna.se\\\/svalov\\\/#website\"},\"datePublished\":\"2021-09-21T20:01:11+00:00\",\"breadcrumb\":{\"@id\":\"https:\\\/\\\/wp.kristdemokraterna.se\\\/svalov\\\/bli-medlem-i-kd\\\/#breadcrumb\"},\"inLanguage\":\"sv-SE\",\"potentialAction\":[{\"@type\":\"ReadAction\",\"target\":[\"https:\\\/\\\/wp.kristdemokraterna.se\\\/svalov\\\/bli-medlem-i-kd\\\/\"]}]},{\"@type\":\"BreadcrumbList\",\"@id\":\"https:\\\/\\\/wp.kristdemokraterna.se\\\/svalov\\\/bli-medlem-i-kd\\\/#breadcrumb\",\"itemListElement\":[{\"@type\":\"ListItem\",\"position\":1,\"name\":\"Hem\",\"item\":\"https:\\\/\\\/wp.kristdemokraterna.se\\\/svalov\\\/\"},{\"@type\":\"ListItem\",\"position\":2,\"name\":\"Bli medlem i KD\"}]},{\"@type\":\"WebSite\",\"@id\":\"https:\\\/\\\/wp.kristdemokraterna.se\\\/svalov\\\/#website\",\"url\":\"https:\\\/\\\/wp.kristdemokraterna.se\\\/svalov\\\/\",\"name\":\"Kristdemokraterna - Sval\u00f6v\",\"description\":\"\",\"inLanguage\":\"sv-SE\"}]}<\/script>\n<!-- \/ Yoast SEO plugin. -->","yoast_head_json":{"title":"Bli medlem i KD - Kristdemokraterna - Sval\u00f6v","robots":{"index":"index","follow":"follow","max-snippet":"max-snippet:-1","max-image-preview":"max-image-preview:large","max-video-preview":"max-video-preview:-1"},"canonical":"https:\/\/wp.kristdemokraterna.se\/svalov\/bli-medlem-i-kd\/","og_locale":"sv_SE","og_type":"article","og_title":"Bli medlem i KD - Kristdemokraterna - Sval\u00f6v","og_description":"Hej och v\u00e4lkommen till KD Sval\u00f6v! Vad roligt att \u00e4ven du vill bli medlem hos oss. Tryck p\u00e5 l\u00e4nken nedan och f\u00f6lj sedan informationen i det enkla formul\u00e4ret. https:\/\/kristdemokraterna.se\/engagera-dig\/bli-medlem &nbsp; Varma h\u00e4lsningar Styrelsen","og_url":"https:\/\/wp.kristdemokraterna.se\/svalov\/bli-medlem-i-kd\/","og_site_name":"Kristdemokraterna - Sval\u00f6v","twitter_card":"summary_large_image","twitter_misc":{"Ber\u00e4knad l\u00e4stid":"1 minut"},"schema":{"@context":"https:\/\/schema.org","@graph":[{"@type":"WebPage","@id":"https:\/\/wp.kristdemokraterna.se\/svalov\/bli-medlem-i-kd\/","url":"https:\/\/wp.kristdemokraterna.se\/svalov\/bli-medlem-i-kd\/","name":"Bli medlem i KD - Kristdemokraterna - Sval\u00f6v","isPartOf":{"@id":"https:\/\/wp.kristdemokraterna.se\/svalov\/#website"},"datePublished":"2021-09-21T20:01:11+00:00","breadcrumb":{"@id":"https:\/\/wp.kristdemokraterna.se\/svalov\/bli-medlem-i-kd\/#breadcrumb"},"inLanguage":"sv-SE","potentialAction":[{"@type":"ReadAction","target":["https:\/\/wp.kristdemokraterna.se\/svalov\/bli-medlem-i-kd\/"]}]},{"@type":"BreadcrumbList","@id":"https:\/\/wp.kristdemokraterna.se\/svalov\/bli-medlem-i-kd\/#breadcrumb","itemListElement":[{"@type":"ListItem","position":1,"name":"Hem","item":"https:\/\/wp.kristdemokraterna.se\/svalov\/"},{"@type":"ListItem","position":2,"name":"Bli medlem i KD"}]},{"@type":"WebSite","@id":"https:\/\/wp.kristdemokraterna.se\/svalov\/#website","url":"https:\/\/wp.kristdemokraterna.se\/svalov\/","name":"Kristdemokraterna - Sval\u00f6v","description":"","inLanguage":"sv-SE"}]}},"_links":{"self":[{"href":"https:\/\/wp.kristdemokraterna.se\/svalov\/wp-json\/wp\/v2\/pages\/954","targetHints":{"allow":["GET"]}}],"collection":[{"href":"https:\/\/wp.kristdemokraterna.se\/svalov\/wp-json\/wp\/v2\/pages"}],"about":[{"href":"https:\/\/wp.kristdemokraterna.se\/svalov\/wp-json\/wp\/v2\/types\/page"}],"author":[{"embeddable":true,"href":"https:\/\/wp.kristdemokraterna.se\/svalov\/wp-json\/wp\/v2\/users\/2"}],"replies":[{"embeddable":true,"href":"https:\/\/wp.kristdemokraterna.se\/svalov\/wp-json\/wp\/v2\/comments?post=954"}],"version-history":[{"count":0,"href":"https:\/\/wp.kristdemokraterna.se\/svalov\/wp-json\/wp\/v2\/pages\/954\/revisions"}],"wp:attachment":[{"href":"https:\/\/wp.kristdemokraterna.se\/svalov\/wp-json\/wp\/v2\/media?parent=954"}],"curies":[{"name":"wp","href":"https:\/\/api.w.org\/{rel}","templated":true}]}}