{"id":1401,"date":"2018-04-05T16:36:16","date_gmt":"2018-04-05T14:36:16","guid":{"rendered":"http:\/\/wp.kristdemokraterna.se\/taby\/?page_id=1401"},"modified":"2022-06-22T15:35:14","modified_gmt":"2022-06-22T13:35:14","slug":"startsida","status":"publish","type":"page","link":"https:\/\/wp.kristdemokraterna.se\/taby\/","title":{"rendered":"Startsida"},"content":{"rendered":"","protected":false},"excerpt":{"rendered":"","protected":false},"author":26,"featured_media":0,"parent":0,"menu_order":0,"comment_status":"closed","ping_status":"closed","template":"index.php","meta":{"_acf_changed":false,"footnotes":""},"class_list":["post-1401","page","type-page","status-publish","hentry"],"acf":[],"yoast_head":"<!-- This site is optimized with the Yoast SEO plugin v27.3 - https:\/\/yoast.com\/product\/yoast-seo-wordpress\/ -->\n<title>Startsida - T\u00e4by<\/title>\n<meta name=\"description\" content=\"H\u00e4r f\u00e5r du reda p\u00e5 vad KD T\u00e4by vill g\u00f6ra f\u00f6r T\u00e4bys inv\u00e5nare. Vi st\u00e5r f\u00f6r ett tryggt, snyggt och trivsamt T\u00e4by d\u00e4r alla inv\u00e5nare \u00e4r delaktiga.\" \/>\n<meta name=\"robots\" content=\"index, follow, max-snippet:-1, max-image-preview:large, max-video-preview:-1\" \/>\n<link rel=\"canonical\" href=\"https:\/\/wp.kristdemokraterna.se\/taby\/\" \/>\n<meta property=\"og:locale\" content=\"sv_SE\" \/>\n<meta property=\"og:type\" content=\"article\" \/>\n<meta property=\"og:title\" content=\"Startsida - T\u00e4by\" \/>\n<meta property=\"og:description\" content=\"H\u00e4r f\u00e5r du reda p\u00e5 vad KD T\u00e4by vill g\u00f6ra f\u00f6r T\u00e4bys inv\u00e5nare. Vi st\u00e5r f\u00f6r ett tryggt, snyggt och trivsamt T\u00e4by d\u00e4r alla inv\u00e5nare \u00e4r delaktiga.\" \/>\n<meta property=\"og:url\" content=\"https:\/\/wp.kristdemokraterna.se\/taby\/\" \/>\n<meta property=\"og:site_name\" content=\"T\u00e4by\" \/>\n<meta property=\"article:modified_time\" content=\"2022-06-22T13:35:14+00:00\" \/>\n<meta name=\"twitter:card\" content=\"summary_large_image\" \/>\n<script type=\"application\/ld+json\" class=\"yoast-schema-graph\">{\"@context\":\"https:\\\/\\\/schema.org\",\"@graph\":[{\"@type\":\"WebPage\",\"@id\":\"https:\\\/\\\/wp.kristdemokraterna.se\\\/taby\\\/\",\"url\":\"https:\\\/\\\/wp.kristdemokraterna.se\\\/taby\\\/\",\"name\":\"Startsida - T\u00e4by\",\"isPartOf\":{\"@id\":\"https:\\\/\\\/wp.kristdemokraterna.se\\\/taby\\\/#website\"},\"datePublished\":\"2018-04-05T14:36:16+00:00\",\"dateModified\":\"2022-06-22T13:35:14+00:00\",\"description\":\"H\u00e4r f\u00e5r du reda p\u00e5 vad KD T\u00e4by vill g\u00f6ra f\u00f6r T\u00e4bys inv\u00e5nare. Vi st\u00e5r f\u00f6r ett tryggt, snyggt och trivsamt T\u00e4by d\u00e4r alla inv\u00e5nare \u00e4r delaktiga.\",\"breadcrumb\":{\"@id\":\"https:\\\/\\\/wp.kristdemokraterna.se\\\/taby\\\/#breadcrumb\"},\"inLanguage\":\"sv-SE\",\"potentialAction\":[{\"@type\":\"ReadAction\",\"target\":[\"https:\\\/\\\/wp.kristdemokraterna.se\\\/taby\\\/\"]}]},{\"@type\":\"BreadcrumbList\",\"@id\":\"https:\\\/\\\/wp.kristdemokraterna.se\\\/taby\\\/#breadcrumb\",\"itemListElement\":[{\"@type\":\"ListItem\",\"position\":1,\"name\":\"Hem\",\"item\":\"https:\\\/\\\/wp.kristdemokraterna.se\\\/taby\\\/\"},{\"@type\":\"ListItem\",\"position\":2,\"name\":\"Startsida\"}]},{\"@type\":\"WebSite\",\"@id\":\"https:\\\/\\\/wp.kristdemokraterna.se\\\/taby\\\/#website\",\"url\":\"https:\\\/\\\/wp.kristdemokraterna.se\\\/taby\\\/\",\"name\":\"T\u00e4by\",\"description\":\"&quot;Det ska vara l\u00e4ttare att f\u00e5 ihop arbetsliv och familjeliv i T\u00e4by&quot;\",\"inLanguage\":\"sv-SE\"}]}<\/script>\n<!-- \/ Yoast SEO plugin. -->","yoast_head_json":{"title":"Startsida - T\u00e4by","description":"H\u00e4r f\u00e5r du reda p\u00e5 vad KD T\u00e4by vill g\u00f6ra f\u00f6r T\u00e4bys inv\u00e5nare. Vi st\u00e5r f\u00f6r ett tryggt, snyggt och trivsamt T\u00e4by d\u00e4r alla inv\u00e5nare \u00e4r delaktiga.","robots":{"index":"index","follow":"follow","max-snippet":"max-snippet:-1","max-image-preview":"max-image-preview:large","max-video-preview":"max-video-preview:-1"},"canonical":"https:\/\/wp.kristdemokraterna.se\/taby\/","og_locale":"sv_SE","og_type":"article","og_title":"Startsida - T\u00e4by","og_description":"H\u00e4r f\u00e5r du reda p\u00e5 vad KD T\u00e4by vill g\u00f6ra f\u00f6r T\u00e4bys inv\u00e5nare. Vi st\u00e5r f\u00f6r ett tryggt, snyggt och trivsamt T\u00e4by d\u00e4r alla inv\u00e5nare \u00e4r delaktiga.","og_url":"https:\/\/wp.kristdemokraterna.se\/taby\/","og_site_name":"T\u00e4by","article_modified_time":"2022-06-22T13:35:14+00:00","twitter_card":"summary_large_image","schema":{"@context":"https:\/\/schema.org","@graph":[{"@type":"WebPage","@id":"https:\/\/wp.kristdemokraterna.se\/taby\/","url":"https:\/\/wp.kristdemokraterna.se\/taby\/","name":"Startsida - T\u00e4by","isPartOf":{"@id":"https:\/\/wp.kristdemokraterna.se\/taby\/#website"},"datePublished":"2018-04-05T14:36:16+00:00","dateModified":"2022-06-22T13:35:14+00:00","description":"H\u00e4r f\u00e5r du reda p\u00e5 vad KD T\u00e4by vill g\u00f6ra f\u00f6r T\u00e4bys inv\u00e5nare. Vi st\u00e5r f\u00f6r ett tryggt, snyggt och trivsamt T\u00e4by d\u00e4r alla inv\u00e5nare \u00e4r delaktiga.","breadcrumb":{"@id":"https:\/\/wp.kristdemokraterna.se\/taby\/#breadcrumb"},"inLanguage":"sv-SE","potentialAction":[{"@type":"ReadAction","target":["https:\/\/wp.kristdemokraterna.se\/taby\/"]}]},{"@type":"BreadcrumbList","@id":"https:\/\/wp.kristdemokraterna.se\/taby\/#breadcrumb","itemListElement":[{"@type":"ListItem","position":1,"name":"Hem","item":"https:\/\/wp.kristdemokraterna.se\/taby\/"},{"@type":"ListItem","position":2,"name":"Startsida"}]},{"@type":"WebSite","@id":"https:\/\/wp.kristdemokraterna.se\/taby\/#website","url":"https:\/\/wp.kristdemokraterna.se\/taby\/","name":"T\u00e4by","description":"&quot;Det ska vara l\u00e4ttare att f\u00e5 ihop arbetsliv och familjeliv i T\u00e4by&quot;","inLanguage":"sv-SE"}]}},"_links":{"self":[{"href":"https:\/\/wp.kristdemokraterna.se\/taby\/wp-json\/wp\/v2\/pages\/1401","targetHints":{"allow":["GET"]}}],"collection":[{"href":"https:\/\/wp.kristdemokraterna.se\/taby\/wp-json\/wp\/v2\/pages"}],"about":[{"href":"https:\/\/wp.kristdemokraterna.se\/taby\/wp-json\/wp\/v2\/types\/page"}],"author":[{"embeddable":true,"href":"https:\/\/wp.kristdemokraterna.se\/taby\/wp-json\/wp\/v2\/users\/26"}],"replies":[{"embeddable":true,"href":"https:\/\/wp.kristdemokraterna.se\/taby\/wp-json\/wp\/v2\/comments?post=1401"}],"version-history":[{"count":70,"href":"https:\/\/wp.kristdemokraterna.se\/taby\/wp-json\/wp\/v2\/pages\/1401\/revisions"}],"predecessor-version":[{"id":2352,"href":"https:\/\/wp.kristdemokraterna.se\/taby\/wp-json\/wp\/v2\/pages\/1401\/revisions\/2352"}],"wp:attachment":[{"href":"https:\/\/wp.kristdemokraterna.se\/taby\/wp-json\/wp\/v2\/media?parent=1401"}],"curies":[{"name":"wp","href":"https:\/\/api.w.org\/{rel}","templated":true}]}}