{"id":2334,"date":"2022-06-22T14:16:05","date_gmt":"2022-06-22T12:16:05","guid":{"rendered":"https:\/\/wp.kristdemokraterna.se\/taby\/?page_id=2334"},"modified":"2022-06-22T15:22:25","modified_gmt":"2022-06-22T13:22:25","slug":"valsedel-kommunvalet-2022-for-kd-taby","status":"publish","type":"page","link":"https:\/\/wp.kristdemokraterna.se\/taby\/startsida\/om-kristdemokraterna\/valsedel-kommunvalet-2022-for-kd-taby\/","title":{"rendered":"Valsedel kommunvalet 2022 f\u00f6r KD T\u00e4by"},"content":{"rendered":"<p>Foto p\u00e5 topp 6 KD T\u00e4by kommunlista valet 2022<\/p>\n<p><a href=\"http:\/\/wp.kristdemokraterna.se\/taby\/files\/2022\/06\/bra-gruppbild.jpg\"><img loading=\"lazy\" decoding=\"async\" class=\"alignnone size-medium wp-image-2320\" src=\"http:\/\/wp.kristdemokraterna.se\/taby\/files\/2022\/06\/bra-gruppbild-300x200.jpg\" alt=\"\" width=\"300\" height=\"200\" srcset=\"https:\/\/wp.kristdemokraterna.se\/taby\/files\/2022\/06\/bra-gruppbild-300x200.jpg 300w, https:\/\/wp.kristdemokraterna.se\/taby\/files\/2022\/06\/bra-gruppbild-1024x683.jpg 1024w, https:\/\/wp.kristdemokraterna.se\/taby\/files\/2022\/06\/bra-gruppbild-768x512.jpg 768w, https:\/\/wp.kristdemokraterna.se\/taby\/files\/2022\/06\/bra-gruppbild-1536x1024.jpg 1536w, https:\/\/wp.kristdemokraterna.se\/taby\/files\/2022\/06\/bra-gruppbild-370x247.jpg 370w, https:\/\/wp.kristdemokraterna.se\/taby\/files\/2022\/06\/bra-gruppbild-770x513.jpg 770w, https:\/\/wp.kristdemokraterna.se\/taby\/files\/2022\/06\/bra-gruppbild-450x300.jpg 450w, https:\/\/wp.kristdemokraterna.se\/taby\/files\/2022\/06\/bra-gruppbild-280x187.jpg 280w, https:\/\/wp.kristdemokraterna.se\/taby\/files\/2022\/06\/bra-gruppbild-340x227.jpg 340w, https:\/\/wp.kristdemokraterna.se\/taby\/files\/2022\/06\/bra-gruppbild-200x133.jpg 200w, https:\/\/wp.kristdemokraterna.se\/taby\/files\/2022\/06\/bra-gruppbild-84x56.jpg 84w, https:\/\/wp.kristdemokraterna.se\/taby\/files\/2022\/06\/bra-gruppbild.jpg 1600w\" sizes=\"auto, (max-width: 300px) 100vw, 300px\" \/> <\/a><a href=\"https:\/\/patrikfotocom.wordpress.com\/\">foto: Patrik Gosenius<\/a><\/p>\n<p>Rut, Camilla, Christer, Eva, Robin, Louise<\/p>\n<p>&nbsp;<\/p>\n<p>&nbsp;<\/p>\n<p>1 Eva von Wowern, 50, Kommunalr\u00e5d, Visinge<\/p>\n<p>2 Christer Swaretz, 59, VD, N\u00e4sby park<\/p>\n<p>3 Robin S\u00e4ker, 29, Energiingenj\u00f6r, T\u00e4by centrum<\/p>\n<p>4 Louise Hammargren, 21, Organisationssekreterare, Gribbylund<\/p>\n<p>5 Camilla Brodin, 43, Riksdagsledamot, Ullna Strand<\/p>\n<p>6 Rut Casselbrant Ludwig, 67, \u00c4mnesl\u00e4rare, Gribbylund<\/p>\n<p>7 Tobias Karlstr\u00f6m, 44, Stabschef, N\u00e4sby park<\/p>\n<p>8 \u00c5sa Turesson, 66, Pension\u00e4r, T\u00e4by centrum<\/p>\n<p>9 Gunilla T\u00f6rnkvist, 51, Rektor, T\u00e4by kyrkby<\/p>\n<p>10 Mikael Hollmark, 58, VD, N\u00e4sby park<\/p>\n<p>11 Christina Danielsson, 56, Konsult, Grindtorp<\/p>\n<p>12 Fred Elmqvist, 73, pension\u00e4r, T\u00e4by park<\/p>\n<p>13 Nathalie Abbawi Uldin, 36, Ekonom, T\u00e4by Kyrkby<\/p>\n<p>14 Urban Karlstr\u00f6m, 69, Ekon. dr, N\u00e4sby park<\/p>\n<p>15 Rolf \u00c5bj\u00f6rnsson, 82, Advokat, N\u00e4sby park<\/p>\n<p>16 Bengt Nilsson, 78, fil.lic, T\u00e4by centrum<\/p>\n<p>17 Peter Ludwig, 65, pension\u00e4r, Gribbylund<\/p>\n<p>18 Anders Bauer, 51 \u00e5r, civilekonom, Viggbyholm<\/p>\n<p>19 Inga Davisson, 92, fd. speciall\u00e4rare, Ella g\u00e5rd<\/p>\n<p><a href=\"http:\/\/wp.kristdemokraterna.se\/taby\/files\/2022\/06\/valsedel.png\">\u00a0 \u00a0 \u00a0 \u00a0 \u00a0 \u00a0 \u00a0 \u00a0 \u00a0<img loading=\"lazy\" decoding=\"async\" class=\"alignnone size-medium wp-image-2347\" src=\"http:\/\/wp.kristdemokraterna.se\/taby\/files\/2022\/06\/valsedel-184x300.png\" alt=\"\" width=\"184\" height=\"300\" srcset=\"https:\/\/wp.kristdemokraterna.se\/taby\/files\/2022\/06\/valsedel-184x300.png 184w, https:\/\/wp.kristdemokraterna.se\/taby\/files\/2022\/06\/valsedel-123x200.png 123w, https:\/\/wp.kristdemokraterna.se\/taby\/files\/2022\/06\/valsedel-370x602.png 370w, https:\/\/wp.kristdemokraterna.se\/taby\/files\/2022\/06\/valsedel-247x402.png 247w, https:\/\/wp.kristdemokraterna.se\/taby\/files\/2022\/06\/valsedel-340x553.png 340w, https:\/\/wp.kristdemokraterna.se\/taby\/files\/2022\/06\/valsedel-34x56.png 34w, https:\/\/wp.kristdemokraterna.se\/taby\/files\/2022\/06\/valsedel.png 392w\" sizes=\"auto, (max-width: 184px) 100vw, 184px\" \/><\/a><\/p>\n","protected":false},"excerpt":{"rendered":"<p>Foto p\u00e5 topp 6 KD T\u00e4by kommunlista valet 2022 foto: Patrik Gosenius Rut, Camilla, Christer, Eva, Robin, Louise &nbsp; &nbsp; 1 Eva von Wowern, 50, Kommunalr\u00e5d, Visinge 2 Christer Swaretz, 59, VD, N\u00e4sby park 3 Robin S\u00e4ker, 29, Energiingenj\u00f6r, T\u00e4by centrum 4 Louise Hammargren, 21, Organisationssekreterare, Gribbylund 5 Camilla Brodin, 43, Riksdagsledamot, Ullna Strand 6 <a class=\"read-more-link\" href=\"https:\/\/wp.kristdemokraterna.se\/taby\/startsida\/om-kristdemokraterna\/valsedel-kommunvalet-2022-for-kd-taby\/\">Read More<\/a><\/p>\n","protected":false},"author":28,"featured_media":0,"parent":849,"menu_order":0,"comment_status":"closed","ping_status":"closed","template":"","meta":{"_acf_changed":false,"footnotes":""},"class_list":["post-2334","page","type-page","status-publish","hentry"],"acf":[],"yoast_head":"<!-- This site is optimized with the Yoast SEO plugin v27.4 - https:\/\/yoast.com\/product\/yoast-seo-wordpress\/ -->\n<title>Valsedel kommunvalet 2022 f\u00f6r KD T\u00e4by - T\u00e4by<\/title>\n<meta name=\"robots\" content=\"index, follow, max-snippet:-1, max-image-preview:large, max-video-preview:-1\" \/>\n<link rel=\"canonical\" href=\"https:\/\/wp.kristdemokraterna.se\/taby\/startsida\/om-kristdemokraterna\/valsedel-kommunvalet-2022-for-kd-taby\/\" \/>\n<meta property=\"og:locale\" content=\"sv_SE\" \/>\n<meta property=\"og:type\" content=\"article\" \/>\n<meta property=\"og:title\" content=\"Valsedel kommunvalet 2022 f\u00f6r KD T\u00e4by - T\u00e4by\" \/>\n<meta property=\"og:description\" content=\"Foto p\u00e5 topp 6 KD T\u00e4by kommunlista valet 2022 foto: Patrik Gosenius Rut, Camilla, Christer, Eva, Robin, Louise &nbsp; &nbsp; 1 Eva von Wowern, 50, Kommunalr\u00e5d, Visinge 2 Christer Swaretz, 59, VD, N\u00e4sby park 3 Robin S\u00e4ker, 29, Energiingenj\u00f6r, T\u00e4by centrum 4 Louise Hammargren, 21, Organisationssekreterare, Gribbylund 5 Camilla Brodin, 43, Riksdagsledamot, Ullna Strand 6 Read More\" \/>\n<meta property=\"og:url\" content=\"https:\/\/wp.kristdemokraterna.se\/taby\/startsida\/om-kristdemokraterna\/valsedel-kommunvalet-2022-for-kd-taby\/\" \/>\n<meta property=\"og:site_name\" content=\"T\u00e4by\" \/>\n<meta property=\"article:modified_time\" content=\"2022-06-22T13:22:25+00:00\" \/>\n<meta property=\"og:image\" content=\"http:\/\/wp.kristdemokraterna.se\/taby\/files\/2022\/06\/bra-gruppbild-300x200.jpg\" \/>\n<meta name=\"twitter:card\" content=\"summary_large_image\" \/>\n<meta name=\"twitter:label1\" content=\"Ber\u00e4knad l\u00e4stid\" \/>\n\t<meta name=\"twitter:data1\" content=\"2 minuter\" \/>\n<script type=\"application\/ld+json\" class=\"yoast-schema-graph\">{\"@context\":\"https:\\\/\\\/schema.org\",\"@graph\":[{\"@type\":\"WebPage\",\"@id\":\"https:\\\/\\\/wp.kristdemokraterna.se\\\/taby\\\/startsida\\\/om-kristdemokraterna\\\/valsedel-kommunvalet-2022-for-kd-taby\\\/\",\"url\":\"https:\\\/\\\/wp.kristdemokraterna.se\\\/taby\\\/startsida\\\/om-kristdemokraterna\\\/valsedel-kommunvalet-2022-for-kd-taby\\\/\",\"name\":\"Valsedel kommunvalet 2022 f\u00f6r KD T\u00e4by - T\u00e4by\",\"isPartOf\":{\"@id\":\"https:\\\/\\\/wp.kristdemokraterna.se\\\/taby\\\/#website\"},\"primaryImageOfPage\":{\"@id\":\"https:\\\/\\\/wp.kristdemokraterna.se\\\/taby\\\/startsida\\\/om-kristdemokraterna\\\/valsedel-kommunvalet-2022-for-kd-taby\\\/#primaryimage\"},\"image\":{\"@id\":\"https:\\\/\\\/wp.kristdemokraterna.se\\\/taby\\\/startsida\\\/om-kristdemokraterna\\\/valsedel-kommunvalet-2022-for-kd-taby\\\/#primaryimage\"},\"thumbnailUrl\":\"http:\\\/\\\/wp.kristdemokraterna.se\\\/taby\\\/files\\\/2022\\\/06\\\/bra-gruppbild-300x200.jpg\",\"datePublished\":\"2022-06-22T12:16:05+00:00\",\"dateModified\":\"2022-06-22T13:22:25+00:00\",\"breadcrumb\":{\"@id\":\"https:\\\/\\\/wp.kristdemokraterna.se\\\/taby\\\/startsida\\\/om-kristdemokraterna\\\/valsedel-kommunvalet-2022-for-kd-taby\\\/#breadcrumb\"},\"inLanguage\":\"sv-SE\",\"potentialAction\":[{\"@type\":\"ReadAction\",\"target\":[\"https:\\\/\\\/wp.kristdemokraterna.se\\\/taby\\\/startsida\\\/om-kristdemokraterna\\\/valsedel-kommunvalet-2022-for-kd-taby\\\/\"]}]},{\"@type\":\"ImageObject\",\"inLanguage\":\"sv-SE\",\"@id\":\"https:\\\/\\\/wp.kristdemokraterna.se\\\/taby\\\/startsida\\\/om-kristdemokraterna\\\/valsedel-kommunvalet-2022-for-kd-taby\\\/#primaryimage\",\"url\":\"http:\\\/\\\/wp.kristdemokraterna.se\\\/taby\\\/files\\\/2022\\\/06\\\/bra-gruppbild-300x200.jpg\",\"contentUrl\":\"http:\\\/\\\/wp.kristdemokraterna.se\\\/taby\\\/files\\\/2022\\\/06\\\/bra-gruppbild-300x200.jpg\"},{\"@type\":\"BreadcrumbList\",\"@id\":\"https:\\\/\\\/wp.kristdemokraterna.se\\\/taby\\\/startsida\\\/om-kristdemokraterna\\\/valsedel-kommunvalet-2022-for-kd-taby\\\/#breadcrumb\",\"itemListElement\":[{\"@type\":\"ListItem\",\"position\":1,\"name\":\"Hem\",\"item\":\"https:\\\/\\\/wp.kristdemokraterna.se\\\/taby\\\/\"},{\"@type\":\"ListItem\",\"position\":2,\"name\":\"Startsida\",\"item\":\"https:\\\/\\\/wp.kristdemokraterna.se\\\/taby\\\/\"},{\"@type\":\"ListItem\",\"position\":3,\"name\":\"Om KD\",\"item\":\"https:\\\/\\\/wp.kristdemokraterna.se\\\/taby\\\/startsida\\\/om-kristdemokraterna\\\/\"},{\"@type\":\"ListItem\",\"position\":4,\"name\":\"Valsedel kommunvalet 2022 f\u00f6r KD T\u00e4by\"}]},{\"@type\":\"WebSite\",\"@id\":\"https:\\\/\\\/wp.kristdemokraterna.se\\\/taby\\\/#website\",\"url\":\"https:\\\/\\\/wp.kristdemokraterna.se\\\/taby\\\/\",\"name\":\"T\u00e4by\",\"description\":\"&quot;Det ska vara l\u00e4ttare att f\u00e5 ihop arbetsliv och familjeliv i T\u00e4by&quot;\",\"inLanguage\":\"sv-SE\"}]}<\/script>\n<!-- \/ Yoast SEO plugin. -->","yoast_head_json":{"title":"Valsedel kommunvalet 2022 f\u00f6r KD T\u00e4by - T\u00e4by","robots":{"index":"index","follow":"follow","max-snippet":"max-snippet:-1","max-image-preview":"max-image-preview:large","max-video-preview":"max-video-preview:-1"},"canonical":"https:\/\/wp.kristdemokraterna.se\/taby\/startsida\/om-kristdemokraterna\/valsedel-kommunvalet-2022-for-kd-taby\/","og_locale":"sv_SE","og_type":"article","og_title":"Valsedel kommunvalet 2022 f\u00f6r KD T\u00e4by - T\u00e4by","og_description":"Foto p\u00e5 topp 6 KD T\u00e4by kommunlista valet 2022 foto: Patrik Gosenius Rut, Camilla, Christer, Eva, Robin, Louise &nbsp; &nbsp; 1 Eva von Wowern, 50, Kommunalr\u00e5d, Visinge 2 Christer Swaretz, 59, VD, N\u00e4sby park 3 Robin S\u00e4ker, 29, Energiingenj\u00f6r, T\u00e4by centrum 4 Louise Hammargren, 21, Organisationssekreterare, Gribbylund 5 Camilla Brodin, 43, Riksdagsledamot, Ullna Strand 6 Read More","og_url":"https:\/\/wp.kristdemokraterna.se\/taby\/startsida\/om-kristdemokraterna\/valsedel-kommunvalet-2022-for-kd-taby\/","og_site_name":"T\u00e4by","article_modified_time":"2022-06-22T13:22:25+00:00","og_image":[{"url":"http:\/\/wp.kristdemokraterna.se\/taby\/files\/2022\/06\/bra-gruppbild-300x200.jpg","type":"","width":"","height":""}],"twitter_card":"summary_large_image","twitter_misc":{"Ber\u00e4knad l\u00e4stid":"2 minuter"},"schema":{"@context":"https:\/\/schema.org","@graph":[{"@type":"WebPage","@id":"https:\/\/wp.kristdemokraterna.se\/taby\/startsida\/om-kristdemokraterna\/valsedel-kommunvalet-2022-for-kd-taby\/","url":"https:\/\/wp.kristdemokraterna.se\/taby\/startsida\/om-kristdemokraterna\/valsedel-kommunvalet-2022-for-kd-taby\/","name":"Valsedel kommunvalet 2022 f\u00f6r KD T\u00e4by - T\u00e4by","isPartOf":{"@id":"https:\/\/wp.kristdemokraterna.se\/taby\/#website"},"primaryImageOfPage":{"@id":"https:\/\/wp.kristdemokraterna.se\/taby\/startsida\/om-kristdemokraterna\/valsedel-kommunvalet-2022-for-kd-taby\/#primaryimage"},"image":{"@id":"https:\/\/wp.kristdemokraterna.se\/taby\/startsida\/om-kristdemokraterna\/valsedel-kommunvalet-2022-for-kd-taby\/#primaryimage"},"thumbnailUrl":"http:\/\/wp.kristdemokraterna.se\/taby\/files\/2022\/06\/bra-gruppbild-300x200.jpg","datePublished":"2022-06-22T12:16:05+00:00","dateModified":"2022-06-22T13:22:25+00:00","breadcrumb":{"@id":"https:\/\/wp.kristdemokraterna.se\/taby\/startsida\/om-kristdemokraterna\/valsedel-kommunvalet-2022-for-kd-taby\/#breadcrumb"},"inLanguage":"sv-SE","potentialAction":[{"@type":"ReadAction","target":["https:\/\/wp.kristdemokraterna.se\/taby\/startsida\/om-kristdemokraterna\/valsedel-kommunvalet-2022-for-kd-taby\/"]}]},{"@type":"ImageObject","inLanguage":"sv-SE","@id":"https:\/\/wp.kristdemokraterna.se\/taby\/startsida\/om-kristdemokraterna\/valsedel-kommunvalet-2022-for-kd-taby\/#primaryimage","url":"http:\/\/wp.kristdemokraterna.se\/taby\/files\/2022\/06\/bra-gruppbild-300x200.jpg","contentUrl":"http:\/\/wp.kristdemokraterna.se\/taby\/files\/2022\/06\/bra-gruppbild-300x200.jpg"},{"@type":"BreadcrumbList","@id":"https:\/\/wp.kristdemokraterna.se\/taby\/startsida\/om-kristdemokraterna\/valsedel-kommunvalet-2022-for-kd-taby\/#breadcrumb","itemListElement":[{"@type":"ListItem","position":1,"name":"Hem","item":"https:\/\/wp.kristdemokraterna.se\/taby\/"},{"@type":"ListItem","position":2,"name":"Startsida","item":"https:\/\/wp.kristdemokraterna.se\/taby\/"},{"@type":"ListItem","position":3,"name":"Om KD","item":"https:\/\/wp.kristdemokraterna.se\/taby\/startsida\/om-kristdemokraterna\/"},{"@type":"ListItem","position":4,"name":"Valsedel kommunvalet 2022 f\u00f6r KD T\u00e4by"}]},{"@type":"WebSite","@id":"https:\/\/wp.kristdemokraterna.se\/taby\/#website","url":"https:\/\/wp.kristdemokraterna.se\/taby\/","name":"T\u00e4by","description":"&quot;Det ska vara l\u00e4ttare att f\u00e5 ihop arbetsliv och familjeliv i T\u00e4by&quot;","inLanguage":"sv-SE"}]}},"_links":{"self":[{"href":"https:\/\/wp.kristdemokraterna.se\/taby\/wp-json\/wp\/v2\/pages\/2334","targetHints":{"allow":["GET"]}}],"collection":[{"href":"https:\/\/wp.kristdemokraterna.se\/taby\/wp-json\/wp\/v2\/pages"}],"about":[{"href":"https:\/\/wp.kristdemokraterna.se\/taby\/wp-json\/wp\/v2\/types\/page"}],"author":[{"embeddable":true,"href":"https:\/\/wp.kristdemokraterna.se\/taby\/wp-json\/wp\/v2\/users\/28"}],"replies":[{"embeddable":true,"href":"https:\/\/wp.kristdemokraterna.se\/taby\/wp-json\/wp\/v2\/comments?post=2334"}],"version-history":[{"count":6,"href":"https:\/\/wp.kristdemokraterna.se\/taby\/wp-json\/wp\/v2\/pages\/2334\/revisions"}],"predecessor-version":[{"id":2350,"href":"https:\/\/wp.kristdemokraterna.se\/taby\/wp-json\/wp\/v2\/pages\/2334\/revisions\/2350"}],"up":[{"embeddable":true,"href":"https:\/\/wp.kristdemokraterna.se\/taby\/wp-json\/wp\/v2\/pages\/849"}],"wp:attachment":[{"href":"https:\/\/wp.kristdemokraterna.se\/taby\/wp-json\/wp\/v2\/media?parent=2334"}],"curies":[{"name":"wp","href":"https:\/\/api.w.org\/{rel}","templated":true}]}}