{"id":8,"date":"2012-08-21T11:26:59","date_gmt":"2012-08-21T09:26:59","guid":{"rendered":"http:\/\/wp.kristdemokraterna.se\/taby\/?page_id=8"},"modified":"2022-06-22T12:11:37","modified_gmt":"2022-06-22T10:11:37","slug":"kontakta-oss","status":"publish","type":"page","link":"https:\/\/wp.kristdemokraterna.se\/taby\/kontakta-oss\/","title":{"rendered":"Kontakt"},"content":{"rendered":"<p><strong>Vill du bli medlem?<\/strong><\/p>\n<p>L\u00e4s om medlemskap <a href=\"https:\/\/kristdemokraterna.se\/engagera-dig\">Engagera dig | Kristdemokraterna<\/a><\/p>\n<p><strong>\u00c4r du medlem och vill engagera dig mer?<\/strong><\/p>\n<p>Kontakta v\u00e5r ordf\u00f6rande: Christer.Swaretz@taby.se<\/p>\n<p><strong>Har du fr\u00e5gor om v\u00e5r politik i T\u00e4by?<\/strong><\/p>\n<p>E-post: <a href=\"mailto:taby@kristdemokraterna.se\">taby@kristdemokraterna.se<\/a><\/p>\n<p>Kommunalr\u00e5d Eva von Wowern<br \/>\nTelefon: 08-555 590 00<\/p>\n<p><strong>\u00c4r du journalist?<\/strong><\/p>\n<p>Fr\u00e5gor om KD T\u00e4by? Ring v\u00e5rt kommunalr\u00e5d Eva von Wowern 08-55 55 90 00<\/p>\n<p>Partifr\u00e5gor? Ring Kristdemokraternas jour: 0702-06 00 20<\/p>\n<p>Fr\u00e5gor om KD i Stockholms region:<\/p>\n<p><a href=\"https:\/\/wp.kristdemokraterna.se\/stockholm\/kontakta-oss-i-lanet\/\">Kristdemokraterna Stockholm | Kontakta oss &#8211; Kristdemokraterna Stockholm<\/a><\/p>\n<p>&nbsp;<\/p>\n<p><strong>Hitta politik<\/strong><\/p>\n<p><a href=\"https:\/\/kristdemokraterna.se\/var-politik\">V\u00e5r politik | Kristdemokraterna<\/a><\/p>\n","protected":false},"excerpt":{"rendered":"<p>Vill du bli medlem? L\u00e4s om medlemskap Engagera dig | Kristdemokraterna \u00c4r du medlem och vill engagera dig mer? Kontakta v\u00e5r ordf\u00f6rande: Christer.Swaretz@taby.se Har du fr\u00e5gor om v\u00e5r politik i T\u00e4by? E-post: taby@kristdemokraterna.se Kommunalr\u00e5d Eva von Wowern Telefon: 08-555 590 00 \u00c4r du journalist? Fr\u00e5gor om KD T\u00e4by? Ring v\u00e5rt kommunalr\u00e5d Eva von Wowern 08-55 <a class=\"read-more-link\" href=\"https:\/\/wp.kristdemokraterna.se\/taby\/kontakta-oss\/\">Read More<\/a><\/p>\n","protected":false},"author":28,"featured_media":490,"parent":0,"menu_order":0,"comment_status":"closed","ping_status":"closed","template":"","meta":{"_acf_changed":false,"footnotes":""},"class_list":["post-8","page","type-page","status-publish","hentry"],"acf":[],"yoast_head":"<!-- This site is optimized with the Yoast SEO plugin v27.3 - https:\/\/yoast.com\/product\/yoast-seo-wordpress\/ -->\n<title>Kontakt - T\u00e4by<\/title>\n<meta name=\"robots\" content=\"index, follow, max-snippet:-1, max-image-preview:large, max-video-preview:-1\" \/>\n<link rel=\"canonical\" href=\"https:\/\/wp.kristdemokraterna.se\/taby\/kontakta-oss\/\" \/>\n<meta property=\"og:locale\" content=\"sv_SE\" \/>\n<meta property=\"og:type\" content=\"article\" \/>\n<meta property=\"og:title\" content=\"Kontakt - T\u00e4by\" \/>\n<meta property=\"og:description\" content=\"Vill du bli medlem? L\u00e4s om medlemskap Engagera dig | Kristdemokraterna \u00c4r du medlem och vill engagera dig mer? Kontakta v\u00e5r ordf\u00f6rande: Christer.Swaretz@taby.se Har du fr\u00e5gor om v\u00e5r politik i T\u00e4by? E-post: taby@kristdemokraterna.se Kommunalr\u00e5d Eva von Wowern Telefon: 08-555 590 00 \u00c4r du journalist? Fr\u00e5gor om KD T\u00e4by? Ring v\u00e5rt kommunalr\u00e5d Eva von Wowern 08-55 Read More\" \/>\n<meta property=\"og:url\" content=\"https:\/\/wp.kristdemokraterna.se\/taby\/kontakta-oss\/\" \/>\n<meta property=\"og:site_name\" content=\"T\u00e4by\" \/>\n<meta property=\"article:modified_time\" content=\"2022-06-22T10:11:37+00:00\" \/>\n<meta property=\"og:image\" content=\"http:\/\/wp.kristdemokraterna.se\/taby\/files\/2012\/08\/kontakta-oss.jpg\" \/>\n\t<meta property=\"og:image:width\" content=\"697\" \/>\n\t<meta property=\"og:image:height\" content=\"178\" \/>\n\t<meta property=\"og:image:type\" content=\"image\/jpeg\" \/>\n<meta name=\"twitter:card\" content=\"summary_large_image\" \/>\n<meta name=\"twitter:label1\" content=\"Ber\u00e4knad l\u00e4stid\" \/>\n\t<meta name=\"twitter:data1\" content=\"1 minut\" \/>\n<script type=\"application\/ld+json\" class=\"yoast-schema-graph\">{\"@context\":\"https:\\\/\\\/schema.org\",\"@graph\":[{\"@type\":\"WebPage\",\"@id\":\"https:\\\/\\\/wp.kristdemokraterna.se\\\/taby\\\/kontakta-oss\\\/\",\"url\":\"https:\\\/\\\/wp.kristdemokraterna.se\\\/taby\\\/kontakta-oss\\\/\",\"name\":\"Kontakt - T\u00e4by\",\"isPartOf\":{\"@id\":\"https:\\\/\\\/wp.kristdemokraterna.se\\\/taby\\\/#website\"},\"primaryImageOfPage\":{\"@id\":\"https:\\\/\\\/wp.kristdemokraterna.se\\\/taby\\\/kontakta-oss\\\/#primaryimage\"},\"image\":{\"@id\":\"https:\\\/\\\/wp.kristdemokraterna.se\\\/taby\\\/kontakta-oss\\\/#primaryimage\"},\"thumbnailUrl\":\"https:\\\/\\\/wp.kristdemokraterna.se\\\/taby\\\/files\\\/2012\\\/08\\\/kontakta-oss.jpg\",\"datePublished\":\"2012-08-21T09:26:59+00:00\",\"dateModified\":\"2022-06-22T10:11:37+00:00\",\"breadcrumb\":{\"@id\":\"https:\\\/\\\/wp.kristdemokraterna.se\\\/taby\\\/kontakta-oss\\\/#breadcrumb\"},\"inLanguage\":\"sv-SE\",\"potentialAction\":[{\"@type\":\"ReadAction\",\"target\":[\"https:\\\/\\\/wp.kristdemokraterna.se\\\/taby\\\/kontakta-oss\\\/\"]}]},{\"@type\":\"ImageObject\",\"inLanguage\":\"sv-SE\",\"@id\":\"https:\\\/\\\/wp.kristdemokraterna.se\\\/taby\\\/kontakta-oss\\\/#primaryimage\",\"url\":\"https:\\\/\\\/wp.kristdemokraterna.se\\\/taby\\\/files\\\/2012\\\/08\\\/kontakta-oss.jpg\",\"contentUrl\":\"https:\\\/\\\/wp.kristdemokraterna.se\\\/taby\\\/files\\\/2012\\\/08\\\/kontakta-oss.jpg\",\"width\":697,\"height\":178},{\"@type\":\"BreadcrumbList\",\"@id\":\"https:\\\/\\\/wp.kristdemokraterna.se\\\/taby\\\/kontakta-oss\\\/#breadcrumb\",\"itemListElement\":[{\"@type\":\"ListItem\",\"position\":1,\"name\":\"Hem\",\"item\":\"https:\\\/\\\/wp.kristdemokraterna.se\\\/taby\\\/\"},{\"@type\":\"ListItem\",\"position\":2,\"name\":\"Kontakt\"}]},{\"@type\":\"WebSite\",\"@id\":\"https:\\\/\\\/wp.kristdemokraterna.se\\\/taby\\\/#website\",\"url\":\"https:\\\/\\\/wp.kristdemokraterna.se\\\/taby\\\/\",\"name\":\"T\u00e4by\",\"description\":\"&quot;Det ska vara l\u00e4ttare att f\u00e5 ihop arbetsliv och familjeliv i T\u00e4by&quot;\",\"inLanguage\":\"sv-SE\"}]}<\/script>\n<!-- \/ Yoast SEO plugin. -->","yoast_head_json":{"title":"Kontakt - T\u00e4by","robots":{"index":"index","follow":"follow","max-snippet":"max-snippet:-1","max-image-preview":"max-image-preview:large","max-video-preview":"max-video-preview:-1"},"canonical":"https:\/\/wp.kristdemokraterna.se\/taby\/kontakta-oss\/","og_locale":"sv_SE","og_type":"article","og_title":"Kontakt - T\u00e4by","og_description":"Vill du bli medlem? L\u00e4s om medlemskap Engagera dig | Kristdemokraterna \u00c4r du medlem och vill engagera dig mer? Kontakta v\u00e5r ordf\u00f6rande: Christer.Swaretz@taby.se Har du fr\u00e5gor om v\u00e5r politik i T\u00e4by? E-post: taby@kristdemokraterna.se Kommunalr\u00e5d Eva von Wowern Telefon: 08-555 590 00 \u00c4r du journalist? Fr\u00e5gor om KD T\u00e4by? Ring v\u00e5rt kommunalr\u00e5d Eva von Wowern 08-55 Read More","og_url":"https:\/\/wp.kristdemokraterna.se\/taby\/kontakta-oss\/","og_site_name":"T\u00e4by","article_modified_time":"2022-06-22T10:11:37+00:00","og_image":[{"width":697,"height":178,"url":"http:\/\/wp.kristdemokraterna.se\/taby\/files\/2012\/08\/kontakta-oss.jpg","type":"image\/jpeg"}],"twitter_card":"summary_large_image","twitter_misc":{"Ber\u00e4knad l\u00e4stid":"1 minut"},"schema":{"@context":"https:\/\/schema.org","@graph":[{"@type":"WebPage","@id":"https:\/\/wp.kristdemokraterna.se\/taby\/kontakta-oss\/","url":"https:\/\/wp.kristdemokraterna.se\/taby\/kontakta-oss\/","name":"Kontakt - T\u00e4by","isPartOf":{"@id":"https:\/\/wp.kristdemokraterna.se\/taby\/#website"},"primaryImageOfPage":{"@id":"https:\/\/wp.kristdemokraterna.se\/taby\/kontakta-oss\/#primaryimage"},"image":{"@id":"https:\/\/wp.kristdemokraterna.se\/taby\/kontakta-oss\/#primaryimage"},"thumbnailUrl":"https:\/\/wp.kristdemokraterna.se\/taby\/files\/2012\/08\/kontakta-oss.jpg","datePublished":"2012-08-21T09:26:59+00:00","dateModified":"2022-06-22T10:11:37+00:00","breadcrumb":{"@id":"https:\/\/wp.kristdemokraterna.se\/taby\/kontakta-oss\/#breadcrumb"},"inLanguage":"sv-SE","potentialAction":[{"@type":"ReadAction","target":["https:\/\/wp.kristdemokraterna.se\/taby\/kontakta-oss\/"]}]},{"@type":"ImageObject","inLanguage":"sv-SE","@id":"https:\/\/wp.kristdemokraterna.se\/taby\/kontakta-oss\/#primaryimage","url":"https:\/\/wp.kristdemokraterna.se\/taby\/files\/2012\/08\/kontakta-oss.jpg","contentUrl":"https:\/\/wp.kristdemokraterna.se\/taby\/files\/2012\/08\/kontakta-oss.jpg","width":697,"height":178},{"@type":"BreadcrumbList","@id":"https:\/\/wp.kristdemokraterna.se\/taby\/kontakta-oss\/#breadcrumb","itemListElement":[{"@type":"ListItem","position":1,"name":"Hem","item":"https:\/\/wp.kristdemokraterna.se\/taby\/"},{"@type":"ListItem","position":2,"name":"Kontakt"}]},{"@type":"WebSite","@id":"https:\/\/wp.kristdemokraterna.se\/taby\/#website","url":"https:\/\/wp.kristdemokraterna.se\/taby\/","name":"T\u00e4by","description":"&quot;Det ska vara l\u00e4ttare att f\u00e5 ihop arbetsliv och familjeliv i T\u00e4by&quot;","inLanguage":"sv-SE"}]}},"_links":{"self":[{"href":"https:\/\/wp.kristdemokraterna.se\/taby\/wp-json\/wp\/v2\/pages\/8","targetHints":{"allow":["GET"]}}],"collection":[{"href":"https:\/\/wp.kristdemokraterna.se\/taby\/wp-json\/wp\/v2\/pages"}],"about":[{"href":"https:\/\/wp.kristdemokraterna.se\/taby\/wp-json\/wp\/v2\/types\/page"}],"author":[{"embeddable":true,"href":"https:\/\/wp.kristdemokraterna.se\/taby\/wp-json\/wp\/v2\/users\/28"}],"replies":[{"embeddable":true,"href":"https:\/\/wp.kristdemokraterna.se\/taby\/wp-json\/wp\/v2\/comments?post=8"}],"version-history":[{"count":19,"href":"https:\/\/wp.kristdemokraterna.se\/taby\/wp-json\/wp\/v2\/pages\/8\/revisions"}],"predecessor-version":[{"id":2297,"href":"https:\/\/wp.kristdemokraterna.se\/taby\/wp-json\/wp\/v2\/pages\/8\/revisions\/2297"}],"wp:featuredmedia":[{"embeddable":true,"href":"https:\/\/wp.kristdemokraterna.se\/taby\/wp-json\/wp\/v2\/media\/490"}],"wp:attachment":[{"href":"https:\/\/wp.kristdemokraterna.se\/taby\/wp-json\/wp\/v2\/media?parent=8"}],"curies":[{"name":"wp","href":"https:\/\/api.w.org\/{rel}","templated":true}]}}