{"id":849,"date":"2016-11-02T19:11:54","date_gmt":"2016-11-02T18:11:54","guid":{"rendered":"http:\/\/wp.kristdemokraterna.se\/taby\/?page_id=849"},"modified":"2025-08-19T14:40:38","modified_gmt":"2025-08-19T12:40:38","slug":"om-kristdemokraterna","status":"publish","type":"page","link":"https:\/\/wp.kristdemokraterna.se\/taby\/startsida\/om-kristdemokraterna\/","title":{"rendered":"Om KD"},"content":{"rendered":"<article class=\"col-md-9 page-content\">\n<h3><a href=\"http:\/\/wp.kristdemokraterna.se\/taby\/files\/2022\/06\/bra-gruppbild.jpg\"><img loading=\"lazy\" decoding=\"async\" class=\"alignnone size-medium wp-image-2320\" src=\"http:\/\/wp.kristdemokraterna.se\/taby\/files\/2022\/06\/bra-gruppbild-300x200.jpg\" alt=\"\" width=\"300\" height=\"200\" srcset=\"https:\/\/wp.kristdemokraterna.se\/taby\/files\/2022\/06\/bra-gruppbild-300x200.jpg 300w, https:\/\/wp.kristdemokraterna.se\/taby\/files\/2022\/06\/bra-gruppbild-1024x683.jpg 1024w, https:\/\/wp.kristdemokraterna.se\/taby\/files\/2022\/06\/bra-gruppbild-768x512.jpg 768w, https:\/\/wp.kristdemokraterna.se\/taby\/files\/2022\/06\/bra-gruppbild-1536x1024.jpg 1536w, https:\/\/wp.kristdemokraterna.se\/taby\/files\/2022\/06\/bra-gruppbild-370x247.jpg 370w, https:\/\/wp.kristdemokraterna.se\/taby\/files\/2022\/06\/bra-gruppbild-770x513.jpg 770w, https:\/\/wp.kristdemokraterna.se\/taby\/files\/2022\/06\/bra-gruppbild-450x300.jpg 450w, https:\/\/wp.kristdemokraterna.se\/taby\/files\/2022\/06\/bra-gruppbild-280x187.jpg 280w, https:\/\/wp.kristdemokraterna.se\/taby\/files\/2022\/06\/bra-gruppbild-340x227.jpg 340w, https:\/\/wp.kristdemokraterna.se\/taby\/files\/2022\/06\/bra-gruppbild-200x133.jpg 200w, https:\/\/wp.kristdemokraterna.se\/taby\/files\/2022\/06\/bra-gruppbild-84x56.jpg 84w, https:\/\/wp.kristdemokraterna.se\/taby\/files\/2022\/06\/bra-gruppbild.jpg 1600w\" sizes=\"auto, (max-width: 300px) 100vw, 300px\" \/><\/a><\/h3>\n<h3>KD i T\u00e4by<\/h3>\n<p>Partiavdelningen f\u00f6r KD i T\u00e4by \u00e4r en f\u00f6rening som har 164 medlemmar. Vi finns representerade i kommunfullm\u00e4ktige med fyra mandat och sitter med i den styrande majoriteten som best\u00e5r av en helig allians, dvs kristdemokraterna tillsammans med moderaterna, liberalerna och centerpartiet. Kristdemokraterna har ett kommunalr\u00e5d samt en ordinarie och en ers\u00e4ttarplats i samtliga n\u00e4mnder i T\u00e4by. Sedan valet 2018 har vi ordf\u00f6randeskapet f\u00f6r GNN (<a href=\"https:\/\/www.taby.se\/kommun-och-politik\/politik-och-beslut\/namnder\/gymnasie--och-naringslivsnamnden\/\">Gymnasie- och n\u00e4ringslivsn\u00e4mnden &#8211; T\u00e4by kommun (taby.se)<\/a>) och arbetar dessutom aktivt med v\u00e5ra fokusfr\u00e5gor som \u00e4r, familj, jobb, v\u00e5rd och omsorg samt trygghet.<\/p>\n<h3><\/h3>\n<div id=\"svid12_53a0669f180dc5493671a4c\" class=\"sv-text-portlet sv-use-margins\">\n<div class=\"sv-text-portlet-content\">\n<div id=\"svid12_53a0669f180dc5493671a4b\" class=\"sv-text-portlet sv-use-margins\">\n<div class=\"sv-text-portlet-content\">\n<h1 id=\"h-OmKristdemokraterna\" class=\"font-heading-1\">Om Kristdemokraterna<\/h1>\n<\/div>\n<\/div>\n<div id=\"svid12_53a0669f180dc5493671a4c\" class=\"sv-text-portlet sv-use-margins\">\n<div id=\"Ingress\"><\/div>\n<div class=\"sv-text-portlet-content\">\n<p class=\"font-description\">Kristdemokraterna s\u00e4tter m\u00e4nniskov\u00e4rdet fr\u00e4mst och vill prioritera det som \u00e4r n\u00f6dv\u00e4ndigt f\u00f6r att bygga ett samh\u00e4lle som h\u00e5ller ihop. V\u00e5rden, \u00e4ldrefr\u00e5gorna och tryggheten \u00e4r v\u00e5ra prioriterade fr\u00e5gor.<\/p>\n<\/div>\n<\/div>\n<div id=\"svid12_53a0669f180dc5493671a4d\" class=\"sv-text-portlet sv-use-margins\">\n<div class=\"sv-text-portlet-content\">\n<p class=\"font-normal\">V\u00e5rt partinamn ber\u00e4ttar vad vi st\u00e5r f\u00f6r \u2013 en demokrati byggd p\u00e5 kristen m\u00e4nniskosyn och v\u00e4rdegrund. En vanlig missuppfattning \u00e4r att man m\u00e5ste vara troende f\u00f6r att vara med. Det \u00e4r fel. Alla som delar v\u00e5ra id\u00e9er \u00e4r v\u00e4lkomna i partiet.<\/p>\n<h2 id=\"h-Faktaompartiet\" class=\"font-heading-2\">Fakta om partiet:<\/h2>\n<ul class=\"sol-bullet-list font-normal\">\n<li>Partiets ordf\u00f6rande heter Ebba Busch.<\/li>\n<li>Vi har 19 riksdagsledam\u00f6ter. Kristdemokraterna fick sitt f\u00f6rsta riksdagsmandat 1985 genom samverkan med Centerpartiet. 1991 kom partiet in av egen kraft. I det senaste riksdagsvalet fick Kristdemokraterna 5,34 procent av r\u00f6sterna.<\/li>\n<li>Vi har 22 000 medlemmar. Vi \u00e4r organiserade i 26 partidistrikt. Ett distrikt omfattar oftast ett l\u00e4n.<\/li>\n<li>KD har 757 kommunfullm\u00e4ktigeledam\u00f6ter vilket \u00e4r en \u00f6kning med 81 ledam\u00f6ter. KD finns med i 261 av landets 290 kommuner varav 9 \u00e4r kommuner som vi tidigare saknade representation i.<\/li>\n<li>KD har 133 regionfullm\u00e4ktigeledam\u00f6ter vilket \u00e4r en \u00f6kning med 14 ledam\u00f6ter. KD finns numera i landets samtliga 21 regionfullm\u00e4ktige &#8211; Norrbotten var den region d\u00e4r vi nu \u00e5terh\u00e4mtade representation efter 12 \u00e5r.<\/li>\n<li>KD innehar Kommunstyrelsens ordf\u00f6randepost i f\u00f6ljande kommuner: Markaryd (Bengt Germundsson), S\u00e4vsj\u00f6 (Therese Petersson), \u00d6cker\u00f6 (Jan Utbult), \u00c5rj\u00e4ng (Jonas \u00c5s), Lycksele (Roland Sj\u00f6gren).<\/li>\n<li>I partiet finns ocks\u00e5 ett <a href=\"https:\/\/www.kdkvinnor.se\/\">kvinnof\u00f6rbund<span class=\"env-assistive-text\">L\u00e4nk till annan webbplats.<\/span><\/a>, ett <a href=\"https:\/\/www.kdu.se\/\">ungdomsf\u00f6rbund<span class=\"env-assistive-text\">L\u00e4nk till annan webbplats.<\/span><\/a>och ett <a href=\"https:\/\/wp.kristdemokraterna.se\/kdsenior\/\">seniorf\u00f6rbund.<span class=\"env-assistive-text\">L\u00e4nk till annan webbplats.<\/span><\/a>Partiet har \u00e4ven en n\u00e4ra relation till <a href=\"https:\/\/www.kdstudenter.se\/\">KSF<span class=\"env-assistive-text\">L\u00e4nk till annan webbplats.<\/span><\/a> och <a href=\"https:\/\/www.kd-b.se\/\">KD-B<span class=\"env-assistive-text\">L\u00e4nk till annan webbplats.<\/span><\/a>.<\/li>\n<li>\u00c5r 2005 startade organisationen <a href=\"https:\/\/kicsweden.org\/\">KIC \u2013 Kristdemokratiskt Internationellt Center<span class=\"env-assistive-text\">L\u00e4nk till annan webbplats.<\/span><\/a> som arbetar med demokratibist\u00e5nd. De st\u00f6djer andra kristdemokratiska partier. I diktaturer st\u00f6ttar de demokratir\u00f6relser som befinner sig i opposition.<\/li>\n<li>Kristdemokraterna \u00e4r representerat i Europaparlamentet med en ledamot: Alice Teodorescu M\u00e5we. I EU-valet 2024 fick partiet valresultatet 5,71 procent. P\u00e5 europeisk niv\u00e5 utg\u00f6r Kristdemokraterna en del av EPP \u2013 European People\u2019s Party \u2013 en sammanslutning av kristdemokratiska partier i Europa. EPP \u00e4r den st\u00f6rsta partigruppen i Europaparlamentet.<\/li>\n<\/ul>\n<\/div>\n<\/div>\n<\/div>\n<\/div>\n<p><a href=\"https:\/\/kristdemokraterna.se\/engagera-dig\">Engagera dig | Kristdemokraterna<\/a><\/p>\n<\/article>\n<aside class=\"col-md-3 site-sidebar\">\n<div class=\"sidebar-widget\">\n<div class=\"widget\">V\u00e4lkommen som medlem!<\/div>\n<div class=\"widget\"><\/div>\n<\/div>\n<\/aside>\n","protected":false},"excerpt":{"rendered":"<p>KD i T\u00e4by Partiavdelningen f\u00f6r KD i T\u00e4by \u00e4r en f\u00f6rening som har 164 medlemmar. Vi finns representerade i kommunfullm\u00e4ktige med fyra mandat och sitter med i den styrande majoriteten som best\u00e5r av en helig allians, dvs kristdemokraterna tillsammans med moderaterna, liberalerna och centerpartiet. Kristdemokraterna har ett kommunalr\u00e5d samt en ordinarie och en ers\u00e4ttarplats i <a class=\"read-more-link\" href=\"https:\/\/wp.kristdemokraterna.se\/taby\/startsida\/om-kristdemokraterna\/\">Read More<\/a><\/p>\n","protected":false},"author":26,"featured_media":1042,"parent":1401,"menu_order":0,"comment_status":"closed","ping_status":"closed","template":"","meta":{"_acf_changed":false,"footnotes":""},"class_list":["post-849","page","type-page","status-publish","hentry"],"acf":[],"yoast_head":"<!-- This site is optimized with the Yoast SEO plugin v27.3 - https:\/\/yoast.com\/product\/yoast-seo-wordpress\/ -->\n<title>Om KD - T\u00e4by<\/title>\n<meta name=\"robots\" content=\"index, follow, max-snippet:-1, max-image-preview:large, max-video-preview:-1\" \/>\n<link rel=\"canonical\" href=\"https:\/\/wp.kristdemokraterna.se\/taby\/startsida\/om-kristdemokraterna\/\" \/>\n<meta property=\"og:locale\" content=\"sv_SE\" \/>\n<meta property=\"og:type\" content=\"article\" \/>\n<meta property=\"og:title\" content=\"Om KD - T\u00e4by\" \/>\n<meta property=\"og:description\" content=\"KD i T\u00e4by Partiavdelningen f\u00f6r KD i T\u00e4by \u00e4r en f\u00f6rening som har 164 medlemmar. Vi finns representerade i kommunfullm\u00e4ktige med fyra mandat och sitter med i den styrande majoriteten som best\u00e5r av en helig allians, dvs kristdemokraterna tillsammans med moderaterna, liberalerna och centerpartiet. Kristdemokraterna har ett kommunalr\u00e5d samt en ordinarie och en ers\u00e4ttarplats i Read More\" \/>\n<meta property=\"og:url\" content=\"https:\/\/wp.kristdemokraterna.se\/taby\/startsida\/om-kristdemokraterna\/\" \/>\n<meta property=\"og:site_name\" content=\"T\u00e4by\" \/>\n<meta property=\"article:modified_time\" content=\"2025-08-19T12:40:38+00:00\" \/>\n<meta property=\"og:image\" content=\"http:\/\/wp.kristdemokraterna.se\/taby\/files\/2017\/04\/coverphoto-closeup-768x318.jpeg\" \/>\n\t<meta property=\"og:image:width\" content=\"768\" \/>\n\t<meta property=\"og:image:height\" content=\"318\" \/>\n\t<meta property=\"og:image:type\" content=\"image\/jpeg\" \/>\n<meta name=\"twitter:card\" content=\"summary_large_image\" \/>\n<meta name=\"twitter:label1\" content=\"Ber\u00e4knad l\u00e4stid\" \/>\n\t<meta name=\"twitter:data1\" content=\"3 minuter\" \/>\n<script type=\"application\/ld+json\" class=\"yoast-schema-graph\">{\"@context\":\"https:\\\/\\\/schema.org\",\"@graph\":[{\"@type\":\"WebPage\",\"@id\":\"https:\\\/\\\/wp.kristdemokraterna.se\\\/taby\\\/startsida\\\/om-kristdemokraterna\\\/\",\"url\":\"https:\\\/\\\/wp.kristdemokraterna.se\\\/taby\\\/startsida\\\/om-kristdemokraterna\\\/\",\"name\":\"Om KD - T\u00e4by\",\"isPartOf\":{\"@id\":\"https:\\\/\\\/wp.kristdemokraterna.se\\\/taby\\\/#website\"},\"primaryImageOfPage\":{\"@id\":\"https:\\\/\\\/wp.kristdemokraterna.se\\\/taby\\\/startsida\\\/om-kristdemokraterna\\\/#primaryimage\"},\"image\":{\"@id\":\"https:\\\/\\\/wp.kristdemokraterna.se\\\/taby\\\/startsida\\\/om-kristdemokraterna\\\/#primaryimage\"},\"thumbnailUrl\":\"https:\\\/\\\/wp.kristdemokraterna.se\\\/taby\\\/files\\\/2017\\\/04\\\/coverphoto-closeup-768x318.jpeg\",\"datePublished\":\"2016-11-02T18:11:54+00:00\",\"dateModified\":\"2025-08-19T12:40:38+00:00\",\"breadcrumb\":{\"@id\":\"https:\\\/\\\/wp.kristdemokraterna.se\\\/taby\\\/startsida\\\/om-kristdemokraterna\\\/#breadcrumb\"},\"inLanguage\":\"sv-SE\",\"potentialAction\":[{\"@type\":\"ReadAction\",\"target\":[\"https:\\\/\\\/wp.kristdemokraterna.se\\\/taby\\\/startsida\\\/om-kristdemokraterna\\\/\"]}]},{\"@type\":\"ImageObject\",\"inLanguage\":\"sv-SE\",\"@id\":\"https:\\\/\\\/wp.kristdemokraterna.se\\\/taby\\\/startsida\\\/om-kristdemokraterna\\\/#primaryimage\",\"url\":\"https:\\\/\\\/wp.kristdemokraterna.se\\\/taby\\\/files\\\/2017\\\/04\\\/coverphoto-closeup-768x318.jpeg\",\"contentUrl\":\"https:\\\/\\\/wp.kristdemokraterna.se\\\/taby\\\/files\\\/2017\\\/04\\\/coverphoto-closeup-768x318.jpeg\",\"width\":768,\"height\":318},{\"@type\":\"BreadcrumbList\",\"@id\":\"https:\\\/\\\/wp.kristdemokraterna.se\\\/taby\\\/startsida\\\/om-kristdemokraterna\\\/#breadcrumb\",\"itemListElement\":[{\"@type\":\"ListItem\",\"position\":1,\"name\":\"Hem\",\"item\":\"https:\\\/\\\/wp.kristdemokraterna.se\\\/taby\\\/\"},{\"@type\":\"ListItem\",\"position\":2,\"name\":\"Startsida\",\"item\":\"https:\\\/\\\/wp.kristdemokraterna.se\\\/taby\\\/\"},{\"@type\":\"ListItem\",\"position\":3,\"name\":\"Om KD\"}]},{\"@type\":\"WebSite\",\"@id\":\"https:\\\/\\\/wp.kristdemokraterna.se\\\/taby\\\/#website\",\"url\":\"https:\\\/\\\/wp.kristdemokraterna.se\\\/taby\\\/\",\"name\":\"T\u00e4by\",\"description\":\"&quot;Det ska vara l\u00e4ttare att f\u00e5 ihop arbetsliv och familjeliv i T\u00e4by&quot;\",\"inLanguage\":\"sv-SE\"}]}<\/script>\n<!-- \/ Yoast SEO plugin. -->","yoast_head_json":{"title":"Om KD - T\u00e4by","robots":{"index":"index","follow":"follow","max-snippet":"max-snippet:-1","max-image-preview":"max-image-preview:large","max-video-preview":"max-video-preview:-1"},"canonical":"https:\/\/wp.kristdemokraterna.se\/taby\/startsida\/om-kristdemokraterna\/","og_locale":"sv_SE","og_type":"article","og_title":"Om KD - T\u00e4by","og_description":"KD i T\u00e4by Partiavdelningen f\u00f6r KD i T\u00e4by \u00e4r en f\u00f6rening som har 164 medlemmar. Vi finns representerade i kommunfullm\u00e4ktige med fyra mandat och sitter med i den styrande majoriteten som best\u00e5r av en helig allians, dvs kristdemokraterna tillsammans med moderaterna, liberalerna och centerpartiet. Kristdemokraterna har ett kommunalr\u00e5d samt en ordinarie och en ers\u00e4ttarplats i Read More","og_url":"https:\/\/wp.kristdemokraterna.se\/taby\/startsida\/om-kristdemokraterna\/","og_site_name":"T\u00e4by","article_modified_time":"2025-08-19T12:40:38+00:00","og_image":[{"width":768,"height":318,"url":"http:\/\/wp.kristdemokraterna.se\/taby\/files\/2017\/04\/coverphoto-closeup-768x318.jpeg","type":"image\/jpeg"}],"twitter_card":"summary_large_image","twitter_misc":{"Ber\u00e4knad l\u00e4stid":"3 minuter"},"schema":{"@context":"https:\/\/schema.org","@graph":[{"@type":"WebPage","@id":"https:\/\/wp.kristdemokraterna.se\/taby\/startsida\/om-kristdemokraterna\/","url":"https:\/\/wp.kristdemokraterna.se\/taby\/startsida\/om-kristdemokraterna\/","name":"Om KD - T\u00e4by","isPartOf":{"@id":"https:\/\/wp.kristdemokraterna.se\/taby\/#website"},"primaryImageOfPage":{"@id":"https:\/\/wp.kristdemokraterna.se\/taby\/startsida\/om-kristdemokraterna\/#primaryimage"},"image":{"@id":"https:\/\/wp.kristdemokraterna.se\/taby\/startsida\/om-kristdemokraterna\/#primaryimage"},"thumbnailUrl":"https:\/\/wp.kristdemokraterna.se\/taby\/files\/2017\/04\/coverphoto-closeup-768x318.jpeg","datePublished":"2016-11-02T18:11:54+00:00","dateModified":"2025-08-19T12:40:38+00:00","breadcrumb":{"@id":"https:\/\/wp.kristdemokraterna.se\/taby\/startsida\/om-kristdemokraterna\/#breadcrumb"},"inLanguage":"sv-SE","potentialAction":[{"@type":"ReadAction","target":["https:\/\/wp.kristdemokraterna.se\/taby\/startsida\/om-kristdemokraterna\/"]}]},{"@type":"ImageObject","inLanguage":"sv-SE","@id":"https:\/\/wp.kristdemokraterna.se\/taby\/startsida\/om-kristdemokraterna\/#primaryimage","url":"https:\/\/wp.kristdemokraterna.se\/taby\/files\/2017\/04\/coverphoto-closeup-768x318.jpeg","contentUrl":"https:\/\/wp.kristdemokraterna.se\/taby\/files\/2017\/04\/coverphoto-closeup-768x318.jpeg","width":768,"height":318},{"@type":"BreadcrumbList","@id":"https:\/\/wp.kristdemokraterna.se\/taby\/startsida\/om-kristdemokraterna\/#breadcrumb","itemListElement":[{"@type":"ListItem","position":1,"name":"Hem","item":"https:\/\/wp.kristdemokraterna.se\/taby\/"},{"@type":"ListItem","position":2,"name":"Startsida","item":"https:\/\/wp.kristdemokraterna.se\/taby\/"},{"@type":"ListItem","position":3,"name":"Om KD"}]},{"@type":"WebSite","@id":"https:\/\/wp.kristdemokraterna.se\/taby\/#website","url":"https:\/\/wp.kristdemokraterna.se\/taby\/","name":"T\u00e4by","description":"&quot;Det ska vara l\u00e4ttare att f\u00e5 ihop arbetsliv och familjeliv i T\u00e4by&quot;","inLanguage":"sv-SE"}]}},"_links":{"self":[{"href":"https:\/\/wp.kristdemokraterna.se\/taby\/wp-json\/wp\/v2\/pages\/849","targetHints":{"allow":["GET"]}}],"collection":[{"href":"https:\/\/wp.kristdemokraterna.se\/taby\/wp-json\/wp\/v2\/pages"}],"about":[{"href":"https:\/\/wp.kristdemokraterna.se\/taby\/wp-json\/wp\/v2\/types\/page"}],"author":[{"embeddable":true,"href":"https:\/\/wp.kristdemokraterna.se\/taby\/wp-json\/wp\/v2\/users\/26"}],"replies":[{"embeddable":true,"href":"https:\/\/wp.kristdemokraterna.se\/taby\/wp-json\/wp\/v2\/comments?post=849"}],"version-history":[{"count":21,"href":"https:\/\/wp.kristdemokraterna.se\/taby\/wp-json\/wp\/v2\/pages\/849\/revisions"}],"predecessor-version":[{"id":2363,"href":"https:\/\/wp.kristdemokraterna.se\/taby\/wp-json\/wp\/v2\/pages\/849\/revisions\/2363"}],"up":[{"embeddable":true,"href":"https:\/\/wp.kristdemokraterna.se\/taby\/wp-json\/wp\/v2\/pages\/1401"}],"wp:featuredmedia":[{"embeddable":true,"href":"https:\/\/wp.kristdemokraterna.se\/taby\/wp-json\/wp\/v2\/media\/1042"}],"wp:attachment":[{"href":"https:\/\/wp.kristdemokraterna.se\/taby\/wp-json\/wp\/v2\/media?parent=849"}],"curies":[{"name":"wp","href":"https:\/\/api.w.org\/{rel}","templated":true}]}}