{"id":375,"date":"2017-12-04T16:48:06","date_gmt":"2017-12-04T15:48:06","guid":{"rendered":"http:\/\/wp.kristdemokraterna.se\/tibro\/?page_id=375"},"modified":"2023-01-17T10:18:13","modified_gmt":"2023-01-17T09:18:13","slug":"var-politik-i-regionen","status":"publish","type":"page","link":"https:\/\/wp.kristdemokraterna.se\/tibro\/textsida-fullbredd\/var-politik-i-regionen\/","title":{"rendered":"V\u00e5r politik i Regionen"},"content":{"rendered":"<p>V\u00e5r politik utg\u00e5r fr\u00e5n att varje m\u00e4nniska \u00e4r unik och att alla m\u00e4nniskor har samma absoluta och okr\u00e4nkbara v\u00e4rde. Alla regionens verksamheter ska k\u00e4nnetecknas av v\u00e4rdighet, kvalitet, tillg\u00e4nglighet och j\u00e4mlikhet. Det ska vara en sj\u00e4lvklarhet att h\u00e4nsyn alltid tas till m\u00e4nniskors olika f\u00f6ruts\u00e4ttningar. Hinder f\u00f6r delaktighet bland personer med funktionsneds\u00e4ttningar m\u00e5ste rivas.<\/p>\n<p>Den solidariskt finansierade h\u00e4lso- och sjukv\u00e5rden \u00e4r v\u00e4lf\u00e4rdens k\u00e4rna och den som har st\u00f6rst behov ska ges f\u00f6retr\u00e4de i v\u00e5rden. Vi driver en framtidsinriktad politik med m\u00e5let att skapa en effektiv och k\u00f6fri v\u00e5rd av h\u00f6gsta kvalitet. Den enskilde patienten ska alltid st\u00e5 i fokus. Detta \u00e4r ocks\u00e5 en grundsats i den omst\u00e4llning sjukv\u00e5rden genomg\u00e5r, med en f\u00f6rst\u00e4rkt prim\u00e4rv\u00e5rd som flyttar v\u00e5rden n\u00e4rmare patienten. H\u00e4lsofr\u00e4mjande och f\u00f6rebyggande behandling ska prioriteras och vara en naturlig del i alla v\u00e5rdm\u00f6ten.<\/p>\n<p>V\u00e5rden och omsorgen ska tillgodose m\u00e4nniskans fysiska, psykiska, sociala och andliga dimension. Det finns stora andliga och sj\u00e4lsliga behov som inte alltid hinner m\u00f6tas i den ordinarie sjukv\u00e5rdsverksamheten. H\u00e4r har sjukhuskyrkan en betydelsefull roll i att m\u00f6ta m\u00e4nniskor som genomg\u00e5r sjukdom, ensamhet och kriser.<\/p>\n<p>Kristdemokraterna vill att staten tar ansvar f\u00f6r sjukv\u00e5rden s\u00e5 att en h\u00f6gkvalitativ, effektiv och j\u00e4mlik v\u00e5rd kan ges p\u00e5 lika villkor till hela Sveriges befolkning. I avvaktan p\u00e5 en s\u00e5dan reform arbetar vi f\u00f6r att regionen ska erbjuda b\u00e4sta m\u00f6jliga v\u00e5rd och omsorg.<\/p>\n<p>V\u00e4stra G\u00f6talandsregionen ska vara starkt rustat vid pandemi eller annan samh\u00e4llskris. Snabba och effektiva insatser ska, vid s\u00e5dana situationer, kunna s\u00e4ttas in f\u00f6r att minska de negativa konsekvenserna f\u00f6r individer och samh\u00e4lle.<\/p>\n<p>I kristdemokratisk politik \u00e4r f\u00f6rvaltarskapstanken central. Den inneb\u00e4r att vi ska f\u00f6rvalta, inte f\u00f6rbruka, milj\u00f6, ekonomi och andra tillg\u00e5ngar. I regionen ska varje \u00e5r b\u00e4ra sina egna kostnader. Vi mots\u00e4tter oss en ekonomisk politik som skjuter \u00f6ver kostnader, vilket skulle f\u00f6rs\u00e4mra v\u00e5rden kommande \u00e5r.<\/p>\n<p>Vi verkar f\u00f6r en trygg och v\u00e4lfungerande kollektivtrafik, goda kommunikationer, ett rikt kulturliv, framsteg p\u00e5 milj\u00f6- och klimatomr\u00e5det och ett gynnsamt f\u00f6retagsklimat. Detta \u00e4r viktiga fr\u00e5gor f\u00f6r att skapa ett mer attraktivt, konkurrenskraftigt och h\u00e5llbart V\u00e4stra G\u00f6taland.<\/p>\n<p>&nbsp;<\/p>\n<p>V\u00e5r politik v\u00e4rnar \u00e4ven om att skapa goda f\u00f6ruts\u00e4ttningar f\u00f6r lands- och kustbygden samt f\u00f6r att den ideella sektorn att utvecklas.<\/p>\n","protected":false},"excerpt":{"rendered":"<p>V\u00e5r politik utg\u00e5r fr\u00e5n att varje m\u00e4nniska \u00e4r unik och att alla m\u00e4nniskor har samma absoluta och okr\u00e4nkbara v\u00e4rde. Alla regionens verksamheter ska k\u00e4nnetecknas av v\u00e4rdighet, kvalitet, tillg\u00e4nglighet och j\u00e4mlikhet. Det ska vara en sj\u00e4lvklarhet att h\u00e4nsyn alltid tas till m\u00e4nniskors olika f\u00f6ruts\u00e4ttningar. Hinder f\u00f6r delaktighet bland personer med funktionsneds\u00e4ttningar m\u00e5ste rivas. Den solidariskt finansierade <a class=\"read-more-link\" href=\"https:\/\/wp.kristdemokraterna.se\/tibro\/textsida-fullbredd\/var-politik-i-regionen\/\">L\u00e4s mer<\/a><\/p>\n","protected":false},"author":849,"featured_media":0,"parent":272,"menu_order":0,"comment_status":"closed","ping_status":"closed","template":"page.php","meta":{"_acf_changed":false,"footnotes":""},"class_list":["post-375","page","type-page","status-publish","hentry"],"acf":[],"yoast_head":"<!-- This site is optimized with the Yoast SEO plugin v27.3 - https:\/\/yoast.com\/product\/yoast-seo-wordpress\/ -->\n<title>V\u00e5r politik i Regionen - Kristdemokraterna | Tibro<\/title>\n<meta name=\"robots\" content=\"index, follow, max-snippet:-1, max-image-preview:large, max-video-preview:-1\" \/>\n<link rel=\"canonical\" href=\"https:\/\/wp.kristdemokraterna.se\/tibro\/textsida-fullbredd\/var-politik-i-regionen\/\" \/>\n<meta property=\"og:locale\" content=\"sv_SE\" \/>\n<meta property=\"og:type\" content=\"article\" \/>\n<meta property=\"og:title\" content=\"V\u00e5r politik i Regionen - Kristdemokraterna | Tibro\" \/>\n<meta property=\"og:description\" content=\"V\u00e5r politik utg\u00e5r fr\u00e5n att varje m\u00e4nniska \u00e4r unik och att alla m\u00e4nniskor har samma absoluta och okr\u00e4nkbara v\u00e4rde. Alla regionens verksamheter ska k\u00e4nnetecknas av v\u00e4rdighet, kvalitet, tillg\u00e4nglighet och j\u00e4mlikhet. Det ska vara en sj\u00e4lvklarhet att h\u00e4nsyn alltid tas till m\u00e4nniskors olika f\u00f6ruts\u00e4ttningar. Hinder f\u00f6r delaktighet bland personer med funktionsneds\u00e4ttningar m\u00e5ste rivas. Den solidariskt finansierade L\u00e4s mer\" \/>\n<meta property=\"og:url\" content=\"https:\/\/wp.kristdemokraterna.se\/tibro\/textsida-fullbredd\/var-politik-i-regionen\/\" \/>\n<meta property=\"og:site_name\" content=\"Kristdemokraterna | Tibro\" \/>\n<meta property=\"article:modified_time\" content=\"2023-01-17T09:18:13+00:00\" \/>\n<meta name=\"twitter:card\" content=\"summary_large_image\" \/>\n<meta name=\"twitter:label1\" content=\"Ber\u00e4knad l\u00e4stid\" \/>\n\t<meta name=\"twitter:data1\" content=\"2 minuter\" \/>\n<script type=\"application\/ld+json\" class=\"yoast-schema-graph\">{\"@context\":\"https:\\\/\\\/schema.org\",\"@graph\":[{\"@type\":\"WebPage\",\"@id\":\"https:\\\/\\\/wp.kristdemokraterna.se\\\/tibro\\\/textsida-fullbredd\\\/var-politik-i-regionen\\\/\",\"url\":\"https:\\\/\\\/wp.kristdemokraterna.se\\\/tibro\\\/textsida-fullbredd\\\/var-politik-i-regionen\\\/\",\"name\":\"V\u00e5r politik i Regionen - Kristdemokraterna | Tibro\",\"isPartOf\":{\"@id\":\"https:\\\/\\\/wp.kristdemokraterna.se\\\/tibro\\\/#website\"},\"datePublished\":\"2017-12-04T15:48:06+00:00\",\"dateModified\":\"2023-01-17T09:18:13+00:00\",\"breadcrumb\":{\"@id\":\"https:\\\/\\\/wp.kristdemokraterna.se\\\/tibro\\\/textsida-fullbredd\\\/var-politik-i-regionen\\\/#breadcrumb\"},\"inLanguage\":\"sv-SE\",\"potentialAction\":[{\"@type\":\"ReadAction\",\"target\":[\"https:\\\/\\\/wp.kristdemokraterna.se\\\/tibro\\\/textsida-fullbredd\\\/var-politik-i-regionen\\\/\"]}]},{\"@type\":\"BreadcrumbList\",\"@id\":\"https:\\\/\\\/wp.kristdemokraterna.se\\\/tibro\\\/textsida-fullbredd\\\/var-politik-i-regionen\\\/#breadcrumb\",\"itemListElement\":[{\"@type\":\"ListItem\",\"position\":1,\"name\":\"Hem\",\"item\":\"https:\\\/\\\/wp.kristdemokraterna.se\\\/tibro\\\/\"},{\"@type\":\"ListItem\",\"position\":2,\"name\":\"Vad vi st\u00e5r f\u00f6r!\",\"item\":\"https:\\\/\\\/wp.kristdemokraterna.se\\\/tibro\\\/textsida-fullbredd\\\/\"},{\"@type\":\"ListItem\",\"position\":3,\"name\":\"V\u00e5r politik i Regionen\"}]},{\"@type\":\"WebSite\",\"@id\":\"https:\\\/\\\/wp.kristdemokraterna.se\\\/tibro\\\/#website\",\"url\":\"https:\\\/\\\/wp.kristdemokraterna.se\\\/tibro\\\/\",\"name\":\"Kristdemokraterna | Tibro\",\"description\":\"En till Kristdemokraterna webbplats\",\"inLanguage\":\"sv-SE\"}]}<\/script>\n<!-- \/ Yoast SEO plugin. -->","yoast_head_json":{"title":"V\u00e5r politik i Regionen - Kristdemokraterna | Tibro","robots":{"index":"index","follow":"follow","max-snippet":"max-snippet:-1","max-image-preview":"max-image-preview:large","max-video-preview":"max-video-preview:-1"},"canonical":"https:\/\/wp.kristdemokraterna.se\/tibro\/textsida-fullbredd\/var-politik-i-regionen\/","og_locale":"sv_SE","og_type":"article","og_title":"V\u00e5r politik i Regionen - Kristdemokraterna | Tibro","og_description":"V\u00e5r politik utg\u00e5r fr\u00e5n att varje m\u00e4nniska \u00e4r unik och att alla m\u00e4nniskor har samma absoluta och okr\u00e4nkbara v\u00e4rde. Alla regionens verksamheter ska k\u00e4nnetecknas av v\u00e4rdighet, kvalitet, tillg\u00e4nglighet och j\u00e4mlikhet. Det ska vara en sj\u00e4lvklarhet att h\u00e4nsyn alltid tas till m\u00e4nniskors olika f\u00f6ruts\u00e4ttningar. Hinder f\u00f6r delaktighet bland personer med funktionsneds\u00e4ttningar m\u00e5ste rivas. Den solidariskt finansierade L\u00e4s mer","og_url":"https:\/\/wp.kristdemokraterna.se\/tibro\/textsida-fullbredd\/var-politik-i-regionen\/","og_site_name":"Kristdemokraterna | Tibro","article_modified_time":"2023-01-17T09:18:13+00:00","twitter_card":"summary_large_image","twitter_misc":{"Ber\u00e4knad l\u00e4stid":"2 minuter"},"schema":{"@context":"https:\/\/schema.org","@graph":[{"@type":"WebPage","@id":"https:\/\/wp.kristdemokraterna.se\/tibro\/textsida-fullbredd\/var-politik-i-regionen\/","url":"https:\/\/wp.kristdemokraterna.se\/tibro\/textsida-fullbredd\/var-politik-i-regionen\/","name":"V\u00e5r politik i Regionen - Kristdemokraterna | Tibro","isPartOf":{"@id":"https:\/\/wp.kristdemokraterna.se\/tibro\/#website"},"datePublished":"2017-12-04T15:48:06+00:00","dateModified":"2023-01-17T09:18:13+00:00","breadcrumb":{"@id":"https:\/\/wp.kristdemokraterna.se\/tibro\/textsida-fullbredd\/var-politik-i-regionen\/#breadcrumb"},"inLanguage":"sv-SE","potentialAction":[{"@type":"ReadAction","target":["https:\/\/wp.kristdemokraterna.se\/tibro\/textsida-fullbredd\/var-politik-i-regionen\/"]}]},{"@type":"BreadcrumbList","@id":"https:\/\/wp.kristdemokraterna.se\/tibro\/textsida-fullbredd\/var-politik-i-regionen\/#breadcrumb","itemListElement":[{"@type":"ListItem","position":1,"name":"Hem","item":"https:\/\/wp.kristdemokraterna.se\/tibro\/"},{"@type":"ListItem","position":2,"name":"Vad vi st\u00e5r f\u00f6r!","item":"https:\/\/wp.kristdemokraterna.se\/tibro\/textsida-fullbredd\/"},{"@type":"ListItem","position":3,"name":"V\u00e5r politik i Regionen"}]},{"@type":"WebSite","@id":"https:\/\/wp.kristdemokraterna.se\/tibro\/#website","url":"https:\/\/wp.kristdemokraterna.se\/tibro\/","name":"Kristdemokraterna | Tibro","description":"En till Kristdemokraterna webbplats","inLanguage":"sv-SE"}]}},"_links":{"self":[{"href":"https:\/\/wp.kristdemokraterna.se\/tibro\/wp-json\/wp\/v2\/pages\/375","targetHints":{"allow":["GET"]}}],"collection":[{"href":"https:\/\/wp.kristdemokraterna.se\/tibro\/wp-json\/wp\/v2\/pages"}],"about":[{"href":"https:\/\/wp.kristdemokraterna.se\/tibro\/wp-json\/wp\/v2\/types\/page"}],"author":[{"embeddable":true,"href":"https:\/\/wp.kristdemokraterna.se\/tibro\/wp-json\/wp\/v2\/users\/849"}],"replies":[{"embeddable":true,"href":"https:\/\/wp.kristdemokraterna.se\/tibro\/wp-json\/wp\/v2\/comments?post=375"}],"version-history":[{"count":3,"href":"https:\/\/wp.kristdemokraterna.se\/tibro\/wp-json\/wp\/v2\/pages\/375\/revisions"}],"predecessor-version":[{"id":507,"href":"https:\/\/wp.kristdemokraterna.se\/tibro\/wp-json\/wp\/v2\/pages\/375\/revisions\/507"}],"up":[{"embeddable":true,"href":"https:\/\/wp.kristdemokraterna.se\/tibro\/wp-json\/wp\/v2\/pages\/272"}],"wp:attachment":[{"href":"https:\/\/wp.kristdemokraterna.se\/tibro\/wp-json\/wp\/v2\/media?parent=375"}],"curies":[{"name":"wp","href":"https:\/\/api.w.org\/{rel}","templated":true}]}}