{"id":265,"date":"2025-06-02T14:47:40","date_gmt":"2025-06-02T12:47:40","guid":{"rendered":"http:\/\/wp.kristdemokraterna.se\/tidaholm\/?page_id=265"},"modified":"2026-02-24T09:37:19","modified_gmt":"2026-02-24T08:37:19","slug":"startsida","status":"publish","type":"page","link":"https:\/\/wp.kristdemokraterna.se\/tidaholm\/","title":{"rendered":"Startsida"},"content":{"rendered":"<h1><strong>V\u00e4lkommen till Kristdemokraterna i Tidaholm<\/strong><\/h1>\n<h2><em>TRYGGHET, UTVECKLING, FRAMTIDSTRO<\/em><\/h2>\n<h3>VISIONSDOKUMENT F\u00d6R KRISTDEMOKRATERNA I TIDAHOLM<\/h3>\n<h3>Detta vill vi fokusera p\u00e5 och arbeta med fram till\u00a0 och efter valet i sep 2026:<\/h3>\n<ul>\n<li>En v\u00e4xande kommun<\/li>\n<li>Ett bra klimat f\u00f6r n\u00e4ringslivet<\/li>\n<li>Trygghet och v\u00e4lf\u00e4rd<\/li>\n<li>En kommun d\u00e4r vi i hela kommunen v\u00e4rnar om barnen, familjen, f\u00f6rskola, skola<\/li>\n<li>En kommun som har en god och v\u00e4rdig \u00e4ldreomsorg<\/li>\n<li>Vi tror p\u00e5 en kommun som satsar p\u00e5 kultur, fritid, idrott.<\/li>\n<li>Det \u00e4r viktigt med en trygg och stabil kommunekonomi<\/li>\n<li>Det ska alltid vara ett st\u00e4ndigt &#8221;milj\u00f6t\u00e4nkt&#8221; i kommunens verksamheter<\/li>\n<\/ul>\n<p>I menyn \u00f6verst under fliken &#8221;Vad vill vi i v\u00e5r kommun&#8221;, kan du l\u00e4sa hela v\u00e5rt visionsdokument inf\u00f6r valet 2022.<\/p>\n","protected":false},"excerpt":{"rendered":"<p>V\u00e4lkommen till Kristdemokraterna i Tidaholm TRYGGHET, UTVECKLING, FRAMTIDSTRO VISIONSDOKUMENT F\u00d6R KRISTDEMOKRATERNA I TIDAHOLM Detta vill vi fokusera p\u00e5 och arbeta med fram till\u00a0 och efter valet i sep 2026: En v\u00e4xande kommun Ett bra klimat f\u00f6r n\u00e4ringslivet Trygghet och v\u00e4lf\u00e4rd En kommun d\u00e4r vi i hela kommunen v\u00e4rnar om barnen, familjen, f\u00f6rskola, skola En kommun <a class=\"read-more-link\" href=\"https:\/\/wp.kristdemokraterna.se\/tidaholm\/\">L\u00e4s mer<\/a><\/p>\n","protected":false},"author":897,"featured_media":0,"parent":0,"menu_order":0,"comment_status":"closed","ping_status":"closed","template":"index.php","meta":{"_acf_changed":false,"footnotes":""},"class_list":["post-265","page","type-page","status-publish","hentry"],"acf":[],"yoast_head":"<!-- This site is optimized with the Yoast SEO plugin v27.4 - https:\/\/yoast.com\/product\/yoast-seo-wordpress\/ -->\n<title>Startsida - Kristdemokraterna | Tidaholm<\/title>\n<meta name=\"description\" content=\"Information om Kristdemokraterna i Tidaholms vision och arbete.\" \/>\n<meta name=\"robots\" content=\"index, follow, max-snippet:-1, max-image-preview:large, max-video-preview:-1\" \/>\n<link rel=\"canonical\" href=\"https:\/\/wp.kristdemokraterna.se\/tidaholm\/\" \/>\n<meta property=\"og:locale\" content=\"sv_SE\" \/>\n<meta property=\"og:type\" content=\"article\" \/>\n<meta property=\"og:title\" content=\"Startsida - Kristdemokraterna | Tidaholm\" \/>\n<meta property=\"og:description\" content=\"Information om Kristdemokraterna i Tidaholms vision och arbete.\" \/>\n<meta property=\"og:url\" content=\"https:\/\/wp.kristdemokraterna.se\/tidaholm\/\" \/>\n<meta property=\"og:site_name\" content=\"Kristdemokraterna | Tidaholm\" \/>\n<meta property=\"article:modified_time\" content=\"2026-02-24T08:37:19+00:00\" \/>\n<meta name=\"twitter:card\" content=\"summary_large_image\" \/>\n<meta name=\"twitter:label1\" content=\"Ber\u00e4knad l\u00e4stid\" \/>\n\t<meta name=\"twitter:data1\" content=\"1 minut\" \/>\n<script type=\"application\/ld+json\" class=\"yoast-schema-graph\">{\"@context\":\"https:\\\/\\\/schema.org\",\"@graph\":[{\"@type\":\"WebPage\",\"@id\":\"https:\\\/\\\/wp.kristdemokraterna.se\\\/tidaholm\\\/\",\"url\":\"https:\\\/\\\/wp.kristdemokraterna.se\\\/tidaholm\\\/\",\"name\":\"Startsida - Kristdemokraterna | Tidaholm\",\"isPartOf\":{\"@id\":\"https:\\\/\\\/wp.kristdemokraterna.se\\\/tidaholm\\\/#website\"},\"datePublished\":\"2025-06-02T12:47:40+00:00\",\"dateModified\":\"2026-02-24T08:37:19+00:00\",\"description\":\"Information om Kristdemokraterna i Tidaholms vision och arbete.\",\"breadcrumb\":{\"@id\":\"https:\\\/\\\/wp.kristdemokraterna.se\\\/tidaholm\\\/#breadcrumb\"},\"inLanguage\":\"sv-SE\",\"potentialAction\":[{\"@type\":\"ReadAction\",\"target\":[\"https:\\\/\\\/wp.kristdemokraterna.se\\\/tidaholm\\\/\"]}]},{\"@type\":\"BreadcrumbList\",\"@id\":\"https:\\\/\\\/wp.kristdemokraterna.se\\\/tidaholm\\\/#breadcrumb\",\"itemListElement\":[{\"@type\":\"ListItem\",\"position\":1,\"name\":\"Hem\",\"item\":\"https:\\\/\\\/wp.kristdemokraterna.se\\\/tidaholm\\\/\"},{\"@type\":\"ListItem\",\"position\":2,\"name\":\"Startsida\"}]},{\"@type\":\"WebSite\",\"@id\":\"https:\\\/\\\/wp.kristdemokraterna.se\\\/tidaholm\\\/#website\",\"url\":\"https:\\\/\\\/wp.kristdemokraterna.se\\\/tidaholm\\\/\",\"name\":\"Kristdemokraterna | Tidaholm\",\"description\":\"En till Kristdemokraterna webbplats\",\"inLanguage\":\"sv-SE\"}]}<\/script>\n<!-- \/ Yoast SEO plugin. -->","yoast_head_json":{"title":"Startsida - Kristdemokraterna | Tidaholm","description":"Information om Kristdemokraterna i Tidaholms vision och arbete.","robots":{"index":"index","follow":"follow","max-snippet":"max-snippet:-1","max-image-preview":"max-image-preview:large","max-video-preview":"max-video-preview:-1"},"canonical":"https:\/\/wp.kristdemokraterna.se\/tidaholm\/","og_locale":"sv_SE","og_type":"article","og_title":"Startsida - Kristdemokraterna | Tidaholm","og_description":"Information om Kristdemokraterna i Tidaholms vision och arbete.","og_url":"https:\/\/wp.kristdemokraterna.se\/tidaholm\/","og_site_name":"Kristdemokraterna | Tidaholm","article_modified_time":"2026-02-24T08:37:19+00:00","twitter_card":"summary_large_image","twitter_misc":{"Ber\u00e4knad l\u00e4stid":"1 minut"},"schema":{"@context":"https:\/\/schema.org","@graph":[{"@type":"WebPage","@id":"https:\/\/wp.kristdemokraterna.se\/tidaholm\/","url":"https:\/\/wp.kristdemokraterna.se\/tidaholm\/","name":"Startsida - Kristdemokraterna | Tidaholm","isPartOf":{"@id":"https:\/\/wp.kristdemokraterna.se\/tidaholm\/#website"},"datePublished":"2025-06-02T12:47:40+00:00","dateModified":"2026-02-24T08:37:19+00:00","description":"Information om Kristdemokraterna i Tidaholms vision och arbete.","breadcrumb":{"@id":"https:\/\/wp.kristdemokraterna.se\/tidaholm\/#breadcrumb"},"inLanguage":"sv-SE","potentialAction":[{"@type":"ReadAction","target":["https:\/\/wp.kristdemokraterna.se\/tidaholm\/"]}]},{"@type":"BreadcrumbList","@id":"https:\/\/wp.kristdemokraterna.se\/tidaholm\/#breadcrumb","itemListElement":[{"@type":"ListItem","position":1,"name":"Hem","item":"https:\/\/wp.kristdemokraterna.se\/tidaholm\/"},{"@type":"ListItem","position":2,"name":"Startsida"}]},{"@type":"WebSite","@id":"https:\/\/wp.kristdemokraterna.se\/tidaholm\/#website","url":"https:\/\/wp.kristdemokraterna.se\/tidaholm\/","name":"Kristdemokraterna | Tidaholm","description":"En till Kristdemokraterna webbplats","inLanguage":"sv-SE"}]}},"_links":{"self":[{"href":"https:\/\/wp.kristdemokraterna.se\/tidaholm\/wp-json\/wp\/v2\/pages\/265","targetHints":{"allow":["GET"]}}],"collection":[{"href":"https:\/\/wp.kristdemokraterna.se\/tidaholm\/wp-json\/wp\/v2\/pages"}],"about":[{"href":"https:\/\/wp.kristdemokraterna.se\/tidaholm\/wp-json\/wp\/v2\/types\/page"}],"author":[{"embeddable":true,"href":"https:\/\/wp.kristdemokraterna.se\/tidaholm\/wp-json\/wp\/v2\/users\/897"}],"replies":[{"embeddable":true,"href":"https:\/\/wp.kristdemokraterna.se\/tidaholm\/wp-json\/wp\/v2\/comments?post=265"}],"version-history":[{"count":81,"href":"https:\/\/wp.kristdemokraterna.se\/tidaholm\/wp-json\/wp\/v2\/pages\/265\/revisions"}],"predecessor-version":[{"id":678,"href":"https:\/\/wp.kristdemokraterna.se\/tidaholm\/wp-json\/wp\/v2\/pages\/265\/revisions\/678"}],"wp:attachment":[{"href":"https:\/\/wp.kristdemokraterna.se\/tidaholm\/wp-json\/wp\/v2\/media?parent=265"}],"curies":[{"name":"wp","href":"https:\/\/api.w.org\/{rel}","templated":true}]}}