{"id":342,"date":"2026-04-10T12:21:10","date_gmt":"2026-04-10T10:21:10","guid":{"rendered":"http:\/\/wp.kristdemokraterna.se\/tidaholm\/?page_id=342"},"modified":"2026-04-10T15:10:55","modified_gmt":"2026-04-10T13:10:55","slug":"i-var-kommun","status":"publish","type":"page","link":"https:\/\/wp.kristdemokraterna.se\/tidaholm\/i-var-kommun\/","title":{"rendered":"KD:s VISION f\u00f6r Tidaholm &#8211; inf\u00f6r val\u00e5ret 2026"},"content":{"rendered":"<h2>VISIONSDOKUMENT F\u00d6R KRISTDEMOKRATERNA<br \/>\nI TIDAHOLM &#8211; INF\u00d6R VAL\u00c5RET 2026<\/h2>\n<p>Detta vill vi fokusera p\u00e5 samt arbeta och k\u00e4mpa f\u00f6r fram till valet och efter valet 2026:<\/p>\n<h3>TILLV\u00c4XT I KOMMUNEN<\/h3>\n<ul>\n<li>Vi vill att fler v\u00e4ljer att leva och bo i Tidaholms kommun.<\/li>\n<li>Det ska finnas god tillg\u00e5ng till attraktiva och byggklara tomter i hela kommunen.<\/li>\n<li>En attraktiv landsbygd med n\u00e4rhet till f\u00f6rskola och skola.<\/li>\n<li>Tidaholms kommun ska vara attraktiv f\u00f6r inv\u00e5nare och f\u00f6retag<\/li>\n<li>Aktiv marknadsf\u00f6ring av Tidaholm.<\/li>\n<li>Det ska vara l\u00e4tt att bygga och bo i kommunen.<\/li>\n<li>F\u00f6renkla processerna f\u00f6r f\u00f6retagsetableringar.<\/li>\n<\/ul>\n<h3>N\u00c4RINGSLIV<\/h3>\n<ul>\n<li>Levande och god kontakt mellan politik och n\u00e4ringsliv.<\/li>\n<li>Byggklara attraktiva tomter f\u00f6r f\u00f6retagsetableringar.<\/li>\n<li>Verka f\u00f6r ett levande centrum och m\u00f6tesplatser. Viktigt med tillg\u00e4nglig kommunal service, samt kv\u00e4lls\u00f6ppna caf\u00e9, matst\u00e4llen m.m.<\/li>\n<li>Vi vill v\u00e4rna om den lokala handeln.<\/li>\n<\/ul>\n<h3>TRYGGHET OCH V\u00c4LF\u00c4RD<\/h3>\n<ul>\n<li>Det ska vara tryggt att bo och leva i Tidaholm.<\/li>\n<li>Fortsatt kontinuerlig polisn\u00e4rvaro.<\/li>\n<li>V\u00e4rna om valfriheten att fritt f\u00e5 v\u00e4lja \u00e4ldreomsorg.<\/li>\n<li>V\u00e4rna om valfriheten att fritt v\u00e4lja skola och f\u00f6rskola, s\u00e5 l\u00e5ngt det \u00e4r m\u00f6jligt.<\/li>\n<li>Vi vill utveckla \u00e4ldreomsorgen som m\u00f6ter framtidens behov.<\/li>\n<\/ul>\n<h3>BARN, FAMILJ, F\u00d6RSKOLA, SKOLA<\/h3>\n<ul>\n<li>Utveckla f\u00f6rskolorna och skolorna b\u00e5de p\u00e5 landsbygden och i t\u00e4torten.<\/li>\n<li>L\u00e5ta barn och unga vara delaktiga i sin framtid inom skola och fritid.<\/li>\n<li>Utveckla Rudbecksgymnasiet och KompetensCentrum.<\/li>\n<li>V\u00e5r vision \u00e4r en aktivitetspark d\u00e4r barn och vuxna kan m\u00f6tas och trivas.<\/li>\n<\/ul>\n<h3>KULTUR &amp; FRITID &amp; IDROTT<\/h3>\n<ul>\n<li>Rikt kulturutbud.<\/li>\n<li>Vi prioriterar en l\u00e5ngsiktig och h\u00e5llbar finansiering f\u00f6r Kulturskolan.<\/li>\n<li>Fortsatt st\u00f6d till rikt och varierat idrottsutbud.<\/li>\n<li>Fler m\u00f6tesplatser d\u00e4r ungdomar trivs. Viktigt med dialog!!!<\/li>\n<\/ul>\n<h3>EKONOMI<\/h3>\n<ul>\n<li>Kommunen ska vara kostnadseffektiv.<\/li>\n<li>B\u00e4ttre ekonomisk samordning i kommunen.<\/li>\n<li>God ekonomisk hush\u00e5llning av skattepengarna. Pengarna ska anv\u00e4ndas d\u00e4r de verkligen beh\u00f6vs.<\/li>\n<\/ul>\n<h3>MILJ\u00d6<\/h3>\n<ul>\n<li>Senast \u00e5r 2030 ska alla gamla fordon vara utbytta mot fossilfria fordon.<\/li>\n<li>Ge verksamheterna f\u00f6ruts\u00e4ttningar att f\u00f6lja dokumentet Koldioxidbudget och strategisk handlingsplan.<\/li>\n<li>V\u00e5r vision \u00e4r att ca 10 miljoner avs\u00e4tts per \u00e5r som en milj\u00f6investering f\u00f6r att n\u00e5 m\u00e5len i koldioxidbudgeten och strategisk handlingsplan.<\/li>\n<li>Skydda och v\u00e4rna om kommunens bioptoper (omgivning, med naturliga gr\u00e4nser, d\u00e4r vissa v\u00e4xt- eller djursamh\u00e4llen h\u00f6r hemma.)<\/li>\n<\/ul>\n","protected":false},"excerpt":{"rendered":"<p>VISIONSDOKUMENT F\u00d6R KRISTDEMOKRATERNA I TIDAHOLM &#8211; INF\u00d6R VAL\u00c5RET 2026 Detta vill vi fokusera p\u00e5 samt arbeta och k\u00e4mpa f\u00f6r fram till valet och efter valet 2026: TILLV\u00c4XT I KOMMUNEN Vi vill att fler v\u00e4ljer att leva och bo i Tidaholms kommun. Det ska finnas god tillg\u00e5ng till attraktiva och byggklara tomter i hela kommunen. En <a class=\"read-more-link\" href=\"https:\/\/wp.kristdemokraterna.se\/tidaholm\/i-var-kommun\/\">L\u00e4s mer<\/a><\/p>\n","protected":false},"author":897,"featured_media":0,"parent":0,"menu_order":0,"comment_status":"closed","ping_status":"closed","template":"page.php","meta":{"_acf_changed":false,"footnotes":""},"class_list":["post-342","page","type-page","status-publish","hentry"],"acf":[],"yoast_head":"<!-- This site is optimized with the Yoast SEO plugin v27.4 - https:\/\/yoast.com\/product\/yoast-seo-wordpress\/ -->\n<title>KD:s VISION f\u00f6r Tidaholm - inf\u00f6r val\u00e5ret 2026 - Kristdemokraterna | Tidaholm<\/title>\n<meta name=\"description\" content=\"Kristdemokraterna i Tidaholm har skapat ett visionsdokument som vi arbetar efter fram till valet 2026.\" \/>\n<meta name=\"robots\" content=\"index, follow, max-snippet:-1, max-image-preview:large, max-video-preview:-1\" \/>\n<link rel=\"canonical\" href=\"https:\/\/wp.kristdemokraterna.se\/tidaholm\/i-var-kommun\/\" \/>\n<meta property=\"og:locale\" content=\"sv_SE\" \/>\n<meta property=\"og:type\" content=\"article\" \/>\n<meta property=\"og:title\" content=\"KD:s VISION f\u00f6r Tidaholm - inf\u00f6r val\u00e5ret 2026 - Kristdemokraterna | Tidaholm\" \/>\n<meta property=\"og:description\" content=\"Kristdemokraterna i Tidaholm har skapat ett visionsdokument som vi arbetar efter fram till valet 2026.\" \/>\n<meta property=\"og:url\" content=\"https:\/\/wp.kristdemokraterna.se\/tidaholm\/i-var-kommun\/\" \/>\n<meta property=\"og:site_name\" content=\"Kristdemokraterna | Tidaholm\" \/>\n<meta property=\"article:modified_time\" content=\"2026-04-10T13:10:55+00:00\" \/>\n<meta name=\"twitter:card\" content=\"summary_large_image\" \/>\n<meta name=\"twitter:label1\" content=\"Ber\u00e4knad l\u00e4stid\" \/>\n\t<meta name=\"twitter:data1\" content=\"2 minuter\" \/>\n<script type=\"application\/ld+json\" class=\"yoast-schema-graph\">{\"@context\":\"https:\\\/\\\/schema.org\",\"@graph\":[{\"@type\":\"WebPage\",\"@id\":\"https:\\\/\\\/wp.kristdemokraterna.se\\\/tidaholm\\\/i-var-kommun\\\/\",\"url\":\"https:\\\/\\\/wp.kristdemokraterna.se\\\/tidaholm\\\/i-var-kommun\\\/\",\"name\":\"KD:s VISION f\u00f6r Tidaholm - inf\u00f6r val\u00e5ret 2026 - Kristdemokraterna | Tidaholm\",\"isPartOf\":{\"@id\":\"https:\\\/\\\/wp.kristdemokraterna.se\\\/tidaholm\\\/#website\"},\"datePublished\":\"2026-04-10T10:21:10+00:00\",\"dateModified\":\"2026-04-10T13:10:55+00:00\",\"description\":\"Kristdemokraterna i Tidaholm har skapat ett visionsdokument som vi arbetar efter fram till valet 2026.\",\"breadcrumb\":{\"@id\":\"https:\\\/\\\/wp.kristdemokraterna.se\\\/tidaholm\\\/i-var-kommun\\\/#breadcrumb\"},\"inLanguage\":\"sv-SE\",\"potentialAction\":[{\"@type\":\"ReadAction\",\"target\":[\"https:\\\/\\\/wp.kristdemokraterna.se\\\/tidaholm\\\/i-var-kommun\\\/\"]}]},{\"@type\":\"BreadcrumbList\",\"@id\":\"https:\\\/\\\/wp.kristdemokraterna.se\\\/tidaholm\\\/i-var-kommun\\\/#breadcrumb\",\"itemListElement\":[{\"@type\":\"ListItem\",\"position\":1,\"name\":\"Hem\",\"item\":\"https:\\\/\\\/wp.kristdemokraterna.se\\\/tidaholm\\\/\"},{\"@type\":\"ListItem\",\"position\":2,\"name\":\"KD:s VISION f\u00f6r Tidaholm &#8211; inf\u00f6r val\u00e5ret 2026\"}]},{\"@type\":\"WebSite\",\"@id\":\"https:\\\/\\\/wp.kristdemokraterna.se\\\/tidaholm\\\/#website\",\"url\":\"https:\\\/\\\/wp.kristdemokraterna.se\\\/tidaholm\\\/\",\"name\":\"Kristdemokraterna | Tidaholm\",\"description\":\"En till Kristdemokraterna webbplats\",\"inLanguage\":\"sv-SE\"}]}<\/script>\n<!-- \/ Yoast SEO plugin. -->","yoast_head_json":{"title":"KD:s VISION f\u00f6r Tidaholm - inf\u00f6r val\u00e5ret 2026 - Kristdemokraterna | Tidaholm","description":"Kristdemokraterna i Tidaholm har skapat ett visionsdokument som vi arbetar efter fram till valet 2026.","robots":{"index":"index","follow":"follow","max-snippet":"max-snippet:-1","max-image-preview":"max-image-preview:large","max-video-preview":"max-video-preview:-1"},"canonical":"https:\/\/wp.kristdemokraterna.se\/tidaholm\/i-var-kommun\/","og_locale":"sv_SE","og_type":"article","og_title":"KD:s VISION f\u00f6r Tidaholm - inf\u00f6r val\u00e5ret 2026 - Kristdemokraterna | Tidaholm","og_description":"Kristdemokraterna i Tidaholm har skapat ett visionsdokument som vi arbetar efter fram till valet 2026.","og_url":"https:\/\/wp.kristdemokraterna.se\/tidaholm\/i-var-kommun\/","og_site_name":"Kristdemokraterna | Tidaholm","article_modified_time":"2026-04-10T13:10:55+00:00","twitter_card":"summary_large_image","twitter_misc":{"Ber\u00e4knad l\u00e4stid":"2 minuter"},"schema":{"@context":"https:\/\/schema.org","@graph":[{"@type":"WebPage","@id":"https:\/\/wp.kristdemokraterna.se\/tidaholm\/i-var-kommun\/","url":"https:\/\/wp.kristdemokraterna.se\/tidaholm\/i-var-kommun\/","name":"KD:s VISION f\u00f6r Tidaholm - inf\u00f6r val\u00e5ret 2026 - Kristdemokraterna | Tidaholm","isPartOf":{"@id":"https:\/\/wp.kristdemokraterna.se\/tidaholm\/#website"},"datePublished":"2026-04-10T10:21:10+00:00","dateModified":"2026-04-10T13:10:55+00:00","description":"Kristdemokraterna i Tidaholm har skapat ett visionsdokument som vi arbetar efter fram till valet 2026.","breadcrumb":{"@id":"https:\/\/wp.kristdemokraterna.se\/tidaholm\/i-var-kommun\/#breadcrumb"},"inLanguage":"sv-SE","potentialAction":[{"@type":"ReadAction","target":["https:\/\/wp.kristdemokraterna.se\/tidaholm\/i-var-kommun\/"]}]},{"@type":"BreadcrumbList","@id":"https:\/\/wp.kristdemokraterna.se\/tidaholm\/i-var-kommun\/#breadcrumb","itemListElement":[{"@type":"ListItem","position":1,"name":"Hem","item":"https:\/\/wp.kristdemokraterna.se\/tidaholm\/"},{"@type":"ListItem","position":2,"name":"KD:s VISION f\u00f6r Tidaholm &#8211; inf\u00f6r val\u00e5ret 2026"}]},{"@type":"WebSite","@id":"https:\/\/wp.kristdemokraterna.se\/tidaholm\/#website","url":"https:\/\/wp.kristdemokraterna.se\/tidaholm\/","name":"Kristdemokraterna | Tidaholm","description":"En till Kristdemokraterna webbplats","inLanguage":"sv-SE"}]}},"_links":{"self":[{"href":"https:\/\/wp.kristdemokraterna.se\/tidaholm\/wp-json\/wp\/v2\/pages\/342","targetHints":{"allow":["GET"]}}],"collection":[{"href":"https:\/\/wp.kristdemokraterna.se\/tidaholm\/wp-json\/wp\/v2\/pages"}],"about":[{"href":"https:\/\/wp.kristdemokraterna.se\/tidaholm\/wp-json\/wp\/v2\/types\/page"}],"author":[{"embeddable":true,"href":"https:\/\/wp.kristdemokraterna.se\/tidaholm\/wp-json\/wp\/v2\/users\/897"}],"replies":[{"embeddable":true,"href":"https:\/\/wp.kristdemokraterna.se\/tidaholm\/wp-json\/wp\/v2\/comments?post=342"}],"version-history":[{"count":9,"href":"https:\/\/wp.kristdemokraterna.se\/tidaholm\/wp-json\/wp\/v2\/pages\/342\/revisions"}],"predecessor-version":[{"id":681,"href":"https:\/\/wp.kristdemokraterna.se\/tidaholm\/wp-json\/wp\/v2\/pages\/342\/revisions\/681"}],"wp:attachment":[{"href":"https:\/\/wp.kristdemokraterna.se\/tidaholm\/wp-json\/wp\/v2\/media?parent=342"}],"curies":[{"name":"wp","href":"https:\/\/api.w.org\/{rel}","templated":true}]}}