{"id":265,"date":"2017-11-29T16:47:40","date_gmt":"2017-11-29T15:47:40","guid":{"rendered":"http:\/\/wp.kristdemokraterna.se\/timra\/?page_id=265"},"modified":"2022-09-27T16:14:46","modified_gmt":"2022-09-27T14:14:46","slug":"startsida","status":"publish","type":"page","link":"https:\/\/wp.kristdemokraterna.se\/timra\/","title":{"rendered":"Startsida"},"content":{"rendered":"<p>Kristdemokraterna arbetar f\u00f6r ett Timr\u00e5 som h\u00e5ller i framtiden. Ett klimatsmart, v\u00e4lkomnande Timr\u00e5 med goda finanser, en barnomsorg och skola d\u00e4r alla blir sedda och respekterade och d\u00e4r \u00e4ldre sj\u00e4lva kan v\u00e4lja hur de vill bo, vad de vill \u00e4ta och har r\u00e5d att \u00e5ka kollektivt.<\/p>\n","protected":false},"excerpt":{"rendered":"<p>Kristdemokraterna arbetar f\u00f6r ett Timr\u00e5 som h\u00e5ller i framtiden. Ett klimatsmart, v\u00e4lkomnande Timr\u00e5 med goda finanser, en barnomsorg och skola d\u00e4r alla blir sedda och respekterade och d\u00e4r \u00e4ldre sj\u00e4lva kan v\u00e4lja hur de vill bo, vad de vill \u00e4ta och har r\u00e5d att \u00e5ka kollektivt.<\/p>\n","protected":false},"author":787,"featured_media":0,"parent":0,"menu_order":0,"comment_status":"closed","ping_status":"closed","template":"index.php","meta":{"_acf_changed":false,"footnotes":""},"class_list":["post-265","page","type-page","status-publish","hentry"],"acf":[],"yoast_head":"<!-- This site is optimized with the Yoast SEO plugin v27.4 - https:\/\/yoast.com\/product\/yoast-seo-wordpress\/ -->\n<title>Startsida - Kristdemokraterna i Timr\u00e5<\/title>\n<meta name=\"robots\" content=\"index, follow, max-snippet:-1, max-image-preview:large, max-video-preview:-1\" \/>\n<link rel=\"canonical\" href=\"https:\/\/wp.kristdemokraterna.se\/timra\/\" \/>\n<meta property=\"og:locale\" content=\"sv_SE\" \/>\n<meta property=\"og:type\" content=\"article\" \/>\n<meta property=\"og:title\" content=\"Startsida - Kristdemokraterna i Timr\u00e5\" \/>\n<meta property=\"og:description\" content=\"Kristdemokraterna arbetar f\u00f6r ett Timr\u00e5 som h\u00e5ller i framtiden. Ett klimatsmart, v\u00e4lkomnande Timr\u00e5 med goda finanser, en barnomsorg och skola d\u00e4r alla blir sedda och respekterade och d\u00e4r \u00e4ldre sj\u00e4lva kan v\u00e4lja hur de vill bo, vad de vill \u00e4ta och har r\u00e5d att \u00e5ka kollektivt.\" \/>\n<meta property=\"og:url\" content=\"https:\/\/wp.kristdemokraterna.se\/timra\/\" \/>\n<meta property=\"og:site_name\" content=\"Kristdemokraterna i Timr\u00e5\" \/>\n<meta property=\"article:modified_time\" content=\"2022-09-27T14:14:46+00:00\" \/>\n<meta name=\"twitter:card\" content=\"summary_large_image\" \/>\n<script type=\"application\/ld+json\" class=\"yoast-schema-graph\">{\"@context\":\"https:\\\/\\\/schema.org\",\"@graph\":[{\"@type\":\"WebPage\",\"@id\":\"https:\\\/\\\/wp.kristdemokraterna.se\\\/timra\\\/\",\"url\":\"https:\\\/\\\/wp.kristdemokraterna.se\\\/timra\\\/\",\"name\":\"Startsida - Kristdemokraterna i Timr\u00e5\",\"isPartOf\":{\"@id\":\"https:\\\/\\\/wp.kristdemokraterna.se\\\/timra\\\/#website\"},\"datePublished\":\"2017-11-29T15:47:40+00:00\",\"dateModified\":\"2022-09-27T14:14:46+00:00\",\"breadcrumb\":{\"@id\":\"https:\\\/\\\/wp.kristdemokraterna.se\\\/timra\\\/#breadcrumb\"},\"inLanguage\":\"sv-SE\",\"potentialAction\":[{\"@type\":\"ReadAction\",\"target\":[\"https:\\\/\\\/wp.kristdemokraterna.se\\\/timra\\\/\"]}]},{\"@type\":\"BreadcrumbList\",\"@id\":\"https:\\\/\\\/wp.kristdemokraterna.se\\\/timra\\\/#breadcrumb\",\"itemListElement\":[{\"@type\":\"ListItem\",\"position\":1,\"name\":\"Hem\",\"item\":\"https:\\\/\\\/wp.kristdemokraterna.se\\\/timra\\\/\"},{\"@type\":\"ListItem\",\"position\":2,\"name\":\"Startsida\"}]},{\"@type\":\"WebSite\",\"@id\":\"https:\\\/\\\/wp.kristdemokraterna.se\\\/timra\\\/#website\",\"url\":\"https:\\\/\\\/wp.kristdemokraterna.se\\\/timra\\\/\",\"name\":\"Kristdemokraterna i Timr\u00e5\",\"description\":\"Vill du ocks\u00e5 ha maktskifte?\",\"inLanguage\":\"sv-SE\"}]}<\/script>\n<!-- \/ Yoast SEO plugin. -->","yoast_head_json":{"title":"Startsida - Kristdemokraterna i Timr\u00e5","robots":{"index":"index","follow":"follow","max-snippet":"max-snippet:-1","max-image-preview":"max-image-preview:large","max-video-preview":"max-video-preview:-1"},"canonical":"https:\/\/wp.kristdemokraterna.se\/timra\/","og_locale":"sv_SE","og_type":"article","og_title":"Startsida - Kristdemokraterna i Timr\u00e5","og_description":"Kristdemokraterna arbetar f\u00f6r ett Timr\u00e5 som h\u00e5ller i framtiden. Ett klimatsmart, v\u00e4lkomnande Timr\u00e5 med goda finanser, en barnomsorg och skola d\u00e4r alla blir sedda och respekterade och d\u00e4r \u00e4ldre sj\u00e4lva kan v\u00e4lja hur de vill bo, vad de vill \u00e4ta och har r\u00e5d att \u00e5ka kollektivt.","og_url":"https:\/\/wp.kristdemokraterna.se\/timra\/","og_site_name":"Kristdemokraterna i Timr\u00e5","article_modified_time":"2022-09-27T14:14:46+00:00","twitter_card":"summary_large_image","schema":{"@context":"https:\/\/schema.org","@graph":[{"@type":"WebPage","@id":"https:\/\/wp.kristdemokraterna.se\/timra\/","url":"https:\/\/wp.kristdemokraterna.se\/timra\/","name":"Startsida - Kristdemokraterna i Timr\u00e5","isPartOf":{"@id":"https:\/\/wp.kristdemokraterna.se\/timra\/#website"},"datePublished":"2017-11-29T15:47:40+00:00","dateModified":"2022-09-27T14:14:46+00:00","breadcrumb":{"@id":"https:\/\/wp.kristdemokraterna.se\/timra\/#breadcrumb"},"inLanguage":"sv-SE","potentialAction":[{"@type":"ReadAction","target":["https:\/\/wp.kristdemokraterna.se\/timra\/"]}]},{"@type":"BreadcrumbList","@id":"https:\/\/wp.kristdemokraterna.se\/timra\/#breadcrumb","itemListElement":[{"@type":"ListItem","position":1,"name":"Hem","item":"https:\/\/wp.kristdemokraterna.se\/timra\/"},{"@type":"ListItem","position":2,"name":"Startsida"}]},{"@type":"WebSite","@id":"https:\/\/wp.kristdemokraterna.se\/timra\/#website","url":"https:\/\/wp.kristdemokraterna.se\/timra\/","name":"Kristdemokraterna i Timr\u00e5","description":"Vill du ocks\u00e5 ha maktskifte?","inLanguage":"sv-SE"}]}},"_links":{"self":[{"href":"https:\/\/wp.kristdemokraterna.se\/timra\/wp-json\/wp\/v2\/pages\/265","targetHints":{"allow":["GET"]}}],"collection":[{"href":"https:\/\/wp.kristdemokraterna.se\/timra\/wp-json\/wp\/v2\/pages"}],"about":[{"href":"https:\/\/wp.kristdemokraterna.se\/timra\/wp-json\/wp\/v2\/types\/page"}],"author":[{"embeddable":true,"href":"https:\/\/wp.kristdemokraterna.se\/timra\/wp-json\/wp\/v2\/users\/787"}],"replies":[{"embeddable":true,"href":"https:\/\/wp.kristdemokraterna.se\/timra\/wp-json\/wp\/v2\/comments?post=265"}],"version-history":[{"count":80,"href":"https:\/\/wp.kristdemokraterna.se\/timra\/wp-json\/wp\/v2\/pages\/265\/revisions"}],"predecessor-version":[{"id":797,"href":"https:\/\/wp.kristdemokraterna.se\/timra\/wp-json\/wp\/v2\/pages\/265\/revisions\/797"}],"wp:attachment":[{"href":"https:\/\/wp.kristdemokraterna.se\/timra\/wp-json\/wp\/v2\/media?parent=265"}],"curies":[{"name":"wp","href":"https:\/\/api.w.org\/{rel}","templated":true}]}}