{"id":269,"date":"2017-11-29T16:48:28","date_gmt":"2017-11-29T15:48:28","guid":{"rendered":"http:\/\/wp.kristdemokraterna.se\/timra\/?page_id=269"},"modified":"2018-05-04T16:57:47","modified_gmt":"2018-05-04T14:57:47","slug":"textsida-med-vanster-sidebar","status":"publish","type":"page","link":"https:\/\/wp.kristdemokraterna.se\/timra\/textsida-med-vanster-sidebar\/","title":{"rendered":"Historia"},"content":{"rendered":"<p>Kristen Demokratisk Samling bildades 1964 i Stockholm. \u00c5ret d\u00e4rp\u00e5 bildades lokalavdelningen i Timr\u00e5 och kommunavalet 1966 erh\u00f6ll partiet plats i s\u00e5v\u00e4l H\u00e4ssj\u00f6 landskommuns som Timr\u00e5 k\u00f6pings fullm\u00e4ktigef\u00f6rsamling.<\/p>\n<p>1971 slogs de b\u00e5da kommunerna samman till Timr\u00e5 kommun.<\/p>\n<p>1987 \u00e4ndrades partinamnet till Kristdemokratiska Samh\u00e4llspartiet (KdS) och 1996 till det nuvarande, Kristdemokraterna (kd)<\/p>\n<p>Under perioden 1998-2002 ingick vi i den s\u00e5 kallade Regnb\u00e5gsalliansen d\u00e4r alla partier utom Socialdemokraterna ingick. Denna politiska koalitions viktigaste arbete var att ta itu med kommunens ekonomi som efter \u00e5ratal av missk\u00f6tsel var k\u00f6rd i botten.\u00a0Efter valet 2002 hamnade vi \u00e5ter i opposition. Sedan dess har vi samarbetat med Centerpartiet, Folkpartiet Liberalerna och Moderata Samlingspartiet i m\u00e5nga olika fr\u00e5gor.<\/p>\n<p>Som den gamla bruksortskommun Timr\u00e5 \u00e4r s\u00e5 \u00e4r den historiskt sett v\u00e4ldigt r\u00f6d. Sedan storkommunen bildades 1971 har S och V alltid haft 30 eller fler mandat av fullm\u00e4ktiges 49. I takt med att samh\u00e4llet f\u00f6r\u00e4ndras \u00e4r vi \u00f6vertygade att detta kommer att f\u00f6r\u00e4ndras. 2010 f\u00f6rlorade Socialdemokraterna sin majoritetsst\u00e4llning och kommunen styrs nu i minoritet, med V\u00e4nsterpartiet som st\u00f6dparti.<\/p>\n","protected":false},"excerpt":{"rendered":"<p>Kristen Demokratisk Samling bildades 1964 i Stockholm. \u00c5ret d\u00e4rp\u00e5 bildades lokalavdelningen i Timr\u00e5 och kommunavalet 1966 erh\u00f6ll partiet plats i s\u00e5v\u00e4l H\u00e4ssj\u00f6 landskommuns som Timr\u00e5 k\u00f6pings fullm\u00e4ktigef\u00f6rsamling. 1971 slogs de b\u00e5da kommunerna samman till Timr\u00e5 kommun. 1987 \u00e4ndrades partinamnet till Kristdemokratiska Samh\u00e4llspartiet (KdS) och 1996 till det nuvarande, Kristdemokraterna (kd) Under perioden 1998-2002 ingick vi <a class=\"read-more-link\" href=\"https:\/\/wp.kristdemokraterna.se\/timra\/textsida-med-vanster-sidebar\/\">L\u00e4s mer<\/a><\/p>\n","protected":false},"author":787,"featured_media":0,"parent":0,"menu_order":0,"comment_status":"closed","ping_status":"closed","template":"page.php","meta":{"_acf_changed":false,"footnotes":""},"class_list":["post-269","page","type-page","status-publish","hentry"],"acf":[],"yoast_head":"<!-- This site is optimized with the Yoast SEO plugin v27.4 - https:\/\/yoast.com\/product\/yoast-seo-wordpress\/ -->\n<title>Historia - Kristdemokraterna i Timr\u00e5<\/title>\n<meta name=\"robots\" content=\"index, follow, max-snippet:-1, max-image-preview:large, max-video-preview:-1\" \/>\n<link rel=\"canonical\" href=\"https:\/\/wp.kristdemokraterna.se\/timra\/textsida-med-vanster-sidebar\/\" \/>\n<meta property=\"og:locale\" content=\"sv_SE\" \/>\n<meta property=\"og:type\" content=\"article\" \/>\n<meta property=\"og:title\" content=\"Historia - Kristdemokraterna i Timr\u00e5\" \/>\n<meta property=\"og:description\" content=\"Kristen Demokratisk Samling bildades 1964 i Stockholm. \u00c5ret d\u00e4rp\u00e5 bildades lokalavdelningen i Timr\u00e5 och kommunavalet 1966 erh\u00f6ll partiet plats i s\u00e5v\u00e4l H\u00e4ssj\u00f6 landskommuns som Timr\u00e5 k\u00f6pings fullm\u00e4ktigef\u00f6rsamling. 1971 slogs de b\u00e5da kommunerna samman till Timr\u00e5 kommun. 1987 \u00e4ndrades partinamnet till Kristdemokratiska Samh\u00e4llspartiet (KdS) och 1996 till det nuvarande, Kristdemokraterna (kd) Under perioden 1998-2002 ingick vi L\u00e4s mer\" \/>\n<meta property=\"og:url\" content=\"https:\/\/wp.kristdemokraterna.se\/timra\/textsida-med-vanster-sidebar\/\" \/>\n<meta property=\"og:site_name\" content=\"Kristdemokraterna i Timr\u00e5\" \/>\n<meta property=\"article:modified_time\" content=\"2018-05-04T14:57:47+00:00\" \/>\n<meta name=\"twitter:card\" content=\"summary_large_image\" \/>\n<meta name=\"twitter:label1\" content=\"Ber\u00e4knad l\u00e4stid\" \/>\n\t<meta name=\"twitter:data1\" content=\"1 minut\" \/>\n<script type=\"application\/ld+json\" class=\"yoast-schema-graph\">{\"@context\":\"https:\\\/\\\/schema.org\",\"@graph\":[{\"@type\":\"WebPage\",\"@id\":\"https:\\\/\\\/wp.kristdemokraterna.se\\\/timra\\\/textsida-med-vanster-sidebar\\\/\",\"url\":\"https:\\\/\\\/wp.kristdemokraterna.se\\\/timra\\\/textsida-med-vanster-sidebar\\\/\",\"name\":\"Historia - Kristdemokraterna i Timr\u00e5\",\"isPartOf\":{\"@id\":\"https:\\\/\\\/wp.kristdemokraterna.se\\\/timra\\\/#website\"},\"datePublished\":\"2017-11-29T15:48:28+00:00\",\"dateModified\":\"2018-05-04T14:57:47+00:00\",\"breadcrumb\":{\"@id\":\"https:\\\/\\\/wp.kristdemokraterna.se\\\/timra\\\/textsida-med-vanster-sidebar\\\/#breadcrumb\"},\"inLanguage\":\"sv-SE\",\"potentialAction\":[{\"@type\":\"ReadAction\",\"target\":[\"https:\\\/\\\/wp.kristdemokraterna.se\\\/timra\\\/textsida-med-vanster-sidebar\\\/\"]}]},{\"@type\":\"BreadcrumbList\",\"@id\":\"https:\\\/\\\/wp.kristdemokraterna.se\\\/timra\\\/textsida-med-vanster-sidebar\\\/#breadcrumb\",\"itemListElement\":[{\"@type\":\"ListItem\",\"position\":1,\"name\":\"Hem\",\"item\":\"https:\\\/\\\/wp.kristdemokraterna.se\\\/timra\\\/\"},{\"@type\":\"ListItem\",\"position\":2,\"name\":\"Historia\"}]},{\"@type\":\"WebSite\",\"@id\":\"https:\\\/\\\/wp.kristdemokraterna.se\\\/timra\\\/#website\",\"url\":\"https:\\\/\\\/wp.kristdemokraterna.se\\\/timra\\\/\",\"name\":\"Kristdemokraterna i Timr\u00e5\",\"description\":\"Vill du ocks\u00e5 ha maktskifte?\",\"inLanguage\":\"sv-SE\"}]}<\/script>\n<!-- \/ Yoast SEO plugin. -->","yoast_head_json":{"title":"Historia - Kristdemokraterna i Timr\u00e5","robots":{"index":"index","follow":"follow","max-snippet":"max-snippet:-1","max-image-preview":"max-image-preview:large","max-video-preview":"max-video-preview:-1"},"canonical":"https:\/\/wp.kristdemokraterna.se\/timra\/textsida-med-vanster-sidebar\/","og_locale":"sv_SE","og_type":"article","og_title":"Historia - Kristdemokraterna i Timr\u00e5","og_description":"Kristen Demokratisk Samling bildades 1964 i Stockholm. \u00c5ret d\u00e4rp\u00e5 bildades lokalavdelningen i Timr\u00e5 och kommunavalet 1966 erh\u00f6ll partiet plats i s\u00e5v\u00e4l H\u00e4ssj\u00f6 landskommuns som Timr\u00e5 k\u00f6pings fullm\u00e4ktigef\u00f6rsamling. 1971 slogs de b\u00e5da kommunerna samman till Timr\u00e5 kommun. 1987 \u00e4ndrades partinamnet till Kristdemokratiska Samh\u00e4llspartiet (KdS) och 1996 till det nuvarande, Kristdemokraterna (kd) Under perioden 1998-2002 ingick vi L\u00e4s mer","og_url":"https:\/\/wp.kristdemokraterna.se\/timra\/textsida-med-vanster-sidebar\/","og_site_name":"Kristdemokraterna i Timr\u00e5","article_modified_time":"2018-05-04T14:57:47+00:00","twitter_card":"summary_large_image","twitter_misc":{"Ber\u00e4knad l\u00e4stid":"1 minut"},"schema":{"@context":"https:\/\/schema.org","@graph":[{"@type":"WebPage","@id":"https:\/\/wp.kristdemokraterna.se\/timra\/textsida-med-vanster-sidebar\/","url":"https:\/\/wp.kristdemokraterna.se\/timra\/textsida-med-vanster-sidebar\/","name":"Historia - Kristdemokraterna i Timr\u00e5","isPartOf":{"@id":"https:\/\/wp.kristdemokraterna.se\/timra\/#website"},"datePublished":"2017-11-29T15:48:28+00:00","dateModified":"2018-05-04T14:57:47+00:00","breadcrumb":{"@id":"https:\/\/wp.kristdemokraterna.se\/timra\/textsida-med-vanster-sidebar\/#breadcrumb"},"inLanguage":"sv-SE","potentialAction":[{"@type":"ReadAction","target":["https:\/\/wp.kristdemokraterna.se\/timra\/textsida-med-vanster-sidebar\/"]}]},{"@type":"BreadcrumbList","@id":"https:\/\/wp.kristdemokraterna.se\/timra\/textsida-med-vanster-sidebar\/#breadcrumb","itemListElement":[{"@type":"ListItem","position":1,"name":"Hem","item":"https:\/\/wp.kristdemokraterna.se\/timra\/"},{"@type":"ListItem","position":2,"name":"Historia"}]},{"@type":"WebSite","@id":"https:\/\/wp.kristdemokraterna.se\/timra\/#website","url":"https:\/\/wp.kristdemokraterna.se\/timra\/","name":"Kristdemokraterna i Timr\u00e5","description":"Vill du ocks\u00e5 ha maktskifte?","inLanguage":"sv-SE"}]}},"_links":{"self":[{"href":"https:\/\/wp.kristdemokraterna.se\/timra\/wp-json\/wp\/v2\/pages\/269","targetHints":{"allow":["GET"]}}],"collection":[{"href":"https:\/\/wp.kristdemokraterna.se\/timra\/wp-json\/wp\/v2\/pages"}],"about":[{"href":"https:\/\/wp.kristdemokraterna.se\/timra\/wp-json\/wp\/v2\/types\/page"}],"author":[{"embeddable":true,"href":"https:\/\/wp.kristdemokraterna.se\/timra\/wp-json\/wp\/v2\/users\/787"}],"replies":[{"embeddable":true,"href":"https:\/\/wp.kristdemokraterna.se\/timra\/wp-json\/wp\/v2\/comments?post=269"}],"version-history":[{"count":18,"href":"https:\/\/wp.kristdemokraterna.se\/timra\/wp-json\/wp\/v2\/pages\/269\/revisions"}],"predecessor-version":[{"id":516,"href":"https:\/\/wp.kristdemokraterna.se\/timra\/wp-json\/wp\/v2\/pages\/269\/revisions\/516"}],"wp:attachment":[{"href":"https:\/\/wp.kristdemokraterna.se\/timra\/wp-json\/wp\/v2\/media?parent=269"}],"curies":[{"name":"wp","href":"https:\/\/api.w.org\/{rel}","templated":true}]}}