{"id":342,"date":"2017-11-30T15:21:10","date_gmt":"2017-11-30T14:21:10","guid":{"rendered":"http:\/\/wp.kristdemokraterna.se\/timra\/?page_id=342"},"modified":"2018-05-04T20:46:40","modified_gmt":"2018-05-04T18:46:40","slug":"i-var-kommun","status":"publish","type":"page","link":"https:\/\/wp.kristdemokraterna.se\/timra\/i-var-kommun\/","title":{"rendered":"V\u00e5ra viktigaste fr\u00e5gor"},"content":{"rendered":"<h1>Vi vill g\u00f6ra Timr\u00e5 tryggare och m\u00e4nskligare<\/h1>\n<p>I ett m\u00e4nskligare Timr\u00e5 m\u00e5ste barnomsorgen, skolan och \u00e4ldreomsorgen komma f\u00f6rst. Det klarar vi bara genom att uppmuntra f\u00f6retagande och h\u00e5lla ordning p\u00e5 kommunens ekonomi. Vi vill \u00f6ka tryggheten och ge familjer mer att s\u00e4ga till om.<\/p>\n<h1>Frihet och trygghet i \u00e4ldreomsorgen<\/h1>\n<p>Vi vill g\u00f6ra Timr\u00e5 till en tryggare kommun d\u00e4r \u00e4ldre respekteras. Fler ska f\u00e5 v\u00e4lja boende eller vem som hj\u00e4lper till hemma. Kvaliteten p\u00e5 \u00e4ldreomsorgen beh\u00f6ver h\u00f6jas. Att f\u00e5 r\u00e4tt omv\u00e5rdnad \u00e4r viktigt, men en pratstund eller en promenad kan betyda lika mycket som mediciner och n\u00e4ringsriktig mat. 100-lappen f\u00f6r pension\u00e4rer ska inf\u00f6ras i kollektivtrafiken.<\/p>\n<h1>En trygg skola med tydliga m\u00e5l<\/h1>\n<p>Skolan ska handla om kunskap. Det kr\u00e4vs tydliga m\u00e5l och undervisning som \u00e4r anpassad till varje elev. Men det r\u00e4cker inte. Mattetalen blir enklare att l\u00f6sa i en trygg skola. Timr\u00e5s elever f\u00f6rtj\u00e4nar krafttag mot mobbning, trivsamma klassrum, riktig mat och l\u00e4rare som har tid f\u00f6r en pratstund.<\/p>\n<h1>L\u00e5t familjerna best\u00e4mma sj\u00e4lva<\/h1>\n<p>\u00d6ka valfriheten i Timr\u00e5. Vi \u00e4r \u00f6vertyade om att familjer kan och vill ta ansvar sj\u00e4lva. Att det \u00e4r viktigt med mer tid tillsammans. D\u00e4rf\u00f6r vill vi inf\u00f6ra ett v\u00e5rdnadsbidrag och \u00e4r positiva till att det etableras en friskola i kommunen. Vi tror att det beh\u00f6vs f\u00e4rre pekpinnar i politiken, inte fler.<\/p>\n","protected":false},"excerpt":{"rendered":"<p>Vi vill g\u00f6ra Timr\u00e5 tryggare och m\u00e4nskligare I ett m\u00e4nskligare Timr\u00e5 m\u00e5ste barnomsorgen, skolan och \u00e4ldreomsorgen komma f\u00f6rst. Det klarar vi bara genom att uppmuntra f\u00f6retagande och h\u00e5lla ordning p\u00e5 kommunens ekonomi. Vi vill \u00f6ka tryggheten och ge familjer mer att s\u00e4ga till om. Frihet och trygghet i \u00e4ldreomsorgen Vi vill g\u00f6ra Timr\u00e5 till en <a class=\"read-more-link\" href=\"https:\/\/wp.kristdemokraterna.se\/timra\/i-var-kommun\/\">L\u00e4s mer<\/a><\/p>\n","protected":false},"author":787,"featured_media":0,"parent":0,"menu_order":0,"comment_status":"closed","ping_status":"closed","template":"page.php","meta":{"_acf_changed":false,"footnotes":""},"class_list":["post-342","page","type-page","status-publish","hentry"],"acf":[],"yoast_head":"<!-- This site is optimized with the Yoast SEO plugin v27.3 - https:\/\/yoast.com\/product\/yoast-seo-wordpress\/ -->\n<title>V\u00e5ra viktigaste fr\u00e5gor - Kristdemokraterna i Timr\u00e5<\/title>\n<meta name=\"robots\" content=\"index, follow, max-snippet:-1, max-image-preview:large, max-video-preview:-1\" \/>\n<link rel=\"canonical\" href=\"https:\/\/wp.kristdemokraterna.se\/timra\/i-var-kommun\/\" \/>\n<meta property=\"og:locale\" content=\"sv_SE\" \/>\n<meta property=\"og:type\" content=\"article\" \/>\n<meta property=\"og:title\" content=\"V\u00e5ra viktigaste fr\u00e5gor - Kristdemokraterna i Timr\u00e5\" \/>\n<meta property=\"og:description\" content=\"Vi vill g\u00f6ra Timr\u00e5 tryggare och m\u00e4nskligare I ett m\u00e4nskligare Timr\u00e5 m\u00e5ste barnomsorgen, skolan och \u00e4ldreomsorgen komma f\u00f6rst. Det klarar vi bara genom att uppmuntra f\u00f6retagande och h\u00e5lla ordning p\u00e5 kommunens ekonomi. Vi vill \u00f6ka tryggheten och ge familjer mer att s\u00e4ga till om. Frihet och trygghet i \u00e4ldreomsorgen Vi vill g\u00f6ra Timr\u00e5 till en L\u00e4s mer\" \/>\n<meta property=\"og:url\" content=\"https:\/\/wp.kristdemokraterna.se\/timra\/i-var-kommun\/\" \/>\n<meta property=\"og:site_name\" content=\"Kristdemokraterna i Timr\u00e5\" \/>\n<meta property=\"article:modified_time\" content=\"2018-05-04T18:46:40+00:00\" \/>\n<meta name=\"twitter:card\" content=\"summary_large_image\" \/>\n<meta name=\"twitter:label1\" content=\"Ber\u00e4knad l\u00e4stid\" \/>\n\t<meta name=\"twitter:data1\" content=\"1 minut\" \/>\n<script type=\"application\/ld+json\" class=\"yoast-schema-graph\">{\"@context\":\"https:\\\/\\\/schema.org\",\"@graph\":[{\"@type\":\"WebPage\",\"@id\":\"https:\\\/\\\/wp.kristdemokraterna.se\\\/timra\\\/i-var-kommun\\\/\",\"url\":\"https:\\\/\\\/wp.kristdemokraterna.se\\\/timra\\\/i-var-kommun\\\/\",\"name\":\"V\u00e5ra viktigaste fr\u00e5gor - Kristdemokraterna i Timr\u00e5\",\"isPartOf\":{\"@id\":\"https:\\\/\\\/wp.kristdemokraterna.se\\\/timra\\\/#website\"},\"datePublished\":\"2017-11-30T14:21:10+00:00\",\"dateModified\":\"2018-05-04T18:46:40+00:00\",\"breadcrumb\":{\"@id\":\"https:\\\/\\\/wp.kristdemokraterna.se\\\/timra\\\/i-var-kommun\\\/#breadcrumb\"},\"inLanguage\":\"sv-SE\",\"potentialAction\":[{\"@type\":\"ReadAction\",\"target\":[\"https:\\\/\\\/wp.kristdemokraterna.se\\\/timra\\\/i-var-kommun\\\/\"]}]},{\"@type\":\"BreadcrumbList\",\"@id\":\"https:\\\/\\\/wp.kristdemokraterna.se\\\/timra\\\/i-var-kommun\\\/#breadcrumb\",\"itemListElement\":[{\"@type\":\"ListItem\",\"position\":1,\"name\":\"Hem\",\"item\":\"https:\\\/\\\/wp.kristdemokraterna.se\\\/timra\\\/\"},{\"@type\":\"ListItem\",\"position\":2,\"name\":\"V\u00e5ra viktigaste fr\u00e5gor\"}]},{\"@type\":\"WebSite\",\"@id\":\"https:\\\/\\\/wp.kristdemokraterna.se\\\/timra\\\/#website\",\"url\":\"https:\\\/\\\/wp.kristdemokraterna.se\\\/timra\\\/\",\"name\":\"Kristdemokraterna i Timr\u00e5\",\"description\":\"Vill du ocks\u00e5 ha maktskifte?\",\"inLanguage\":\"sv-SE\"}]}<\/script>\n<!-- \/ Yoast SEO plugin. -->","yoast_head_json":{"title":"V\u00e5ra viktigaste fr\u00e5gor - Kristdemokraterna i Timr\u00e5","robots":{"index":"index","follow":"follow","max-snippet":"max-snippet:-1","max-image-preview":"max-image-preview:large","max-video-preview":"max-video-preview:-1"},"canonical":"https:\/\/wp.kristdemokraterna.se\/timra\/i-var-kommun\/","og_locale":"sv_SE","og_type":"article","og_title":"V\u00e5ra viktigaste fr\u00e5gor - Kristdemokraterna i Timr\u00e5","og_description":"Vi vill g\u00f6ra Timr\u00e5 tryggare och m\u00e4nskligare I ett m\u00e4nskligare Timr\u00e5 m\u00e5ste barnomsorgen, skolan och \u00e4ldreomsorgen komma f\u00f6rst. Det klarar vi bara genom att uppmuntra f\u00f6retagande och h\u00e5lla ordning p\u00e5 kommunens ekonomi. Vi vill \u00f6ka tryggheten och ge familjer mer att s\u00e4ga till om. Frihet och trygghet i \u00e4ldreomsorgen Vi vill g\u00f6ra Timr\u00e5 till en L\u00e4s mer","og_url":"https:\/\/wp.kristdemokraterna.se\/timra\/i-var-kommun\/","og_site_name":"Kristdemokraterna i Timr\u00e5","article_modified_time":"2018-05-04T18:46:40+00:00","twitter_card":"summary_large_image","twitter_misc":{"Ber\u00e4knad l\u00e4stid":"1 minut"},"schema":{"@context":"https:\/\/schema.org","@graph":[{"@type":"WebPage","@id":"https:\/\/wp.kristdemokraterna.se\/timra\/i-var-kommun\/","url":"https:\/\/wp.kristdemokraterna.se\/timra\/i-var-kommun\/","name":"V\u00e5ra viktigaste fr\u00e5gor - Kristdemokraterna i Timr\u00e5","isPartOf":{"@id":"https:\/\/wp.kristdemokraterna.se\/timra\/#website"},"datePublished":"2017-11-30T14:21:10+00:00","dateModified":"2018-05-04T18:46:40+00:00","breadcrumb":{"@id":"https:\/\/wp.kristdemokraterna.se\/timra\/i-var-kommun\/#breadcrumb"},"inLanguage":"sv-SE","potentialAction":[{"@type":"ReadAction","target":["https:\/\/wp.kristdemokraterna.se\/timra\/i-var-kommun\/"]}]},{"@type":"BreadcrumbList","@id":"https:\/\/wp.kristdemokraterna.se\/timra\/i-var-kommun\/#breadcrumb","itemListElement":[{"@type":"ListItem","position":1,"name":"Hem","item":"https:\/\/wp.kristdemokraterna.se\/timra\/"},{"@type":"ListItem","position":2,"name":"V\u00e5ra viktigaste fr\u00e5gor"}]},{"@type":"WebSite","@id":"https:\/\/wp.kristdemokraterna.se\/timra\/#website","url":"https:\/\/wp.kristdemokraterna.se\/timra\/","name":"Kristdemokraterna i Timr\u00e5","description":"Vill du ocks\u00e5 ha maktskifte?","inLanguage":"sv-SE"}]}},"_links":{"self":[{"href":"https:\/\/wp.kristdemokraterna.se\/timra\/wp-json\/wp\/v2\/pages\/342","targetHints":{"allow":["GET"]}}],"collection":[{"href":"https:\/\/wp.kristdemokraterna.se\/timra\/wp-json\/wp\/v2\/pages"}],"about":[{"href":"https:\/\/wp.kristdemokraterna.se\/timra\/wp-json\/wp\/v2\/types\/page"}],"author":[{"embeddable":true,"href":"https:\/\/wp.kristdemokraterna.se\/timra\/wp-json\/wp\/v2\/users\/787"}],"replies":[{"embeddable":true,"href":"https:\/\/wp.kristdemokraterna.se\/timra\/wp-json\/wp\/v2\/comments?post=342"}],"version-history":[{"count":4,"href":"https:\/\/wp.kristdemokraterna.se\/timra\/wp-json\/wp\/v2\/pages\/342\/revisions"}],"predecessor-version":[{"id":524,"href":"https:\/\/wp.kristdemokraterna.se\/timra\/wp-json\/wp\/v2\/pages\/342\/revisions\/524"}],"wp:attachment":[{"href":"https:\/\/wp.kristdemokraterna.se\/timra\/wp-json\/wp\/v2\/media?parent=342"}],"curies":[{"name":"wp","href":"https:\/\/api.w.org\/{rel}","templated":true}]}}